{"id":1193,"date":"2020-03-17T07:01:43","date_gmt":"2020-03-17T07:01:43","guid":{"rendered":"http:\/\/poloscarsparos.gr\/about-us\/"},"modified":"2022-04-16T14:56:53","modified_gmt":"2022-04-16T11:56:53","slug":"a-propos-de-nous","status":"publish","type":"page","link":"https:\/\/poloscarsparos.gr\/fr\/a-propos-de-nous\/","title":{"rendered":"\u00c0 propos de nous\ufffc"},"content":{"rendered":"<p><span style=\"font-weight: 400;\"><strong>Polos Rent A Car &amp; Rental Agency<\/strong> a son si\u00e8ge \u00e0&nbsp; Polos Tours - Bureau de l'Agence de Voyages, situ\u00e9 au&nbsp; port de Paros. Notre entreprise est membre du groupe Polos, fond\u00e9 \u00e0 la fin des ann\u00e9es 60 \u00e0 Paros et reste toujours comp\u00e9titif dans le secteur touristique . Notre r\u00e9seau d\u2019entreprise compte de nombreux partenaires, locaux et \u00e0 travers le monde. Ayant une grande exp\u00e9rience dans le secteur touristique , notre agence de location propose les services suivants :<\/span><\/p>\n<ul>\n<li style=\"font-weight: 400;\" aria-level=\"1\"><span style=\"font-weight: 400;\">Location de voiture<\/span><\/li>\n<li style=\"font-weight: 400;\" aria-level=\"1\"><span style=\"font-weight: 400;\">Location de scooter<\/span><\/li>\n<li style=\"font-weight: 400;\" aria-level=\"1\"><span style=\"font-weight: 400;\">Location de VTT<\/span><\/li>\n<li style=\"font-weight: 400;\" aria-level=\"1\"><span style=\"font-weight: 400;\">Location de buggies<\/span><\/li>\n<li style=\"font-weight: 400;\" aria-level=\"1\"><span style=\"font-weight: 400;\">Location de motos<\/span><\/li>\n<\/ul>\n<p><span style=\"font-weight: 400;\">Nous offrons \u00e0 nos&nbsp; clients les meilleurs v\u00e9hicules pour leur s\u00e9curit\u00e9 et leur plaisir au juste prix.<\/span><\/p>\n<p><b>Nos v\u00e9hicules<\/b><\/p>\n<p><span style=\"font-weight: 400;\">Tous sont bien entretenus, \u00e9quip\u00e9s et renouvelables annuellement, avec des v\u00e9hicules neufs suivant les tendances du march\u00e9. Alors que vous ayez besoin d'un minivan ou d'un break \u00e9quip\u00e9 pour accueillir confortablement toute la famille ou que vous pr\u00e9f\u00e9riez un cabriolet s\u00e9duisant pour rouler sur l\u2019\u00eele, nous vous offrons les meilleurs prix sur des prestations de la plus haute qualit\u00e9.<\/span><\/p>\n<p><span style=\"font-weight: 400;\">Polos Rent A Car &amp; Rental Agency comprend \u00e9galement la location de VTT-Scooter-Motos &amp; Buggies. Avec les derniers mod\u00e8les, nous permettons \u00e0 ceux qui aiment l'exploration et l'action pendant leurs vacances de ressentir la libert\u00e9 et l'autonomie que ces v\u00e9hicules offrent en toute s\u00e9curit\u00e9.<\/span><\/p>\n<p><span style=\"font-weight: 400;\">\"Nous \u00e9tions, sommes et entendons continuer \u00e0 \u00eatre votre choix le plus fiable \u00e0 Paros. Nos clients et partenaires nous aident chaque ann\u00e9e avec leurs commentaires afin que nous ayons toujours la bonne flotte et les bons services pour r\u00e9pondre aux besoins croissants du march\u00e9.\"<\/span><\/p>\n","protected":false},"excerpt":{"rendered":"<p>Polos Rent A Car &amp; Rental Agency a son si\u00e8ge \u00e0&nbsp; Polos Tours - Bureau de l'Agence de Voyages, situ\u00e9 au&nbsp; port de Paros. Notre entreprise est membre du groupe Polos, fond\u00e9 \u00e0 la fin des ann\u00e9es 60 \u00e0 Paros et reste toujours comp\u00e9titif dans le secteur touristique . Notre r\u00e9seau d\u2019entreprise compte de nombreux &hellip; <\/p>\n<p class=\"link-more\"><a href=\"https:\/\/poloscarsparos.gr\/fr\/a-propos-de-nous\/\" class=\"more-link\"><span class=\"screen-reader-text\"> prova \"\u00c0 propos de nous\ufffc\"<\/span><\/a><\/p>\n","protected":false},"author":1,"featured_media":2825,"parent":0,"menu_order":0,"comment_status":"closed","ping_status":"closed","template":"page-templates\/page-sidebar-extras.php","meta":{"footnotes":""},"class_list":["post-1193","page","type-page","status-publish","has-post-thumbnail","hentry"],"yoast_head":"<!-- This site is optimized with the Yoast SEO plugin v27.1.1 - https:\/\/yoast.com\/product\/yoast-seo-wordpress\/ -->\n<title>Notre entreprise Polos Rent a Car &amp; Rental Agency \u00e0 Paros<\/title>\n<meta name=\"description\" content=\"Notre entreprise est membre du Polos Groupe, fond\u00e9e en 1970 \u00e0 Paros et active dans le tourisme. Polos Rent a Car &amp; Rental Agency se sp\u00e9cialise dans la location de voiture \u00e0 Paros\" \/>\n<meta name=\"robots\" content=\"index, follow, max-snippet:-1, max-image-preview:large, max-video-preview:-1\" \/>\n<link rel=\"canonical\" href=\"https:\/\/poloscarsparos.gr\/fr\/a-propos-de-nous\/\" \/>\n<meta property=\"og:locale\" content=\"fr_FR\" \/>\n<meta property=\"og:type\" content=\"article\" \/>\n<meta property=\"og:title\" content=\"Notre entreprise Polos Rent a Car &amp; Rental Agency \u00e0 Paros\" \/>\n<meta property=\"og:description\" content=\"Notre entreprise est membre du Polos Groupe, fond\u00e9e en 1970 \u00e0 Paros et active dans le tourisme. Polos Rent a Car &amp; Rental Agency se sp\u00e9cialise dans la location de voiture \u00e0 Paros\" \/>\n<meta property=\"og:url\" content=\"https:\/\/poloscarsparos.gr\/fr\/a-propos-de-nous\/\" \/>\n<meta property=\"og:site_name\" content=\"Polos Rent a Car &amp; Rental Agency in Paros\" \/>\n<meta property=\"article:modified_time\" content=\"2022-04-16T11:56:53+00:00\" \/>\n<meta property=\"og:image\" content=\"https:\/\/poloscarsparos.gr\/wp-content\/uploads\/2021\/02\/about-us-dk-rentals-1600-700.jpg\" \/>\n\t<meta property=\"og:image:width\" content=\"1600\" \/>\n\t<meta property=\"og:image:height\" content=\"700\" \/>\n\t<meta property=\"og:image:type\" content=\"image\/jpeg\" \/>\n<meta name=\"twitter:card\" content=\"summary_large_image\" \/>\n<meta name=\"twitter:label1\" content=\"Dur\u00e9e de lecture estim\u00e9e\" \/>\n\t<meta name=\"twitter:data1\" content=\"2 minutes\" \/>\n<script type=\"application\/ld+json\" class=\"yoast-schema-graph\">{\"@context\":\"https:\/\/schema.org\",\"@graph\":[{\"@type\":\"WebPage\",\"@id\":\"https:\/\/poloscarsparos.gr\/fr\/a-propos-de-nous\/\",\"url\":\"https:\/\/poloscarsparos.gr\/fr\/a-propos-de-nous\/\",\"name\":\"Notre entreprise Polos Rent a Car & Rental Agency \u00e0 Paros\",\"isPartOf\":{\"@id\":\"https:\/\/poloscarsparos.gr\/fr\/#website\"},\"primaryImageOfPage\":{\"@id\":\"https:\/\/poloscarsparos.gr\/fr\/a-propos-de-nous\/#primaryimage\"},\"image\":{\"@id\":\"https:\/\/poloscarsparos.gr\/fr\/a-propos-de-nous\/#primaryimage\"},\"thumbnailUrl\":\"https:\/\/poloscarsparos.gr\/wp-content\/uploads\/2021\/02\/about-us-dk-rentals-1600-700.jpg\",\"datePublished\":\"2020-03-17T07:01:43+00:00\",\"dateModified\":\"2022-04-16T11:56:53+00:00\",\"description\":\"Notre entreprise est membre du Polos Groupe, fond\u00e9e en 1970 \u00e0 Paros et active dans le tourisme. Polos Rent a Car & Rental Agency se sp\u00e9cialise dans la location de voiture \u00e0 Paros\",\"breadcrumb\":{\"@id\":\"https:\/\/poloscarsparos.gr\/fr\/a-propos-de-nous\/#breadcrumb\"},\"inLanguage\":\"fr-FR\",\"potentialAction\":[{\"@type\":\"ReadAction\",\"target\":[\"https:\/\/poloscarsparos.gr\/fr\/a-propos-de-nous\/\"]}]},{\"@type\":\"ImageObject\",\"inLanguage\":\"fr-FR\",\"@id\":\"https:\/\/poloscarsparos.gr\/fr\/a-propos-de-nous\/#primaryimage\",\"url\":\"https:\/\/poloscarsparos.gr\/wp-content\/uploads\/2021\/02\/about-us-dk-rentals-1600-700.jpg\",\"contentUrl\":\"https:\/\/poloscarsparos.gr\/wp-content\/uploads\/2021\/02\/about-us-dk-rentals-1600-700.jpg\",\"width\":1600,\"height\":700},{\"@type\":\"BreadcrumbList\",\"@id\":\"https:\/\/poloscarsparos.gr\/fr\/a-propos-de-nous\/#breadcrumb\",\"itemListElement\":[{\"@type\":\"ListItem\",\"position\":1,\"name\":\"Home\",\"item\":\"https:\/\/poloscarsparos.gr\/fr\/\"},{\"@type\":\"ListItem\",\"position\":2,\"name\":\"\u00c0 propos de nous\ufffc\"}]},{\"@type\":\"WebSite\",\"@id\":\"https:\/\/poloscarsparos.gr\/fr\/#website\",\"url\":\"https:\/\/poloscarsparos.gr\/fr\/\",\"name\":\"Polos Rent a Car &amp; Rental Agency in Paros\",\"description\":\"Rent a car, buggy, quad, atv, moto and scooter in Paros!\",\"publisher\":{\"@id\":\"https:\/\/poloscarsparos.gr\/fr\/#organization\"},\"potentialAction\":[{\"@type\":\"SearchAction\",\"target\":{\"@type\":\"EntryPoint\",\"urlTemplate\":\"https:\/\/poloscarsparos.gr\/fr\/?s={search_term_string}\"},\"query-input\":{\"@type\":\"PropertyValueSpecification\",\"valueRequired\":true,\"valueName\":\"search_term_string\"}}],\"inLanguage\":\"fr-FR\"},{\"@type\":\"Organization\",\"@id\":\"https:\/\/poloscarsparos.gr\/fr\/#organization\",\"name\":\"Polos Rent A Car & Rental Agency\",\"url\":\"https:\/\/poloscarsparos.gr\/fr\/\",\"logo\":{\"@type\":\"ImageObject\",\"inLanguage\":\"fr-FR\",\"@id\":\"https:\/\/poloscarsparos.gr\/fr\/#\/schema\/logo\/image\/\",\"url\":\"\",\"contentUrl\":\"\",\"caption\":\"Polos Rent A Car & Rental Agency\"},\"image\":{\"@id\":\"https:\/\/poloscarsparos.gr\/fr\/#\/schema\/logo\/image\/\"}}]}<\/script>\n<!-- \/ Yoast SEO plugin. -->","yoast_head_json":{"title":"Notre entreprise Polos Rent a Car & Rental Agency \u00e0 Paros","description":"Notre entreprise est membre du Polos Groupe, fond\u00e9e en 1970 \u00e0 Paros et active dans le tourisme. Polos Rent a Car & Rental Agency se sp\u00e9cialise dans la location de voiture \u00e0 Paros","robots":{"index":"index","follow":"follow","max-snippet":"max-snippet:-1","max-image-preview":"max-image-preview:large","max-video-preview":"max-video-preview:-1"},"canonical":"https:\/\/poloscarsparos.gr\/fr\/a-propos-de-nous\/","og_locale":"fr_FR","og_type":"article","og_title":"Notre entreprise Polos Rent a Car & Rental Agency \u00e0 Paros","og_description":"Notre entreprise est membre du Polos Groupe, fond\u00e9e en 1970 \u00e0 Paros et active dans le tourisme. Polos Rent a Car & Rental Agency se sp\u00e9cialise dans la location de voiture \u00e0 Paros","og_url":"https:\/\/poloscarsparos.gr\/fr\/a-propos-de-nous\/","og_site_name":"Polos Rent a Car &amp; Rental Agency in Paros","article_modified_time":"2022-04-16T11:56:53+00:00","og_image":[{"width":1600,"height":700,"url":"https:\/\/poloscarsparos.gr\/wp-content\/uploads\/2021\/02\/about-us-dk-rentals-1600-700.jpg","type":"image\/jpeg"}],"twitter_card":"summary_large_image","twitter_misc":{"Dur\u00e9e de lecture estim\u00e9e":"2 minutes"},"schema":{"@context":"https:\/\/schema.org","@graph":[{"@type":"WebPage","@id":"https:\/\/poloscarsparos.gr\/fr\/a-propos-de-nous\/","url":"https:\/\/poloscarsparos.gr\/fr\/a-propos-de-nous\/","name":"Notre entreprise Polos Rent a Car & Rental Agency \u00e0 Paros","isPartOf":{"@id":"https:\/\/poloscarsparos.gr\/fr\/#website"},"primaryImageOfPage":{"@id":"https:\/\/poloscarsparos.gr\/fr\/a-propos-de-nous\/#primaryimage"},"image":{"@id":"https:\/\/poloscarsparos.gr\/fr\/a-propos-de-nous\/#primaryimage"},"thumbnailUrl":"https:\/\/poloscarsparos.gr\/wp-content\/uploads\/2021\/02\/about-us-dk-rentals-1600-700.jpg","datePublished":"2020-03-17T07:01:43+00:00","dateModified":"2022-04-16T11:56:53+00:00","description":"Notre entreprise est membre du Polos Groupe, fond\u00e9e en 1970 \u00e0 Paros et active dans le tourisme. Polos Rent a Car & Rental Agency se sp\u00e9cialise dans la location de voiture \u00e0 Paros","breadcrumb":{"@id":"https:\/\/poloscarsparos.gr\/fr\/a-propos-de-nous\/#breadcrumb"},"inLanguage":"fr-FR","potentialAction":[{"@type":"ReadAction","target":["https:\/\/poloscarsparos.gr\/fr\/a-propos-de-nous\/"]}]},{"@type":"ImageObject","inLanguage":"fr-FR","@id":"https:\/\/poloscarsparos.gr\/fr\/a-propos-de-nous\/#primaryimage","url":"https:\/\/poloscarsparos.gr\/wp-content\/uploads\/2021\/02\/about-us-dk-rentals-1600-700.jpg","contentUrl":"https:\/\/poloscarsparos.gr\/wp-content\/uploads\/2021\/02\/about-us-dk-rentals-1600-700.jpg","width":1600,"height":700},{"@type":"BreadcrumbList","@id":"https:\/\/poloscarsparos.gr\/fr\/a-propos-de-nous\/#breadcrumb","itemListElement":[{"@type":"ListItem","position":1,"name":"Home","item":"https:\/\/poloscarsparos.gr\/fr\/"},{"@type":"ListItem","position":2,"name":"\u00c0 propos de nous\ufffc"}]},{"@type":"WebSite","@id":"https:\/\/poloscarsparos.gr\/fr\/#website","url":"https:\/\/poloscarsparos.gr\/fr\/","name":"Polos Rent a Car &amp; Rental Agency in Paros","description":"Rent a car, buggy, quad, atv, moto and scooter in Paros!","publisher":{"@id":"https:\/\/poloscarsparos.gr\/fr\/#organization"},"potentialAction":[{"@type":"SearchAction","target":{"@type":"EntryPoint","urlTemplate":"https:\/\/poloscarsparos.gr\/fr\/?s={search_term_string}"},"query-input":{"@type":"PropertyValueSpecification","valueRequired":true,"valueName":"search_term_string"}}],"inLanguage":"fr-FR"},{"@type":"Organization","@id":"https:\/\/poloscarsparos.gr\/fr\/#organization","name":"Polos Rent A Car & Rental Agency","url":"https:\/\/poloscarsparos.gr\/fr\/","logo":{"@type":"ImageObject","inLanguage":"fr-FR","@id":"https:\/\/poloscarsparos.gr\/fr\/#\/schema\/logo\/image\/","url":"","contentUrl":"","caption":"Polos Rent A Car & Rental Agency"},"image":{"@id":"https:\/\/poloscarsparos.gr\/fr\/#\/schema\/logo\/image\/"}}]}},"_links":{"self":[{"href":"https:\/\/poloscarsparos.gr\/fr\/wp-json\/wp\/v2\/pages\/1193","targetHints":{"allow":["GET"]}}],"collection":[{"href":"https:\/\/poloscarsparos.gr\/fr\/wp-json\/wp\/v2\/pages"}],"about":[{"href":"https:\/\/poloscarsparos.gr\/fr\/wp-json\/wp\/v2\/types\/page"}],"author":[{"embeddable":true,"href":"https:\/\/poloscarsparos.gr\/fr\/wp-json\/wp\/v2\/users\/1"}],"replies":[{"embeddable":true,"href":"https:\/\/poloscarsparos.gr\/fr\/wp-json\/wp\/v2\/comments?post=1193"}],"version-history":[{"count":21,"href":"https:\/\/poloscarsparos.gr\/fr\/wp-json\/wp\/v2\/pages\/1193\/revisions"}],"predecessor-version":[{"id":4046,"href":"https:\/\/poloscarsparos.gr\/fr\/wp-json\/wp\/v2\/pages\/1193\/revisions\/4046"}],"wp:featuredmedia":[{"embeddable":true,"href":"https:\/\/poloscarsparos.gr\/fr\/wp-json\/wp\/v2\/media\/2825"}],"wp:attachment":[{"href":"https:\/\/poloscarsparos.gr\/fr\/wp-json\/wp\/v2\/media?parent=1193"}],"curies":[{"name":"wp","href":"https:\/\/api.w.org\/{rel}","templated":true}]}}