{"id":2699,"date":"2021-04-04T08:13:58","date_gmt":"2021-04-04T05:13:58","guid":{"rendered":"http:\/\/poloscarsparos.gr\/?page_id=2699"},"modified":"2021-04-06T07:24:27","modified_gmt":"2021-04-06T04:24:27","slug":"buggies","status":"publish","type":"page","link":"https:\/\/poloscarsparos.gr\/fr\/buggies\/","title":{"rendered":"Location de buggy"},"content":{"rendered":"\n<div class=\"wrap plugin-container\">\n\n\t\n\t\n\t\t<h3 class=\"vrcclistheadt\">Buggies<\/h3>\n\t<div class=\"vrc-search-results-block\">\n\n\t<div class=\"car_result\">\n\t\t<div class=\"vrc-car-result-left\">\n\t\t\t\t\t<img decoding=\"async\" class=\"imgresult\" alt=\"h - Polaris RZR\" src=\"https:\/\/poloscarsparos.gr\/wp-content\/plugins\/vikrentcar\/admin\/resources\/polaris_rzr_570cc.jpg\"\/>\n\t\t\t\t\t<\/div>\n\t\t<div class=\"vrc-car-result-right\">\n\t\t\t<div class=\"vrc-car-result-rightinner\">\n\t\t\t\t<div class=\"vrc-car-result-rightinner-deep\">\n\t\t\t\t\t<div class=\"vrc-car-result-inner\">\n\t\t\t\t\t\t<span class=\"vrc-car-name\">\n                            <a href=\"https:\/\/poloscarsparos.gr\/fr\/buggies\/polaris-rzr\/\">\n                                                                h - Polaris RZR                            <\/a>\n                        <\/span>\n\t\t\t\t\t\t<div class=\"vrc-car-result-description\">\n\t\t\t\t\t\tCaract\u00e9ristiques : 570 cc | Moteur essence | Bo\u00eete automatique | ABS | 4\u03a74 | 2 places et autres fonctionnalit\u00e9s pr\u00e9cieuses.<\/br><\/br>\r\nLe Polaris RZR 570cc est le buggy id\u00e9al pour explorer Paros. Avec son moteur 570cc, sa bo\u00eete automatique et l\u2019ABS, il assure des performances fluides sur tous les terrains. Sa construction robuste et son excellente adh\u00e9rence le rendent parfait aussi bien pour les routes c\u00f4ti\u00e8res que pour les sentiers hors route, garantissant une exp\u00e9rience \u00e0 la fois palpitante et s\u00e9curis\u00e9e \u00e0 travers l\u2019\u00eele.<\/br><\/br>\r\nLa location n\u00e9cessite un permis de conduire de cat\u00e9gorie B d\u00e9tenu depuis au moins un an, et le conducteur doit avoir au minimum 23 ans.\r\n\t\t\t\t\t\t<\/div>\n\t\t\t\t\t\t\t\t\t\t\t\t\t<div class=\"vrc-car-characteristics\">\n\t\t\t\t\t\t\t\t<div class=\"vrccaratsdiv\"><div class=\"vrccarcarat\"><span class=\"vrc-carat-cont\"><span class=\"vrc-expl\" data-vrc-expl=\"Automatique\"><img decoding=\"async\" src=\"https:\/\/poloscarsparos.gr\/wp-content\/plugins\/vikrentcar\/admin\/resources\/1transmition_auto.png\" alt=\"Automatique\" \/><\/span><\/span>\n<\/div><div class=\"vrccarcarat\"><span class=\"vrc-carat-cont\"><span class=\"vrc-expl\" data-vrc-expl=\"2 Passagers\"><img decoding=\"async\" src=\"https:\/\/poloscarsparos.gr\/wp-content\/plugins\/vikrentcar\/admin\/resources\/4passengers.png\" alt=\"2 Passagers\" \/><\/span><\/span>\n<\/div><div class=\"vrccarcarat\"><span class=\"vrc-carat-cont\"><span class=\"vrc-expl\" data-vrc-expl=\"ABS\"><img decoding=\"async\" src=\"https:\/\/poloscarsparos.gr\/wp-content\/plugins\/vikrentcar\/admin\/resources\/1abs.png\" alt=\"ABS\" \/><\/span><\/span>\n<\/div><div class=\"vrccarcarat\"><span class=\"vrc-carat-cont\"><span class=\"vrc-expl\" data-vrc-expl=\"Gasoline-powered (unleaded)\"><img decoding=\"async\" src=\"https:\/\/poloscarsparos.gr\/wp-content\/plugins\/vikrentcar\/admin\/resources\/web-gasoline-icon.png\" alt=\"Gasoline (unleaded)\" \/><\/span><\/span>\n<\/div><\/div>\n\t\t\t\t\t\t\t<\/div>\n\t\t\t\t\t\t\t\t\t\t\t\t<\/div>\n\t\t\t\t\t<div class=\"vrc-car-lastblock\">\n\t\t\t\t\t\t<div class=\"vrc-car-price\">\n\t\t\t\t\t\t\t<div class=\"vrcsrowpricediv\">\n\t\t\t\t\t\t\t\t\t\t\t\t\t\t\t<span class=\"vrcstartfrom\">Starting from<\/span>\n\t\t\t\t\t\t\t\t<span class=\"car_cost\"><span class=\"vrc_currency\">\u20ac<\/span> <span class=\"vrc_price\">50<\/span><\/span>\n\t\t\t\t\t\t\t\t\t\t\t\t\t\t<\/div>\n\t\t\t\t\t\t<\/div>\n\t\t\t\t\t\t<div class=\"vrc-car-bookingbtn\">\n\t\t\t\t\t\t\t<span class=\"vrclistgoon\"><a class=\"btn\" href=\"https:\/\/poloscarsparos.gr\/fr\/buggies\/polaris-rzr\/\">Voir les D\u00e9tails<\/a><\/span>\n\t\t\t\t\t\t<\/div>\n\t\t\t\t\t<\/div>\n\t\t\t\t<\/div>\n\t\t\t<\/div>\n\t\t<\/div>\n\t<\/div>\n\t<div class=\"car_separator\"><\/div>\n\t\t<div class=\"car_result\">\n\t\t<div class=\"vrc-car-result-left\">\n\t\t\t\t\t<img decoding=\"async\" class=\"imgresult\" alt=\"h - CF Force Trail\" src=\"https:\/\/poloscarsparos.gr\/wp-content\/plugins\/vikrentcar\/admin\/resources\/cf_force_trail_800cc.jpg\"\/>\n\t\t\t\t\t<\/div>\n\t\t<div class=\"vrc-car-result-right\">\n\t\t\t<div class=\"vrc-car-result-rightinner\">\n\t\t\t\t<div class=\"vrc-car-result-rightinner-deep\">\n\t\t\t\t\t<div class=\"vrc-car-result-inner\">\n\t\t\t\t\t\t<span class=\"vrc-car-name\">\n                            <a href=\"https:\/\/poloscarsparos.gr\/fr\/buggies\/cf-force-trail\/\">\n                                                                h - CF Force Trail                            <\/a>\n                        <\/span>\n\t\t\t\t\t\t<div class=\"vrc-car-result-description\">\n\t\t\t\t\t\tCaract\u00e9ristiques : 800 cc | Moteur essence | Bo\u00eete automatique | ABS | 4X4 | 2 places | Compartiments de rangement | Suspension ind\u00e9pendante | Si\u00e8ges ergonomiques r\u00e9glables et autres fonctionnalit\u00e9s pr\u00e9cieuses.<\/br><\/br>\r\nLe CF Force Trail 800cc est id\u00e9al pour explorer la beaut\u00e9 de Paros. Son moteur 800cc et sa bo\u00eete automatique offrent une conduite fluide sur les routes panoramiques et c\u00f4ti\u00e8res. Sa suspension ind\u00e9pendante et ses si\u00e8ges r\u00e9glables assurent un confort optimal, tandis que son design compact facilite la maniabilit\u00e9. Alliant performance, confort et style, il promet une aventure inoubliable sur l\u2019\u00eele.<\/br><\/br>\r\nLa location n\u00e9cessite un permis de conduire de cat\u00e9gorie B d\u00e9tenu depuis au moins un an, et le conducteur doit avoir au minimum 23 ans.\r\n\r\n\t\t\t\t\t\t<\/div>\n\t\t\t\t\t\t\t\t\t\t\t\t\t<div class=\"vrc-car-characteristics\">\n\t\t\t\t\t\t\t\t<div class=\"vrccaratsdiv\"><div class=\"vrccarcarat\"><span class=\"vrc-carat-cont\"><span class=\"vrc-expl\" data-vrc-expl=\"Automatique\"><img decoding=\"async\" src=\"https:\/\/poloscarsparos.gr\/wp-content\/plugins\/vikrentcar\/admin\/resources\/1transmition_auto.png\" alt=\"Automatique\" \/><\/span><\/span>\n<\/div><div class=\"vrccarcarat\"><span class=\"vrc-carat-cont\"><span class=\"vrc-expl\" data-vrc-expl=\"2 Passagers\"><img decoding=\"async\" src=\"https:\/\/poloscarsparos.gr\/wp-content\/plugins\/vikrentcar\/admin\/resources\/4passengers.png\" alt=\"2 Passagers\" \/><\/span><\/span>\n<\/div><div class=\"vrccarcarat\"><span class=\"vrc-carat-cont\"><span class=\"vrc-expl\" data-vrc-expl=\"ABS\"><img decoding=\"async\" src=\"https:\/\/poloscarsparos.gr\/wp-content\/plugins\/vikrentcar\/admin\/resources\/1abs.png\" alt=\"ABS\" \/><\/span><\/span>\n<\/div><div class=\"vrccarcarat\"><span class=\"vrc-carat-cont\"><span class=\"vrc-expl\" data-vrc-expl=\"Gasoline-powered (unleaded)\"><img decoding=\"async\" src=\"https:\/\/poloscarsparos.gr\/wp-content\/plugins\/vikrentcar\/admin\/resources\/web-gasoline-icon.png\" alt=\"Gasoline (unleaded)\" \/><\/span><\/span>\n<\/div><\/div>\n\t\t\t\t\t\t\t<\/div>\n\t\t\t\t\t\t\t\t\t\t\t\t<\/div>\n\t\t\t\t\t<div class=\"vrc-car-lastblock\">\n\t\t\t\t\t\t<div class=\"vrc-car-price\">\n\t\t\t\t\t\t\t<div class=\"vrcsrowpricediv\">\n\t\t\t\t\t\t\t\t\t\t\t\t\t\t\t<span class=\"vrcstartfrom\">Starting from<\/span>\n\t\t\t\t\t\t\t\t<span class=\"car_cost\"><span class=\"vrc_currency\">\u20ac<\/span> <span class=\"vrc_price\">63<\/span><\/span>\n\t\t\t\t\t\t\t\t\t\t\t\t\t\t<\/div>\n\t\t\t\t\t\t<\/div>\n\t\t\t\t\t\t<div class=\"vrc-car-bookingbtn\">\n\t\t\t\t\t\t\t<span class=\"vrclistgoon\"><a class=\"btn\" href=\"https:\/\/poloscarsparos.gr\/fr\/buggies\/cf-force-trail\/\">Voir les D\u00e9tails<\/a><\/span>\n\t\t\t\t\t\t<\/div>\n\t\t\t\t\t<\/div>\n\t\t\t\t<\/div>\n\t\t\t<\/div>\n\t\t<\/div>\n\t<\/div>\n\t<div class=\"car_separator\"><\/div>\n\t\t<div class=\"car_result\">\n\t\t<div class=\"vrc-car-result-left\">\n\t\t\t\t\t<img decoding=\"async\" class=\"imgresult\" alt=\"h - Polaris RZR Trail S\" src=\"https:\/\/poloscarsparos.gr\/wp-content\/plugins\/vikrentcar\/admin\/resources\/polaris_rzr_trail_s_1000cc.jpg\"\/>\n\t\t\t\t\t<\/div>\n\t\t<div class=\"vrc-car-result-right\">\n\t\t\t<div class=\"vrc-car-result-rightinner\">\n\t\t\t\t<div class=\"vrc-car-result-rightinner-deep\">\n\t\t\t\t\t<div class=\"vrc-car-result-inner\">\n\t\t\t\t\t\t<span class=\"vrc-car-name\">\n                            <a href=\"https:\/\/poloscarsparos.gr\/fr\/buggies\/polaris-rzr-trail-s\/\">\n                                                                h - Polaris RZR Trail S                            <\/a>\n                        <\/span>\n\t\t\t\t\t\t<div class=\"vrc-car-result-description\">\n\t\t\t\t\t\tCaract\u00e9ristiques : 1000 cc | Moteur essence | Bo\u00eete automatique | ABS | 4X4 | 2 places | Compartiments de rangement | Si\u00e8ges ergonomiques | Volant r\u00e9glable et autres fonctionnalit\u00e9s pr\u00e9cieuses.<\/br><\/br>\r\nLe Polaris RZR Trail S 1000cc est le buggy id\u00e9al pour une aventure inoubliable \u00e0 Paros. Son moteur ProStar 999cc, sa bo\u00eete automatique et ses freins ABS offrent puissance, pr\u00e9cision et contr\u00f4le. Gr\u00e2ce \u00e0 sa suspension avanc\u00e9e, il assure une conduite fluide sur les sentiers accident\u00e9s comme sur les routes panoramiques, faisant de lui le choix parfait pour une exp\u00e9rience exaltante sur l\u2019\u00eele.<\/br><\/br>\r\nLa location n\u00e9cessite un permis de conduire de cat\u00e9gorie B d\u00e9tenu depuis au moins un an, et le conducteur doit avoir au minimum 23 ans.\r\n\t\t\t\t\t\t<\/div>\n\t\t\t\t\t\t\t\t\t\t\t\t\t<div class=\"vrc-car-characteristics\">\n\t\t\t\t\t\t\t\t<div class=\"vrccaratsdiv\"><div class=\"vrccarcarat\"><span class=\"vrc-carat-cont\"><span class=\"vrc-expl\" data-vrc-expl=\"Automatique\"><img decoding=\"async\" src=\"https:\/\/poloscarsparos.gr\/wp-content\/plugins\/vikrentcar\/admin\/resources\/1transmition_auto.png\" alt=\"Automatique\" \/><\/span><\/span>\n<\/div><div class=\"vrccarcarat\"><span class=\"vrc-carat-cont\"><span class=\"vrc-expl\" data-vrc-expl=\"2 Passagers\"><img decoding=\"async\" src=\"https:\/\/poloscarsparos.gr\/wp-content\/plugins\/vikrentcar\/admin\/resources\/4passengers.png\" alt=\"2 Passagers\" \/><\/span><\/span>\n<\/div><div class=\"vrccarcarat\"><span class=\"vrc-carat-cont\"><span class=\"vrc-expl\" data-vrc-expl=\"Gasoline-powered (unleaded)\"><img decoding=\"async\" src=\"https:\/\/poloscarsparos.gr\/wp-content\/plugins\/vikrentcar\/admin\/resources\/web-gasoline-icon.png\" alt=\"Gasoline (unleaded)\" \/><\/span><\/span>\n<\/div><\/div>\n\t\t\t\t\t\t\t<\/div>\n\t\t\t\t\t\t\t\t\t\t\t\t<\/div>\n\t\t\t\t\t<div class=\"vrc-car-lastblock\">\n\t\t\t\t\t\t<div class=\"vrc-car-price\">\n\t\t\t\t\t\t\t<div class=\"vrcsrowpricediv\">\n\t\t\t\t\t\t\t\t\t\t\t\t\t\t\t<span class=\"vrcstartfrom\">Starting from<\/span>\n\t\t\t\t\t\t\t\t<span class=\"car_cost\"><span class=\"vrc_currency\">\u20ac<\/span> <span class=\"vrc_price\">77<\/span><\/span>\n\t\t\t\t\t\t\t\t\t\t\t\t\t\t<\/div>\n\t\t\t\t\t\t<\/div>\n\t\t\t\t\t\t<div class=\"vrc-car-bookingbtn\">\n\t\t\t\t\t\t\t<span class=\"vrclistgoon\"><a class=\"btn\" href=\"https:\/\/poloscarsparos.gr\/fr\/buggies\/polaris-rzr-trail-s\/\">Voir les D\u00e9tails<\/a><\/span>\n\t\t\t\t\t\t<\/div>\n\t\t\t\t\t<\/div>\n\t\t\t\t<\/div>\n\t\t\t<\/div>\n\t\t<\/div>\n\t<\/div>\n\t<div class=\"car_separator\"><\/div>\n\t\t<div class=\"car_result\">\n\t\t<div class=\"vrc-car-result-left\">\n\t\t\t\t\t<img decoding=\"async\" class=\"imgresult\" alt=\"h - Polaris Ranger 3 seater\" src=\"https:\/\/poloscarsparos.gr\/wp-content\/plugins\/vikrentcar\/admin\/resources\/polaris_ranger_1000cc.jpg\"\/>\n\t\t\t\t\t<\/div>\n\t\t<div class=\"vrc-car-result-right\">\n\t\t\t<div class=\"vrc-car-result-rightinner\">\n\t\t\t\t<div class=\"vrc-car-result-rightinner-deep\">\n\t\t\t\t\t<div class=\"vrc-car-result-inner\">\n\t\t\t\t\t\t<span class=\"vrc-car-name\">\n                            <a href=\"https:\/\/poloscarsparos.gr\/fr\/buggies\/polaris-ranger\/\">\n                                                                h - Polaris Ranger 3 seater                            <\/a>\n                        <\/span>\n\t\t\t\t\t\t<div class=\"vrc-car-result-description\">\n\t\t\t\t\t\tCaract\u00e9ristiques : 1000 cc | 82 CV | Moteur essence | Bo\u00eete automatique | ABS | 3 places | Compartiments de rangement | \u00c9cran digital | Phares LED et autres fonctionnalit\u00e9s pr\u00e9cieuses.<\/br><\/br>\r\nLe Polaris Ranger 1000cc 3 places allie puissance, confort et polyvalence pour explorer Paros. Son moteur 999cc et ses 82 chevaux offrent une conduite fluide dans toutes les directions. Sa cabine spacieuse, sa bo\u00eete automatique, son grand espace de rangement, son \u00e9cran digital et ses phares LED garantissent une exp\u00e9rience agr\u00e9able et pratique. Que ce soit pour parcourir des routes idylliques ou d\u00e9couvrir des coins cach\u00e9s, le Ranger 1000cc promet un trajet sans effort et plaisant.<\/br><\/br>\r\nLa location n\u00e9cessite un permis de conduire de cat\u00e9gorie B d\u00e9tenu depuis au moins un an, et le conducteur doit avoir au minimum 23 ans.\r\n\t\t\t\t\t\t<\/div>\n\t\t\t\t\t\t\t\t\t\t\t\t\t<div class=\"vrc-car-characteristics\">\n\t\t\t\t\t\t\t\t<div class=\"vrccaratsdiv\"><div class=\"vrccarcarat\"><span class=\"vrc-carat-cont\"><span class=\"vrc-expl\" data-vrc-expl=\"Automatique\"><img decoding=\"async\" src=\"https:\/\/poloscarsparos.gr\/wp-content\/plugins\/vikrentcar\/admin\/resources\/1transmition_auto.png\" alt=\"Automatique\" \/><\/span><\/span>\n<\/div><div class=\"vrccarcarat\"><span class=\"vrc-carat-cont\"><span class=\"vrc-expl\" data-vrc-expl=\"ABS\"><img decoding=\"async\" src=\"https:\/\/poloscarsparos.gr\/wp-content\/plugins\/vikrentcar\/admin\/resources\/1abs.png\" alt=\"ABS\" \/><\/span><\/span>\n<\/div><div class=\"vrccarcarat\"><span class=\"vrc-carat-cont\"><span class=\"vrc-expl\" data-vrc-expl=\"Gasoline-powered (unleaded)\"><img decoding=\"async\" src=\"https:\/\/poloscarsparos.gr\/wp-content\/plugins\/vikrentcar\/admin\/resources\/web-gasoline-icon.png\" alt=\"Gasoline (unleaded)\" \/><\/span><\/span>\n<\/div><\/div>\n\t\t\t\t\t\t\t<\/div>\n\t\t\t\t\t\t\t\t\t\t\t\t<\/div>\n\t\t\t\t\t<div class=\"vrc-car-lastblock\">\n\t\t\t\t\t\t<div class=\"vrc-car-price\">\n\t\t\t\t\t\t\t<div class=\"vrcsrowpricediv\">\n\t\t\t\t\t\t\t\t\t\t\t\t\t\t\t<span class=\"vrcstartfrom\">Starting from<\/span>\n\t\t\t\t\t\t\t\t<span class=\"car_cost\"><span class=\"vrc_currency\">\u20ac<\/span> <span class=\"vrc_price\">92<\/span><\/span>\n\t\t\t\t\t\t\t\t\t\t\t\t\t\t<\/div>\n\t\t\t\t\t\t<\/div>\n\t\t\t\t\t\t<div class=\"vrc-car-bookingbtn\">\n\t\t\t\t\t\t\t<span class=\"vrclistgoon\"><a class=\"btn\" href=\"https:\/\/poloscarsparos.gr\/fr\/buggies\/polaris-ranger\/\">Voir les D\u00e9tails<\/a><\/span>\n\t\t\t\t\t\t<\/div>\n\t\t\t\t\t<\/div>\n\t\t\t\t<\/div>\n\t\t\t<\/div>\n\t\t<\/div>\n\t<\/div>\n\t<div class=\"car_separator\"><\/div>\n\t<\/div>\n\n<script type=\"text\/javascript\">\njQuery(document).ready(function() {\n\tif (jQuery('.car_result').length) {\n\t\tjQuery('.car_result').each(function() {\n\t\t\tvar car_img = jQuery(this).find('.vrc-car-result-left').find('img');\n\t\t\tif (car_img.length) {\n\t\t\t\tjQuery(this).find('.vrc-car-result-right').find('.vrc-car-result-rightinner').find('.vrc-car-result-rightinner-deep').find('.vrc-car-result-inner').css('min-height', car_img.height()+'px');\n\t\t\t}\n\t\t});\n\t};\n});\n<\/script>\n\n<\/div>\n\n","protected":false},"excerpt":{"rendered":"","protected":false},"author":1,"featured_media":3405,"parent":0,"menu_order":0,"comment_status":"closed","ping_status":"closed","template":"","meta":{"footnotes":""},"class_list":["post-2699","page","type-page","status-publish","has-post-thumbnail","hentry"],"yoast_head":"<!-- This site is optimized with the Yoast SEO plugin v27.1.1 - https:\/\/yoast.com\/product\/yoast-seo-wordpress\/ -->\n<title>Location de buggy \u00e0 Paros Gr\u00e8ce - Buggy \u00e0 Paros<\/title>\n<meta name=\"description\" content=\"Location de buggy \u00e0 prix comp\u00e9titifs, offres sp\u00e9ciales et r\u00e9ductions sur les locations de scooters \u00e0 Paros. Location de buggys \u00e0 Paros Gr\u00e8ce.\" \/>\n<meta name=\"robots\" content=\"index, follow, max-snippet:-1, max-image-preview:large, max-video-preview:-1\" \/>\n<link rel=\"canonical\" href=\"https:\/\/poloscarsparos.gr\/fr\/buggies\/\" \/>\n<meta property=\"og:locale\" content=\"fr_FR\" \/>\n<meta property=\"og:type\" content=\"article\" \/>\n<meta property=\"og:title\" content=\"Location de buggy \u00e0 Paros Gr\u00e8ce - Buggy \u00e0 Paros\" \/>\n<meta property=\"og:description\" content=\"Location de buggy \u00e0 prix comp\u00e9titifs, offres sp\u00e9ciales et r\u00e9ductions sur les locations de scooters \u00e0 Paros. Location de buggys \u00e0 Paros Gr\u00e8ce.\" \/>\n<meta property=\"og:url\" content=\"https:\/\/poloscarsparos.gr\/fr\/buggies\/\" \/>\n<meta property=\"og:site_name\" content=\"Polos Rent a Car &amp; Rental Agency in Paros\" \/>\n<meta property=\"article:modified_time\" content=\"2021-04-06T04:24:27+00:00\" \/>\n<meta property=\"og:image\" content=\"https:\/\/poloscarsparos.gr\/wp-content\/uploads\/2022\/02\/buggy-rental-e1589729351776.jpg\" \/>\n\t<meta property=\"og:image:width\" content=\"1600\" \/>\n\t<meta property=\"og:image:height\" content=\"604\" \/>\n\t<meta property=\"og:image:type\" content=\"image\/jpeg\" \/>\n<meta name=\"twitter:card\" content=\"summary_large_image\" \/>\n<meta name=\"twitter:label1\" content=\"Dur\u00e9e de lecture estim\u00e9e\" \/>\n\t<meta name=\"twitter:data1\" content=\"1 minute\" \/>\n<script type=\"application\/ld+json\" class=\"yoast-schema-graph\">{\"@context\":\"https:\/\/schema.org\",\"@graph\":[{\"@type\":\"WebPage\",\"@id\":\"https:\/\/poloscarsparos.gr\/fr\/buggies\/\",\"url\":\"https:\/\/poloscarsparos.gr\/fr\/buggies\/\",\"name\":\"Location de buggy \u00e0 Paros Gr\u00e8ce - Buggy \u00e0 Paros\",\"isPartOf\":{\"@id\":\"https:\/\/poloscarsparos.gr\/fr\/#website\"},\"primaryImageOfPage\":{\"@id\":\"https:\/\/poloscarsparos.gr\/fr\/buggies\/#primaryimage\"},\"image\":{\"@id\":\"https:\/\/poloscarsparos.gr\/fr\/buggies\/#primaryimage\"},\"thumbnailUrl\":\"https:\/\/poloscarsparos.gr\/wp-content\/uploads\/2022\/02\/buggy-rental-e1589729351776.jpg\",\"datePublished\":\"2021-04-04T05:13:58+00:00\",\"dateModified\":\"2021-04-06T04:24:27+00:00\",\"description\":\"Location de buggy \u00e0 prix comp\u00e9titifs, offres sp\u00e9ciales et r\u00e9ductions sur les locations de scooters \u00e0 Paros. Location de buggys \u00e0 Paros Gr\u00e8ce.\",\"breadcrumb\":{\"@id\":\"https:\/\/poloscarsparos.gr\/fr\/buggies\/#breadcrumb\"},\"inLanguage\":\"fr-FR\",\"potentialAction\":[{\"@type\":\"ReadAction\",\"target\":[\"https:\/\/poloscarsparos.gr\/fr\/buggies\/\"]}]},{\"@type\":\"ImageObject\",\"inLanguage\":\"fr-FR\",\"@id\":\"https:\/\/poloscarsparos.gr\/fr\/buggies\/#primaryimage\",\"url\":\"https:\/\/poloscarsparos.gr\/wp-content\/uploads\/2022\/02\/buggy-rental-e1589729351776.jpg\",\"contentUrl\":\"https:\/\/poloscarsparos.gr\/wp-content\/uploads\/2022\/02\/buggy-rental-e1589729351776.jpg\",\"width\":1600,\"height\":604},{\"@type\":\"BreadcrumbList\",\"@id\":\"https:\/\/poloscarsparos.gr\/fr\/buggies\/#breadcrumb\",\"itemListElement\":[{\"@type\":\"ListItem\",\"position\":1,\"name\":\"Home\",\"item\":\"https:\/\/poloscarsparos.gr\/fr\/\"},{\"@type\":\"ListItem\",\"position\":2,\"name\":\"Location de buggy\"}]},{\"@type\":\"WebSite\",\"@id\":\"https:\/\/poloscarsparos.gr\/fr\/#website\",\"url\":\"https:\/\/poloscarsparos.gr\/fr\/\",\"name\":\"Polos Rent a Car &amp; Rental Agency in Paros\",\"description\":\"Rent a car, buggy, quad, atv, moto and scooter in Paros!\",\"publisher\":{\"@id\":\"https:\/\/poloscarsparos.gr\/fr\/#organization\"},\"potentialAction\":[{\"@type\":\"SearchAction\",\"target\":{\"@type\":\"EntryPoint\",\"urlTemplate\":\"https:\/\/poloscarsparos.gr\/fr\/?s={search_term_string}\"},\"query-input\":{\"@type\":\"PropertyValueSpecification\",\"valueRequired\":true,\"valueName\":\"search_term_string\"}}],\"inLanguage\":\"fr-FR\"},{\"@type\":\"Organization\",\"@id\":\"https:\/\/poloscarsparos.gr\/fr\/#organization\",\"name\":\"Polos Rent A Car & Rental Agency\",\"url\":\"https:\/\/poloscarsparos.gr\/fr\/\",\"logo\":{\"@type\":\"ImageObject\",\"inLanguage\":\"fr-FR\",\"@id\":\"https:\/\/poloscarsparos.gr\/fr\/#\/schema\/logo\/image\/\",\"url\":\"\",\"contentUrl\":\"\",\"caption\":\"Polos Rent A Car & Rental Agency\"},\"image\":{\"@id\":\"https:\/\/poloscarsparos.gr\/fr\/#\/schema\/logo\/image\/\"}}]}<\/script>\n<!-- \/ Yoast SEO plugin. -->","yoast_head_json":{"title":"Location de buggy \u00e0 Paros Gr\u00e8ce - Buggy \u00e0 Paros","description":"Location de buggy \u00e0 prix comp\u00e9titifs, offres sp\u00e9ciales et r\u00e9ductions sur les locations de scooters \u00e0 Paros. Location de buggys \u00e0 Paros Gr\u00e8ce.","robots":{"index":"index","follow":"follow","max-snippet":"max-snippet:-1","max-image-preview":"max-image-preview:large","max-video-preview":"max-video-preview:-1"},"canonical":"https:\/\/poloscarsparos.gr\/fr\/buggies\/","og_locale":"fr_FR","og_type":"article","og_title":"Location de buggy \u00e0 Paros Gr\u00e8ce - Buggy \u00e0 Paros","og_description":"Location de buggy \u00e0 prix comp\u00e9titifs, offres sp\u00e9ciales et r\u00e9ductions sur les locations de scooters \u00e0 Paros. Location de buggys \u00e0 Paros Gr\u00e8ce.","og_url":"https:\/\/poloscarsparos.gr\/fr\/buggies\/","og_site_name":"Polos Rent a Car &amp; Rental Agency in Paros","article_modified_time":"2021-04-06T04:24:27+00:00","og_image":[{"width":1600,"height":604,"url":"https:\/\/poloscarsparos.gr\/wp-content\/uploads\/2022\/02\/buggy-rental-e1589729351776.jpg","type":"image\/jpeg"}],"twitter_card":"summary_large_image","twitter_misc":{"Dur\u00e9e de lecture estim\u00e9e":"1 minute"},"schema":{"@context":"https:\/\/schema.org","@graph":[{"@type":"WebPage","@id":"https:\/\/poloscarsparos.gr\/fr\/buggies\/","url":"https:\/\/poloscarsparos.gr\/fr\/buggies\/","name":"Location de buggy \u00e0 Paros Gr\u00e8ce - Buggy \u00e0 Paros","isPartOf":{"@id":"https:\/\/poloscarsparos.gr\/fr\/#website"},"primaryImageOfPage":{"@id":"https:\/\/poloscarsparos.gr\/fr\/buggies\/#primaryimage"},"image":{"@id":"https:\/\/poloscarsparos.gr\/fr\/buggies\/#primaryimage"},"thumbnailUrl":"https:\/\/poloscarsparos.gr\/wp-content\/uploads\/2022\/02\/buggy-rental-e1589729351776.jpg","datePublished":"2021-04-04T05:13:58+00:00","dateModified":"2021-04-06T04:24:27+00:00","description":"Location de buggy \u00e0 prix comp\u00e9titifs, offres sp\u00e9ciales et r\u00e9ductions sur les locations de scooters \u00e0 Paros. Location de buggys \u00e0 Paros Gr\u00e8ce.","breadcrumb":{"@id":"https:\/\/poloscarsparos.gr\/fr\/buggies\/#breadcrumb"},"inLanguage":"fr-FR","potentialAction":[{"@type":"ReadAction","target":["https:\/\/poloscarsparos.gr\/fr\/buggies\/"]}]},{"@type":"ImageObject","inLanguage":"fr-FR","@id":"https:\/\/poloscarsparos.gr\/fr\/buggies\/#primaryimage","url":"https:\/\/poloscarsparos.gr\/wp-content\/uploads\/2022\/02\/buggy-rental-e1589729351776.jpg","contentUrl":"https:\/\/poloscarsparos.gr\/wp-content\/uploads\/2022\/02\/buggy-rental-e1589729351776.jpg","width":1600,"height":604},{"@type":"BreadcrumbList","@id":"https:\/\/poloscarsparos.gr\/fr\/buggies\/#breadcrumb","itemListElement":[{"@type":"ListItem","position":1,"name":"Home","item":"https:\/\/poloscarsparos.gr\/fr\/"},{"@type":"ListItem","position":2,"name":"Location de buggy"}]},{"@type":"WebSite","@id":"https:\/\/poloscarsparos.gr\/fr\/#website","url":"https:\/\/poloscarsparos.gr\/fr\/","name":"Polos Rent a Car &amp; Rental Agency in Paros","description":"Rent a car, buggy, quad, atv, moto and scooter in Paros!","publisher":{"@id":"https:\/\/poloscarsparos.gr\/fr\/#organization"},"potentialAction":[{"@type":"SearchAction","target":{"@type":"EntryPoint","urlTemplate":"https:\/\/poloscarsparos.gr\/fr\/?s={search_term_string}"},"query-input":{"@type":"PropertyValueSpecification","valueRequired":true,"valueName":"search_term_string"}}],"inLanguage":"fr-FR"},{"@type":"Organization","@id":"https:\/\/poloscarsparos.gr\/fr\/#organization","name":"Polos Rent A Car & Rental Agency","url":"https:\/\/poloscarsparos.gr\/fr\/","logo":{"@type":"ImageObject","inLanguage":"fr-FR","@id":"https:\/\/poloscarsparos.gr\/fr\/#\/schema\/logo\/image\/","url":"","contentUrl":"","caption":"Polos Rent A Car & Rental Agency"},"image":{"@id":"https:\/\/poloscarsparos.gr\/fr\/#\/schema\/logo\/image\/"}}]}},"_links":{"self":[{"href":"https:\/\/poloscarsparos.gr\/fr\/wp-json\/wp\/v2\/pages\/2699","targetHints":{"allow":["GET"]}}],"collection":[{"href":"https:\/\/poloscarsparos.gr\/fr\/wp-json\/wp\/v2\/pages"}],"about":[{"href":"https:\/\/poloscarsparos.gr\/fr\/wp-json\/wp\/v2\/types\/page"}],"author":[{"embeddable":true,"href":"https:\/\/poloscarsparos.gr\/fr\/wp-json\/wp\/v2\/users\/1"}],"replies":[{"embeddable":true,"href":"https:\/\/poloscarsparos.gr\/fr\/wp-json\/wp\/v2\/comments?post=2699"}],"version-history":[{"count":1,"href":"https:\/\/poloscarsparos.gr\/fr\/wp-json\/wp\/v2\/pages\/2699\/revisions"}],"predecessor-version":[{"id":2700,"href":"https:\/\/poloscarsparos.gr\/fr\/wp-json\/wp\/v2\/pages\/2699\/revisions\/2700"}],"wp:featuredmedia":[{"embeddable":true,"href":"https:\/\/poloscarsparos.gr\/fr\/wp-json\/wp\/v2\/media\/3405"}],"wp:attachment":[{"href":"https:\/\/poloscarsparos.gr\/fr\/wp-json\/wp\/v2\/media?parent=2699"}],"curies":[{"name":"wp","href":"https:\/\/api.w.org\/{rel}","templated":true}]}}