{"id":2806,"date":"2021-04-08T19:29:28","date_gmt":"2021-04-08T16:29:28","guid":{"rendered":"http:\/\/poloscarsparos.gr\/?page_id=2806"},"modified":"2024-07-16T08:15:16","modified_gmt":"2024-07-16T05:15:16","slug":"offres","status":"publish","type":"page","link":"https:\/\/poloscarsparos.gr\/fr\/offres\/","title":{"rendered":"Offres"},"content":{"rendered":"\n<h4 class=\"wp-block-heading has-text-align-center\"><strong><strong>Offres de Location Saisonni\u00e8re<\/strong><\/strong><\/h4>\n\n\n\n<p><em>Toutes les r\u00e9ductions des Offres Saisonni\u00e8res sont disponibles en ligne sur le moteur de r\u00e9servation. (Prix finaux, Aucun coupon requis)<\/em><\/p>\n\n\n\n<p><strong>Notre Politique concernant les Locations de courte dur\u00e9e :<\/strong> (3-7 jours)<\/p>\n\n\n\n<ul class=\"wp-block-list\">\n<li>10% de r\u00e9duction pour les locations de 3 \u00e0 7 jours, pour tous les v\u00e9hicules disponibles<\/li>\n\n\n\n<li>30% d'acompte du montant total pour r\u00e9server votre v\u00e9hicule<\/li>\n\n\n\n<li>Politique d'annulation de 10 jours pour un remboursement de 100% (30% de frais d'annulation dans les 10 jours avant la prise en charge)<\/li>\n\n\n\n<li>10% de r\u00e9duction suppl\u00e9mentaire pour les r\u00e9servations non remboursables. Pr\u00e9-paiement de 100% du montant total au moins 90 jours avant la prise en charge (UNIQUEMENT par email)<\/li>\n<\/ul>\n\n\n\n<p><strong>Notre Politique concernant les Locations de longue dur\u00e9e : <\/strong>(8-21 jours)<\/p>\n\n\n\n<ul class=\"wp-block-list\">\n<li>15% de r\u00e9duction pour les locations de 8 \u00e0 21 jours, pour tous les v\u00e9hicules disponibles<\/li>\n\n\n\n<li>30% d'acompte du montant total pour r\u00e9server votre v\u00e9hicule<\/li>\n\n\n\n<li>Politique d'annulation de 15 jours pour un remboursement de 100% (30% de frais d'annulation dans les 15 jours avant la prise en charge)<\/li>\n\n\n\n<li>10% de r\u00e9duction suppl\u00e9mentaire pour les r\u00e9servations non remboursables. Pr\u00e9-paiement de 100% du montant total au moins 90 jours avant la prise en charge (UNIQUEMENT par email)<\/li>\n<\/ul>\n\n\n\n<p><strong><strong>Notre Politique concernant les Locations mensuelles de longue dur\u00e9e : <\/strong>(30 jours et plus)<\/strong><\/p>\n\n\n\n<ul class=\"wp-block-list\">\n<li>40% \u2013 60% de r\u00e9duction pour les locations de plus de 30 jours, uniquement pour des cat\u00e9gories de v\u00e9hicules sp\u00e9cifiques<\/li>\n\n\n\n<li>Pr\u00e9-paiement de 100% de chaque mois<\/li>\n\n\n\n<li>Aucun frais d'annulation<\/li>\n\n\n\n<li>Disponibilit\u00e9 et prix UNIQUEMENT par email<\/li>\n<\/ul>\n\n\n\n<h4 class=\"wp-block-heading has-text-align-center\"><strong>Offres sp\u00e9ciales<\/strong><\/h4>\n\n\n\n<p><em><em>Offres al\u00e9atoires et limit\u00e9es avec un excellent rapport qualit\u00e9-prix !<\/em><\/em><\/p>\n\n\n\n\n<div class=\"wrap plugin-container\">\n\n\t\n\t\n\t\t<h3>Pas de promotions actuellement<\/h3>\r\n\t\n<\/div>\n\n","protected":false},"excerpt":{"rendered":"<p>Offres de Location Saisonni\u00e8re Toutes les r\u00e9ductions des Offres Saisonni\u00e8res sont disponibles en ligne sur le moteur de r\u00e9servation. (Prix finaux, Aucun coupon requis) Notre Politique concernant les Locations de courte dur\u00e9e : (3-7 jours) Notre Politique concernant les Locations de longue dur\u00e9e : (8-21 jours) Notre Politique concernant les Locations mensuelles de longue dur\u00e9e &hellip; <\/p>\n<p class=\"link-more\"><a href=\"https:\/\/poloscarsparos.gr\/fr\/offres\/\" class=\"more-link\"><span class=\"screen-reader-text\"> prova \"Offres\"<\/span><\/a><\/p>\n","protected":false},"author":1,"featured_media":3426,"parent":0,"menu_order":0,"comment_status":"closed","ping_status":"closed","template":"","meta":{"footnotes":""},"class_list":["post-2806","page","type-page","status-publish","has-post-thumbnail","hentry"],"yoast_head":"<!-- This site is optimized with the Yoast SEO plugin v27.1.1 - https:\/\/yoast.com\/product\/yoast-seo-wordpress\/ -->\n<title>Des offres\/r\u00e9ductions pour la location de voiture \u00e0 Paros<\/title>\n<meta name=\"description\" content=\"Des offres saisonni\u00e8res et r\u00e9ductions sp\u00e9ciales pour la location longue dur\u00e9e de voiture, quad, buggy, scooter et moto \u00e0 Paros aux meilleurs prix pour vous.\" \/>\n<meta name=\"robots\" content=\"index, follow, max-snippet:-1, max-image-preview:large, max-video-preview:-1\" \/>\n<link rel=\"canonical\" href=\"https:\/\/poloscarsparos.gr\/fr\/offres\/\" \/>\n<meta property=\"og:locale\" content=\"fr_FR\" \/>\n<meta property=\"og:type\" content=\"article\" \/>\n<meta property=\"og:title\" content=\"Des offres\/r\u00e9ductions pour la location de voiture \u00e0 Paros\" \/>\n<meta property=\"og:description\" content=\"Des offres saisonni\u00e8res et r\u00e9ductions sp\u00e9ciales pour la location longue dur\u00e9e de voiture, quad, buggy, scooter et moto \u00e0 Paros aux meilleurs prix pour vous.\" \/>\n<meta property=\"og:url\" content=\"https:\/\/poloscarsparos.gr\/fr\/offres\/\" \/>\n<meta property=\"og:site_name\" content=\"Polos Rent a Car &amp; Rental Agency in Paros\" \/>\n<meta property=\"article:modified_time\" content=\"2024-07-16T05:15:16+00:00\" \/>\n<meta property=\"og:image\" content=\"https:\/\/poloscarsparos.gr\/wp-content\/uploads\/2022\/03\/offers-1.jpg\" \/>\n\t<meta property=\"og:image:width\" content=\"1800\" \/>\n\t<meta property=\"og:image:height\" content=\"467\" \/>\n\t<meta property=\"og:image:type\" content=\"image\/jpeg\" \/>\n<meta name=\"twitter:card\" content=\"summary_large_image\" \/>\n<meta name=\"twitter:label1\" content=\"Dur\u00e9e de lecture estim\u00e9e\" \/>\n\t<meta name=\"twitter:data1\" content=\"2 minutes\" \/>\n<script type=\"application\/ld+json\" class=\"yoast-schema-graph\">{\"@context\":\"https:\/\/schema.org\",\"@graph\":[{\"@type\":\"WebPage\",\"@id\":\"https:\/\/poloscarsparos.gr\/fr\/offres\/\",\"url\":\"https:\/\/poloscarsparos.gr\/fr\/offres\/\",\"name\":\"Des offres\/r\u00e9ductions pour la location de voiture \u00e0 Paros\",\"isPartOf\":{\"@id\":\"https:\/\/poloscarsparos.gr\/fr\/#website\"},\"primaryImageOfPage\":{\"@id\":\"https:\/\/poloscarsparos.gr\/fr\/offres\/#primaryimage\"},\"image\":{\"@id\":\"https:\/\/poloscarsparos.gr\/fr\/offres\/#primaryimage\"},\"thumbnailUrl\":\"https:\/\/poloscarsparos.gr\/wp-content\/uploads\/2022\/03\/offers-1.jpg\",\"datePublished\":\"2021-04-08T16:29:28+00:00\",\"dateModified\":\"2024-07-16T05:15:16+00:00\",\"description\":\"Des offres saisonni\u00e8res et r\u00e9ductions sp\u00e9ciales pour la location longue dur\u00e9e de voiture, quad, buggy, scooter et moto \u00e0 Paros aux meilleurs prix pour vous.\",\"breadcrumb\":{\"@id\":\"https:\/\/poloscarsparos.gr\/fr\/offres\/#breadcrumb\"},\"inLanguage\":\"fr-FR\",\"potentialAction\":[{\"@type\":\"ReadAction\",\"target\":[\"https:\/\/poloscarsparos.gr\/fr\/offres\/\"]}]},{\"@type\":\"ImageObject\",\"inLanguage\":\"fr-FR\",\"@id\":\"https:\/\/poloscarsparos.gr\/fr\/offres\/#primaryimage\",\"url\":\"https:\/\/poloscarsparos.gr\/wp-content\/uploads\/2022\/03\/offers-1.jpg\",\"contentUrl\":\"https:\/\/poloscarsparos.gr\/wp-content\/uploads\/2022\/03\/offers-1.jpg\",\"width\":1800,\"height\":467},{\"@type\":\"BreadcrumbList\",\"@id\":\"https:\/\/poloscarsparos.gr\/fr\/offres\/#breadcrumb\",\"itemListElement\":[{\"@type\":\"ListItem\",\"position\":1,\"name\":\"Home\",\"item\":\"https:\/\/poloscarsparos.gr\/fr\/\"},{\"@type\":\"ListItem\",\"position\":2,\"name\":\"Offres\"}]},{\"@type\":\"WebSite\",\"@id\":\"https:\/\/poloscarsparos.gr\/fr\/#website\",\"url\":\"https:\/\/poloscarsparos.gr\/fr\/\",\"name\":\"Polos Rent a Car &amp; Rental Agency in Paros\",\"description\":\"Rent a car, buggy, quad, atv, moto and scooter in Paros!\",\"publisher\":{\"@id\":\"https:\/\/poloscarsparos.gr\/fr\/#organization\"},\"potentialAction\":[{\"@type\":\"SearchAction\",\"target\":{\"@type\":\"EntryPoint\",\"urlTemplate\":\"https:\/\/poloscarsparos.gr\/fr\/?s={search_term_string}\"},\"query-input\":{\"@type\":\"PropertyValueSpecification\",\"valueRequired\":true,\"valueName\":\"search_term_string\"}}],\"inLanguage\":\"fr-FR\"},{\"@type\":\"Organization\",\"@id\":\"https:\/\/poloscarsparos.gr\/fr\/#organization\",\"name\":\"Polos Rent A Car & Rental Agency\",\"url\":\"https:\/\/poloscarsparos.gr\/fr\/\",\"logo\":{\"@type\":\"ImageObject\",\"inLanguage\":\"fr-FR\",\"@id\":\"https:\/\/poloscarsparos.gr\/fr\/#\/schema\/logo\/image\/\",\"url\":\"\",\"contentUrl\":\"\",\"caption\":\"Polos Rent A Car & Rental Agency\"},\"image\":{\"@id\":\"https:\/\/poloscarsparos.gr\/fr\/#\/schema\/logo\/image\/\"}}]}<\/script>\n<!-- \/ Yoast SEO plugin. -->","yoast_head_json":{"title":"Des offres\/r\u00e9ductions pour la location de voiture \u00e0 Paros","description":"Des offres saisonni\u00e8res et r\u00e9ductions sp\u00e9ciales pour la location longue dur\u00e9e de voiture, quad, buggy, scooter et moto \u00e0 Paros aux meilleurs prix pour vous.","robots":{"index":"index","follow":"follow","max-snippet":"max-snippet:-1","max-image-preview":"max-image-preview:large","max-video-preview":"max-video-preview:-1"},"canonical":"https:\/\/poloscarsparos.gr\/fr\/offres\/","og_locale":"fr_FR","og_type":"article","og_title":"Des offres\/r\u00e9ductions pour la location de voiture \u00e0 Paros","og_description":"Des offres saisonni\u00e8res et r\u00e9ductions sp\u00e9ciales pour la location longue dur\u00e9e de voiture, quad, buggy, scooter et moto \u00e0 Paros aux meilleurs prix pour vous.","og_url":"https:\/\/poloscarsparos.gr\/fr\/offres\/","og_site_name":"Polos Rent a Car &amp; Rental Agency in Paros","article_modified_time":"2024-07-16T05:15:16+00:00","og_image":[{"width":1800,"height":467,"url":"https:\/\/poloscarsparos.gr\/wp-content\/uploads\/2022\/03\/offers-1.jpg","type":"image\/jpeg"}],"twitter_card":"summary_large_image","twitter_misc":{"Dur\u00e9e de lecture estim\u00e9e":"2 minutes"},"schema":{"@context":"https:\/\/schema.org","@graph":[{"@type":"WebPage","@id":"https:\/\/poloscarsparos.gr\/fr\/offres\/","url":"https:\/\/poloscarsparos.gr\/fr\/offres\/","name":"Des offres\/r\u00e9ductions pour la location de voiture \u00e0 Paros","isPartOf":{"@id":"https:\/\/poloscarsparos.gr\/fr\/#website"},"primaryImageOfPage":{"@id":"https:\/\/poloscarsparos.gr\/fr\/offres\/#primaryimage"},"image":{"@id":"https:\/\/poloscarsparos.gr\/fr\/offres\/#primaryimage"},"thumbnailUrl":"https:\/\/poloscarsparos.gr\/wp-content\/uploads\/2022\/03\/offers-1.jpg","datePublished":"2021-04-08T16:29:28+00:00","dateModified":"2024-07-16T05:15:16+00:00","description":"Des offres saisonni\u00e8res et r\u00e9ductions sp\u00e9ciales pour la location longue dur\u00e9e de voiture, quad, buggy, scooter et moto \u00e0 Paros aux meilleurs prix pour vous.","breadcrumb":{"@id":"https:\/\/poloscarsparos.gr\/fr\/offres\/#breadcrumb"},"inLanguage":"fr-FR","potentialAction":[{"@type":"ReadAction","target":["https:\/\/poloscarsparos.gr\/fr\/offres\/"]}]},{"@type":"ImageObject","inLanguage":"fr-FR","@id":"https:\/\/poloscarsparos.gr\/fr\/offres\/#primaryimage","url":"https:\/\/poloscarsparos.gr\/wp-content\/uploads\/2022\/03\/offers-1.jpg","contentUrl":"https:\/\/poloscarsparos.gr\/wp-content\/uploads\/2022\/03\/offers-1.jpg","width":1800,"height":467},{"@type":"BreadcrumbList","@id":"https:\/\/poloscarsparos.gr\/fr\/offres\/#breadcrumb","itemListElement":[{"@type":"ListItem","position":1,"name":"Home","item":"https:\/\/poloscarsparos.gr\/fr\/"},{"@type":"ListItem","position":2,"name":"Offres"}]},{"@type":"WebSite","@id":"https:\/\/poloscarsparos.gr\/fr\/#website","url":"https:\/\/poloscarsparos.gr\/fr\/","name":"Polos Rent a Car &amp; Rental Agency in Paros","description":"Rent a car, buggy, quad, atv, moto and scooter in Paros!","publisher":{"@id":"https:\/\/poloscarsparos.gr\/fr\/#organization"},"potentialAction":[{"@type":"SearchAction","target":{"@type":"EntryPoint","urlTemplate":"https:\/\/poloscarsparos.gr\/fr\/?s={search_term_string}"},"query-input":{"@type":"PropertyValueSpecification","valueRequired":true,"valueName":"search_term_string"}}],"inLanguage":"fr-FR"},{"@type":"Organization","@id":"https:\/\/poloscarsparos.gr\/fr\/#organization","name":"Polos Rent A Car & Rental Agency","url":"https:\/\/poloscarsparos.gr\/fr\/","logo":{"@type":"ImageObject","inLanguage":"fr-FR","@id":"https:\/\/poloscarsparos.gr\/fr\/#\/schema\/logo\/image\/","url":"","contentUrl":"","caption":"Polos Rent A Car & Rental Agency"},"image":{"@id":"https:\/\/poloscarsparos.gr\/fr\/#\/schema\/logo\/image\/"}}]}},"_links":{"self":[{"href":"https:\/\/poloscarsparos.gr\/fr\/wp-json\/wp\/v2\/pages\/2806","targetHints":{"allow":["GET"]}}],"collection":[{"href":"https:\/\/poloscarsparos.gr\/fr\/wp-json\/wp\/v2\/pages"}],"about":[{"href":"https:\/\/poloscarsparos.gr\/fr\/wp-json\/wp\/v2\/types\/page"}],"author":[{"embeddable":true,"href":"https:\/\/poloscarsparos.gr\/fr\/wp-json\/wp\/v2\/users\/1"}],"replies":[{"embeddable":true,"href":"https:\/\/poloscarsparos.gr\/fr\/wp-json\/wp\/v2\/comments?post=2806"}],"version-history":[{"count":7,"href":"https:\/\/poloscarsparos.gr\/fr\/wp-json\/wp\/v2\/pages\/2806\/revisions"}],"predecessor-version":[{"id":5651,"href":"https:\/\/poloscarsparos.gr\/fr\/wp-json\/wp\/v2\/pages\/2806\/revisions\/5651"}],"wp:featuredmedia":[{"embeddable":true,"href":"https:\/\/poloscarsparos.gr\/fr\/wp-json\/wp\/v2\/media\/3426"}],"wp:attachment":[{"href":"https:\/\/poloscarsparos.gr\/fr\/wp-json\/wp\/v2\/media?parent=2806"}],"curies":[{"name":"wp","href":"https:\/\/api.w.org\/{rel}","templated":true}]}}