{"id":2887,"date":"2021-04-09T17:39:23","date_gmt":"2021-04-09T14:39:23","guid":{"rendered":"http:\/\/poloscarsparos.gr\/?page_id=2887"},"modified":"2021-04-09T17:39:26","modified_gmt":"2021-04-09T14:39:26","slug":"vos-reservations","status":"publish","type":"page","link":"https:\/\/poloscarsparos.gr\/fr\/vos-reservations\/","title":{"rendered":"Vos R\u00e9servations"},"content":{"rendered":"\n<div class=\"wrap plugin-container\">\n\n\t\n\t\n\t\t<div class=\"vrcsearchconfnumb\">\r\n\t\t<form action=\"https:\/\/poloscarsparos.gr\/el\/your-rereservations\/\" method=\"post\">\r\n\t\t\t<input type=\"hidden\" name=\"option\" value=\"com_vikrentcar\"\/>\r\n\t\t\t<input type=\"hidden\" name=\"view\" value=\"userorders\"\/>\r\n\t\t\t<input type=\"hidden\" name=\"searchorder\" value=\"1\"\/>\r\n\t\t\t<div class=\"vrcconfnumbinp\">\r\n\t\t\t\t<label for=\"vrcconfnum\">Confirmez votre num\u00e9ro de r\u00e9servation ou code PIN<\/label>\r\n\t\t\t\t<div class=\"vrcconfnum-value\">\r\n\t\t\t\t\t<div class=\"intcnt-bar\">\r\n\t\t\t\t\t\t<input type=\"text\" name=\"confirmnum\" value=\"\" size=\"25\" id=\"vrcconfnum\"\/>\r\n\t\t\t\t\t<\/div>\r\n\t\t\t<\/div>\r\n\t\t\t<div class=\"vrcconfnumbsubm\">\r\n\t\t\t\t<input class=\"btn\" type=\"submit\" name=\"searchconfnum\" value=\"Rechercher de Commande\"\/>\r\n\t\t\t<\/div>\r\n\t\t\t\t<\/div>\r\n\t\t\t<\/div>\r\n\t\t<\/form>\r\n\t<\/div>\r\n\t\t<p><a href=\"https:\/\/poloscarsparos.gr\/fr\/vos-reservations\/?option=com_vikrentcar&amp;view=loginregister\">Connectez-vous pour acc\u00e9der \u00e0 vos r\u00e9servations<\/a><\/p>\r\n\t\t<p class=\"vrcuserordersparag\">Aucune r\u00e9servation n'a \u00e9t\u00e9 trouv\u00e9e pour ce compte<\/p>\r\n\t<div class=\"vrc-pagination-footer\"><\/div>\r\n\n<\/div>\n\n","protected":false},"excerpt":{"rendered":"","protected":false},"author":1,"featured_media":0,"parent":0,"menu_order":0,"comment_status":"closed","ping_status":"closed","template":"","meta":{"footnotes":""},"class_list":["post-2887","page","type-page","status-publish","hentry"],"yoast_head":"<!-- This site is optimized with the Yoast SEO plugin v27.1.1 - https:\/\/yoast.com\/product\/yoast-seo-wordpress\/ -->\n<title>Vos R\u00e9servations - Polos Rent a Car &amp; Rental Agency in Paros<\/title>\n<meta name=\"robots\" content=\"index, follow, max-snippet:-1, max-image-preview:large, max-video-preview:-1\" \/>\n<link rel=\"canonical\" href=\"https:\/\/poloscarsparos.gr\/fr\/vos-reservations\/\" \/>\n<meta property=\"og:locale\" content=\"fr_FR\" \/>\n<meta property=\"og:type\" content=\"article\" \/>\n<meta property=\"og:title\" content=\"Vos R\u00e9servations - Polos Rent a Car &amp; Rental Agency in Paros\" \/>\n<meta property=\"og:url\" content=\"https:\/\/poloscarsparos.gr\/fr\/vos-reservations\/\" \/>\n<meta property=\"og:site_name\" content=\"Polos Rent a Car &amp; Rental Agency in Paros\" \/>\n<meta property=\"article:modified_time\" content=\"2021-04-09T14:39:26+00:00\" \/>\n<meta name=\"twitter:card\" content=\"summary_large_image\" \/>\n<meta name=\"twitter:label1\" content=\"Dur\u00e9e de lecture estim\u00e9e\" \/>\n\t<meta name=\"twitter:data1\" content=\"1 minute\" \/>\n<script type=\"application\/ld+json\" class=\"yoast-schema-graph\">{\"@context\":\"https:\/\/schema.org\",\"@graph\":[{\"@type\":\"WebPage\",\"@id\":\"https:\/\/poloscarsparos.gr\/fr\/vos-reservations\/\",\"url\":\"https:\/\/poloscarsparos.gr\/fr\/vos-reservations\/\",\"name\":\"Vos R\u00e9servations - Polos Rent a Car &amp; Rental Agency in Paros\",\"isPartOf\":{\"@id\":\"https:\/\/poloscarsparos.gr\/fr\/#website\"},\"datePublished\":\"2021-04-09T14:39:23+00:00\",\"dateModified\":\"2021-04-09T14:39:26+00:00\",\"breadcrumb\":{\"@id\":\"https:\/\/poloscarsparos.gr\/fr\/vos-reservations\/#breadcrumb\"},\"inLanguage\":\"fr-FR\",\"potentialAction\":[{\"@type\":\"ReadAction\",\"target\":[\"https:\/\/poloscarsparos.gr\/fr\/vos-reservations\/\"]}]},{\"@type\":\"BreadcrumbList\",\"@id\":\"https:\/\/poloscarsparos.gr\/fr\/vos-reservations\/#breadcrumb\",\"itemListElement\":[{\"@type\":\"ListItem\",\"position\":1,\"name\":\"Home\",\"item\":\"https:\/\/poloscarsparos.gr\/fr\/\"},{\"@type\":\"ListItem\",\"position\":2,\"name\":\"Vos R\u00e9servations\"}]},{\"@type\":\"WebSite\",\"@id\":\"https:\/\/poloscarsparos.gr\/fr\/#website\",\"url\":\"https:\/\/poloscarsparos.gr\/fr\/\",\"name\":\"Polos Rent a Car &amp; Rental Agency in Paros\",\"description\":\"Rent a car, buggy, quad, atv, moto and scooter in Paros!\",\"publisher\":{\"@id\":\"https:\/\/poloscarsparos.gr\/fr\/#organization\"},\"potentialAction\":[{\"@type\":\"SearchAction\",\"target\":{\"@type\":\"EntryPoint\",\"urlTemplate\":\"https:\/\/poloscarsparos.gr\/fr\/?s={search_term_string}\"},\"query-input\":{\"@type\":\"PropertyValueSpecification\",\"valueRequired\":true,\"valueName\":\"search_term_string\"}}],\"inLanguage\":\"fr-FR\"},{\"@type\":\"Organization\",\"@id\":\"https:\/\/poloscarsparos.gr\/fr\/#organization\",\"name\":\"Polos Rent A Car & Rental Agency\",\"url\":\"https:\/\/poloscarsparos.gr\/fr\/\",\"logo\":{\"@type\":\"ImageObject\",\"inLanguage\":\"fr-FR\",\"@id\":\"https:\/\/poloscarsparos.gr\/fr\/#\/schema\/logo\/image\/\",\"url\":\"\",\"contentUrl\":\"\",\"caption\":\"Polos Rent A Car & Rental Agency\"},\"image\":{\"@id\":\"https:\/\/poloscarsparos.gr\/fr\/#\/schema\/logo\/image\/\"}}]}<\/script>\n<!-- \/ Yoast SEO plugin. -->","yoast_head_json":{"title":"Vos R\u00e9servations - Polos Rent a Car &amp; Rental Agency in Paros","robots":{"index":"index","follow":"follow","max-snippet":"max-snippet:-1","max-image-preview":"max-image-preview:large","max-video-preview":"max-video-preview:-1"},"canonical":"https:\/\/poloscarsparos.gr\/fr\/vos-reservations\/","og_locale":"fr_FR","og_type":"article","og_title":"Vos R\u00e9servations - Polos Rent a Car &amp; Rental Agency in Paros","og_url":"https:\/\/poloscarsparos.gr\/fr\/vos-reservations\/","og_site_name":"Polos Rent a Car &amp; Rental Agency in Paros","article_modified_time":"2021-04-09T14:39:26+00:00","twitter_card":"summary_large_image","twitter_misc":{"Dur\u00e9e de lecture estim\u00e9e":"1 minute"},"schema":{"@context":"https:\/\/schema.org","@graph":[{"@type":"WebPage","@id":"https:\/\/poloscarsparos.gr\/fr\/vos-reservations\/","url":"https:\/\/poloscarsparos.gr\/fr\/vos-reservations\/","name":"Vos R\u00e9servations - Polos Rent a Car &amp; Rental Agency in Paros","isPartOf":{"@id":"https:\/\/poloscarsparos.gr\/fr\/#website"},"datePublished":"2021-04-09T14:39:23+00:00","dateModified":"2021-04-09T14:39:26+00:00","breadcrumb":{"@id":"https:\/\/poloscarsparos.gr\/fr\/vos-reservations\/#breadcrumb"},"inLanguage":"fr-FR","potentialAction":[{"@type":"ReadAction","target":["https:\/\/poloscarsparos.gr\/fr\/vos-reservations\/"]}]},{"@type":"BreadcrumbList","@id":"https:\/\/poloscarsparos.gr\/fr\/vos-reservations\/#breadcrumb","itemListElement":[{"@type":"ListItem","position":1,"name":"Home","item":"https:\/\/poloscarsparos.gr\/fr\/"},{"@type":"ListItem","position":2,"name":"Vos R\u00e9servations"}]},{"@type":"WebSite","@id":"https:\/\/poloscarsparos.gr\/fr\/#website","url":"https:\/\/poloscarsparos.gr\/fr\/","name":"Polos Rent a Car &amp; Rental Agency in Paros","description":"Rent a car, buggy, quad, atv, moto and scooter in Paros!","publisher":{"@id":"https:\/\/poloscarsparos.gr\/fr\/#organization"},"potentialAction":[{"@type":"SearchAction","target":{"@type":"EntryPoint","urlTemplate":"https:\/\/poloscarsparos.gr\/fr\/?s={search_term_string}"},"query-input":{"@type":"PropertyValueSpecification","valueRequired":true,"valueName":"search_term_string"}}],"inLanguage":"fr-FR"},{"@type":"Organization","@id":"https:\/\/poloscarsparos.gr\/fr\/#organization","name":"Polos Rent A Car & Rental Agency","url":"https:\/\/poloscarsparos.gr\/fr\/","logo":{"@type":"ImageObject","inLanguage":"fr-FR","@id":"https:\/\/poloscarsparos.gr\/fr\/#\/schema\/logo\/image\/","url":"","contentUrl":"","caption":"Polos Rent A Car & Rental Agency"},"image":{"@id":"https:\/\/poloscarsparos.gr\/fr\/#\/schema\/logo\/image\/"}}]}},"_links":{"self":[{"href":"https:\/\/poloscarsparos.gr\/fr\/wp-json\/wp\/v2\/pages\/2887","targetHints":{"allow":["GET"]}}],"collection":[{"href":"https:\/\/poloscarsparos.gr\/fr\/wp-json\/wp\/v2\/pages"}],"about":[{"href":"https:\/\/poloscarsparos.gr\/fr\/wp-json\/wp\/v2\/types\/page"}],"author":[{"embeddable":true,"href":"https:\/\/poloscarsparos.gr\/fr\/wp-json\/wp\/v2\/users\/1"}],"replies":[{"embeddable":true,"href":"https:\/\/poloscarsparos.gr\/fr\/wp-json\/wp\/v2\/comments?post=2887"}],"version-history":[{"count":1,"href":"https:\/\/poloscarsparos.gr\/fr\/wp-json\/wp\/v2\/pages\/2887\/revisions"}],"predecessor-version":[{"id":2888,"href":"https:\/\/poloscarsparos.gr\/fr\/wp-json\/wp\/v2\/pages\/2887\/revisions\/2888"}],"wp:attachment":[{"href":"https:\/\/poloscarsparos.gr\/fr\/wp-json\/wp\/v2\/media?parent=2887"}],"curies":[{"name":"wp","href":"https:\/\/api.w.org\/{rel}","templated":true}]}}