{"id":3634,"date":"2022-03-22T07:21:47","date_gmt":"2022-03-22T05:21:47","guid":{"rendered":"http:\/\/poloscarsparos.gr\/?page_id=3634"},"modified":"2022-04-16T14:57:33","modified_gmt":"2022-04-16T11:57:33","slug":"references","status":"publish","type":"page","link":"https:\/\/poloscarsparos.gr\/fr\/references\/","title":{"rendered":"R\u00e9f\u00e9rences"},"content":{"rendered":"\n<div class=\"wp-block-columns is-layout-flex wp-container-core-columns-is-layout-9d6595d7 wp-block-columns-is-layout-flex\">\n<div class=\"wp-block-column is-layout-flow wp-block-column-is-layout-flow\" style=\"flex-basis:66.66%\">\n<h4 class=\"has-text-align-center wp-block-heading\">Le Petit Fut\u00e9<\/h4>\n\n\n\n<p>C'est un grand honneur et une joie pour notre entreprise et tous nos partenaires, la reconnaissance et l'attribution de nos services dans le secteur du tourisme par le plus grand guide de voyage fran\u00e7ais.<\/p>\n\n\n\n<p>Nous tenons \u00e0 remercier Le Petit Fut\u00e9 pour son accueil et son soutien.<\/p>\n\n\n\n<p>POLOS RENT A CAR s'engage \u00e0 prouver sa valeur, rester \u00e0 la hauteur de cette r\u00e9compense et&nbsp; offrir ses services au mieux de ses capacit\u00e9s pour couvrir tous&nbsp; les besoins du client.<\/p>\n<\/div>\n\n\n\n<div class=\"wp-block-column is-layout-flow wp-block-column-is-layout-flow\" style=\"flex-basis:33.33%\"><div id=\"fileContent_1039494\"><a href=\"https:\/\/www.petitfute.com\" title=\"Petit Fut\u00e9\"><img loading=\"lazy\" decoding=\"async\" src=\"https:\/\/www.petitfute.com\/img\/widget\/logo.jpg\" width=\"100\" height=\"100\" border=\"0\" alt=\"Petit Fut\u00e9\"><\/a><\/div>\n<p><script language=\"javascript\" type=\"text\/javascript\" src=\"https:\/\/pro.petitfute.com\/compte\/widget\/etablissement\/1039494\/src\/1\/\"><\/script><\/p>\n<\/div>\n<\/div>\n","protected":false},"excerpt":{"rendered":"<p>Le Petit Fut\u00e9 C'est un grand honneur et une joie pour notre entreprise et tous nos partenaires, la reconnaissance et l'attribution de nos services dans le secteur du tourisme par le plus grand guide de voyage fran\u00e7ais. Nous tenons \u00e0 remercier Le Petit Fut\u00e9 pour son accueil et son soutien. POLOS RENT A CAR s'engage &hellip; <\/p>\n<p class=\"link-more\"><a href=\"https:\/\/poloscarsparos.gr\/fr\/references\/\" class=\"more-link\"><span class=\"screen-reader-text\"> prova \"R\u00e9f\u00e9rences\"<\/span><\/a><\/p>\n","protected":false},"author":1,"featured_media":0,"parent":0,"menu_order":0,"comment_status":"closed","ping_status":"closed","template":"","meta":{"footnotes":""},"class_list":["post-3634","page","type-page","status-publish","hentry"],"yoast_head":"<!-- This site is optimized with the Yoast SEO plugin v27.1.1 - https:\/\/yoast.com\/product\/yoast-seo-wordpress\/ -->\n<title>Le Petit Fut\u00e9 recommande notre entreprise, Polos Rent a Car, \u00e0 Paros<\/title>\n<meta name=\"description\" content=\"La reconnaissance et l&#039;attribution de nos services dans le secteur du tourisme par Le Petit Fut\u00e9 est un grand honneur et un plaisir pour notre entreprise.\" \/>\n<meta name=\"robots\" content=\"index, follow, max-snippet:-1, max-image-preview:large, max-video-preview:-1\" \/>\n<link rel=\"canonical\" href=\"https:\/\/poloscarsparos.gr\/fr\/references\/\" \/>\n<meta property=\"og:locale\" content=\"fr_FR\" \/>\n<meta property=\"og:type\" content=\"article\" \/>\n<meta property=\"og:title\" content=\"Le Petit Fut\u00e9 recommande notre entreprise, Polos Rent a Car, \u00e0 Paros\" \/>\n<meta property=\"og:description\" content=\"La reconnaissance et l&#039;attribution de nos services dans le secteur du tourisme par Le Petit Fut\u00e9 est un grand honneur et un plaisir pour notre entreprise.\" \/>\n<meta property=\"og:url\" content=\"https:\/\/poloscarsparos.gr\/fr\/references\/\" \/>\n<meta property=\"og:site_name\" content=\"Polos Rent a Car &amp; Rental Agency in Paros\" \/>\n<meta property=\"article:modified_time\" content=\"2022-04-16T11:57:33+00:00\" \/>\n<meta property=\"og:image\" content=\"https:\/\/www.petitfute.com\/img\/widget\/logo.jpg\" \/>\n<meta name=\"twitter:card\" content=\"summary_large_image\" \/>\n<meta name=\"twitter:label1\" content=\"Dur\u00e9e de lecture estim\u00e9e\" \/>\n\t<meta name=\"twitter:data1\" content=\"1 minute\" \/>\n<script type=\"application\/ld+json\" class=\"yoast-schema-graph\">{\"@context\":\"https:\/\/schema.org\",\"@graph\":[{\"@type\":\"WebPage\",\"@id\":\"https:\/\/poloscarsparos.gr\/fr\/references\/\",\"url\":\"https:\/\/poloscarsparos.gr\/fr\/references\/\",\"name\":\"Le Petit Fut\u00e9 recommande notre entreprise, Polos Rent a Car, \u00e0 Paros\",\"isPartOf\":{\"@id\":\"https:\/\/poloscarsparos.gr\/fr\/#website\"},\"primaryImageOfPage\":{\"@id\":\"https:\/\/poloscarsparos.gr\/fr\/references\/#primaryimage\"},\"image\":{\"@id\":\"https:\/\/poloscarsparos.gr\/fr\/references\/#primaryimage\"},\"thumbnailUrl\":\"https:\/\/www.petitfute.com\/img\/widget\/logo.jpg\",\"datePublished\":\"2022-03-22T05:21:47+00:00\",\"dateModified\":\"2022-04-16T11:57:33+00:00\",\"description\":\"La reconnaissance et l'attribution de nos services dans le secteur du tourisme par Le Petit Fut\u00e9 est un grand honneur et un plaisir pour notre entreprise.\",\"breadcrumb\":{\"@id\":\"https:\/\/poloscarsparos.gr\/fr\/references\/#breadcrumb\"},\"inLanguage\":\"fr-FR\",\"potentialAction\":[{\"@type\":\"ReadAction\",\"target\":[\"https:\/\/poloscarsparos.gr\/fr\/references\/\"]}]},{\"@type\":\"ImageObject\",\"inLanguage\":\"fr-FR\",\"@id\":\"https:\/\/poloscarsparos.gr\/fr\/references\/#primaryimage\",\"url\":\"https:\/\/www.petitfute.com\/img\/widget\/logo.jpg\",\"contentUrl\":\"https:\/\/www.petitfute.com\/img\/widget\/logo.jpg\"},{\"@type\":\"BreadcrumbList\",\"@id\":\"https:\/\/poloscarsparos.gr\/fr\/references\/#breadcrumb\",\"itemListElement\":[{\"@type\":\"ListItem\",\"position\":1,\"name\":\"Home\",\"item\":\"https:\/\/poloscarsparos.gr\/fr\/\"},{\"@type\":\"ListItem\",\"position\":2,\"name\":\"R\u00e9f\u00e9rences\"}]},{\"@type\":\"WebSite\",\"@id\":\"https:\/\/poloscarsparos.gr\/fr\/#website\",\"url\":\"https:\/\/poloscarsparos.gr\/fr\/\",\"name\":\"Polos Rent a Car &amp; Rental Agency in Paros\",\"description\":\"Rent a car, buggy, quad, atv, moto and scooter in Paros!\",\"publisher\":{\"@id\":\"https:\/\/poloscarsparos.gr\/fr\/#organization\"},\"potentialAction\":[{\"@type\":\"SearchAction\",\"target\":{\"@type\":\"EntryPoint\",\"urlTemplate\":\"https:\/\/poloscarsparos.gr\/fr\/?s={search_term_string}\"},\"query-input\":{\"@type\":\"PropertyValueSpecification\",\"valueRequired\":true,\"valueName\":\"search_term_string\"}}],\"inLanguage\":\"fr-FR\"},{\"@type\":\"Organization\",\"@id\":\"https:\/\/poloscarsparos.gr\/fr\/#organization\",\"name\":\"Polos Rent A Car & Rental Agency\",\"url\":\"https:\/\/poloscarsparos.gr\/fr\/\",\"logo\":{\"@type\":\"ImageObject\",\"inLanguage\":\"fr-FR\",\"@id\":\"https:\/\/poloscarsparos.gr\/fr\/#\/schema\/logo\/image\/\",\"url\":\"\",\"contentUrl\":\"\",\"caption\":\"Polos Rent A Car & Rental Agency\"},\"image\":{\"@id\":\"https:\/\/poloscarsparos.gr\/fr\/#\/schema\/logo\/image\/\"}}]}<\/script>\n<!-- \/ Yoast SEO plugin. -->","yoast_head_json":{"title":"Le Petit Fut\u00e9 recommande notre entreprise, Polos Rent a Car, \u00e0 Paros","description":"La reconnaissance et l'attribution de nos services dans le secteur du tourisme par Le Petit Fut\u00e9 est un grand honneur et un plaisir pour notre entreprise.","robots":{"index":"index","follow":"follow","max-snippet":"max-snippet:-1","max-image-preview":"max-image-preview:large","max-video-preview":"max-video-preview:-1"},"canonical":"https:\/\/poloscarsparos.gr\/fr\/references\/","og_locale":"fr_FR","og_type":"article","og_title":"Le Petit Fut\u00e9 recommande notre entreprise, Polos Rent a Car, \u00e0 Paros","og_description":"La reconnaissance et l'attribution de nos services dans le secteur du tourisme par Le Petit Fut\u00e9 est un grand honneur et un plaisir pour notre entreprise.","og_url":"https:\/\/poloscarsparos.gr\/fr\/references\/","og_site_name":"Polos Rent a Car &amp; Rental Agency in Paros","article_modified_time":"2022-04-16T11:57:33+00:00","og_image":[{"url":"https:\/\/www.petitfute.com\/img\/widget\/logo.jpg","type":"","width":"","height":""}],"twitter_card":"summary_large_image","twitter_misc":{"Dur\u00e9e de lecture estim\u00e9e":"1 minute"},"schema":{"@context":"https:\/\/schema.org","@graph":[{"@type":"WebPage","@id":"https:\/\/poloscarsparos.gr\/fr\/references\/","url":"https:\/\/poloscarsparos.gr\/fr\/references\/","name":"Le Petit Fut\u00e9 recommande notre entreprise, Polos Rent a Car, \u00e0 Paros","isPartOf":{"@id":"https:\/\/poloscarsparos.gr\/fr\/#website"},"primaryImageOfPage":{"@id":"https:\/\/poloscarsparos.gr\/fr\/references\/#primaryimage"},"image":{"@id":"https:\/\/poloscarsparos.gr\/fr\/references\/#primaryimage"},"thumbnailUrl":"https:\/\/www.petitfute.com\/img\/widget\/logo.jpg","datePublished":"2022-03-22T05:21:47+00:00","dateModified":"2022-04-16T11:57:33+00:00","description":"La reconnaissance et l'attribution de nos services dans le secteur du tourisme par Le Petit Fut\u00e9 est un grand honneur et un plaisir pour notre entreprise.","breadcrumb":{"@id":"https:\/\/poloscarsparos.gr\/fr\/references\/#breadcrumb"},"inLanguage":"fr-FR","potentialAction":[{"@type":"ReadAction","target":["https:\/\/poloscarsparos.gr\/fr\/references\/"]}]},{"@type":"ImageObject","inLanguage":"fr-FR","@id":"https:\/\/poloscarsparos.gr\/fr\/references\/#primaryimage","url":"https:\/\/www.petitfute.com\/img\/widget\/logo.jpg","contentUrl":"https:\/\/www.petitfute.com\/img\/widget\/logo.jpg"},{"@type":"BreadcrumbList","@id":"https:\/\/poloscarsparos.gr\/fr\/references\/#breadcrumb","itemListElement":[{"@type":"ListItem","position":1,"name":"Home","item":"https:\/\/poloscarsparos.gr\/fr\/"},{"@type":"ListItem","position":2,"name":"R\u00e9f\u00e9rences"}]},{"@type":"WebSite","@id":"https:\/\/poloscarsparos.gr\/fr\/#website","url":"https:\/\/poloscarsparos.gr\/fr\/","name":"Polos Rent a Car &amp; Rental Agency in Paros","description":"Rent a car, buggy, quad, atv, moto and scooter in Paros!","publisher":{"@id":"https:\/\/poloscarsparos.gr\/fr\/#organization"},"potentialAction":[{"@type":"SearchAction","target":{"@type":"EntryPoint","urlTemplate":"https:\/\/poloscarsparos.gr\/fr\/?s={search_term_string}"},"query-input":{"@type":"PropertyValueSpecification","valueRequired":true,"valueName":"search_term_string"}}],"inLanguage":"fr-FR"},{"@type":"Organization","@id":"https:\/\/poloscarsparos.gr\/fr\/#organization","name":"Polos Rent A Car & Rental Agency","url":"https:\/\/poloscarsparos.gr\/fr\/","logo":{"@type":"ImageObject","inLanguage":"fr-FR","@id":"https:\/\/poloscarsparos.gr\/fr\/#\/schema\/logo\/image\/","url":"","contentUrl":"","caption":"Polos Rent A Car & Rental Agency"},"image":{"@id":"https:\/\/poloscarsparos.gr\/fr\/#\/schema\/logo\/image\/"}}]}},"_links":{"self":[{"href":"https:\/\/poloscarsparos.gr\/fr\/wp-json\/wp\/v2\/pages\/3634","targetHints":{"allow":["GET"]}}],"collection":[{"href":"https:\/\/poloscarsparos.gr\/fr\/wp-json\/wp\/v2\/pages"}],"about":[{"href":"https:\/\/poloscarsparos.gr\/fr\/wp-json\/wp\/v2\/types\/page"}],"author":[{"embeddable":true,"href":"https:\/\/poloscarsparos.gr\/fr\/wp-json\/wp\/v2\/users\/1"}],"replies":[{"embeddable":true,"href":"https:\/\/poloscarsparos.gr\/fr\/wp-json\/wp\/v2\/comments?post=3634"}],"version-history":[{"count":1,"href":"https:\/\/poloscarsparos.gr\/fr\/wp-json\/wp\/v2\/pages\/3634\/revisions"}],"predecessor-version":[{"id":3635,"href":"https:\/\/poloscarsparos.gr\/fr\/wp-json\/wp\/v2\/pages\/3634\/revisions\/3635"}],"wp:attachment":[{"href":"https:\/\/poloscarsparos.gr\/fr\/wp-json\/wp\/v2\/media?parent=3634"}],"curies":[{"name":"wp","href":"https:\/\/api.w.org\/{rel}","templated":true}]}}