{"id":3637,"date":"2022-03-22T07:33:36","date_gmt":"2022-03-22T05:33:36","guid":{"rendered":"http:\/\/poloscarsparos.gr\/?page_id=3637"},"modified":"2022-04-16T14:58:12","modified_gmt":"2022-04-16T11:58:12","slug":"polos-group","status":"publish","type":"page","link":"https:\/\/poloscarsparos.gr\/fr\/polos-group\/","title":{"rendered":"Polos Group"},"content":{"rendered":"\n<blockquote class=\"wp-block-quote has-text-align-center is-layout-flow wp-block-quote-is-layout-flow\"><p><strong>Polos Entreprise Familiale<\/strong><\/p><cite>depuis 1969<\/cite><\/blockquote>\n\n\n\n<blockquote class=\"wp-block-quote is-layout-flow wp-block-quote-is-layout-flow\"><p><strong>Polos Groupe<\/strong> est un groupe d'entreprises familiales cr\u00e9\u00e9es \u00e0 la fin des ann\u00e9es 60 par Michael Polos sur l'\u00eele de Paros. La start-up \u00e9tait dans le secteur commercial avec Polos Shop, situ\u00e9 au c\u0153ur de la rue Parikia Market. En digne successeur de son patron, il r\u00e9ussit \u00e0 diriger ce secteur \u00e0 Paros avec l'aide pr\u00e9cieuse de sa femme. Ils ont commenc\u00e9 \u00e0 construire leur r\u00eave et leur famille en investissant \u00e0 Paros avant le d\u00e9veloppement du tourisme . Apr\u00e8s des ann\u00e9es de travail acharn\u00e9 et ayant \u00e0 affronter de&nbsp; nombreuses difficult\u00e9s, ils cr\u00e9ent 3 entreprises tr\u00e8s comp\u00e9titives : \u00ab Polos Shop \u00bb \u2013 \u00ab Polos Tours \u00bb \u2013 \u00ab Polos Hotel \u00bb.<\/p><p>Ils ont pris leur retraite&nbsp; et Michael Polos a donn\u00e9 le contr\u00f4le \u00e0 ses fils. N\u00e9anmoins, ils ont r\u00e9ussi \u00e0 maintenir une forte concurrence en suivant les tendances du march\u00e9. Aujourd'hui, et apr\u00e8s 2 crises \u00e9conomiques, les 3 fils successeurs poursuivent avec succ\u00e8s cette entreprise&nbsp; familiale avec les principes familiaux les plus \u00e9lev\u00e9s, \"unis et d\u00e9termin\u00e9s\" pour relever tous les d\u00e9fis que l'avenir<\/p><p><strong>T\u00e9l\u00e9phone<\/strong> : +30 22840 24333 \u2013&nbsp;<strong>email<\/strong>:&nbsp;<a href=\"mailto:poloshop1969@gmail.com\">info@polosgroup.gr<\/a>&nbsp;\u2013&nbsp;<strong>Web<\/strong>:&nbsp;<a href=\"http:\/\/www.polosgroup.gr\/\" target=\"_blank\" rel=\"noreferrer noopener\">polosgroup.gr<\/a>&nbsp;\u2013&nbsp;R<strong>\u00e9seaux sociaux <\/strong>:&nbsp;<a href=\"https:\/\/polostoursparos.com\/\" target=\"_blank\" rel=\"noreferrer noopener\">twitter<\/a><\/p><\/blockquote>\n\n\n\n<blockquote class=\"wp-block-quote has-text-align-center is-layout-flow wp-block-quote-is-layout-flow\"><p><strong>Polos Shop<\/strong><\/p><cite>depuis 1969<\/cite><\/blockquote>\n\n\n\n<blockquote class=\"wp-block-quote is-layout-flow wp-block-quote-is-layout-flow\"><p><strong>Polos Shop<\/strong> \u00e9tait le fleuron du Groupe et le travail principal du fondateur jusqu'\u00e0 sa retraite. Il est situ\u00e9 au&nbsp; march\u00e9 de Parikia, dans un b\u00e2timent classique unique. Ses clients sont les locaux et en \u00e9t\u00e9 les touristes. Cette boutique est ouverte toute l'ann\u00e9e et vous y trouverez:<\/p><p>- V\u00eatements de mode&nbsp;<\/p><p>\u2013 V\u00eatements de travail.<\/p><p>\u2013 Toutes sortes de tissus et d'accessoires de couture.<\/p><p>\u2013 Options linge de maison et literie. (matelas, draps, serviettes, couvertures, etc.)<\/p><p>\u2013 Accessoires de plage.<\/p><p>\u2013 Produits B2B.<\/p><p><strong>T\u00e9l\u00e9phone<\/strong> : +30 22840 21400 \u2013 <strong>e-mail<\/strong> : poloshop1969@gmail.com \u2013 <strong>R\u00e9seaux sociaux<\/strong>: facebook \u2013 <strong>Site:<\/strong> <a href=\"https:\/\/www.google.com\/maps\/place\/POLOS+SHOP\/@37.0847307,25.1479552,19z\/data=!3m1!4b1!4m5!3m4!1s0x149871d3ee7db8f5:0x278395228288a1b2!8m2!3d37.0847296!4d25.1485024?shorturl=1\">carte<\/a><\/p><\/blockquote>\n\n\n\n<blockquote class=\"wp-block-quote has-text-align-center is-layout-flow wp-block-quote-is-layout-flow\"><p><strong>Polos Tours<\/strong><\/p><cite>depuis 1972<\/cite><\/blockquote>\n\n\n\n<blockquote class=\"wp-block-quote is-layout-flow wp-block-quote-is-layout-flow\"><p><strong>Polos Tours<\/strong> est au service des habitants et des visiteurs tout au long de&nbsp; l'ann\u00e9e dans le secteur des transports et des loisirs. On offre&nbsp; des services de haute qualit\u00e9 gr\u00e2ce \u00e0 nos pr\u00e9cieux partenaires. Nos partenariats locaux et internationaux nous ont permis de cr\u00e9er la \u00ab Bible \u00bb des services de loisirs \u00e0 Paros et Antiparos avec grand succ\u00e8s. Cette entreprise est situ\u00e9e au Port de&nbsp; Paros \u00e0 Parikia et offre les services suivants :<\/p><p>\u2013 Billets de bateau<\/p><p>- Billets d'avion<\/p><p>- Logement&nbsp;<\/p><p>\u2013 Transferts priv\u00e9s (Terre, Mer, Air)<\/p><p>\u2013 Location de v\u00e9hicules (Voitures, Scooters, VTT\/Quads, Motos, V\u00e9hicules \u00e9lectriques)<\/p><p>\u2013 Croisi\u00e8res et excursions quotidiennes \u00e0 Paros et les Cyclades<\/p><p>\u2013 Activit\u00e9s sur tout l'\u00eele<\/p><p><strong><strong>T\u00e9l\u00e9phone<\/strong> <\/strong>: +30 22840 22333 \u2013&nbsp;<strong>email<\/strong>:&nbsp;<a href=\"mailto:poloshop1969@gmail.com\">info@polostoursparos.com<\/a>&nbsp;\u2013&nbsp;<strong>Web<\/strong>:&nbsp;<a href=\"http:\/\/www.polosgroup.gr\/\" target=\"_blank\" rel=\"noreferrer noopener\">polostoursparos.com<\/a>&nbsp;\u2013&nbsp;<strong>R\u00e9seaux sociaux<\/strong> :&nbsp;<a href=\"https:\/\/www.facebook.com\/polostoursparos\" target=\"_blank\" rel=\"noreferrer noopener\">facebook<\/a>,&nbsp;<a href=\"https:\/\/www.instagram.com\/polostours\/\" target=\"_blank\" rel=\"noreferrer noopener\">instagram<\/a>&nbsp;\u2013&nbsp;<strong>Site<\/strong> :&nbsp;<a href=\"https:\/\/g.page\/polostoursparos?share\" target=\"_blank\" rel=\"noreferrer noopener\">map<\/a><\/p><\/blockquote>\n\n\n\n<blockquote class=\"wp-block-quote has-text-align-center is-layout-flow wp-block-quote-is-layout-flow\"><p><strong>Polos Hotel<\/strong><\/p><cite>depuis 1982<\/cite><\/blockquote>\n\n\n\n<blockquote class=\"wp-block-quote is-layout-flow wp-block-quote-is-layout-flow\"><p><strong>L'h\u00f4tel Polos<\/strong> a \u00e9t\u00e9 une d\u00e9cision difficile pour M. Michael et tr\u00e8s co\u00fbteuse en m\u00eame temps. La construction a commenc\u00e9 en 1979 et a dur\u00e9 3 ans pour finir l\u2019h\u00f4tel de 29 chambres. Apr\u00e8s 10 ans de succ\u00e8s, un agrandissement de 15 chambres a \u00e9t\u00e9 d\u00e9cid\u00e9, mis en \u0153uvre en 1994. Les ann\u00e9es 90 ont \u00e9t\u00e9 une d\u00e9cennie tr\u00e8s comp\u00e9titive, donc un autre agrandissement de l\u2019h\u00f4tel a \u00e9t\u00e9 d\u00e9cid\u00e9 en 1999 avec succ\u00e8s avec un jardin fantastique, une piscine et un bar de piscine confortable. Des r\u00e9novations et des mises \u00e0 niveau ont lieu chaque ann\u00e9e pour continuer \u00e0 servir nos clients avec la meilleure valeur possible. Cette entreprise compte des partenaires nationaux et internationaux bien connus&nbsp; qui travaillent efficacement depuis de nombreuses ann\u00e9es. L'h\u00f4tel est situ\u00e9 sur la plage de Livadia \u00e0 Parikia et est ouvert en saison pendant environ 7 mois chaque ann\u00e9e offrant :<\/p><p>\u2013 Des chambres confortables et enti\u00e8rement \u00e9quip\u00e9es qui r\u00e9pondent \u00e0 la plupart&nbsp; des besoins des clients, comme les chambres sup\u00e9rieures,les chambres \u00e9conomiques, etc.<\/p><p>- Les chambres comprennent la climatisation, une t\u00e9l\u00e9vision Smart , une connexion \u00e0 Internet haut d\u00e9bit, une t\u00e9l\u00e9vision par satellite, de riches \u00e9quipements et bien plus encore.<\/p><p>- Service de conciergerie<\/p><p><strong><strong>T\u00e9l\u00e9phone<\/strong> <\/strong>: +30 22840 22173 \u2013&nbsp;<strong>email<\/strong>:&nbsp;<a href=\"mailto:poloshop1969@gmail.com\">info@polohotelparos.gr<\/a>&nbsp;\u2013&nbsp;<strong>Web<\/strong>:&nbsp;<a href=\"http:\/\/www.poloshotelparos.gr\/\" target=\"_blank\" rel=\"noreferrer noopener\">poloshotelparos.gr<\/a>&nbsp;\u2013&nbsp;<strong>R\u00e9seaux sociaux<\/strong> :&nbsp;<a href=\"https:\/\/www.facebook.com\/poloshotel\" target=\"_blank\" rel=\"noreferrer noopener\">facebook<\/a>,&nbsp;<a href=\"https:\/\/www.instagram.com\/poloshotel\" target=\"_blank\" rel=\"noreferrer noopener\">instagram<\/a><strong>&nbsp;- Site<\/strong> :&nbsp;<a href=\"https:\/\/g.page\/Poloshotel?share\" target=\"_blank\" rel=\"noreferrer noopener\">map<\/a><\/p><\/blockquote>\n\n\n\n<blockquote class=\"wp-block-quote has-text-align-center is-layout-flow wp-block-quote-is-layout-flow\"><p><strong>Polos Private Villa<\/strong><\/p><cite>depuis 2011<\/cite><\/blockquote>\n\n\n\n<blockquote class=\"wp-block-quote is-layout-flow wp-block-quote-is-layout-flow\"><p><strong>Polos Private Villa<\/strong> est une villa de luxe unique avec une intimit\u00e9 absolue et une vue imprenable sur la mer. Alors que les demandes du march\u00e9 du logement&nbsp; augmentent, le groupe est entr\u00e9 avec succ\u00e8s sur ce march\u00e9 avec cet excellent produit. Situ\u00e9e \u00e0 Agioi Anargyroi , juste au-dessus de la ville de Parikia, Polos Private Villa offre une vue imprenable sur toutes les \u00eeles de la mer \u00c9g\u00e9e et le meilleur coucher de soleil de l'\u00eele. On offre:<\/p><p>\u2013 Logement pour 8 \u00e0 10 personnes.<\/p><p>- 2 \u00e9tages.<\/p><p>\u2013 212 m\u00e8tres carr\u00e9s.<\/p><p>\u2013 4 chambres et 3 salles de bains.<\/p><p>- UN BARBECUE.<\/p><p>- Piscine.<\/p><p><strong><strong>T\u00e9l\u00e9phone<\/strong> <\/strong>: +30 22840 24333 \u2013&nbsp;<strong>Web<\/strong>:&nbsp;<a href=\"http:\/\/polosvillasparos.gr\/\" target=\"_blank\" rel=\"noreferrer noopener\">polosvillasparos.gr<\/a>&nbsp;\u2013&nbsp;<strong>email:&nbsp;<\/strong>info@polosvillasparos.gr<strong>&nbsp;\u2013 R\u00e9seaux sociaux<\/strong> <strong>:<\/strong>&nbsp;<a href=\"https:\/\/www.facebook.com\/polosvillasparos\" target=\"_blank\" rel=\"noreferrer noopener\">facebook<\/a>,&nbsp;<a href=\"https:\/\/www.instagram.com\/polos_villas_paros\/\" target=\"_blank\" rel=\"noreferrer noopener\">Instagram<\/a>&nbsp;\u2013&nbsp;<strong>Site<\/strong> :&nbsp;<a href=\"https:\/\/g.page\/polos_villas_paros?share\" target=\"_blank\" rel=\"noreferrer noopener\">map<\/a><\/p><\/blockquote>\n\n\n\n<blockquote class=\"wp-block-quote has-text-align-center is-layout-flow wp-block-quote-is-layout-flow\"><p><strong>Polos Rent A Car &amp; Rental Agency<\/strong><\/p><cite>depuis 2014<\/cite><\/blockquote>\n\n\n\n<blockquote class=\"wp-block-quote is-layout-flow wp-block-quote-is-layout-flow\"><p><strong>Polos Rent A Car &amp; Rental Agency <\/strong>situ\u00e9e au&nbsp; port de Paros \u00e0 Parikia, \u00e0 l'int\u00e9rieur de Polos Tours. Notre r\u00e9seau d'entreprise&nbsp; est excellent et exigeant avec des partenaires locaux et internationaux. Cette entreprise \u00e9largit la gamme de services du groupe pour&nbsp; ses clients et le march\u00e9. Ayant une grande exp\u00e9rience dans le secteur du tourisme, notre entreprise de location propose les services suivants :<\/p><p>- Location de voiture<\/p><p>\u2013 Location de scooters<\/p><p>\u2013 Location de VTT\/Quads<\/p><p>\u2013 Location de buggies<\/p><p>\u2013 Location de v\u00e9hicule \u00e9lectrique<\/p><p><strong><strong>T\u00e9l\u00e9phone<\/strong> :&nbsp;<\/strong>+30 22840 23614&nbsp;<strong>\u2013 Web:<\/strong>&nbsp;<a href=\"https:\/\/poloscarsparos.gr\/\" target=\"_blank\" rel=\"noreferrer noopener\">poloscarsparos.gr<\/a>&nbsp;<strong>\u2013 R\u00e9seaux sociaux<\/strong> <strong>:<\/strong>&nbsp;<a href=\"https:\/\/www.facebook.com\/PolosCars\" target=\"_blank\" rel=\"noreferrer noopener\">facebook<\/a>,&nbsp;<a href=\"https:\/\/www.instagram.com\/polos_rentacar\/\" target=\"_blank\" rel=\"noreferrer noopener\">instagram<\/a>,&nbsp;<a href=\"https:\/\/www.google.gr\/maps\/place\/Polos+Cars\/@37.0859437,25.1488008,15z\/data=!4m5!3m4!1s0x0:0xd0609b64623082f!8m2!3d37.0859437!4d25.1488008\" target=\"_blank\" rel=\"noreferrer noopener\">google<\/a>,&nbsp;<a href=\"https:\/\/www.youtube.com\/channel\/UCB7cdHneiMNxWd1D-gtSQgA\/featured\" target=\"_blank\" rel=\"noreferrer noopener\">youtube<\/a>&nbsp;<strong>\u2013 Site<\/strong> <strong>:<\/strong>&nbsp;<a href=\"https:\/\/g.page\/poloscars?share\" target=\"_blank\" rel=\"noreferrer noopener\">map<\/a><\/p><\/blockquote>\n\n\n\n<blockquote class=\"wp-block-quote has-text-align-center is-layout-flow wp-block-quote-is-layout-flow\"><p><strong><strong>Polos Transfert Priv\u00e9<\/strong><\/strong><\/p><cite>Depuis 2015<\/cite><\/blockquote>\n\n\n\n<blockquote class=\"wp-block-quote is-layout-flow wp-block-quote-is-layout-flow\"><p><strong>Polos Private Transfer<\/strong> suit les besoins du march\u00e9, comme la location de voitures, en augmentant&nbsp; les services de Polos Group pour&nbsp; nos clients et la concurrence. Alors que Paros devient le nouveau point chaud du tourisme, et apr\u00e8s l'am\u00e9lioration de l'a\u00e9roport et les lignes maritimes ajout\u00e9es reliant Paros \u00e0 de nombreuses autres destinations, Polos Private Transfers est le service qui vous fait vous sentir d\u00e9tendu sur l'\u00eele. Il vous offre le meilleur rapport qualit\u00e9-prix gr\u00e2ce \u00e0 nos partenaires pendant votre s\u00e9jour \u00e0 Paros :<\/p><p>\u2013 Transfert de point \u00e0 point<\/p><p>\u2013 Chauffer \u00e0 l\u2019heure (location de voiture avec chauffeur)<\/p><p>\u2013 Tours priv\u00e9s<\/p><p><strong><strong>T\u00e9l\u00e9phone<\/strong> <\/strong>: +30 22840 23614 \u2013&nbsp;<strong>Web<\/strong>:&nbsp;<a href=\"http:\/\/polostransfersparos.gr\/\" target=\"_blank\" rel=\"noreferrer noopener\">polostransfersparos.gr<\/a>&nbsp;\u2013&nbsp;<strong>email:<\/strong>&nbsp;info@polostransfersparos.gr \u2013&nbsp;<strong>R\u00e9seaux sociaux<\/strong> <strong>:<\/strong>&nbsp;facebook, instagram<\/p><\/blockquote>\n","protected":false},"excerpt":{"rendered":"<p>Polos Entreprise Familiale depuis 1969 Polos Groupe est un groupe d'entreprises familiales cr\u00e9\u00e9es \u00e0 la fin des ann\u00e9es 60 par Michael Polos sur l'\u00eele de Paros. La start-up \u00e9tait dans le secteur commercial avec Polos Shop, situ\u00e9 au c\u0153ur de la rue Parikia Market. En digne successeur de son patron, il r\u00e9ussit \u00e0 diriger ce &hellip; <\/p>\n<p class=\"link-more\"><a href=\"https:\/\/poloscarsparos.gr\/fr\/polos-group\/\" class=\"more-link\"><span class=\"screen-reader-text\"> prova \"Polos Group\"<\/span><\/a><\/p>\n","protected":false},"author":1,"featured_media":0,"parent":0,"menu_order":0,"comment_status":"closed","ping_status":"closed","template":"","meta":{"footnotes":""},"class_list":["post-3637","page","type-page","status-publish","hentry"],"yoast_head":"<!-- This site is optimized with the Yoast SEO plugin v27.1.1 - https:\/\/yoast.com\/product\/yoast-seo-wordpress\/ -->\n<title>Entreprise familiale Polos Groupe<\/title>\n<meta name=\"description\" content=\"Le Groupe familial Polos op\u00e8re \u00e0 Paros depuis 1960 avec un grand succ\u00e8s dans le secteur du tourisme et du commerce.\" \/>\n<meta name=\"robots\" content=\"index, follow, max-snippet:-1, max-image-preview:large, max-video-preview:-1\" \/>\n<link rel=\"canonical\" href=\"https:\/\/poloscarsparos.gr\/fr\/polos-group\/\" \/>\n<meta property=\"og:locale\" content=\"fr_FR\" \/>\n<meta property=\"og:type\" content=\"article\" \/>\n<meta property=\"og:title\" content=\"Entreprise familiale Polos Groupe\" \/>\n<meta property=\"og:description\" content=\"Le Groupe familial Polos op\u00e8re \u00e0 Paros depuis 1960 avec un grand succ\u00e8s dans le secteur du tourisme et du commerce.\" \/>\n<meta property=\"og:url\" content=\"https:\/\/poloscarsparos.gr\/fr\/polos-group\/\" \/>\n<meta property=\"og:site_name\" content=\"Polos Rent a Car &amp; Rental Agency in Paros\" \/>\n<meta property=\"article:modified_time\" content=\"2022-04-16T11:58:12+00:00\" \/>\n<meta name=\"twitter:card\" content=\"summary_large_image\" \/>\n<meta name=\"twitter:label1\" content=\"Dur\u00e9e de lecture estim\u00e9e\" \/>\n\t<meta name=\"twitter:data1\" content=\"5 minutes\" \/>\n<script type=\"application\/ld+json\" class=\"yoast-schema-graph\">{\"@context\":\"https:\/\/schema.org\",\"@graph\":[{\"@type\":\"WebPage\",\"@id\":\"https:\/\/poloscarsparos.gr\/fr\/polos-group\/\",\"url\":\"https:\/\/poloscarsparos.gr\/fr\/polos-group\/\",\"name\":\"Entreprise familiale Polos Groupe\",\"isPartOf\":{\"@id\":\"https:\/\/poloscarsparos.gr\/fr\/#website\"},\"datePublished\":\"2022-03-22T05:33:36+00:00\",\"dateModified\":\"2022-04-16T11:58:12+00:00\",\"description\":\"Le Groupe familial Polos op\u00e8re \u00e0 Paros depuis 1960 avec un grand succ\u00e8s dans le secteur du tourisme et du commerce.\",\"breadcrumb\":{\"@id\":\"https:\/\/poloscarsparos.gr\/fr\/polos-group\/#breadcrumb\"},\"inLanguage\":\"fr-FR\",\"potentialAction\":[{\"@type\":\"ReadAction\",\"target\":[\"https:\/\/poloscarsparos.gr\/fr\/polos-group\/\"]}]},{\"@type\":\"BreadcrumbList\",\"@id\":\"https:\/\/poloscarsparos.gr\/fr\/polos-group\/#breadcrumb\",\"itemListElement\":[{\"@type\":\"ListItem\",\"position\":1,\"name\":\"Home\",\"item\":\"https:\/\/poloscarsparos.gr\/fr\/\"},{\"@type\":\"ListItem\",\"position\":2,\"name\":\"Polos Group\"}]},{\"@type\":\"WebSite\",\"@id\":\"https:\/\/poloscarsparos.gr\/fr\/#website\",\"url\":\"https:\/\/poloscarsparos.gr\/fr\/\",\"name\":\"Polos Rent a Car &amp; Rental Agency in Paros\",\"description\":\"Rent a car, buggy, quad, atv, moto and scooter in Paros!\",\"publisher\":{\"@id\":\"https:\/\/poloscarsparos.gr\/fr\/#organization\"},\"potentialAction\":[{\"@type\":\"SearchAction\",\"target\":{\"@type\":\"EntryPoint\",\"urlTemplate\":\"https:\/\/poloscarsparos.gr\/fr\/?s={search_term_string}\"},\"query-input\":{\"@type\":\"PropertyValueSpecification\",\"valueRequired\":true,\"valueName\":\"search_term_string\"}}],\"inLanguage\":\"fr-FR\"},{\"@type\":\"Organization\",\"@id\":\"https:\/\/poloscarsparos.gr\/fr\/#organization\",\"name\":\"Polos Rent A Car & Rental Agency\",\"url\":\"https:\/\/poloscarsparos.gr\/fr\/\",\"logo\":{\"@type\":\"ImageObject\",\"inLanguage\":\"fr-FR\",\"@id\":\"https:\/\/poloscarsparos.gr\/fr\/#\/schema\/logo\/image\/\",\"url\":\"\",\"contentUrl\":\"\",\"caption\":\"Polos Rent A Car & Rental Agency\"},\"image\":{\"@id\":\"https:\/\/poloscarsparos.gr\/fr\/#\/schema\/logo\/image\/\"}}]}<\/script>\n<!-- \/ Yoast SEO plugin. -->","yoast_head_json":{"title":"Entreprise familiale Polos Groupe","description":"Le Groupe familial Polos op\u00e8re \u00e0 Paros depuis 1960 avec un grand succ\u00e8s dans le secteur du tourisme et du commerce.","robots":{"index":"index","follow":"follow","max-snippet":"max-snippet:-1","max-image-preview":"max-image-preview:large","max-video-preview":"max-video-preview:-1"},"canonical":"https:\/\/poloscarsparos.gr\/fr\/polos-group\/","og_locale":"fr_FR","og_type":"article","og_title":"Entreprise familiale Polos Groupe","og_description":"Le Groupe familial Polos op\u00e8re \u00e0 Paros depuis 1960 avec un grand succ\u00e8s dans le secteur du tourisme et du commerce.","og_url":"https:\/\/poloscarsparos.gr\/fr\/polos-group\/","og_site_name":"Polos Rent a Car &amp; Rental Agency in Paros","article_modified_time":"2022-04-16T11:58:12+00:00","twitter_card":"summary_large_image","twitter_misc":{"Dur\u00e9e de lecture estim\u00e9e":"5 minutes"},"schema":{"@context":"https:\/\/schema.org","@graph":[{"@type":"WebPage","@id":"https:\/\/poloscarsparos.gr\/fr\/polos-group\/","url":"https:\/\/poloscarsparos.gr\/fr\/polos-group\/","name":"Entreprise familiale Polos Groupe","isPartOf":{"@id":"https:\/\/poloscarsparos.gr\/fr\/#website"},"datePublished":"2022-03-22T05:33:36+00:00","dateModified":"2022-04-16T11:58:12+00:00","description":"Le Groupe familial Polos op\u00e8re \u00e0 Paros depuis 1960 avec un grand succ\u00e8s dans le secteur du tourisme et du commerce.","breadcrumb":{"@id":"https:\/\/poloscarsparos.gr\/fr\/polos-group\/#breadcrumb"},"inLanguage":"fr-FR","potentialAction":[{"@type":"ReadAction","target":["https:\/\/poloscarsparos.gr\/fr\/polos-group\/"]}]},{"@type":"BreadcrumbList","@id":"https:\/\/poloscarsparos.gr\/fr\/polos-group\/#breadcrumb","itemListElement":[{"@type":"ListItem","position":1,"name":"Home","item":"https:\/\/poloscarsparos.gr\/fr\/"},{"@type":"ListItem","position":2,"name":"Polos Group"}]},{"@type":"WebSite","@id":"https:\/\/poloscarsparos.gr\/fr\/#website","url":"https:\/\/poloscarsparos.gr\/fr\/","name":"Polos Rent a Car &amp; Rental Agency in Paros","description":"Rent a car, buggy, quad, atv, moto and scooter in Paros!","publisher":{"@id":"https:\/\/poloscarsparos.gr\/fr\/#organization"},"potentialAction":[{"@type":"SearchAction","target":{"@type":"EntryPoint","urlTemplate":"https:\/\/poloscarsparos.gr\/fr\/?s={search_term_string}"},"query-input":{"@type":"PropertyValueSpecification","valueRequired":true,"valueName":"search_term_string"}}],"inLanguage":"fr-FR"},{"@type":"Organization","@id":"https:\/\/poloscarsparos.gr\/fr\/#organization","name":"Polos Rent A Car & Rental Agency","url":"https:\/\/poloscarsparos.gr\/fr\/","logo":{"@type":"ImageObject","inLanguage":"fr-FR","@id":"https:\/\/poloscarsparos.gr\/fr\/#\/schema\/logo\/image\/","url":"","contentUrl":"","caption":"Polos Rent A Car & Rental Agency"},"image":{"@id":"https:\/\/poloscarsparos.gr\/fr\/#\/schema\/logo\/image\/"}}]}},"_links":{"self":[{"href":"https:\/\/poloscarsparos.gr\/fr\/wp-json\/wp\/v2\/pages\/3637","targetHints":{"allow":["GET"]}}],"collection":[{"href":"https:\/\/poloscarsparos.gr\/fr\/wp-json\/wp\/v2\/pages"}],"about":[{"href":"https:\/\/poloscarsparos.gr\/fr\/wp-json\/wp\/v2\/types\/page"}],"author":[{"embeddable":true,"href":"https:\/\/poloscarsparos.gr\/fr\/wp-json\/wp\/v2\/users\/1"}],"replies":[{"embeddable":true,"href":"https:\/\/poloscarsparos.gr\/fr\/wp-json\/wp\/v2\/comments?post=3637"}],"version-history":[{"count":8,"href":"https:\/\/poloscarsparos.gr\/fr\/wp-json\/wp\/v2\/pages\/3637\/revisions"}],"predecessor-version":[{"id":4047,"href":"https:\/\/poloscarsparos.gr\/fr\/wp-json\/wp\/v2\/pages\/3637\/revisions\/4047"}],"wp:attachment":[{"href":"https:\/\/poloscarsparos.gr\/fr\/wp-json\/wp\/v2\/media?parent=3637"}],"curies":[{"name":"wp","href":"https:\/\/api.w.org\/{rel}","templated":true}]}}