{"id":3650,"date":"2022-03-22T07:48:40","date_gmt":"2022-03-22T05:48:40","guid":{"rendered":"http:\/\/poloscarsparos.gr\/?page_id=3650"},"modified":"2022-04-16T14:54:50","modified_gmt":"2022-04-16T11:54:50","slug":"polos-group-services","status":"publish","type":"page","link":"https:\/\/poloscarsparos.gr\/fr\/polos-group-services\/","title":{"rendered":"Polos Group Services"},"content":{"rendered":"\n<p><strong>Services offerts par <\/strong>Polos Tours :<\/p>\n\n\n\n<ul class=\"wp-block-list\"><li>Trouvez et r\u00e9servez vos billets de bateau<\/li><li>Trouvez et r\u00e9servez vos billets d'avion<\/li><li>Trouvez et r\u00e9servez vos services de transfert priv\u00e9<\/li><li>Trouvez et r\u00e9servez vos activit\u00e9s \u00e0 Paros et Antiparos<\/li><li>Service de conciergerie<\/li><\/ul>\n\n\n\n<p><strong>Services offerts par<\/strong> Polos Shop :<\/p>\n\n\n\n<ul class=\"wp-block-list\"><li>Contactez-nous pour toute question<\/li><\/ul>\n\n\n\n<p><strong>Services offerts par <\/strong><strong>l'h\u00f4tel Polos :<\/strong><\/p>\n\n\n\n<ul class=\"wp-block-list\"><li>Trouvez et r\u00e9servez votre logement<\/li><\/ul>\n\n\n\n<p><strong>Services offerts par <\/strong>Polos Private Villa:<\/p>\n\n\n\n<ul class=\"wp-block-list\"><li>Contactez-nous pour toute question<\/li><\/ul>\n\n\n\n<p><strong>Services offerts par<\/strong> Polos Transfers :<\/p>\n\n\n\n<ul class=\"wp-block-list\"><li>Trouvez et r\u00e9servez votre transfert<\/li><\/ul>\n","protected":false},"excerpt":{"rendered":"<p>Services offerts par Polos Tours : Trouvez et r\u00e9servez vos billets de bateau Trouvez et r\u00e9servez vos billets d'avion Trouvez et r\u00e9servez vos services de transfert priv\u00e9 Trouvez et r\u00e9servez vos activit\u00e9s \u00e0 Paros et Antiparos Service de conciergerie Services offerts par Polos Shop : Contactez-nous pour toute question Services offerts par l'h\u00f4tel Polos : &hellip; <\/p>\n<p class=\"link-more\"><a href=\"https:\/\/poloscarsparos.gr\/fr\/polos-group-services\/\" class=\"more-link\"><span class=\"screen-reader-text\"> prova \"Polos Group Services\"<\/span><\/a><\/p>\n","protected":false},"author":1,"featured_media":3545,"parent":0,"menu_order":0,"comment_status":"closed","ping_status":"closed","template":"","meta":{"footnotes":""},"class_list":["post-3650","page","type-page","status-publish","has-post-thumbnail","hentry"],"yoast_head":"<!-- This site is optimized with the Yoast SEO plugin v27.1.1 - https:\/\/yoast.com\/product\/yoast-seo-wordpress\/ -->\n<title>Les services de Polos Groupe \u00e0 Paros qui facilitent votre s\u00e9jour.<\/title>\n<meta name=\"description\" content=\"Logement : H\u00f4tels &amp; Villas \u2013 Transport : Billets de Ferry &amp; d&#039;Avion \u2013 Activit\u00e9s \u2013 Transfert priv\u00e9 (location de voiture avec chauffeur)\/ Terre\/Mer\/Air \u2013 Excursions &amp; Croisi\u00e8res quotidiennes\" \/>\n<meta name=\"robots\" content=\"index, follow, max-snippet:-1, max-image-preview:large, max-video-preview:-1\" \/>\n<link rel=\"canonical\" href=\"https:\/\/poloscarsparos.gr\/fr\/polos-group-services\/\" \/>\n<meta property=\"og:locale\" content=\"fr_FR\" \/>\n<meta property=\"og:type\" content=\"article\" \/>\n<meta property=\"og:title\" content=\"Les services de Polos Groupe \u00e0 Paros qui facilitent votre s\u00e9jour.\" \/>\n<meta property=\"og:description\" content=\"Logement : H\u00f4tels &amp; Villas \u2013 Transport : Billets de Ferry &amp; d&#039;Avion \u2013 Activit\u00e9s \u2013 Transfert priv\u00e9 (location de voiture avec chauffeur)\/ Terre\/Mer\/Air \u2013 Excursions &amp; Croisi\u00e8res quotidiennes\" \/>\n<meta property=\"og:url\" content=\"https:\/\/poloscarsparos.gr\/fr\/polos-group-services\/\" \/>\n<meta property=\"og:site_name\" content=\"Polos Rent a Car &amp; Rental Agency in Paros\" \/>\n<meta property=\"article:modified_time\" content=\"2022-04-16T11:54:50+00:00\" \/>\n<meta property=\"og:image\" content=\"https:\/\/poloscarsparos.gr\/wp-content\/uploads\/2022\/03\/parikia-port-1.jpg\" \/>\n\t<meta property=\"og:image:width\" content=\"1920\" \/>\n\t<meta property=\"og:image:height\" content=\"1080\" \/>\n\t<meta property=\"og:image:type\" content=\"image\/jpeg\" \/>\n<meta name=\"twitter:card\" content=\"summary_large_image\" \/>\n<meta name=\"twitter:label1\" content=\"Dur\u00e9e de lecture estim\u00e9e\" \/>\n\t<meta name=\"twitter:data1\" content=\"1 minute\" \/>\n<script type=\"application\/ld+json\" class=\"yoast-schema-graph\">{\"@context\":\"https:\/\/schema.org\",\"@graph\":[{\"@type\":\"WebPage\",\"@id\":\"https:\/\/poloscarsparos.gr\/fr\/polos-group-services\/\",\"url\":\"https:\/\/poloscarsparos.gr\/fr\/polos-group-services\/\",\"name\":\"Les services de Polos Groupe \u00e0 Paros qui facilitent votre s\u00e9jour.\",\"isPartOf\":{\"@id\":\"https:\/\/poloscarsparos.gr\/fr\/#website\"},\"primaryImageOfPage\":{\"@id\":\"https:\/\/poloscarsparos.gr\/fr\/polos-group-services\/#primaryimage\"},\"image\":{\"@id\":\"https:\/\/poloscarsparos.gr\/fr\/polos-group-services\/#primaryimage\"},\"thumbnailUrl\":\"https:\/\/poloscarsparos.gr\/wp-content\/uploads\/2022\/03\/parikia-port-1.jpg\",\"datePublished\":\"2022-03-22T05:48:40+00:00\",\"dateModified\":\"2022-04-16T11:54:50+00:00\",\"description\":\"Logement : H\u00f4tels & Villas \u2013 Transport : Billets de Ferry & d'Avion \u2013 Activit\u00e9s \u2013 Transfert priv\u00e9 (location de voiture avec chauffeur)\/ Terre\/Mer\/Air \u2013 Excursions & Croisi\u00e8res quotidiennes\",\"breadcrumb\":{\"@id\":\"https:\/\/poloscarsparos.gr\/fr\/polos-group-services\/#breadcrumb\"},\"inLanguage\":\"fr-FR\",\"potentialAction\":[{\"@type\":\"ReadAction\",\"target\":[\"https:\/\/poloscarsparos.gr\/fr\/polos-group-services\/\"]}]},{\"@type\":\"ImageObject\",\"inLanguage\":\"fr-FR\",\"@id\":\"https:\/\/poloscarsparos.gr\/fr\/polos-group-services\/#primaryimage\",\"url\":\"https:\/\/poloscarsparos.gr\/wp-content\/uploads\/2022\/03\/parikia-port-1.jpg\",\"contentUrl\":\"https:\/\/poloscarsparos.gr\/wp-content\/uploads\/2022\/03\/parikia-port-1.jpg\",\"width\":1920,\"height\":1080,\"caption\":\"Polos Group Services\"},{\"@type\":\"BreadcrumbList\",\"@id\":\"https:\/\/poloscarsparos.gr\/fr\/polos-group-services\/#breadcrumb\",\"itemListElement\":[{\"@type\":\"ListItem\",\"position\":1,\"name\":\"Home\",\"item\":\"https:\/\/poloscarsparos.gr\/fr\/\"},{\"@type\":\"ListItem\",\"position\":2,\"name\":\"Polos Group Services\"}]},{\"@type\":\"WebSite\",\"@id\":\"https:\/\/poloscarsparos.gr\/fr\/#website\",\"url\":\"https:\/\/poloscarsparos.gr\/fr\/\",\"name\":\"Polos Rent a Car &amp; Rental Agency in Paros\",\"description\":\"Rent a car, buggy, quad, atv, moto and scooter in Paros!\",\"publisher\":{\"@id\":\"https:\/\/poloscarsparos.gr\/fr\/#organization\"},\"potentialAction\":[{\"@type\":\"SearchAction\",\"target\":{\"@type\":\"EntryPoint\",\"urlTemplate\":\"https:\/\/poloscarsparos.gr\/fr\/?s={search_term_string}\"},\"query-input\":{\"@type\":\"PropertyValueSpecification\",\"valueRequired\":true,\"valueName\":\"search_term_string\"}}],\"inLanguage\":\"fr-FR\"},{\"@type\":\"Organization\",\"@id\":\"https:\/\/poloscarsparos.gr\/fr\/#organization\",\"name\":\"Polos Rent A Car & Rental Agency\",\"url\":\"https:\/\/poloscarsparos.gr\/fr\/\",\"logo\":{\"@type\":\"ImageObject\",\"inLanguage\":\"fr-FR\",\"@id\":\"https:\/\/poloscarsparos.gr\/fr\/#\/schema\/logo\/image\/\",\"url\":\"\",\"contentUrl\":\"\",\"caption\":\"Polos Rent A Car & Rental Agency\"},\"image\":{\"@id\":\"https:\/\/poloscarsparos.gr\/fr\/#\/schema\/logo\/image\/\"}}]}<\/script>\n<!-- \/ Yoast SEO plugin. -->","yoast_head_json":{"title":"Les services de Polos Groupe \u00e0 Paros qui facilitent votre s\u00e9jour.","description":"Logement : H\u00f4tels & Villas \u2013 Transport : Billets de Ferry & d'Avion \u2013 Activit\u00e9s \u2013 Transfert priv\u00e9 (location de voiture avec chauffeur)\/ Terre\/Mer\/Air \u2013 Excursions & Croisi\u00e8res quotidiennes","robots":{"index":"index","follow":"follow","max-snippet":"max-snippet:-1","max-image-preview":"max-image-preview:large","max-video-preview":"max-video-preview:-1"},"canonical":"https:\/\/poloscarsparos.gr\/fr\/polos-group-services\/","og_locale":"fr_FR","og_type":"article","og_title":"Les services de Polos Groupe \u00e0 Paros qui facilitent votre s\u00e9jour.","og_description":"Logement : H\u00f4tels & Villas \u2013 Transport : Billets de Ferry & d'Avion \u2013 Activit\u00e9s \u2013 Transfert priv\u00e9 (location de voiture avec chauffeur)\/ Terre\/Mer\/Air \u2013 Excursions & Croisi\u00e8res quotidiennes","og_url":"https:\/\/poloscarsparos.gr\/fr\/polos-group-services\/","og_site_name":"Polos Rent a Car &amp; Rental Agency in Paros","article_modified_time":"2022-04-16T11:54:50+00:00","og_image":[{"width":1920,"height":1080,"url":"https:\/\/poloscarsparos.gr\/wp-content\/uploads\/2022\/03\/parikia-port-1.jpg","type":"image\/jpeg"}],"twitter_card":"summary_large_image","twitter_misc":{"Dur\u00e9e de lecture estim\u00e9e":"1 minute"},"schema":{"@context":"https:\/\/schema.org","@graph":[{"@type":"WebPage","@id":"https:\/\/poloscarsparos.gr\/fr\/polos-group-services\/","url":"https:\/\/poloscarsparos.gr\/fr\/polos-group-services\/","name":"Les services de Polos Groupe \u00e0 Paros qui facilitent votre s\u00e9jour.","isPartOf":{"@id":"https:\/\/poloscarsparos.gr\/fr\/#website"},"primaryImageOfPage":{"@id":"https:\/\/poloscarsparos.gr\/fr\/polos-group-services\/#primaryimage"},"image":{"@id":"https:\/\/poloscarsparos.gr\/fr\/polos-group-services\/#primaryimage"},"thumbnailUrl":"https:\/\/poloscarsparos.gr\/wp-content\/uploads\/2022\/03\/parikia-port-1.jpg","datePublished":"2022-03-22T05:48:40+00:00","dateModified":"2022-04-16T11:54:50+00:00","description":"Logement : H\u00f4tels & Villas \u2013 Transport : Billets de Ferry & d'Avion \u2013 Activit\u00e9s \u2013 Transfert priv\u00e9 (location de voiture avec chauffeur)\/ Terre\/Mer\/Air \u2013 Excursions & Croisi\u00e8res quotidiennes","breadcrumb":{"@id":"https:\/\/poloscarsparos.gr\/fr\/polos-group-services\/#breadcrumb"},"inLanguage":"fr-FR","potentialAction":[{"@type":"ReadAction","target":["https:\/\/poloscarsparos.gr\/fr\/polos-group-services\/"]}]},{"@type":"ImageObject","inLanguage":"fr-FR","@id":"https:\/\/poloscarsparos.gr\/fr\/polos-group-services\/#primaryimage","url":"https:\/\/poloscarsparos.gr\/wp-content\/uploads\/2022\/03\/parikia-port-1.jpg","contentUrl":"https:\/\/poloscarsparos.gr\/wp-content\/uploads\/2022\/03\/parikia-port-1.jpg","width":1920,"height":1080,"caption":"Polos Group Services"},{"@type":"BreadcrumbList","@id":"https:\/\/poloscarsparos.gr\/fr\/polos-group-services\/#breadcrumb","itemListElement":[{"@type":"ListItem","position":1,"name":"Home","item":"https:\/\/poloscarsparos.gr\/fr\/"},{"@type":"ListItem","position":2,"name":"Polos Group Services"}]},{"@type":"WebSite","@id":"https:\/\/poloscarsparos.gr\/fr\/#website","url":"https:\/\/poloscarsparos.gr\/fr\/","name":"Polos Rent a Car &amp; Rental Agency in Paros","description":"Rent a car, buggy, quad, atv, moto and scooter in Paros!","publisher":{"@id":"https:\/\/poloscarsparos.gr\/fr\/#organization"},"potentialAction":[{"@type":"SearchAction","target":{"@type":"EntryPoint","urlTemplate":"https:\/\/poloscarsparos.gr\/fr\/?s={search_term_string}"},"query-input":{"@type":"PropertyValueSpecification","valueRequired":true,"valueName":"search_term_string"}}],"inLanguage":"fr-FR"},{"@type":"Organization","@id":"https:\/\/poloscarsparos.gr\/fr\/#organization","name":"Polos Rent A Car & Rental Agency","url":"https:\/\/poloscarsparos.gr\/fr\/","logo":{"@type":"ImageObject","inLanguage":"fr-FR","@id":"https:\/\/poloscarsparos.gr\/fr\/#\/schema\/logo\/image\/","url":"","contentUrl":"","caption":"Polos Rent A Car & Rental Agency"},"image":{"@id":"https:\/\/poloscarsparos.gr\/fr\/#\/schema\/logo\/image\/"}}]}},"_links":{"self":[{"href":"https:\/\/poloscarsparos.gr\/fr\/wp-json\/wp\/v2\/pages\/3650","targetHints":{"allow":["GET"]}}],"collection":[{"href":"https:\/\/poloscarsparos.gr\/fr\/wp-json\/wp\/v2\/pages"}],"about":[{"href":"https:\/\/poloscarsparos.gr\/fr\/wp-json\/wp\/v2\/types\/page"}],"author":[{"embeddable":true,"href":"https:\/\/poloscarsparos.gr\/fr\/wp-json\/wp\/v2\/users\/1"}],"replies":[{"embeddable":true,"href":"https:\/\/poloscarsparos.gr\/fr\/wp-json\/wp\/v2\/comments?post=3650"}],"version-history":[{"count":1,"href":"https:\/\/poloscarsparos.gr\/fr\/wp-json\/wp\/v2\/pages\/3650\/revisions"}],"predecessor-version":[{"id":3651,"href":"https:\/\/poloscarsparos.gr\/fr\/wp-json\/wp\/v2\/pages\/3650\/revisions\/3651"}],"wp:featuredmedia":[{"embeddable":true,"href":"https:\/\/poloscarsparos.gr\/fr\/wp-json\/wp\/v2\/media\/3545"}],"wp:attachment":[{"href":"https:\/\/poloscarsparos.gr\/fr\/wp-json\/wp\/v2\/media?parent=3650"}],"curies":[{"name":"wp","href":"https:\/\/api.w.org\/{rel}","templated":true}]}}