{"id":3661,"date":"2022-03-22T08:12:00","date_gmt":"2022-03-22T06:12:00","guid":{"rendered":"http:\/\/poloscarsparos.gr\/?page_id=3661"},"modified":"2025-02-28T22:33:31","modified_gmt":"2025-02-28T20:33:31","slug":"termes-et-conditions","status":"publish","type":"page","link":"https:\/\/poloscarsparos.gr\/fr\/termes-et-conditions\/","title":{"rendered":"Termes et Conditions"},"content":{"rendered":"\n<p><strong><strong>Avantages de base de la location de v\u00e9hicule<\/strong><\/strong><\/p>\n\n\n\n<ul class=\"wp-block-list\">\n<li>Tous les prix de location incluent l'assurance responsabilit\u00e9 civile, le kilom\u00e9trage illimit\u00e9, les casques et les taxes.<\/li>\n\n\n\n<li>Assistance gratuite 24 heures sur 24 en cas d'accident (par une compagnie d'assurance) dans Paros et Antiparos.<\/li>\n\n\n\n<li>Service d\u2019aide en ligne via&nbsp; WhatsApp &amp; Viber.<\/li>\n<\/ul>\n\n\n\n<p><strong><strong>Exigences<\/strong><\/strong><\/p>\n\n\n\n<ul class=\"wp-block-list\">\n<li>Le conducteur doit \u00eatre titulaire d'un permis de conduire europ\u00e9en d\u00e9livr\u00e9 depuis au moins un an ou d'un permis de conduire international.<\/li>\n\n\n\n<li>Un permis de conduire international (PCI ) est requis pour tous les conducteurs non europ\u00e9ens pour louer un v\u00e9hicule en Gr\u00e8ce.<\/li>\n\n\n\n<li>Tous les v\u00e9hicules doivent \u00eatre retourn\u00e9s avec la m\u00eame quantit\u00e9 de carburant comme donn\u00e9e .<\/li>\n\n\n\n<li>Une carte de cr\u00e9dit est n\u00e9cessaire pour la garantie de location d\u2019un v\u00e9hicule. Si le titulaire de la carte de cr\u00e9dit porte un nom diff\u00e9rent de celui du conducteur, cela doit \u00eatre mentionn\u00e9 et ajout\u00e9 au contrat de location.<\/li>\n\n\n\n<li>Si le locataire ne poss\u00e8de aucune carte de cr\u00e9dit, il est possible de payer un d\u00e9p\u00f4t de garantie&nbsp; en esp\u00e8ces au pick up puis, apr\u00e8s la p\u00e9riode de location, nous vous le rendrons au drop off&nbsp; de la m\u00eame mani\u00e8re<\/li>\n<\/ul>\n\n\n\n<p><strong>Conditions <strong>d'annulation<\/strong><\/strong><\/p>\n\n\n\n<ul class=\"wp-block-list\">\n<li>En cas d'annulation (pour une raison quelconque) jusqu'\u00e0 10 jours avant l'arriv\u00e9e, l'acompte (30%) est remboursable. (jusqu'\u00e0 20 jours pour juillet et ao\u00fbt)<\/li>\n\n\n\n<li>En cas d'annulation (pour une raison quelconque) dans les 10 jours avant l'arriv\u00e9e, l'acompte (30%) n'est PAS remboursable. (dans les&nbsp; 20 jours pour juillet et ao\u00fbt)<\/li>\n\n\n\n<li>Si le locataire ne remplit aucune des conditions de location (permis de conduire , \u00e2ge, carte de cr\u00e9dit), Polos Rent A Car &amp; Rental Agency n'est pas responsable. Il peut annuler la r\u00e9servation sans rembourser l'acompte.<\/li>\n\n\n\n<li>Polos Rent A Car &amp; Rental Agency n'est pas responsable des annulations\/retards de tout navire\/avion. Dans ce cas, le locataire doit nous informer \u00e0 l'avance de toute modification\/changement d'arriv\u00e9e.<\/li>\n<\/ul>\n\n\n\n<p><strong><strong>Proc\u00e9dure de location de voiture : Pick Up et Drop Off<\/strong><\/strong><\/p>\n\n\n\n<p>1. Nous devons avoir et recevoir tous les d\u00e9tails n\u00e9cessaires <strong>avant le Pick Up<\/strong> :<\/p>\n\n\n\n<ul class=\"wp-block-list\">\n<li>D\u00e9tails d'arriv\u00e9e.<\/li>\n\n\n\n<li>D\u00e9tails du d\u00e9part.<\/li>\n\n\n\n<li>Un acompte de 30% du montant total.<\/li>\n\n\n\n<li>Tous les services suppl\u00e9mentaires si n\u00e9cessaire.<\/li>\n\n\n\n<li>Permis de conduire<\/li>\n<\/ul>\n\n\n\n<p>2. A la date et au lieu du <strong>Pick Up<\/strong> :<\/p>\n\n\n\n<ul class=\"wp-block-list\">\n<li>Selon le lieu, un de nos repr\u00e9sentants vous accueillera comme convenu.<\/li>\n\n\n\n<li>Nous pr\u00e9parerons tous les documents n\u00e9cessaires.<\/li>\n\n\n\n<li>Nous finaliserons le solde, le cas \u00e9ch\u00e9ant.<\/li>\n\n\n\n<li>Nous vous demanderons si vous avez des changements \u00e0 votre programme .<\/li>\n\n\n\n<li>Nous vous montrerons le v\u00e9hicule&nbsp; et nous vous expliquerons tout ce dont vous avez besoin. Aussi, nous mentionnerons sur le contrat tout dommage non fonctionnel d'autres locations.<\/li>\n\n\n\n<li>Nous vous donnerons quelques conseils sur Paros et les directions vers votre destination.<\/li>\n<\/ul>\n\n\n\n<p>3. A la date et au lieu du <strong>Drop Off<\/strong><\/p>\n\n\n\n<ul class=\"wp-block-list\">\n<li>Selon le lieu, un de nos repr\u00e9sentants vous rencontrera comme convenu.<\/li>\n\n\n\n<li>Notre repr\u00e9sentant vous demandera si vous avez rencontr\u00e9 des probl\u00e8mes avec le&nbsp; v\u00e9hicule, puis \u00e9valuera l'\u00e9tat pour tout dommage.<\/li>\n\n\n\n<li>Vous recevrez votre re\u00e7u de paiement\/facture et votre d\u00e9p\u00f4t de garantie.<\/li>\n\n\n\n<li>Apr\u00e8s votre voyage, nous serons heureux si vous pouviez prendre le temps d\u2019\u00e9valuer nos services et d\u2019envoyer des commentaires pour nous aider \u00e0 am\u00e9liorer nos services.<\/li>\n<\/ul>\n\n\n\n<p><strong>Le <strong>&nbsp;calcul des dommages<\/strong><\/strong><\/p>\n\n\n\n<ul class=\"wp-block-list\">\n<li>Tout dommage\/accident ind\u00e9sirable caus\u00e9 pendant votre location sera \u00e9valu\u00e9 par le syst\u00e8me de calcul des dommages SilverDAT. Il s'agit d'un syst\u00e8me international certifi\u00e9et propos\u00e9 par DATgroup, reconnu par toutes les compagnies d'assurance et les \u00e9tablissements de cr\u00e9dit.<\/li>\n<\/ul>\n\n\n\n<p><strong><strong>Types d'assurance<\/strong><\/strong><\/p>\n\n\n\n<p><strong>Assurance au tiers<\/strong><\/p>\n\n\n\n<p>Cette assurance, propos\u00e9e sur les prix de location, couvre une personne ou une entreprise contre les dommages&nbsp; caus\u00e9s par des tiers. Il s'agit d'une politique souscrite par l'assur\u00e9 (premi\u00e8re partie) aupr\u00e8s de la compagnie d'assurance (deuxi\u00e8me&nbsp; partie) pour se prot\u00e9ger contre les pr\u00e9tentions d'une autre (tiers ) en cas d'incident. La premi\u00e8re partie (locataire\/conducteur) n'est responsable que de ses dommages ou pertes (le v\u00e9hicule lou\u00e9 ). D'autre part, l'assurance est responsable pour le tiers, quelle que soit la cause de ces dommages.<\/p>\n\n\n\n<p><strong>Assurance CDW<\/strong><\/p>\n\n\n\n<p><span style=\"font-size: revert; color: initial;\">Une assurance collision sans franchise (CDW) est une couverture d'assurance suppl\u00e9mentaire offerte (avec un co\u00fbt suppl\u00e9mentaire) \u00e0 une personne qui loue un v\u00e9hicule. Il s'agit d'une assurance facultative (mise \u00e0 niveau par le tiers), dont le co\u00fbt d\u00e9pend de divers facteurs, tels que le type de v\u00e9hicule lou\u00e9, le lieu d'utilisation, etc. L'exon\u00e9ration couvre g\u00e9n\u00e9ralement la carrosserie de la voiture avec une franchise du montant de la responsabilit\u00e9 du loueur. Elle ne couvre g\u00e9n\u00e9ralement pas : les vitres et les r\u00e9troviseurs, les roues et les pneus, le ch\u00e2ssis, le moteur, l'int\u00e9rieur de la voiture, les batteries d\u00e9charg\u00e9es, les effets personnels, les cl\u00e9s perdues, les extras tels que le GPS, les si\u00e8ges pour enfants ou les porte-skis, les frais de remorquage et les frais de nettoyage suppl\u00e9mentaires si n\u00e9cessaire.<\/span><\/p>\n\n\n\n<p>- <strong>Cat\u00e9gorie de location de voiture (A1, B1, B2)<\/strong><\/p>\n\n\n\n<ul class=\"wp-block-list\">\n<li><em>(CDW) a un co\u00fbt journalier suppl\u00e9mentaire de 11 euros et une franchise de 992 euros.<\/em><\/li>\n\n\n\n<li><em>(S1-CDW) a un co\u00fbt journalier suppl\u00e9mentaire de 16 euros et une franchise de 496 euros.<\/em><\/li>\n\n\n\n<li><em>(S2-CDW) a un co\u00fbt journalier suppl\u00e9mentaire de 21 euros et une franchise de 186 euros.<\/em><\/li>\n<\/ul>\n\n\n\n<p>- <strong>Cat\u00e9gorie de location de voitures (A1.a, A3.c, A3.c.a, A4.c, B2.a, C1)<\/strong><\/p>\n\n\n\n<ul class=\"wp-block-list\">\n<li><em>(CDW) a un co\u00fbt journalier suppl\u00e9mentaire de 12 euros et une franchise de 1 240 euros.<\/em><\/li>\n\n\n\n<li><em>(S1-CDW) a un co\u00fbt journalier suppl\u00e9mentaire de 17 euros et une franchise de 496 euros.<\/em><\/li>\n\n\n\n<li><em>(S2-CDW) a un co\u00fbt journalier suppl\u00e9mentaire de 22 euros et une franchise de 186 euros.<\/em><\/li>\n<\/ul>\n\n\n\n<p>- <strong>Cat\u00e9gorie de location de voiture (D1, D1.a, D2, D2.a)<\/strong><\/p>\n\n\n\n<ul class=\"wp-block-list\">\n<li><em>(CDW) a un co\u00fbt journalier suppl\u00e9mentaire de 13 euros et une franchise de 1 488 euros.<\/em><\/li>\n\n\n\n<li><em>(S1-CDW) a un co\u00fbt journalier suppl\u00e9mentaire de 18 euros et une franchise de 496 euros.<\/em><\/li>\n\n\n\n<li><em>(S2-CDW) a un co\u00fbt journalier suppl\u00e9mentaire de 23 euros et une franchise de 186 euros.<\/em><\/li>\n<\/ul>\n\n\n\n<p>- <strong>Cat\u00e9gorie de location de voiture (SUV1.a, SUV2, SUV2.a, eSUV2.a, SUV3, VAN1)<\/strong><\/p>\n\n\n\n<ul class=\"wp-block-list\">\n<li><em>(CDW) a un co\u00fbt journalier suppl\u00e9mentaire de 14 euros et une franchise de 1 612 euros.<\/em><\/li>\n\n\n\n<li><em>(S1-CDW) a un co\u00fbt journalier suppl\u00e9mentaire de 19 euros et une franchise de 496 euros.<\/em><\/li>\n\n\n\n<li><em>(S2-CDW) a un co\u00fbt journalier suppl\u00e9mentaire de 24 euros et une franchise de 186 euros.<\/em><\/li>\n<\/ul>\n\n\n\n<p>- <strong>Cat\u00e9gorie location de voiture (J1.a, SL1.a)<\/strong><\/p>\n\n\n\n<ul class=\"wp-block-list\">\n<li><em>(CDW) a un co\u00fbt journalier suppl\u00e9mentaire de 16 euros et une franchise de 1 798 euros.<\/em><\/li>\n\n\n\n<li><em>(S1-CDW) a un co\u00fbt journalier suppl\u00e9mentaire de 20 euros et une franchise de 496 euros.<\/em><\/li>\n\n\n\n<li><em>(S2-CDW) a un co\u00fbt journalier suppl\u00e9mentaire de 26 euros et une franchise de 186 euros.<\/em><\/li>\n<\/ul>\n\n\n\n<p><strong><strong>Points de location de voitures et du bureau principal<\/strong><\/strong><\/p>\n\n\n\n<p>Les lieux de livraison sont bien r\u00e9partis sur l'ensemble de l'\u00eele et offrent une flexibilit\u00e9 et une facilit\u00e9 d'acc\u00e8s \u00e0 nos services. Chaque lieu a un horaire diff\u00e9rent en fonction de ses besoins.<\/p>\n\n\n\n<p><strong>Port de Paros (Polos Tours) :<\/strong> Le bureau principal de Polos Rent a Car au port de Parikia (services de livraison gratuits)<\/p>\n\n\n\n<ul class=\"wp-block-list\">\n<li>De 09.00 \u00e0 20.00 (services de livraison gratuits)<\/li>\n\n\n\n<li>De 20.00 \u00e0 00.30 (20 euros par livraison)<\/li>\n\n\n\n<li>De 00.30 \u00e0 06.30 (25 euros par livraison)<\/li>\n\n\n\n<li>De 06.30 \u00e0 09.00 (25 euros par livraison)<\/li>\n<\/ul>\n\n\n\n<p><strong>A\u00e9roport de Paros (PAS) :<\/strong> Point de livraison des v\u00e9hicules \u00e0 l'a\u00e9roport de Paros. (services de livraison gratuits)<\/p>\n\n\n\n<ul class=\"wp-block-list\">\n<li>De 09.00 \u00e0 20.00 (services de livraison gratuits)<\/li>\n\n\n\n<li>De 20.00 \u00e0 21.30 (20 euros par livraison)<\/li>\n\n\n\n<li>De 21.30 \u00e0 6.45 (25 euros par livraison)<\/li>\n\n\n\n<li>De 06.45 \u00e0 09.00 (25 euros par livraison)<\/li>\n<\/ul>\n\n\n\n<p><strong>Port de Punda (Antiparos) :<\/strong> Lieu de livraison du v\u00e9hicule au port de Punda. ( 12 euro par livraison)<\/p>\n\n\n\n<ul class=\"wp-block-list\">\n<li>De 09.00 \u00e0 20.00 (services de livraison gratuits)<\/li>\n\n\n\n<li>De 20.00 \u00e0 00.30 (25 euros par livraison)<\/li>\n\n\n\n<li>De 00.30 \u00e0 06.30 (30 euros par livraison)<\/li>\n\n\n\n<li>De 06.30 \u00e0 09.00 (25 euros par livraison)<\/li>\n<\/ul>\n\n\n\n<p><strong>Port de Piso Livadi (\u00eele de Paros) :<\/strong> Livraison du v\u00e9hicule au port de Piso Livadi (25 euro par livraison)<\/p>\n\n\n\n<ul class=\"wp-block-list\">\n<li>De 09.00 \u00e0 20.00 (services de livraison gratuits)<\/li>\n\n\n\n<li>De 20.00 \u00e0 00.30 (20 euros par livraison)<\/li>\n\n\n\n<li>De 00.30 \u00e0 06.30 (25 euros par livraison)<\/li>\n\n\n\n<li>De 06.30 \u00e0 09.00 (25 euros par livraison)<\/li>\n<\/ul>\n\n\n\n<p><strong>Lieu de d\u00e9p\u00f4t \u00e0 Parikia :<\/strong> Livraison du v\u00e9hicule \u00e0 Parikia (services de livraison gratuits).<\/p>\n\n\n\n<p><strong>H\u00e9bergement \u00e0 Paros :<\/strong> Livraison du v\u00e9hicule sur l'\u00eele de Paros. (4,90 euros par livraison)<\/p>\n\n\n\n<ul class=\"wp-block-list\">\n<li>De 09.00 \u00e0 20.00 (services de livraison gratuits)<\/li>\n\n\n\n<li>De 20.00 \u00e0 00.30 (20 euros par livraison)<\/li>\n\n\n\n<li>De 00.30 \u00e0 06.30 (25 euros par livraison)<\/li>\n\n\n\n<li>De 06.30 \u00e0 09.00 (25 euros par livraison)<\/li>\n<\/ul>\n\n\n\n<p><strong>H\u00e9bergement \u00e0 Antiparos :<\/strong> Livraison du v\u00e9hicule sur l'\u00eele d'Antiparos. (25 euros par livraison)<\/p>\n\n\n\n<p>Le co\u00fbt pour chaque lieu varie en fonction des besoins sp\u00e9cifiques. ( Il y a un suppl\u00e9ment de 8,90 euros pour la prise en charge et la d\u00e9pose \u00e0 diff\u00e9rents endroits. )<\/p>\n","protected":false},"excerpt":{"rendered":"<p>Avantages de base de la location de v\u00e9hicule Exigences Conditions d'annulation Proc\u00e9dure de location de voiture : Pick Up et Drop Off 1. Nous devons avoir et recevoir tous les d\u00e9tails n\u00e9cessaires avant le Pick Up : 2. A la date et au lieu du Pick Up : 3. A la date et au lieu &hellip; <\/p>\n<p class=\"link-more\"><a href=\"https:\/\/poloscarsparos.gr\/fr\/termes-et-conditions\/\" class=\"more-link\"><span class=\"screen-reader-text\"> prova \"Termes et Conditions\"<\/span><\/a><\/p>\n","protected":false},"author":1,"featured_media":3442,"parent":0,"menu_order":0,"comment_status":"closed","ping_status":"closed","template":"","meta":{"footnotes":""},"class_list":["post-3661","page","type-page","status-publish","has-post-thumbnail","hentry"],"yoast_head":"<!-- This site is optimized with the Yoast SEO plugin v27.1.1 - https:\/\/yoast.com\/product\/yoast-seo-wordpress\/ -->\n<title>Termes et conditions de location de v\u00e9hicules de Polos Rent a Car &amp; Rental Agency<\/title>\n<meta name=\"description\" content=\"Toutes les conditions de location et la politique d&#039;annulation de r\u00e9servation qui s&#039;appliquent \u00e0 la location de tout v\u00e9hicule de Polos Rent a Car &amp; Rental Agency \u00e0 Paros.\" \/>\n<meta name=\"robots\" content=\"index, follow, max-snippet:-1, max-image-preview:large, max-video-preview:-1\" \/>\n<link rel=\"canonical\" href=\"https:\/\/poloscarsparos.gr\/fr\/termes-et-conditions\/\" \/>\n<meta property=\"og:locale\" content=\"fr_FR\" \/>\n<meta property=\"og:type\" content=\"article\" \/>\n<meta property=\"og:title\" content=\"Termes et conditions de location de v\u00e9hicules de Polos Rent a Car &amp; Rental Agency\" \/>\n<meta property=\"og:description\" content=\"Toutes les conditions de location et la politique d&#039;annulation de r\u00e9servation qui s&#039;appliquent \u00e0 la location de tout v\u00e9hicule de Polos Rent a Car &amp; Rental Agency \u00e0 Paros.\" \/>\n<meta property=\"og:url\" content=\"https:\/\/poloscarsparos.gr\/fr\/termes-et-conditions\/\" \/>\n<meta property=\"og:site_name\" content=\"Polos Rent a Car &amp; Rental Agency in Paros\" \/>\n<meta property=\"article:modified_time\" content=\"2025-02-28T20:33:31+00:00\" \/>\n<meta property=\"og:image\" content=\"https:\/\/poloscarsparos.gr\/wp-content\/uploads\/2022\/03\/car-rentsl-1600-700.jpg\" \/>\n\t<meta property=\"og:image:width\" content=\"1600\" \/>\n\t<meta property=\"og:image:height\" content=\"700\" \/>\n\t<meta property=\"og:image:type\" content=\"image\/jpeg\" \/>\n<meta name=\"twitter:card\" content=\"summary_large_image\" \/>\n<meta name=\"twitter:label1\" content=\"Dur\u00e9e de lecture estim\u00e9e\" \/>\n\t<meta name=\"twitter:data1\" content=\"7 minutes\" \/>\n<script type=\"application\/ld+json\" class=\"yoast-schema-graph\">{\"@context\":\"https:\/\/schema.org\",\"@graph\":[{\"@type\":\"WebPage\",\"@id\":\"https:\/\/poloscarsparos.gr\/fr\/termes-et-conditions\/\",\"url\":\"https:\/\/poloscarsparos.gr\/fr\/termes-et-conditions\/\",\"name\":\"Termes et conditions de location de v\u00e9hicules de Polos Rent a Car & Rental Agency\",\"isPartOf\":{\"@id\":\"https:\/\/poloscarsparos.gr\/fr\/#website\"},\"primaryImageOfPage\":{\"@id\":\"https:\/\/poloscarsparos.gr\/fr\/termes-et-conditions\/#primaryimage\"},\"image\":{\"@id\":\"https:\/\/poloscarsparos.gr\/fr\/termes-et-conditions\/#primaryimage\"},\"thumbnailUrl\":\"https:\/\/poloscarsparos.gr\/wp-content\/uploads\/2022\/03\/car-rentsl-1600-700.jpg\",\"datePublished\":\"2022-03-22T06:12:00+00:00\",\"dateModified\":\"2025-02-28T20:33:31+00:00\",\"description\":\"Toutes les conditions de location et la politique d'annulation de r\u00e9servation qui s'appliquent \u00e0 la location de tout v\u00e9hicule de Polos Rent a Car & Rental Agency \u00e0 Paros.\",\"breadcrumb\":{\"@id\":\"https:\/\/poloscarsparos.gr\/fr\/termes-et-conditions\/#breadcrumb\"},\"inLanguage\":\"fr-FR\",\"potentialAction\":[{\"@type\":\"ReadAction\",\"target\":[\"https:\/\/poloscarsparos.gr\/fr\/termes-et-conditions\/\"]}]},{\"@type\":\"ImageObject\",\"inLanguage\":\"fr-FR\",\"@id\":\"https:\/\/poloscarsparos.gr\/fr\/termes-et-conditions\/#primaryimage\",\"url\":\"https:\/\/poloscarsparos.gr\/wp-content\/uploads\/2022\/03\/car-rentsl-1600-700.jpg\",\"contentUrl\":\"https:\/\/poloscarsparos.gr\/wp-content\/uploads\/2022\/03\/car-rentsl-1600-700.jpg\",\"width\":1600,\"height\":700},{\"@type\":\"BreadcrumbList\",\"@id\":\"https:\/\/poloscarsparos.gr\/fr\/termes-et-conditions\/#breadcrumb\",\"itemListElement\":[{\"@type\":\"ListItem\",\"position\":1,\"name\":\"Home\",\"item\":\"https:\/\/poloscarsparos.gr\/fr\/\"},{\"@type\":\"ListItem\",\"position\":2,\"name\":\"Termes et Conditions\"}]},{\"@type\":\"WebSite\",\"@id\":\"https:\/\/poloscarsparos.gr\/fr\/#website\",\"url\":\"https:\/\/poloscarsparos.gr\/fr\/\",\"name\":\"Polos Rent a Car &amp; Rental Agency in Paros\",\"description\":\"Rent a car, buggy, quad, atv, moto and scooter in Paros!\",\"publisher\":{\"@id\":\"https:\/\/poloscarsparos.gr\/fr\/#organization\"},\"potentialAction\":[{\"@type\":\"SearchAction\",\"target\":{\"@type\":\"EntryPoint\",\"urlTemplate\":\"https:\/\/poloscarsparos.gr\/fr\/?s={search_term_string}\"},\"query-input\":{\"@type\":\"PropertyValueSpecification\",\"valueRequired\":true,\"valueName\":\"search_term_string\"}}],\"inLanguage\":\"fr-FR\"},{\"@type\":\"Organization\",\"@id\":\"https:\/\/poloscarsparos.gr\/fr\/#organization\",\"name\":\"Polos Rent A Car & Rental Agency\",\"url\":\"https:\/\/poloscarsparos.gr\/fr\/\",\"logo\":{\"@type\":\"ImageObject\",\"inLanguage\":\"fr-FR\",\"@id\":\"https:\/\/poloscarsparos.gr\/fr\/#\/schema\/logo\/image\/\",\"url\":\"\",\"contentUrl\":\"\",\"caption\":\"Polos Rent A Car & Rental Agency\"},\"image\":{\"@id\":\"https:\/\/poloscarsparos.gr\/fr\/#\/schema\/logo\/image\/\"}}]}<\/script>\n<!-- \/ Yoast SEO plugin. -->","yoast_head_json":{"title":"Termes et conditions de location de v\u00e9hicules de Polos Rent a Car & Rental Agency","description":"Toutes les conditions de location et la politique d'annulation de r\u00e9servation qui s'appliquent \u00e0 la location de tout v\u00e9hicule de Polos Rent a Car & Rental Agency \u00e0 Paros.","robots":{"index":"index","follow":"follow","max-snippet":"max-snippet:-1","max-image-preview":"max-image-preview:large","max-video-preview":"max-video-preview:-1"},"canonical":"https:\/\/poloscarsparos.gr\/fr\/termes-et-conditions\/","og_locale":"fr_FR","og_type":"article","og_title":"Termes et conditions de location de v\u00e9hicules de Polos Rent a Car & Rental Agency","og_description":"Toutes les conditions de location et la politique d'annulation de r\u00e9servation qui s'appliquent \u00e0 la location de tout v\u00e9hicule de Polos Rent a Car & Rental Agency \u00e0 Paros.","og_url":"https:\/\/poloscarsparos.gr\/fr\/termes-et-conditions\/","og_site_name":"Polos Rent a Car &amp; Rental Agency in Paros","article_modified_time":"2025-02-28T20:33:31+00:00","og_image":[{"width":1600,"height":700,"url":"https:\/\/poloscarsparos.gr\/wp-content\/uploads\/2022\/03\/car-rentsl-1600-700.jpg","type":"image\/jpeg"}],"twitter_card":"summary_large_image","twitter_misc":{"Dur\u00e9e de lecture estim\u00e9e":"7 minutes"},"schema":{"@context":"https:\/\/schema.org","@graph":[{"@type":"WebPage","@id":"https:\/\/poloscarsparos.gr\/fr\/termes-et-conditions\/","url":"https:\/\/poloscarsparos.gr\/fr\/termes-et-conditions\/","name":"Termes et conditions de location de v\u00e9hicules de Polos Rent a Car & Rental Agency","isPartOf":{"@id":"https:\/\/poloscarsparos.gr\/fr\/#website"},"primaryImageOfPage":{"@id":"https:\/\/poloscarsparos.gr\/fr\/termes-et-conditions\/#primaryimage"},"image":{"@id":"https:\/\/poloscarsparos.gr\/fr\/termes-et-conditions\/#primaryimage"},"thumbnailUrl":"https:\/\/poloscarsparos.gr\/wp-content\/uploads\/2022\/03\/car-rentsl-1600-700.jpg","datePublished":"2022-03-22T06:12:00+00:00","dateModified":"2025-02-28T20:33:31+00:00","description":"Toutes les conditions de location et la politique d'annulation de r\u00e9servation qui s'appliquent \u00e0 la location de tout v\u00e9hicule de Polos Rent a Car & Rental Agency \u00e0 Paros.","breadcrumb":{"@id":"https:\/\/poloscarsparos.gr\/fr\/termes-et-conditions\/#breadcrumb"},"inLanguage":"fr-FR","potentialAction":[{"@type":"ReadAction","target":["https:\/\/poloscarsparos.gr\/fr\/termes-et-conditions\/"]}]},{"@type":"ImageObject","inLanguage":"fr-FR","@id":"https:\/\/poloscarsparos.gr\/fr\/termes-et-conditions\/#primaryimage","url":"https:\/\/poloscarsparos.gr\/wp-content\/uploads\/2022\/03\/car-rentsl-1600-700.jpg","contentUrl":"https:\/\/poloscarsparos.gr\/wp-content\/uploads\/2022\/03\/car-rentsl-1600-700.jpg","width":1600,"height":700},{"@type":"BreadcrumbList","@id":"https:\/\/poloscarsparos.gr\/fr\/termes-et-conditions\/#breadcrumb","itemListElement":[{"@type":"ListItem","position":1,"name":"Home","item":"https:\/\/poloscarsparos.gr\/fr\/"},{"@type":"ListItem","position":2,"name":"Termes et Conditions"}]},{"@type":"WebSite","@id":"https:\/\/poloscarsparos.gr\/fr\/#website","url":"https:\/\/poloscarsparos.gr\/fr\/","name":"Polos Rent a Car &amp; Rental Agency in Paros","description":"Rent a car, buggy, quad, atv, moto and scooter in Paros!","publisher":{"@id":"https:\/\/poloscarsparos.gr\/fr\/#organization"},"potentialAction":[{"@type":"SearchAction","target":{"@type":"EntryPoint","urlTemplate":"https:\/\/poloscarsparos.gr\/fr\/?s={search_term_string}"},"query-input":{"@type":"PropertyValueSpecification","valueRequired":true,"valueName":"search_term_string"}}],"inLanguage":"fr-FR"},{"@type":"Organization","@id":"https:\/\/poloscarsparos.gr\/fr\/#organization","name":"Polos Rent A Car & Rental Agency","url":"https:\/\/poloscarsparos.gr\/fr\/","logo":{"@type":"ImageObject","inLanguage":"fr-FR","@id":"https:\/\/poloscarsparos.gr\/fr\/#\/schema\/logo\/image\/","url":"","contentUrl":"","caption":"Polos Rent A Car & Rental Agency"},"image":{"@id":"https:\/\/poloscarsparos.gr\/fr\/#\/schema\/logo\/image\/"}}]}},"_links":{"self":[{"href":"https:\/\/poloscarsparos.gr\/fr\/wp-json\/wp\/v2\/pages\/3661","targetHints":{"allow":["GET"]}}],"collection":[{"href":"https:\/\/poloscarsparos.gr\/fr\/wp-json\/wp\/v2\/pages"}],"about":[{"href":"https:\/\/poloscarsparos.gr\/fr\/wp-json\/wp\/v2\/types\/page"}],"author":[{"embeddable":true,"href":"https:\/\/poloscarsparos.gr\/fr\/wp-json\/wp\/v2\/users\/1"}],"replies":[{"embeddable":true,"href":"https:\/\/poloscarsparos.gr\/fr\/wp-json\/wp\/v2\/comments?post=3661"}],"version-history":[{"count":8,"href":"https:\/\/poloscarsparos.gr\/fr\/wp-json\/wp\/v2\/pages\/3661\/revisions"}],"predecessor-version":[{"id":5867,"href":"https:\/\/poloscarsparos.gr\/fr\/wp-json\/wp\/v2\/pages\/3661\/revisions\/5867"}],"wp:featuredmedia":[{"embeddable":true,"href":"https:\/\/poloscarsparos.gr\/fr\/wp-json\/wp\/v2\/media\/3442"}],"wp:attachment":[{"href":"https:\/\/poloscarsparos.gr\/fr\/wp-json\/wp\/v2\/media?parent=3661"}],"curies":[{"name":"wp","href":"https:\/\/api.w.org\/{rel}","templated":true}]}}