{"id":5517,"date":"2024-06-01T10:16:49","date_gmt":"2024-06-01T07:16:49","guid":{"rendered":"https:\/\/poloscarsparos.gr\/?page_id=5517"},"modified":"2024-06-01T10:21:24","modified_gmt":"2024-06-01T07:21:24","slug":"a-propos-de-paros","status":"publish","type":"page","link":"https:\/\/poloscarsparos.gr\/fr\/a-propos-de-paros\/","title":{"rendered":"\u00c0 propos de Paros"},"content":{"rendered":"\n<p><strong>Paros, la muse des Cyclades aux multiples facettes<\/strong><\/p>\n\n\n\n<p>Alliant hier et aujourd'hui dans une s\u00e9duisante danse de saveurs, d'esth\u00e9tique, d'histoire et de tradition, Paros reste d'une luminosit\u00e9 inchang\u00e9e. Outre l'incroyable esth\u00e9tique qu'elle poss\u00e8de, ce qui la distingue davantage, c'est son rayonnement qui rena\u00eet au fil des ans. Paros est toujours si vivante qu'elle suscite de plus en plus l'int\u00e9r\u00eat de ses visiteurs, en gardant une chose de plus qu'elle n'a pas r\u00e9v\u00e9l\u00e9e.<\/p>\n\n\n\n<p>Paros est une destination touristique bien connue, l'une des \u00eeles les plus grandes et les plus fertiles des Cyclades. Avec ses belles plages, ses villages traditionnels, ses chemins byzantins, ses sites et monuments historiques qui t\u00e9moignent des temps pass\u00e9s, Paros allie sa beaut\u00e9 au patrimoine culturel, \u00e0 l'histoire et \u00e0 la culture gastronomique.<\/p>\n\n\n\n<p>Les points d'int\u00e9r\u00eat de Paros sont nombreux et d\u00e9pendent des exigences et des souhaits de chaque visiteur. Le fil conducteur de Paros peut se d\u00e9rouler comme un conte de f\u00e9es de l'antiquit\u00e9, entre ch\u00e2teaux et anciennes civilisations, d\u00e9couvertes et monuments enfouis dans les profondeurs des si\u00e8cles. Mais elle poss\u00e8de aussi une culture gastronomique qui renforce son identit\u00e9 unique et fertile. Paros est une destination gastronomique de choix, avec son cachet rare de saveurs locales et de producteurs \u00e0 l'identit\u00e9 et au go\u00fbt affirm\u00e9s. La gastronomie de Paros est l'une des principales raisons pour lesquelles les visiteurs choisissent Paros encore et encore pour leurs vacances.<\/p>\n\n\n\n<p>Profitez confortablement de votre \u00e9t\u00e9 en louant le v\u00e9hicule de votre choix \u00e0 Paros et d\u00e9couvrez tous les aspects de cette merveilleuse \u00eele.<\/p>\n","protected":false},"excerpt":{"rendered":"<p>Paros, la muse des Cyclades aux multiples facettes Alliant hier et aujourd'hui dans une s\u00e9duisante danse de saveurs, d'esth\u00e9tique, d'histoire et de tradition, Paros reste d'une luminosit\u00e9 inchang\u00e9e. Outre l'incroyable esth\u00e9tique qu'elle poss\u00e8de, ce qui la distingue davantage, c'est son rayonnement qui rena\u00eet au fil des ans. Paros est toujours si vivante qu'elle suscite de &hellip; <\/p>\n<p class=\"link-more\"><a href=\"https:\/\/poloscarsparos.gr\/fr\/a-propos-de-paros\/\" class=\"more-link\"><span class=\"screen-reader-text\"> prova \"\u00c0 propos de Paros\"<\/span><\/a><\/p>\n","protected":false},"author":1,"featured_media":3736,"parent":0,"menu_order":0,"comment_status":"closed","ping_status":"closed","template":"page-templates\/page-sidebars.php","meta":{"footnotes":""},"class_list":["post-5517","page","type-page","status-publish","has-post-thumbnail","hentry"],"yoast_head":"<!-- This site is optimized with the Yoast SEO plugin v27.1.1 - https:\/\/yoast.com\/product\/yoast-seo-wordpress\/ -->\n<title>Paros - Une \u00eele magique au c\u0153ur des Cyclades<\/title>\n<meta name=\"description\" content=\"Paros est une destination touristique unique, avec de magnifiques plages, des villages traditionnels, des sites et des monuments historiques!\" \/>\n<meta name=\"robots\" content=\"index, follow, max-snippet:-1, max-image-preview:large, max-video-preview:-1\" \/>\n<link rel=\"canonical\" href=\"https:\/\/poloscarsparos.gr\/fr\/a-propos-de-paros\/\" \/>\n<meta property=\"og:locale\" content=\"fr_FR\" \/>\n<meta property=\"og:type\" content=\"article\" \/>\n<meta property=\"og:title\" content=\"Paros - Une \u00eele magique au c\u0153ur des Cyclades\" \/>\n<meta property=\"og:description\" content=\"Paros est une destination touristique unique, avec de magnifiques plages, des villages traditionnels, des sites et des monuments historiques!\" \/>\n<meta property=\"og:url\" content=\"https:\/\/poloscarsparos.gr\/fr\/a-propos-de-paros\/\" \/>\n<meta property=\"og:site_name\" content=\"Polos Rent a Car &amp; Rental Agency in Paros\" \/>\n<meta property=\"article:modified_time\" content=\"2024-06-01T07:21:24+00:00\" \/>\n<meta property=\"og:image\" content=\"https:\/\/poloscarsparos.gr\/wp-content\/uploads\/2022\/04\/martsello-1600-700-1.jpg\" \/>\n\t<meta property=\"og:image:width\" content=\"1600\" \/>\n\t<meta property=\"og:image:height\" content=\"700\" \/>\n\t<meta property=\"og:image:type\" content=\"image\/jpeg\" \/>\n<meta name=\"twitter:card\" content=\"summary_large_image\" \/>\n<meta name=\"twitter:label1\" content=\"Dur\u00e9e de lecture estim\u00e9e\" \/>\n\t<meta name=\"twitter:data1\" content=\"2 minutes\" \/>\n<script type=\"application\/ld+json\" class=\"yoast-schema-graph\">{\"@context\":\"https:\/\/schema.org\",\"@graph\":[{\"@type\":\"WebPage\",\"@id\":\"https:\/\/poloscarsparos.gr\/fr\/a-propos-de-paros\/\",\"url\":\"https:\/\/poloscarsparos.gr\/fr\/a-propos-de-paros\/\",\"name\":\"Paros - Une \u00eele magique au c\u0153ur des Cyclades\",\"isPartOf\":{\"@id\":\"https:\/\/poloscarsparos.gr\/fr\/#website\"},\"primaryImageOfPage\":{\"@id\":\"https:\/\/poloscarsparos.gr\/fr\/a-propos-de-paros\/#primaryimage\"},\"image\":{\"@id\":\"https:\/\/poloscarsparos.gr\/fr\/a-propos-de-paros\/#primaryimage\"},\"thumbnailUrl\":\"https:\/\/poloscarsparos.gr\/wp-content\/uploads\/2022\/04\/martsello-1600-700-1.jpg\",\"datePublished\":\"2024-06-01T07:16:49+00:00\",\"dateModified\":\"2024-06-01T07:21:24+00:00\",\"description\":\"Paros est une destination touristique unique, avec de magnifiques plages, des villages traditionnels, des sites et des monuments historiques!\",\"breadcrumb\":{\"@id\":\"https:\/\/poloscarsparos.gr\/fr\/a-propos-de-paros\/#breadcrumb\"},\"inLanguage\":\"fr-FR\",\"potentialAction\":[{\"@type\":\"ReadAction\",\"target\":[\"https:\/\/poloscarsparos.gr\/fr\/a-propos-de-paros\/\"]}]},{\"@type\":\"ImageObject\",\"inLanguage\":\"fr-FR\",\"@id\":\"https:\/\/poloscarsparos.gr\/fr\/a-propos-de-paros\/#primaryimage\",\"url\":\"https:\/\/poloscarsparos.gr\/wp-content\/uploads\/2022\/04\/martsello-1600-700-1.jpg\",\"contentUrl\":\"https:\/\/poloscarsparos.gr\/wp-content\/uploads\/2022\/04\/martsello-1600-700-1.jpg\",\"width\":1600,\"height\":700},{\"@type\":\"BreadcrumbList\",\"@id\":\"https:\/\/poloscarsparos.gr\/fr\/a-propos-de-paros\/#breadcrumb\",\"itemListElement\":[{\"@type\":\"ListItem\",\"position\":1,\"name\":\"Home\",\"item\":\"https:\/\/poloscarsparos.gr\/fr\/\"},{\"@type\":\"ListItem\",\"position\":2,\"name\":\"\u00c0 propos de Paros\"}]},{\"@type\":\"WebSite\",\"@id\":\"https:\/\/poloscarsparos.gr\/fr\/#website\",\"url\":\"https:\/\/poloscarsparos.gr\/fr\/\",\"name\":\"Polos Rent a Car &amp; Rental Agency in Paros\",\"description\":\"Rent a car, buggy, quad, atv, moto and scooter in Paros!\",\"publisher\":{\"@id\":\"https:\/\/poloscarsparos.gr\/fr\/#organization\"},\"potentialAction\":[{\"@type\":\"SearchAction\",\"target\":{\"@type\":\"EntryPoint\",\"urlTemplate\":\"https:\/\/poloscarsparos.gr\/fr\/?s={search_term_string}\"},\"query-input\":{\"@type\":\"PropertyValueSpecification\",\"valueRequired\":true,\"valueName\":\"search_term_string\"}}],\"inLanguage\":\"fr-FR\"},{\"@type\":\"Organization\",\"@id\":\"https:\/\/poloscarsparos.gr\/fr\/#organization\",\"name\":\"Polos Rent A Car & Rental Agency\",\"url\":\"https:\/\/poloscarsparos.gr\/fr\/\",\"logo\":{\"@type\":\"ImageObject\",\"inLanguage\":\"fr-FR\",\"@id\":\"https:\/\/poloscarsparos.gr\/fr\/#\/schema\/logo\/image\/\",\"url\":\"\",\"contentUrl\":\"\",\"caption\":\"Polos Rent A Car & Rental Agency\"},\"image\":{\"@id\":\"https:\/\/poloscarsparos.gr\/fr\/#\/schema\/logo\/image\/\"}}]}<\/script>\n<!-- \/ Yoast SEO plugin. -->","yoast_head_json":{"title":"Paros - Une \u00eele magique au c\u0153ur des Cyclades","description":"Paros est une destination touristique unique, avec de magnifiques plages, des villages traditionnels, des sites et des monuments historiques!","robots":{"index":"index","follow":"follow","max-snippet":"max-snippet:-1","max-image-preview":"max-image-preview:large","max-video-preview":"max-video-preview:-1"},"canonical":"https:\/\/poloscarsparos.gr\/fr\/a-propos-de-paros\/","og_locale":"fr_FR","og_type":"article","og_title":"Paros - Une \u00eele magique au c\u0153ur des Cyclades","og_description":"Paros est une destination touristique unique, avec de magnifiques plages, des villages traditionnels, des sites et des monuments historiques!","og_url":"https:\/\/poloscarsparos.gr\/fr\/a-propos-de-paros\/","og_site_name":"Polos Rent a Car &amp; Rental Agency in Paros","article_modified_time":"2024-06-01T07:21:24+00:00","og_image":[{"width":1600,"height":700,"url":"https:\/\/poloscarsparos.gr\/wp-content\/uploads\/2022\/04\/martsello-1600-700-1.jpg","type":"image\/jpeg"}],"twitter_card":"summary_large_image","twitter_misc":{"Dur\u00e9e de lecture estim\u00e9e":"2 minutes"},"schema":{"@context":"https:\/\/schema.org","@graph":[{"@type":"WebPage","@id":"https:\/\/poloscarsparos.gr\/fr\/a-propos-de-paros\/","url":"https:\/\/poloscarsparos.gr\/fr\/a-propos-de-paros\/","name":"Paros - Une \u00eele magique au c\u0153ur des Cyclades","isPartOf":{"@id":"https:\/\/poloscarsparos.gr\/fr\/#website"},"primaryImageOfPage":{"@id":"https:\/\/poloscarsparos.gr\/fr\/a-propos-de-paros\/#primaryimage"},"image":{"@id":"https:\/\/poloscarsparos.gr\/fr\/a-propos-de-paros\/#primaryimage"},"thumbnailUrl":"https:\/\/poloscarsparos.gr\/wp-content\/uploads\/2022\/04\/martsello-1600-700-1.jpg","datePublished":"2024-06-01T07:16:49+00:00","dateModified":"2024-06-01T07:21:24+00:00","description":"Paros est une destination touristique unique, avec de magnifiques plages, des villages traditionnels, des sites et des monuments historiques!","breadcrumb":{"@id":"https:\/\/poloscarsparos.gr\/fr\/a-propos-de-paros\/#breadcrumb"},"inLanguage":"fr-FR","potentialAction":[{"@type":"ReadAction","target":["https:\/\/poloscarsparos.gr\/fr\/a-propos-de-paros\/"]}]},{"@type":"ImageObject","inLanguage":"fr-FR","@id":"https:\/\/poloscarsparos.gr\/fr\/a-propos-de-paros\/#primaryimage","url":"https:\/\/poloscarsparos.gr\/wp-content\/uploads\/2022\/04\/martsello-1600-700-1.jpg","contentUrl":"https:\/\/poloscarsparos.gr\/wp-content\/uploads\/2022\/04\/martsello-1600-700-1.jpg","width":1600,"height":700},{"@type":"BreadcrumbList","@id":"https:\/\/poloscarsparos.gr\/fr\/a-propos-de-paros\/#breadcrumb","itemListElement":[{"@type":"ListItem","position":1,"name":"Home","item":"https:\/\/poloscarsparos.gr\/fr\/"},{"@type":"ListItem","position":2,"name":"\u00c0 propos de Paros"}]},{"@type":"WebSite","@id":"https:\/\/poloscarsparos.gr\/fr\/#website","url":"https:\/\/poloscarsparos.gr\/fr\/","name":"Polos Rent a Car &amp; Rental Agency in Paros","description":"Rent a car, buggy, quad, atv, moto and scooter in Paros!","publisher":{"@id":"https:\/\/poloscarsparos.gr\/fr\/#organization"},"potentialAction":[{"@type":"SearchAction","target":{"@type":"EntryPoint","urlTemplate":"https:\/\/poloscarsparos.gr\/fr\/?s={search_term_string}"},"query-input":{"@type":"PropertyValueSpecification","valueRequired":true,"valueName":"search_term_string"}}],"inLanguage":"fr-FR"},{"@type":"Organization","@id":"https:\/\/poloscarsparos.gr\/fr\/#organization","name":"Polos Rent A Car & Rental Agency","url":"https:\/\/poloscarsparos.gr\/fr\/","logo":{"@type":"ImageObject","inLanguage":"fr-FR","@id":"https:\/\/poloscarsparos.gr\/fr\/#\/schema\/logo\/image\/","url":"","contentUrl":"","caption":"Polos Rent A Car & Rental Agency"},"image":{"@id":"https:\/\/poloscarsparos.gr\/fr\/#\/schema\/logo\/image\/"}}]}},"_links":{"self":[{"href":"https:\/\/poloscarsparos.gr\/fr\/wp-json\/wp\/v2\/pages\/5517","targetHints":{"allow":["GET"]}}],"collection":[{"href":"https:\/\/poloscarsparos.gr\/fr\/wp-json\/wp\/v2\/pages"}],"about":[{"href":"https:\/\/poloscarsparos.gr\/fr\/wp-json\/wp\/v2\/types\/page"}],"author":[{"embeddable":true,"href":"https:\/\/poloscarsparos.gr\/fr\/wp-json\/wp\/v2\/users\/1"}],"replies":[{"embeddable":true,"href":"https:\/\/poloscarsparos.gr\/fr\/wp-json\/wp\/v2\/comments?post=5517"}],"version-history":[{"count":2,"href":"https:\/\/poloscarsparos.gr\/fr\/wp-json\/wp\/v2\/pages\/5517\/revisions"}],"predecessor-version":[{"id":5521,"href":"https:\/\/poloscarsparos.gr\/fr\/wp-json\/wp\/v2\/pages\/5517\/revisions\/5521"}],"wp:featuredmedia":[{"embeddable":true,"href":"https:\/\/poloscarsparos.gr\/fr\/wp-json\/wp\/v2\/media\/3736"}],"wp:attachment":[{"href":"https:\/\/poloscarsparos.gr\/fr\/wp-json\/wp\/v2\/media?parent=5517"}],"curies":[{"name":"wp","href":"https:\/\/api.w.org\/{rel}","templated":true}]}}