{"id":5536,"date":"2024-06-01T10:55:14","date_gmt":"2024-06-01T07:55:14","guid":{"rendered":"https:\/\/poloscarsparos.gr\/?page_id=5536"},"modified":"2024-06-01T12:05:29","modified_gmt":"2024-06-01T09:05:29","slug":"plages-au-sud-de-paros","status":"publish","type":"page","link":"https:\/\/poloscarsparos.gr\/fr\/a-propos-de-paros\/plages-au-sud-de-paros\/","title":{"rendered":"Plages au sud de Paros"},"content":{"rendered":"\n<p>En allant vers le sud, pr\u00e8s de l'a\u00e9roport, vous rencontrerez les arbres pleins de coins frais, les plages de Lolantonis, Glyfa et Tripiti, la baie tranquille de Faraga avec sa plage fantastique, Ageria, les plages de sable d'Aliki avec les tamaris et Voutakos.<\/p>\n\n\n\n<h4 class=\"wp-block-heading has-text-align-center\">Faraggas<\/h4>\n\n\n\n<figure class=\"wp-block-image size-full\"><img loading=\"lazy\" decoding=\"async\" width=\"1000\" height=\"400\" src=\"http:\/\/poloscarsparos.gr\/wp-content\/uploads\/2022\/04\/faraggas-1000-400-1.jpg\" alt=\"\" class=\"wp-image-3825\" srcset=\"https:\/\/poloscarsparos.gr\/wp-content\/uploads\/2022\/04\/faraggas-1000-400-1.jpg 1000w, https:\/\/poloscarsparos.gr\/wp-content\/uploads\/2022\/04\/faraggas-1000-400-1-300x120.jpg 300w, https:\/\/poloscarsparos.gr\/wp-content\/uploads\/2022\/04\/faraggas-1000-400-1-768x307.jpg 768w, https:\/\/poloscarsparos.gr\/wp-content\/uploads\/2022\/04\/faraggas-1000-400-1-480x192.jpg 480w, https:\/\/poloscarsparos.gr\/wp-content\/uploads\/2022\/04\/faraggas-1000-400-1-250x100.jpg 250w, https:\/\/poloscarsparos.gr\/wp-content\/uploads\/2022\/04\/faraggas-1000-400-1-625x250.jpg 625w, https:\/\/poloscarsparos.gr\/wp-content\/uploads\/2022\/04\/faraggas-1000-400-1-150x60.jpg 150w, https:\/\/poloscarsparos.gr\/wp-content\/uploads\/2022\/04\/faraggas-1000-400-1-605x242.jpg 605w\" sizes=\"auto, (max-width: 1000px) 100vw, 1000px\" \/><\/figure>\n\n\n\n<p>Le village de Faragas comprend trois plages et se trouve \u00e0 16 km de Parikia, la capitale de Paros, et \u00e0 26 km de Naoussa. La grande plage de Faraga dispose d'une grande plage organis\u00e9e, avec des parasols, des chaises longues, des bars de plage, o\u00f9 vous pouvez d\u00e9guster des repas l\u00e9gers, des rafra\u00eechissements, des caf\u00e9s et des boissons. Les deux plus petites plages, \u00e0 l'ouest, sont constitu\u00e9es de sable dor\u00e9 et ne sont pas organis\u00e9es. Vous y trouverez le calme et l'isolement dans votre bain de mer, et si vous aimez la plong\u00e9e, avec l'\u00e9quipement ad\u00e9quat, vous pourrez explorer les rochers sous-marins.<\/p>\n\n\n\n<p>Louez la voiture de votre choix \u00e0 Paros aux meilleurs prix du march\u00e9 et avec les meilleures sp\u00e9cifications et visitez les belles plages de Faraga. Situ\u00e9es dans une baie et compl\u00e8tement prot\u00e9g\u00e9es des vents du nord, les plages de Faraga ont rarement des vagues. Elles sont s\u00e9par\u00e9es par des collines rocheuses qui atteignent la mer.<\/p>\n\n\n\n<p>Le sable blond d\u00e9licat et les eaux cristallines et transparentes ont fait de la Faraga de Paros une destination de premier choix, surtout pour ceux qui recherchent le confort qu'une plage cosmopolite peut offrir.<\/p>\n\n\n\n<p>Les jours o\u00f9 la visibilit\u00e9 est bonne, on peut apercevoir Sikinos et Ios depuis les gorges. Les eaux de la plage de Faraga \u00e0 Paros sont vertes et cristallines. C'est pourquoi la grande plage est pleine, surtout pendant les mois d'\u00e9t\u00e9.<\/p>\n\n\n\n<p>Elle est fr\u00e9quent\u00e9e par les habitants et les touristes du sud de Paros.<\/p>\n\n\n\n<p>La plage de Faragas se trouve \u00e0 2 km d'Aliki. C'est le meilleur choix pour tous ceux qui recherchent une belle plage organis\u00e9e, de la nourriture, des douches et de nombreuses activit\u00e9s offertes par le centre de sports nautiques sp\u00e9cialis\u00e9, situ\u00e9 sur la plage de Faraggas.<\/p>\n\n\n\n<p>L'acc\u00e8s \u00e0 Faraga \u00e0 Paros est facile en louant votre propre voiture et en suivant le panneau qui se trouve sur le p\u00e9riph\u00e9rique central et en tournant \u00e0 droite. La route en descente vous m\u00e8nera au plateau, \u00e0 l'entr\u00e9e de l'\u00e9l\u00e9gant et grand bar-restaurant de la plage de Faragga, o\u00f9 vous pourrez vous garer facilement et gratuitement.<\/p>\n\n\n\n<p>Bien que Faragas ait utilis\u00e9 le tourisme, elle a conserv\u00e9 une identit\u00e9 isol\u00e9e car elle est \u00e9loign\u00e9e des zones de vill\u00e9giature.<\/p>\n\n\n\n<p>Que vous choisissiez les chaises longues et les parasols de la plage, le confort du bar de plage, ou m\u00eame l'ombre des tamaris, la c\u00f4te de Faragas r\u00e9pondra \u00e0 sa r\u00e9putation d'\u00eatre l'une des plus belles plages de Paros. Le mieux serait de la visiter au moins une fois pendant votre s\u00e9jour sur l'\u00eele.<\/p>\n\n\n\n<h4 class=\"wp-block-heading has-text-align-center\">Aliki<\/h4>\n\n\n\n<figure class=\"wp-block-image size-full\"><img loading=\"lazy\" decoding=\"async\" width=\"1000\" height=\"400\" src=\"http:\/\/poloscarsparos.gr\/wp-content\/uploads\/2022\/04\/alyki-new-1000-400.jpg\" alt=\"\" class=\"wp-image-3829\" srcset=\"https:\/\/poloscarsparos.gr\/wp-content\/uploads\/2022\/04\/alyki-new-1000-400.jpg 1000w, https:\/\/poloscarsparos.gr\/wp-content\/uploads\/2022\/04\/alyki-new-1000-400-300x120.jpg 300w, https:\/\/poloscarsparos.gr\/wp-content\/uploads\/2022\/04\/alyki-new-1000-400-768x307.jpg 768w, https:\/\/poloscarsparos.gr\/wp-content\/uploads\/2022\/04\/alyki-new-1000-400-480x192.jpg 480w, https:\/\/poloscarsparos.gr\/wp-content\/uploads\/2022\/04\/alyki-new-1000-400-250x100.jpg 250w, https:\/\/poloscarsparos.gr\/wp-content\/uploads\/2022\/04\/alyki-new-1000-400-625x250.jpg 625w, https:\/\/poloscarsparos.gr\/wp-content\/uploads\/2022\/04\/alyki-new-1000-400-150x60.jpg 150w, https:\/\/poloscarsparos.gr\/wp-content\/uploads\/2022\/04\/alyki-new-1000-400-605x242.jpg 605w\" sizes=\"auto, (max-width: 1000px) 100vw, 1000px\" \/><\/figure>\n\n\n\n<p>Louez une voiture \u00e0 Paros et faites d'Aliki l'une de vos priorit\u00e9s. Elle se trouve \u00e0 13 km de Parikia et \u00e0 24 km de Naoussa.<\/p>\n\n\n\n<p>La plage d'Al\u03b9ki est constitu\u00e9e de sable fin et dor\u00e9. Ses eaux sont bleu-vert et cristallines. Les parasols sont limit\u00e9s, mais il y a plusieurs arbres sur la plage qui offrent de l'ombre.<\/p>\n\n\n\n<p>La plage d'Aliki est une zone tranquille et convient aux familles. Elle se trouve dans une baie et les vagues sont donc rares.<\/p>\n\n\n\n<p>Pr\u00e8s de la plage d'Aliki \u00e0 Paros, il y a d'innombrables tavernes situ\u00e9es juste au bord de la mer, qui servent de d\u00e9licieux plats \u00e0 base de poissons et de fruits de mer frais, qui sont achet\u00e9s le jour m\u00eame par les p\u00eacheurs qui ancrent leurs bateaux dans la baie.<\/p>\n\n\n\n<p>Vous pouvez vous rendre \u00e0 Aliki en bus depuis Parikia ou par votre propre moyen de transport.<\/p>\n\n\n\n<p>La plage de Piso Aliki est situ\u00e9e pr\u00e8s du village homonyme, sur la c\u00f4te sud-ouest de Paros. Pour atteindre Piso Aliki, suivez la route pav\u00e9e d'Aliki vers le sud. La plage de Piso Aliki \u00e0 Paros est compos\u00e9e de sable et de galets. Ce n'est pas une plage organis\u00e9e, et si vous n'avez pas de parasol avec vous, les arbres qui poussent le long de la c\u00f4te vous offriront de l'ombre. Ses eaux sont cristallines. En raison de sa situation, elle n'a de vagues que lorsque le vent souffle du sud.<\/p>\n\n\n\n<p>La plage de Piso Aliki \u00e0 Paros dispose d'un parking confortable et gratuit.<\/p>\n\n\n\n<p>C'est un endroit id\u00e9al, en particulier pour les familles avec enfants, car il offre la tranquillit\u00e9 et est tr\u00e8s proche du village d'Aliki, o\u00f9 vous pourrez d\u00e9guster d'excellents plats locaux.<\/p>\n\n\n\n<p>La plage d'Agios Nikolaos \u00e0 Aliki de Paros est situ\u00e9e \u00e0 l'ouest d'Aliki et est accessible \u00e0 pied. Elle se trouve \u00e0 12 km de Parikia, la capitale de Paros, sur la c\u00f4te sud-ouest de l'\u00eele.<\/p>\n\n\n\n<p>La plage d'Agios Nikolaos \u00e0 Aliki est assez longue et tranquille. Elle n'est pas am\u00e9nag\u00e9e, vous pouvez donc vous munir d'un parasol si vous d\u00e9cidez de la visiter. Sinon, dans la partie orientale de la plage, vous trouverez des arbres qui offrent de l'ombre. Elle est compos\u00e9e de sable et de galets<\/p>\n\n\n\n<p>Ses eaux cristallines qui s'approfondissent progressivement et sa tranquillit\u00e9 en font une plage id\u00e9ale pour les enfants et les familles.<\/p>\n\n\n\n<p>\u00c0 l'arri\u00e8re de la plage d'Agios Nikolaos \u00e0 Paros, il y a des terrains de basket-ball, de tennis et de football. Si vous souhaitez combiner sport et plong\u00e9e, la c\u00f4te d'Agios Nikolaos \u00e0 Aliki est l'endroit id\u00e9al.<\/p>\n\n\n\n<p>Le village d'Aliki, avec ses beaux caf\u00e9s et ses tavernes de poisson, se trouve \u00e0 500 m\u00e8tres \u00e0 l'est de la plage d'Agios Nikolaos. Gr\u00e2ce \u00e0 un moyen de transport facile, vous pourrez facilement visiter la belle localit\u00e9 d'Aliki.<\/p>\n\n\n\n<h4 class=\"wp-block-heading has-text-align-center\">Voutakos<\/h4>\n\n\n\n<figure class=\"wp-block-image size-full\"><img loading=\"lazy\" decoding=\"async\" width=\"1000\" height=\"400\" src=\"http:\/\/poloscarsparos.gr\/wp-content\/uploads\/2022\/04\/voutakos-1000-400.jpg\" alt=\"\" class=\"wp-image-3833\" srcset=\"https:\/\/poloscarsparos.gr\/wp-content\/uploads\/2022\/04\/voutakos-1000-400.jpg 1000w, https:\/\/poloscarsparos.gr\/wp-content\/uploads\/2022\/04\/voutakos-1000-400-300x120.jpg 300w, https:\/\/poloscarsparos.gr\/wp-content\/uploads\/2022\/04\/voutakos-1000-400-768x307.jpg 768w, https:\/\/poloscarsparos.gr\/wp-content\/uploads\/2022\/04\/voutakos-1000-400-480x192.jpg 480w, https:\/\/poloscarsparos.gr\/wp-content\/uploads\/2022\/04\/voutakos-1000-400-250x100.jpg 250w, https:\/\/poloscarsparos.gr\/wp-content\/uploads\/2022\/04\/voutakos-1000-400-625x250.jpg 625w, https:\/\/poloscarsparos.gr\/wp-content\/uploads\/2022\/04\/voutakos-1000-400-150x60.jpg 150w, https:\/\/poloscarsparos.gr\/wp-content\/uploads\/2022\/04\/voutakos-1000-400-605x242.jpg 605w\" sizes=\"auto, (max-width: 1000px) 100vw, 1000px\" \/><\/figure>\n\n\n\n<p>Louez une voiture \u00e0 Paros et visitez la tr\u00e8s belle, bien que peu connue, plage de Voutakos, situ\u00e9e au sud-ouest de Paros, pr\u00e8s de l'a\u00e9roport. Elle se trouve \u00e0 12 km de Parikia, la capitale de l'\u00eele, et \u00e0 23 km de Naoussa.<\/p>\n\n\n\n<p>Voutakos \u00e0 Paros est une plage isol\u00e9e o\u00f9 l'on peut se baigner avec une vue sur Antiparos. Elle est constitu\u00e9e de sable et, \u00e0 certains endroits, de petits galets. Il n'y a pas d'installations touristiques dans la r\u00e9gion, \u00e0 l'exception des r\u00e9sidences d'\u00e9t\u00e9. Si vous d\u00e9cidez de vous y rendre, vous aurez besoin d'eau et d'un parasol.<\/p>\n\n\n\n<p>&nbsp;La plage de Voutakos se compose de trois parties ind\u00e9pendantes. La plus grande se trouve sur la droite, au bord de l'eau. C'est l'endroit qui rassemble le plus de monde. Au bout de cette grande partie, se trouve la partie de la plage fr\u00e9quent\u00e9e par les nudistes. La deuxi\u00e8me partie, un peu plus \u00e0 gauche, est une petite plage, devant le village qui abrite le port de Voutakos. Imm\u00e9diatement apr\u00e8s, la route se termine et suit la derni\u00e8re partie, qui pr\u00e9sente une plage de taille moyenne, suivie de nombreux tamaris le long du front de mer. Cette partie de la plage de Voutakos a des eaux plus abruptes et le fond marin est constitu\u00e9 de pierres. Les tamaris de la plage offrent beaucoup d'ombre, d'isolement et de tranquillit\u00e9, et la mer est cristalline.<\/p>\n\n\n\n<p>La plage de Voutakos \u00e0 Paros est \u00e0 l'abri du vent et constitue un abri id\u00e9al pour un s\u00e9jour prolong\u00e9 sur la plage, surtout si vous avez pris soin d'emporter de l'eau et de la nourriture l\u00e9g\u00e8re. L'acc\u00e8s est facile avec votre moyen de transport.<\/p>\n\n\n\n<p>\u00c0 4 km de la plage se trouve le village baln\u00e9aire d'Aliki, o\u00f9 vous pourrez d\u00e9guster un caf\u00e9 et du poisson frais dans l'une des tavernes.<\/p>\n","protected":false},"excerpt":{"rendered":"<p>En allant vers le sud, pr\u00e8s de l'a\u00e9roport, vous rencontrerez les arbres pleins de coins frais, les plages de Lolantonis, Glyfa et Tripiti, la baie tranquille de Faraga avec sa plage fantastique, Ageria, les plages de sable d'Aliki avec les tamaris et Voutakos. Faraggas Le village de Faragas comprend trois plages et se trouve \u00e0 &hellip; <\/p>\n<p class=\"link-more\"><a href=\"https:\/\/poloscarsparos.gr\/fr\/a-propos-de-paros\/plages-au-sud-de-paros\/\" class=\"more-link\"><span class=\"screen-reader-text\"> prova \"Plages au sud de Paros\"<\/span><\/a><\/p>\n","protected":false},"author":1,"featured_media":0,"parent":5517,"menu_order":0,"comment_status":"closed","ping_status":"closed","template":"page-templates\/page-sidebars.php","meta":{"footnotes":""},"class_list":["post-5536","page","type-page","status-publish","hentry"],"yoast_head":"<!-- This site is optimized with the Yoast SEO plugin v27.1.1 - https:\/\/yoast.com\/product\/yoast-seo-wordpress\/ -->\n<title>Plages au sud de Paros - Plages \u00e0 Paros - Plages de Paros<\/title>\n<meta name=\"description\" content=\"Les plus belles plages au sud de Paros, organis\u00e9es et non organis\u00e9es, sont Faragas, Aliki, Piso Aliki et Voutakos\" \/>\n<meta name=\"robots\" content=\"index, follow, max-snippet:-1, max-image-preview:large, max-video-preview:-1\" \/>\n<link rel=\"canonical\" href=\"https:\/\/poloscarsparos.gr\/fr\/a-propos-de-paros\/plages-au-sud-de-paros\/\" \/>\n<meta property=\"og:locale\" content=\"fr_FR\" \/>\n<meta property=\"og:type\" content=\"article\" \/>\n<meta property=\"og:title\" content=\"Plages au sud de Paros - Plages \u00e0 Paros - Plages de Paros\" \/>\n<meta property=\"og:description\" content=\"Les plus belles plages au sud de Paros, organis\u00e9es et non organis\u00e9es, sont Faragas, Aliki, Piso Aliki et Voutakos\" \/>\n<meta property=\"og:url\" content=\"https:\/\/poloscarsparos.gr\/fr\/a-propos-de-paros\/plages-au-sud-de-paros\/\" \/>\n<meta property=\"og:site_name\" content=\"Polos Rent a Car &amp; Rental Agency in Paros\" \/>\n<meta property=\"article:modified_time\" content=\"2024-06-01T09:05:29+00:00\" \/>\n<meta property=\"og:image\" content=\"http:\/\/poloscarsparos.gr\/wp-content\/uploads\/2022\/04\/faraggas-1000-400-1.jpg\" \/>\n<meta name=\"twitter:card\" content=\"summary_large_image\" \/>\n<meta name=\"twitter:label1\" content=\"Dur\u00e9e de lecture estim\u00e9e\" \/>\n\t<meta name=\"twitter:data1\" content=\"7 minutes\" \/>\n<script type=\"application\/ld+json\" class=\"yoast-schema-graph\">{\"@context\":\"https:\/\/schema.org\",\"@graph\":[{\"@type\":\"WebPage\",\"@id\":\"https:\/\/poloscarsparos.gr\/fr\/a-propos-de-paros\/plages-au-sud-de-paros\/\",\"url\":\"https:\/\/poloscarsparos.gr\/fr\/a-propos-de-paros\/plages-au-sud-de-paros\/\",\"name\":\"Plages au sud de Paros - Plages \u00e0 Paros - Plages de Paros\",\"isPartOf\":{\"@id\":\"https:\/\/poloscarsparos.gr\/fr\/#website\"},\"primaryImageOfPage\":{\"@id\":\"https:\/\/poloscarsparos.gr\/fr\/a-propos-de-paros\/plages-au-sud-de-paros\/#primaryimage\"},\"image\":{\"@id\":\"https:\/\/poloscarsparos.gr\/fr\/a-propos-de-paros\/plages-au-sud-de-paros\/#primaryimage\"},\"thumbnailUrl\":\"http:\/\/poloscarsparos.gr\/wp-content\/uploads\/2022\/04\/faraggas-1000-400-1.jpg\",\"datePublished\":\"2024-06-01T07:55:14+00:00\",\"dateModified\":\"2024-06-01T09:05:29+00:00\",\"description\":\"Les plus belles plages au sud de Paros, organis\u00e9es et non organis\u00e9es, sont Faragas, Aliki, Piso Aliki et Voutakos\",\"breadcrumb\":{\"@id\":\"https:\/\/poloscarsparos.gr\/fr\/a-propos-de-paros\/plages-au-sud-de-paros\/#breadcrumb\"},\"inLanguage\":\"fr-FR\",\"potentialAction\":[{\"@type\":\"ReadAction\",\"target\":[\"https:\/\/poloscarsparos.gr\/fr\/a-propos-de-paros\/plages-au-sud-de-paros\/\"]}]},{\"@type\":\"ImageObject\",\"inLanguage\":\"fr-FR\",\"@id\":\"https:\/\/poloscarsparos.gr\/fr\/a-propos-de-paros\/plages-au-sud-de-paros\/#primaryimage\",\"url\":\"http:\/\/poloscarsparos.gr\/wp-content\/uploads\/2022\/04\/faraggas-1000-400-1.jpg\",\"contentUrl\":\"http:\/\/poloscarsparos.gr\/wp-content\/uploads\/2022\/04\/faraggas-1000-400-1.jpg\"},{\"@type\":\"BreadcrumbList\",\"@id\":\"https:\/\/poloscarsparos.gr\/fr\/a-propos-de-paros\/plages-au-sud-de-paros\/#breadcrumb\",\"itemListElement\":[{\"@type\":\"ListItem\",\"position\":1,\"name\":\"Home\",\"item\":\"https:\/\/poloscarsparos.gr\/fr\/\"},{\"@type\":\"ListItem\",\"position\":2,\"name\":\"\u00c0 propos de Paros\",\"item\":\"https:\/\/poloscarsparos.gr\/fr\/a-propos-de-paros\/\"},{\"@type\":\"ListItem\",\"position\":3,\"name\":\"Plages au sud de Paros\"}]},{\"@type\":\"WebSite\",\"@id\":\"https:\/\/poloscarsparos.gr\/fr\/#website\",\"url\":\"https:\/\/poloscarsparos.gr\/fr\/\",\"name\":\"Polos Rent a Car &amp; Rental Agency in Paros\",\"description\":\"Rent a car, buggy, quad, atv, moto and scooter in Paros!\",\"publisher\":{\"@id\":\"https:\/\/poloscarsparos.gr\/fr\/#organization\"},\"potentialAction\":[{\"@type\":\"SearchAction\",\"target\":{\"@type\":\"EntryPoint\",\"urlTemplate\":\"https:\/\/poloscarsparos.gr\/fr\/?s={search_term_string}\"},\"query-input\":{\"@type\":\"PropertyValueSpecification\",\"valueRequired\":true,\"valueName\":\"search_term_string\"}}],\"inLanguage\":\"fr-FR\"},{\"@type\":\"Organization\",\"@id\":\"https:\/\/poloscarsparos.gr\/fr\/#organization\",\"name\":\"Polos Rent A Car & Rental Agency\",\"url\":\"https:\/\/poloscarsparos.gr\/fr\/\",\"logo\":{\"@type\":\"ImageObject\",\"inLanguage\":\"fr-FR\",\"@id\":\"https:\/\/poloscarsparos.gr\/fr\/#\/schema\/logo\/image\/\",\"url\":\"\",\"contentUrl\":\"\",\"caption\":\"Polos Rent A Car & Rental Agency\"},\"image\":{\"@id\":\"https:\/\/poloscarsparos.gr\/fr\/#\/schema\/logo\/image\/\"}}]}<\/script>\n<!-- \/ Yoast SEO plugin. -->","yoast_head_json":{"title":"Plages au sud de Paros - Plages \u00e0 Paros - Plages de Paros","description":"Les plus belles plages au sud de Paros, organis\u00e9es et non organis\u00e9es, sont Faragas, Aliki, Piso Aliki et Voutakos","robots":{"index":"index","follow":"follow","max-snippet":"max-snippet:-1","max-image-preview":"max-image-preview:large","max-video-preview":"max-video-preview:-1"},"canonical":"https:\/\/poloscarsparos.gr\/fr\/a-propos-de-paros\/plages-au-sud-de-paros\/","og_locale":"fr_FR","og_type":"article","og_title":"Plages au sud de Paros - Plages \u00e0 Paros - Plages de Paros","og_description":"Les plus belles plages au sud de Paros, organis\u00e9es et non organis\u00e9es, sont Faragas, Aliki, Piso Aliki et Voutakos","og_url":"https:\/\/poloscarsparos.gr\/fr\/a-propos-de-paros\/plages-au-sud-de-paros\/","og_site_name":"Polos Rent a Car &amp; Rental Agency in Paros","article_modified_time":"2024-06-01T09:05:29+00:00","og_image":[{"url":"http:\/\/poloscarsparos.gr\/wp-content\/uploads\/2022\/04\/faraggas-1000-400-1.jpg","type":"","width":"","height":""}],"twitter_card":"summary_large_image","twitter_misc":{"Dur\u00e9e de lecture estim\u00e9e":"7 minutes"},"schema":{"@context":"https:\/\/schema.org","@graph":[{"@type":"WebPage","@id":"https:\/\/poloscarsparos.gr\/fr\/a-propos-de-paros\/plages-au-sud-de-paros\/","url":"https:\/\/poloscarsparos.gr\/fr\/a-propos-de-paros\/plages-au-sud-de-paros\/","name":"Plages au sud de Paros - Plages \u00e0 Paros - Plages de Paros","isPartOf":{"@id":"https:\/\/poloscarsparos.gr\/fr\/#website"},"primaryImageOfPage":{"@id":"https:\/\/poloscarsparos.gr\/fr\/a-propos-de-paros\/plages-au-sud-de-paros\/#primaryimage"},"image":{"@id":"https:\/\/poloscarsparos.gr\/fr\/a-propos-de-paros\/plages-au-sud-de-paros\/#primaryimage"},"thumbnailUrl":"http:\/\/poloscarsparos.gr\/wp-content\/uploads\/2022\/04\/faraggas-1000-400-1.jpg","datePublished":"2024-06-01T07:55:14+00:00","dateModified":"2024-06-01T09:05:29+00:00","description":"Les plus belles plages au sud de Paros, organis\u00e9es et non organis\u00e9es, sont Faragas, Aliki, Piso Aliki et Voutakos","breadcrumb":{"@id":"https:\/\/poloscarsparos.gr\/fr\/a-propos-de-paros\/plages-au-sud-de-paros\/#breadcrumb"},"inLanguage":"fr-FR","potentialAction":[{"@type":"ReadAction","target":["https:\/\/poloscarsparos.gr\/fr\/a-propos-de-paros\/plages-au-sud-de-paros\/"]}]},{"@type":"ImageObject","inLanguage":"fr-FR","@id":"https:\/\/poloscarsparos.gr\/fr\/a-propos-de-paros\/plages-au-sud-de-paros\/#primaryimage","url":"http:\/\/poloscarsparos.gr\/wp-content\/uploads\/2022\/04\/faraggas-1000-400-1.jpg","contentUrl":"http:\/\/poloscarsparos.gr\/wp-content\/uploads\/2022\/04\/faraggas-1000-400-1.jpg"},{"@type":"BreadcrumbList","@id":"https:\/\/poloscarsparos.gr\/fr\/a-propos-de-paros\/plages-au-sud-de-paros\/#breadcrumb","itemListElement":[{"@type":"ListItem","position":1,"name":"Home","item":"https:\/\/poloscarsparos.gr\/fr\/"},{"@type":"ListItem","position":2,"name":"\u00c0 propos de Paros","item":"https:\/\/poloscarsparos.gr\/fr\/a-propos-de-paros\/"},{"@type":"ListItem","position":3,"name":"Plages au sud de Paros"}]},{"@type":"WebSite","@id":"https:\/\/poloscarsparos.gr\/fr\/#website","url":"https:\/\/poloscarsparos.gr\/fr\/","name":"Polos Rent a Car &amp; Rental Agency in Paros","description":"Rent a car, buggy, quad, atv, moto and scooter in Paros!","publisher":{"@id":"https:\/\/poloscarsparos.gr\/fr\/#organization"},"potentialAction":[{"@type":"SearchAction","target":{"@type":"EntryPoint","urlTemplate":"https:\/\/poloscarsparos.gr\/fr\/?s={search_term_string}"},"query-input":{"@type":"PropertyValueSpecification","valueRequired":true,"valueName":"search_term_string"}}],"inLanguage":"fr-FR"},{"@type":"Organization","@id":"https:\/\/poloscarsparos.gr\/fr\/#organization","name":"Polos Rent A Car & Rental Agency","url":"https:\/\/poloscarsparos.gr\/fr\/","logo":{"@type":"ImageObject","inLanguage":"fr-FR","@id":"https:\/\/poloscarsparos.gr\/fr\/#\/schema\/logo\/image\/","url":"","contentUrl":"","caption":"Polos Rent A Car & Rental Agency"},"image":{"@id":"https:\/\/poloscarsparos.gr\/fr\/#\/schema\/logo\/image\/"}}]}},"_links":{"self":[{"href":"https:\/\/poloscarsparos.gr\/fr\/wp-json\/wp\/v2\/pages\/5536","targetHints":{"allow":["GET"]}}],"collection":[{"href":"https:\/\/poloscarsparos.gr\/fr\/wp-json\/wp\/v2\/pages"}],"about":[{"href":"https:\/\/poloscarsparos.gr\/fr\/wp-json\/wp\/v2\/types\/page"}],"author":[{"embeddable":true,"href":"https:\/\/poloscarsparos.gr\/fr\/wp-json\/wp\/v2\/users\/1"}],"replies":[{"embeddable":true,"href":"https:\/\/poloscarsparos.gr\/fr\/wp-json\/wp\/v2\/comments?post=5536"}],"version-history":[{"count":1,"href":"https:\/\/poloscarsparos.gr\/fr\/wp-json\/wp\/v2\/pages\/5536\/revisions"}],"predecessor-version":[{"id":5537,"href":"https:\/\/poloscarsparos.gr\/fr\/wp-json\/wp\/v2\/pages\/5536\/revisions\/5537"}],"up":[{"embeddable":true,"href":"https:\/\/poloscarsparos.gr\/fr\/wp-json\/wp\/v2\/pages\/5517"}],"wp:attachment":[{"href":"https:\/\/poloscarsparos.gr\/fr\/wp-json\/wp\/v2\/media?parent=5536"}],"curies":[{"name":"wp","href":"https:\/\/api.w.org\/{rel}","templated":true}]}}