{"id":5558,"date":"2024-06-01T11:31:19","date_gmt":"2024-06-01T08:31:19","guid":{"rendered":"https:\/\/poloscarsparos.gr\/?page_id=5558"},"modified":"2024-06-01T12:14:08","modified_gmt":"2024-06-01T09:14:08","slug":"gastronomie","status":"publish","type":"page","link":"https:\/\/poloscarsparos.gr\/fr\/a-propos-de-paros\/gastronomie\/","title":{"rendered":"Gastronomie"},"content":{"rendered":"\n<p class=\"has-text-align-center\"><strong>Paros, un lieu paradisiaque.<\/strong><\/p>\n\n\n\n<figure class=\"wp-block-image\"><img decoding=\"async\" src=\"https:\/\/poloscarsparos.gr\/wp-content\/uploads\/2021\/04\/gastr-3-1.jpg\" alt=\"\" class=\"wp-image-2676\"\/><\/figure>\n\n\n\n<p>Le vin \u00e0 Paros a une histoire et une tradition remarquables. Ce n'est pas un hasard si, \u00e0 Paros, Agios Giorgis, l'\u00e9glise de l'ivrogne, est honor\u00e9e, comme l'appelaient les habitants, par une c\u00e9l\u00e9bration sp\u00e9ciale le 3 novembre. \u00c0 cette occasion, les habitants ouvrent et d\u00e9gustent les nouveaux vins.<\/p>\n\n\n\n<p>Depuis l'antiquit\u00e9, l'ouverture des tonneaux \u00e9tait une merveilleuse c\u00e9l\u00e9bration pour la population ; le 3 novembre, les vignerons organisent des f\u00eates traditionnelles et remettent au go\u00fbt du jour des coutumes qui trouvent leur origine dans les f\u00eates dionysiaques de l'\u00e9poque byzantine.<\/p>\n\n\n\n<p>Paros, reconnue pour son vin exceptionnel en tant qu'AOP (appellation d'origine prot\u00e9g\u00e9e).<\/p>\n\n\n\n<p>Parmi les 33 r\u00e9gions de Gr\u00e8ce, Paros est la deuxi\u00e8me \u00eele viticole des Cyclades apr\u00e8s Santorin. Paros est c\u00e9l\u00e8bre pour les vari\u00e9t\u00e9s fines \u00ab Mandilaria \u00bb (rouge) et \u00ab Monemvasia \u00bb (blanc), ainsi que pour d'autres vins produits par le vignoble de Paros, notamment des vins blancs doux inclus dans l'appellation d'origine prot\u00e9g\u00e9e de Paros en tant que vins Malvasia Paros. Le nom Malvasia est g\u00e9ographique et d\u00e9signe la ville byzantine de Monemvasia \u00e0 l'\u00e9poque des Francs. Le Malvasia a commenc\u00e9 \u00e0 \u00eatre produit avant le XIIIe si\u00e8cle dans la ville byzantine de Monemvasia et a acquis une grande r\u00e9putation. Aucun autre vin n'a \u00e9t\u00e9 aussi c\u00e9l\u00e8bre au Moyen \u00c2ge et \u00e0 la Renaissance, et aucun nom de vin n'a une histoire aussi fascinante depuis cette \u00e9poque jusqu'\u00e0 aujourd'hui.<\/p>\n\n\n\n<p>Il s'agit de vins d'appellation d'origine avec des sp\u00e9cifications sup\u00e9rieures et une qualit\u00e9 rare. La route de Parikia \u00e0 Naoussa peut \u00eatre consid\u00e9r\u00e9e comme la route du vin \u00e0 Paros.<\/p>\n\n\n\n<p>Paros poss\u00e8de des caves, accessibles au public, avec des vari\u00e9t\u00e9s de vin connues et rares qui allient l'exp\u00e9rience au go\u00fbt et la tradition \u00e0 la technologie moderne. Mais avant tout, il y a l'amour d'un lieu enti\u00e8rement b\u00e9ni et abandonn\u00e9 \u00e0 ses habitants.<\/p>\n\n\n\n<p>Paros produit \u00e9galement du \u00ab suma \u00bb, qui est aussi bon que le vin de Paros. \u00c0 Paros, le suma est le nom de la boisson obtenue par distillation des r\u00e9sidus de vin, comme le tsipouro et le raki en Cr\u00e8te. La distillation du suma est accompagn\u00e9e par les producteurs de Paros d'une grande f\u00eate \u00e0 laquelle tout le monde est convi\u00e9. La production de suma a lieu en novembre et s'accompagne d'une f\u00eate dans les r\u00e9gions o\u00f9 il y a des brasseries. Les habitants de Paros accueillent l'hiver et le grand cycle de c\u00e9l\u00e9brations avec des f\u00eates et du suma.<\/p>\n\n\n\n<p>Bien s\u00fbr, si vous aimez la bi\u00e8re blonde l\u00e9g\u00e8re et am\u00e8re, vous pouvez toujours pr\u00e9f\u00e9rer une \u00a856isles\u00a8 fra\u00eeche. Paros depuis 2016 produit sa bi\u00e8re avec un excellent go\u00fbt. Son nom vient des 56 petites et grandes \u00eeles des magnifiques Cyclades.<\/p>\n\n\n\n<p>Paros poss\u00e8de aussi des laiteries avec son fameux gruy\u00e8re, d'excellents kefalotyri, mizithra, anthotyro et yaourts.<\/p>\n\n\n\n<p>Elle produit son miel, son poisson, son huile, son bl\u00e9, son orge, ses l\u00e9gumes et ses pommes de terre. Connues et r\u00e9put\u00e9es depuis l'antiquit\u00e9 pour leur go\u00fbt, les figues de Paros.<\/p>\n\n\n\n<p>En louant une voiture \u00e0 Paros, vous visiterez confortablement et rapidement tous les points d'int\u00e9r\u00eat uniques de l'\u00eele et vous vivrez l'exp\u00e9rience de Paros comme un initi\u00e9 local.<\/p>\n\n\n\n<p>Vous d\u00e9couvrirez et apprendrez \u00e0 conna\u00eetre les produits de Paros fabriqu\u00e9s avec beaucoup de go\u00fbt par de nouveaux producteurs caract\u00e9ris\u00e9s par l'amour de leur \u00eele et l'objectif de maintenir vivante la tradition, ouvrant la voie \u00e0 un chemin \u00e9volutif de la culture gastronomique.<\/p>\n","protected":false},"excerpt":{"rendered":"<p>Paros, un lieu paradisiaque. Le vin \u00e0 Paros a une histoire et une tradition remarquables. Ce n'est pas un hasard si, \u00e0 Paros, Agios Giorgis, l'\u00e9glise de l'ivrogne, est honor\u00e9e, comme l'appelaient les habitants, par une c\u00e9l\u00e9bration sp\u00e9ciale le 3 novembre. \u00c0 cette occasion, les habitants ouvrent et d\u00e9gustent les nouveaux vins. Depuis l'antiquit\u00e9, l'ouverture &hellip; <\/p>\n<p class=\"link-more\"><a href=\"https:\/\/poloscarsparos.gr\/fr\/a-propos-de-paros\/gastronomie\/\" class=\"more-link\"><span class=\"screen-reader-text\"> prova \"Gastronomie\"<\/span><\/a><\/p>\n","protected":false},"author":1,"featured_media":0,"parent":5517,"menu_order":0,"comment_status":"closed","ping_status":"closed","template":"page-templates\/page-sidebars.php","meta":{"footnotes":""},"class_list":["post-5558","page","type-page","status-publish","hentry"],"yoast_head":"<!-- This site is optimized with the Yoast SEO plugin v27.1.1 - https:\/\/yoast.com\/product\/yoast-seo-wordpress\/ -->\n<title>Paros, un lieu b\u00e9ni. Gastronomie \u00e0 Paros<\/title>\n<meta name=\"description\" content=\"Les points d&#039;int\u00e9r\u00eat \u00e0 Paros sont nombreux et stimulent tous les sens, avec en vedette son vin d\u00e9licieux.\" \/>\n<meta name=\"robots\" content=\"index, follow, max-snippet:-1, max-image-preview:large, max-video-preview:-1\" \/>\n<link rel=\"canonical\" href=\"https:\/\/poloscarsparos.gr\/fr\/a-propos-de-paros\/gastronomie\/\" \/>\n<meta property=\"og:locale\" content=\"fr_FR\" \/>\n<meta property=\"og:type\" content=\"article\" \/>\n<meta property=\"og:title\" content=\"Paros, un lieu b\u00e9ni. Gastronomie \u00e0 Paros\" \/>\n<meta property=\"og:description\" content=\"Les points d&#039;int\u00e9r\u00eat \u00e0 Paros sont nombreux et stimulent tous les sens, avec en vedette son vin d\u00e9licieux.\" \/>\n<meta property=\"og:url\" content=\"https:\/\/poloscarsparos.gr\/fr\/a-propos-de-paros\/gastronomie\/\" \/>\n<meta property=\"og:site_name\" content=\"Polos Rent a Car &amp; Rental Agency in Paros\" \/>\n<meta property=\"article:modified_time\" content=\"2024-06-01T09:14:08+00:00\" \/>\n<meta property=\"og:image\" content=\"https:\/\/poloscarsparos.gr\/wp-content\/uploads\/2021\/04\/gastr-3-1.jpg\" \/>\n<meta name=\"twitter:card\" content=\"summary_large_image\" \/>\n<meta name=\"twitter:label1\" content=\"Dur\u00e9e de lecture estim\u00e9e\" \/>\n\t<meta name=\"twitter:data1\" content=\"3 minutes\" \/>\n<script type=\"application\/ld+json\" class=\"yoast-schema-graph\">{\"@context\":\"https:\/\/schema.org\",\"@graph\":[{\"@type\":\"WebPage\",\"@id\":\"https:\/\/poloscarsparos.gr\/fr\/a-propos-de-paros\/gastronomie\/\",\"url\":\"https:\/\/poloscarsparos.gr\/fr\/a-propos-de-paros\/gastronomie\/\",\"name\":\"Paros, un lieu b\u00e9ni. Gastronomie \u00e0 Paros\",\"isPartOf\":{\"@id\":\"https:\/\/poloscarsparos.gr\/fr\/#website\"},\"primaryImageOfPage\":{\"@id\":\"https:\/\/poloscarsparos.gr\/fr\/a-propos-de-paros\/gastronomie\/#primaryimage\"},\"image\":{\"@id\":\"https:\/\/poloscarsparos.gr\/fr\/a-propos-de-paros\/gastronomie\/#primaryimage\"},\"thumbnailUrl\":\"https:\/\/poloscarsparos.gr\/wp-content\/uploads\/2021\/04\/gastr-3-1.jpg\",\"datePublished\":\"2024-06-01T08:31:19+00:00\",\"dateModified\":\"2024-06-01T09:14:08+00:00\",\"description\":\"Les points d'int\u00e9r\u00eat \u00e0 Paros sont nombreux et stimulent tous les sens, avec en vedette son vin d\u00e9licieux.\",\"breadcrumb\":{\"@id\":\"https:\/\/poloscarsparos.gr\/fr\/a-propos-de-paros\/gastronomie\/#breadcrumb\"},\"inLanguage\":\"fr-FR\",\"potentialAction\":[{\"@type\":\"ReadAction\",\"target\":[\"https:\/\/poloscarsparos.gr\/fr\/a-propos-de-paros\/gastronomie\/\"]}]},{\"@type\":\"ImageObject\",\"inLanguage\":\"fr-FR\",\"@id\":\"https:\/\/poloscarsparos.gr\/fr\/a-propos-de-paros\/gastronomie\/#primaryimage\",\"url\":\"https:\/\/poloscarsparos.gr\/wp-content\/uploads\/2021\/04\/gastr-3-1.jpg\",\"contentUrl\":\"https:\/\/poloscarsparos.gr\/wp-content\/uploads\/2021\/04\/gastr-3-1.jpg\"},{\"@type\":\"BreadcrumbList\",\"@id\":\"https:\/\/poloscarsparos.gr\/fr\/a-propos-de-paros\/gastronomie\/#breadcrumb\",\"itemListElement\":[{\"@type\":\"ListItem\",\"position\":1,\"name\":\"Home\",\"item\":\"https:\/\/poloscarsparos.gr\/fr\/\"},{\"@type\":\"ListItem\",\"position\":2,\"name\":\"\u00c0 propos de Paros\",\"item\":\"https:\/\/poloscarsparos.gr\/fr\/a-propos-de-paros\/\"},{\"@type\":\"ListItem\",\"position\":3,\"name\":\"Gastronomie\"}]},{\"@type\":\"WebSite\",\"@id\":\"https:\/\/poloscarsparos.gr\/fr\/#website\",\"url\":\"https:\/\/poloscarsparos.gr\/fr\/\",\"name\":\"Polos Rent a Car &amp; Rental Agency in Paros\",\"description\":\"Rent a car, buggy, quad, atv, moto and scooter in Paros!\",\"publisher\":{\"@id\":\"https:\/\/poloscarsparos.gr\/fr\/#organization\"},\"potentialAction\":[{\"@type\":\"SearchAction\",\"target\":{\"@type\":\"EntryPoint\",\"urlTemplate\":\"https:\/\/poloscarsparos.gr\/fr\/?s={search_term_string}\"},\"query-input\":{\"@type\":\"PropertyValueSpecification\",\"valueRequired\":true,\"valueName\":\"search_term_string\"}}],\"inLanguage\":\"fr-FR\"},{\"@type\":\"Organization\",\"@id\":\"https:\/\/poloscarsparos.gr\/fr\/#organization\",\"name\":\"Polos Rent A Car & Rental Agency\",\"url\":\"https:\/\/poloscarsparos.gr\/fr\/\",\"logo\":{\"@type\":\"ImageObject\",\"inLanguage\":\"fr-FR\",\"@id\":\"https:\/\/poloscarsparos.gr\/fr\/#\/schema\/logo\/image\/\",\"url\":\"\",\"contentUrl\":\"\",\"caption\":\"Polos Rent A Car & Rental Agency\"},\"image\":{\"@id\":\"https:\/\/poloscarsparos.gr\/fr\/#\/schema\/logo\/image\/\"}}]}<\/script>\n<!-- \/ Yoast SEO plugin. -->","yoast_head_json":{"title":"Paros, un lieu b\u00e9ni. Gastronomie \u00e0 Paros","description":"Les points d'int\u00e9r\u00eat \u00e0 Paros sont nombreux et stimulent tous les sens, avec en vedette son vin d\u00e9licieux.","robots":{"index":"index","follow":"follow","max-snippet":"max-snippet:-1","max-image-preview":"max-image-preview:large","max-video-preview":"max-video-preview:-1"},"canonical":"https:\/\/poloscarsparos.gr\/fr\/a-propos-de-paros\/gastronomie\/","og_locale":"fr_FR","og_type":"article","og_title":"Paros, un lieu b\u00e9ni. Gastronomie \u00e0 Paros","og_description":"Les points d'int\u00e9r\u00eat \u00e0 Paros sont nombreux et stimulent tous les sens, avec en vedette son vin d\u00e9licieux.","og_url":"https:\/\/poloscarsparos.gr\/fr\/a-propos-de-paros\/gastronomie\/","og_site_name":"Polos Rent a Car &amp; Rental Agency in Paros","article_modified_time":"2024-06-01T09:14:08+00:00","og_image":[{"url":"https:\/\/poloscarsparos.gr\/wp-content\/uploads\/2021\/04\/gastr-3-1.jpg","type":"","width":"","height":""}],"twitter_card":"summary_large_image","twitter_misc":{"Dur\u00e9e de lecture estim\u00e9e":"3 minutes"},"schema":{"@context":"https:\/\/schema.org","@graph":[{"@type":"WebPage","@id":"https:\/\/poloscarsparos.gr\/fr\/a-propos-de-paros\/gastronomie\/","url":"https:\/\/poloscarsparos.gr\/fr\/a-propos-de-paros\/gastronomie\/","name":"Paros, un lieu b\u00e9ni. Gastronomie \u00e0 Paros","isPartOf":{"@id":"https:\/\/poloscarsparos.gr\/fr\/#website"},"primaryImageOfPage":{"@id":"https:\/\/poloscarsparos.gr\/fr\/a-propos-de-paros\/gastronomie\/#primaryimage"},"image":{"@id":"https:\/\/poloscarsparos.gr\/fr\/a-propos-de-paros\/gastronomie\/#primaryimage"},"thumbnailUrl":"https:\/\/poloscarsparos.gr\/wp-content\/uploads\/2021\/04\/gastr-3-1.jpg","datePublished":"2024-06-01T08:31:19+00:00","dateModified":"2024-06-01T09:14:08+00:00","description":"Les points d'int\u00e9r\u00eat \u00e0 Paros sont nombreux et stimulent tous les sens, avec en vedette son vin d\u00e9licieux.","breadcrumb":{"@id":"https:\/\/poloscarsparos.gr\/fr\/a-propos-de-paros\/gastronomie\/#breadcrumb"},"inLanguage":"fr-FR","potentialAction":[{"@type":"ReadAction","target":["https:\/\/poloscarsparos.gr\/fr\/a-propos-de-paros\/gastronomie\/"]}]},{"@type":"ImageObject","inLanguage":"fr-FR","@id":"https:\/\/poloscarsparos.gr\/fr\/a-propos-de-paros\/gastronomie\/#primaryimage","url":"https:\/\/poloscarsparos.gr\/wp-content\/uploads\/2021\/04\/gastr-3-1.jpg","contentUrl":"https:\/\/poloscarsparos.gr\/wp-content\/uploads\/2021\/04\/gastr-3-1.jpg"},{"@type":"BreadcrumbList","@id":"https:\/\/poloscarsparos.gr\/fr\/a-propos-de-paros\/gastronomie\/#breadcrumb","itemListElement":[{"@type":"ListItem","position":1,"name":"Home","item":"https:\/\/poloscarsparos.gr\/fr\/"},{"@type":"ListItem","position":2,"name":"\u00c0 propos de Paros","item":"https:\/\/poloscarsparos.gr\/fr\/a-propos-de-paros\/"},{"@type":"ListItem","position":3,"name":"Gastronomie"}]},{"@type":"WebSite","@id":"https:\/\/poloscarsparos.gr\/fr\/#website","url":"https:\/\/poloscarsparos.gr\/fr\/","name":"Polos Rent a Car &amp; Rental Agency in Paros","description":"Rent a car, buggy, quad, atv, moto and scooter in Paros!","publisher":{"@id":"https:\/\/poloscarsparos.gr\/fr\/#organization"},"potentialAction":[{"@type":"SearchAction","target":{"@type":"EntryPoint","urlTemplate":"https:\/\/poloscarsparos.gr\/fr\/?s={search_term_string}"},"query-input":{"@type":"PropertyValueSpecification","valueRequired":true,"valueName":"search_term_string"}}],"inLanguage":"fr-FR"},{"@type":"Organization","@id":"https:\/\/poloscarsparos.gr\/fr\/#organization","name":"Polos Rent A Car & Rental Agency","url":"https:\/\/poloscarsparos.gr\/fr\/","logo":{"@type":"ImageObject","inLanguage":"fr-FR","@id":"https:\/\/poloscarsparos.gr\/fr\/#\/schema\/logo\/image\/","url":"","contentUrl":"","caption":"Polos Rent A Car & Rental Agency"},"image":{"@id":"https:\/\/poloscarsparos.gr\/fr\/#\/schema\/logo\/image\/"}}]}},"_links":{"self":[{"href":"https:\/\/poloscarsparos.gr\/fr\/wp-json\/wp\/v2\/pages\/5558","targetHints":{"allow":["GET"]}}],"collection":[{"href":"https:\/\/poloscarsparos.gr\/fr\/wp-json\/wp\/v2\/pages"}],"about":[{"href":"https:\/\/poloscarsparos.gr\/fr\/wp-json\/wp\/v2\/types\/page"}],"author":[{"embeddable":true,"href":"https:\/\/poloscarsparos.gr\/fr\/wp-json\/wp\/v2\/users\/1"}],"replies":[{"embeddable":true,"href":"https:\/\/poloscarsparos.gr\/fr\/wp-json\/wp\/v2\/comments?post=5558"}],"version-history":[{"count":1,"href":"https:\/\/poloscarsparos.gr\/fr\/wp-json\/wp\/v2\/pages\/5558\/revisions"}],"predecessor-version":[{"id":5559,"href":"https:\/\/poloscarsparos.gr\/fr\/wp-json\/wp\/v2\/pages\/5558\/revisions\/5559"}],"up":[{"embeddable":true,"href":"https:\/\/poloscarsparos.gr\/fr\/wp-json\/wp\/v2\/pages\/5517"}],"wp:attachment":[{"href":"https:\/\/poloscarsparos.gr\/fr\/wp-json\/wp\/v2\/media?parent=5558"}],"curies":[{"name":"wp","href":"https:\/\/api.w.org\/{rel}","templated":true}]}}