{"id":5562,"date":"2024-06-01T11:35:45","date_gmt":"2024-06-01T08:35:45","guid":{"rendered":"https:\/\/poloscarsparos.gr\/?page_id=5562"},"modified":"2024-06-01T12:19:46","modified_gmt":"2024-06-01T09:19:46","slug":"a-propos-dantiparos","status":"publish","type":"page","link":"https:\/\/poloscarsparos.gr\/fr\/a-propos-dantiparos\/","title":{"rendered":"\u00c0 propos d'Antiparos"},"content":{"rendered":"\n<p class=\"has-text-align-center\"><strong><strong>Plages \u00e0 Antiparos<\/strong><\/strong><\/p>\n\n\n\n<figure class=\"wp-block-image size-full\"><img loading=\"lazy\" decoding=\"async\" width=\"1000\" height=\"400\" src=\"http:\/\/poloscarsparos.gr\/wp-content\/uploads\/2022\/04\/antiparos-1000-400.jpg\" alt=\"\" class=\"wp-image-3861\" srcset=\"https:\/\/poloscarsparos.gr\/wp-content\/uploads\/2022\/04\/antiparos-1000-400.jpg 1000w, https:\/\/poloscarsparos.gr\/wp-content\/uploads\/2022\/04\/antiparos-1000-400-300x120.jpg 300w, https:\/\/poloscarsparos.gr\/wp-content\/uploads\/2022\/04\/antiparos-1000-400-768x307.jpg 768w, https:\/\/poloscarsparos.gr\/wp-content\/uploads\/2022\/04\/antiparos-1000-400-480x192.jpg 480w, https:\/\/poloscarsparos.gr\/wp-content\/uploads\/2022\/04\/antiparos-1000-400-250x100.jpg 250w, https:\/\/poloscarsparos.gr\/wp-content\/uploads\/2022\/04\/antiparos-1000-400-625x250.jpg 625w, https:\/\/poloscarsparos.gr\/wp-content\/uploads\/2022\/04\/antiparos-1000-400-150x60.jpg 150w, https:\/\/poloscarsparos.gr\/wp-content\/uploads\/2022\/04\/antiparos-1000-400-605x242.jpg 605w\" sizes=\"auto, (max-width: 1000px) 100vw, 1000px\" \/><\/figure>\n\n\n\n<p>Antiparos poss\u00e8de certaines des plages les plus impressionnantes de Gr\u00e8ce. Avec un littoral de 57 km, Antiparos est baign\u00e9e d'un c\u00f4t\u00e9 par des eaux calmes et cristallines et des plages magnifiques, et de l'autre c\u00f4t\u00e9 par des grottes construites par la mer.<\/p>\n\n\n\n<p>Avec des activit\u00e9s et des sports nautiques, une cuisine all\u00e9chante qui ne laisse personne indiff\u00e9rent et des eaux qui cr\u00e9ent des souvenirs, les plages d'Antiparos gagneront votre c\u0153ur.<\/p>\n\n\n\n<p>Parmi les plages d'Antiparos que nous vous conseillons, citons Psaralyki, Soros, Glyfa, Livadia et la c\u00f4te d'Agios Georgios.<\/p>\n\n\n\n<p>Louez votre propre voiture \u00e0 Paros et donnez la priorit\u00e9 \u00e0 un voyage vers la magique Antiparos, car depuis le port de Pounta (sur la route d'Aliki - Pounta), vous pouvez prendre le ferry-boat qui, en 7 \u00e0 10 minutes, rejoint Antiparos. Le ferry-boat vous permet de traverser l'\u00eele avec votre v\u00e9hicule.<\/p>\n\n\n\n<p>Des bateaux partent \u00e9galement du port de Parikia pour Antiparos. La dur\u00e9e du trajet maritime est de 30 minutes et le bateau ne transporte pas de v\u00e9hicules.<\/p>\n\n\n\n<p>Mais une fa\u00e7on fascinante de d\u00e9couvrir les plages d'Antiparos et ses eaux magnifiques est de faire une excursion maritime quotidienne de Paros \u00e0 Antiparos.<\/p>\n\n\n\n<p>En r\u00e9servant une croisi\u00e8re quotidienne de Paros \u00e0 Antiparos, vous passerez par le village traditionnel cycladique d'Ai Giorgis, une baie abrit\u00e9e par des plages d'un bleu profond et dor\u00e9 qui vaut la peine d'\u00eatre visit\u00e9e juste avant le coucher du soleil.<\/p>\n\n\n\n<p>Vous visiterez le Despotiko, et vous verrez de pr\u00e8s un sanctuaire archa\u00efque unique et intact, qui a fonctionn\u00e9 du VIIe si\u00e8cle avant J.-C. jusqu'\u00e0 l'\u00e9poque romaine. Le Despotiko est aujourd'hui un ensemble d'\u00eeles inhabit\u00e9es situ\u00e9 au sud-ouest d'Antiparos. Les \u00eeles de Tsimintiri et de Stroggylo appartiennent \u00e9galement \u00e0 ce complexe. Avec une croisi\u00e8re quotidienne \u00e0 Antiparos, vous serez immerg\u00e9 dans l'incroyable beaut\u00e9 de la mer et dans des paysages magnifiques tels que Panteronisi. Il s'agit d'une grotte sous-marine d'une profondeur de plus de 30 m\u00e8tres. Les stalactites \u00e9tonnantes et color\u00e9es \u00e9blouissent le visiteur de la grotte, qui doit \u00eatre un plongeur exp\u00e9riment\u00e9.<\/p>\n\n\n\n<p>Il y a plusieurs plages \u00e0 Antiparos qui sont facilement accessibles \u00e0 pied depuis le pays. Cependant, de nombreuses plages d'Antiparos sont situ\u00e9es \u00e0 l'ext\u00e9rieur du pays, et vous devez louer une voiture ou une moto, ou mieux encore un bateau.<\/p>\n","protected":false},"excerpt":{"rendered":"<p>Plages \u00e0 Antiparos Antiparos poss\u00e8de certaines des plages les plus impressionnantes de Gr\u00e8ce. Avec un littoral de 57 km, Antiparos est baign\u00e9e d'un c\u00f4t\u00e9 par des eaux calmes et cristallines et des plages magnifiques, et de l'autre c\u00f4t\u00e9 par des grottes construites par la mer. Avec des activit\u00e9s et des sports nautiques, une cuisine all\u00e9chante &hellip; <\/p>\n<p class=\"link-more\"><a href=\"https:\/\/poloscarsparos.gr\/fr\/a-propos-dantiparos\/\" class=\"more-link\"><span class=\"screen-reader-text\"> prova \"\u00c0 propos d'Antiparos\"<\/span><\/a><\/p>\n","protected":false},"author":1,"featured_media":0,"parent":0,"menu_order":0,"comment_status":"closed","ping_status":"closed","template":"page-templates\/page-sidebars.php","meta":{"footnotes":""},"class_list":["post-5562","page","type-page","status-publish","hentry"],"yoast_head":"<!-- This site is optimized with the Yoast SEO plugin v27.1.1 - https:\/\/yoast.com\/product\/yoast-seo-wordpress\/ -->\n<title>Antiparos - Plages et points d&#039;int\u00e9r\u00eat \u00e0 Antiparos<\/title>\n<meta name=\"description\" content=\"Les plages les plus populaires \u00e0 Antiparos et les attractions les plus populaires \u00e0 Antiparos. Croisi\u00e8res d&#039;une journ\u00e9e de Paros \u00e0 Antiparos\" \/>\n<meta name=\"robots\" content=\"index, follow, max-snippet:-1, max-image-preview:large, max-video-preview:-1\" \/>\n<link rel=\"canonical\" href=\"https:\/\/poloscarsparos.gr\/fr\/a-propos-dantiparos\/\" \/>\n<meta property=\"og:locale\" content=\"fr_FR\" \/>\n<meta property=\"og:type\" content=\"article\" \/>\n<meta property=\"og:title\" content=\"Antiparos - Plages et points d&#039;int\u00e9r\u00eat \u00e0 Antiparos\" \/>\n<meta property=\"og:description\" content=\"Les plages les plus populaires \u00e0 Antiparos et les attractions les plus populaires \u00e0 Antiparos. Croisi\u00e8res d&#039;une journ\u00e9e de Paros \u00e0 Antiparos\" \/>\n<meta property=\"og:url\" content=\"https:\/\/poloscarsparos.gr\/fr\/a-propos-dantiparos\/\" \/>\n<meta property=\"og:site_name\" content=\"Polos Rent a Car &amp; Rental Agency in Paros\" \/>\n<meta property=\"article:modified_time\" content=\"2024-06-01T09:19:46+00:00\" \/>\n<meta property=\"og:image\" content=\"http:\/\/poloscarsparos.gr\/wp-content\/uploads\/2022\/04\/antiparos-1000-400.jpg\" \/>\n<meta name=\"twitter:card\" content=\"summary_large_image\" \/>\n<meta name=\"twitter:label1\" content=\"Dur\u00e9e de lecture estim\u00e9e\" \/>\n\t<meta name=\"twitter:data1\" content=\"2 minutes\" \/>\n<script type=\"application\/ld+json\" class=\"yoast-schema-graph\">{\"@context\":\"https:\/\/schema.org\",\"@graph\":[{\"@type\":\"WebPage\",\"@id\":\"https:\/\/poloscarsparos.gr\/fr\/a-propos-dantiparos\/\",\"url\":\"https:\/\/poloscarsparos.gr\/fr\/a-propos-dantiparos\/\",\"name\":\"Antiparos - Plages et points d'int\u00e9r\u00eat \u00e0 Antiparos\",\"isPartOf\":{\"@id\":\"https:\/\/poloscarsparos.gr\/fr\/#website\"},\"primaryImageOfPage\":{\"@id\":\"https:\/\/poloscarsparos.gr\/fr\/a-propos-dantiparos\/#primaryimage\"},\"image\":{\"@id\":\"https:\/\/poloscarsparos.gr\/fr\/a-propos-dantiparos\/#primaryimage\"},\"thumbnailUrl\":\"http:\/\/poloscarsparos.gr\/wp-content\/uploads\/2022\/04\/antiparos-1000-400.jpg\",\"datePublished\":\"2024-06-01T08:35:45+00:00\",\"dateModified\":\"2024-06-01T09:19:46+00:00\",\"description\":\"Les plages les plus populaires \u00e0 Antiparos et les attractions les plus populaires \u00e0 Antiparos. Croisi\u00e8res d'une journ\u00e9e de Paros \u00e0 Antiparos\",\"breadcrumb\":{\"@id\":\"https:\/\/poloscarsparos.gr\/fr\/a-propos-dantiparos\/#breadcrumb\"},\"inLanguage\":\"fr-FR\",\"potentialAction\":[{\"@type\":\"ReadAction\",\"target\":[\"https:\/\/poloscarsparos.gr\/fr\/a-propos-dantiparos\/\"]}]},{\"@type\":\"ImageObject\",\"inLanguage\":\"fr-FR\",\"@id\":\"https:\/\/poloscarsparos.gr\/fr\/a-propos-dantiparos\/#primaryimage\",\"url\":\"http:\/\/poloscarsparos.gr\/wp-content\/uploads\/2022\/04\/antiparos-1000-400.jpg\",\"contentUrl\":\"http:\/\/poloscarsparos.gr\/wp-content\/uploads\/2022\/04\/antiparos-1000-400.jpg\"},{\"@type\":\"BreadcrumbList\",\"@id\":\"https:\/\/poloscarsparos.gr\/fr\/a-propos-dantiparos\/#breadcrumb\",\"itemListElement\":[{\"@type\":\"ListItem\",\"position\":1,\"name\":\"Home\",\"item\":\"https:\/\/poloscarsparos.gr\/fr\/\"},{\"@type\":\"ListItem\",\"position\":2,\"name\":\"\u00c0 propos d'Antiparos\"}]},{\"@type\":\"WebSite\",\"@id\":\"https:\/\/poloscarsparos.gr\/fr\/#website\",\"url\":\"https:\/\/poloscarsparos.gr\/fr\/\",\"name\":\"Polos Rent a Car &amp; Rental Agency in Paros\",\"description\":\"Rent a car, buggy, quad, atv, moto and scooter in Paros!\",\"publisher\":{\"@id\":\"https:\/\/poloscarsparos.gr\/fr\/#organization\"},\"potentialAction\":[{\"@type\":\"SearchAction\",\"target\":{\"@type\":\"EntryPoint\",\"urlTemplate\":\"https:\/\/poloscarsparos.gr\/fr\/?s={search_term_string}\"},\"query-input\":{\"@type\":\"PropertyValueSpecification\",\"valueRequired\":true,\"valueName\":\"search_term_string\"}}],\"inLanguage\":\"fr-FR\"},{\"@type\":\"Organization\",\"@id\":\"https:\/\/poloscarsparos.gr\/fr\/#organization\",\"name\":\"Polos Rent A Car & Rental Agency\",\"url\":\"https:\/\/poloscarsparos.gr\/fr\/\",\"logo\":{\"@type\":\"ImageObject\",\"inLanguage\":\"fr-FR\",\"@id\":\"https:\/\/poloscarsparos.gr\/fr\/#\/schema\/logo\/image\/\",\"url\":\"\",\"contentUrl\":\"\",\"caption\":\"Polos Rent A Car & Rental Agency\"},\"image\":{\"@id\":\"https:\/\/poloscarsparos.gr\/fr\/#\/schema\/logo\/image\/\"}}]}<\/script>\n<!-- \/ Yoast SEO plugin. -->","yoast_head_json":{"title":"Antiparos - Plages et points d'int\u00e9r\u00eat \u00e0 Antiparos","description":"Les plages les plus populaires \u00e0 Antiparos et les attractions les plus populaires \u00e0 Antiparos. Croisi\u00e8res d'une journ\u00e9e de Paros \u00e0 Antiparos","robots":{"index":"index","follow":"follow","max-snippet":"max-snippet:-1","max-image-preview":"max-image-preview:large","max-video-preview":"max-video-preview:-1"},"canonical":"https:\/\/poloscarsparos.gr\/fr\/a-propos-dantiparos\/","og_locale":"fr_FR","og_type":"article","og_title":"Antiparos - Plages et points d'int\u00e9r\u00eat \u00e0 Antiparos","og_description":"Les plages les plus populaires \u00e0 Antiparos et les attractions les plus populaires \u00e0 Antiparos. Croisi\u00e8res d'une journ\u00e9e de Paros \u00e0 Antiparos","og_url":"https:\/\/poloscarsparos.gr\/fr\/a-propos-dantiparos\/","og_site_name":"Polos Rent a Car &amp; Rental Agency in Paros","article_modified_time":"2024-06-01T09:19:46+00:00","og_image":[{"url":"http:\/\/poloscarsparos.gr\/wp-content\/uploads\/2022\/04\/antiparos-1000-400.jpg","type":"","width":"","height":""}],"twitter_card":"summary_large_image","twitter_misc":{"Dur\u00e9e de lecture estim\u00e9e":"2 minutes"},"schema":{"@context":"https:\/\/schema.org","@graph":[{"@type":"WebPage","@id":"https:\/\/poloscarsparos.gr\/fr\/a-propos-dantiparos\/","url":"https:\/\/poloscarsparos.gr\/fr\/a-propos-dantiparos\/","name":"Antiparos - Plages et points d'int\u00e9r\u00eat \u00e0 Antiparos","isPartOf":{"@id":"https:\/\/poloscarsparos.gr\/fr\/#website"},"primaryImageOfPage":{"@id":"https:\/\/poloscarsparos.gr\/fr\/a-propos-dantiparos\/#primaryimage"},"image":{"@id":"https:\/\/poloscarsparos.gr\/fr\/a-propos-dantiparos\/#primaryimage"},"thumbnailUrl":"http:\/\/poloscarsparos.gr\/wp-content\/uploads\/2022\/04\/antiparos-1000-400.jpg","datePublished":"2024-06-01T08:35:45+00:00","dateModified":"2024-06-01T09:19:46+00:00","description":"Les plages les plus populaires \u00e0 Antiparos et les attractions les plus populaires \u00e0 Antiparos. Croisi\u00e8res d'une journ\u00e9e de Paros \u00e0 Antiparos","breadcrumb":{"@id":"https:\/\/poloscarsparos.gr\/fr\/a-propos-dantiparos\/#breadcrumb"},"inLanguage":"fr-FR","potentialAction":[{"@type":"ReadAction","target":["https:\/\/poloscarsparos.gr\/fr\/a-propos-dantiparos\/"]}]},{"@type":"ImageObject","inLanguage":"fr-FR","@id":"https:\/\/poloscarsparos.gr\/fr\/a-propos-dantiparos\/#primaryimage","url":"http:\/\/poloscarsparos.gr\/wp-content\/uploads\/2022\/04\/antiparos-1000-400.jpg","contentUrl":"http:\/\/poloscarsparos.gr\/wp-content\/uploads\/2022\/04\/antiparos-1000-400.jpg"},{"@type":"BreadcrumbList","@id":"https:\/\/poloscarsparos.gr\/fr\/a-propos-dantiparos\/#breadcrumb","itemListElement":[{"@type":"ListItem","position":1,"name":"Home","item":"https:\/\/poloscarsparos.gr\/fr\/"},{"@type":"ListItem","position":2,"name":"\u00c0 propos d'Antiparos"}]},{"@type":"WebSite","@id":"https:\/\/poloscarsparos.gr\/fr\/#website","url":"https:\/\/poloscarsparos.gr\/fr\/","name":"Polos Rent a Car &amp; Rental Agency in Paros","description":"Rent a car, buggy, quad, atv, moto and scooter in Paros!","publisher":{"@id":"https:\/\/poloscarsparos.gr\/fr\/#organization"},"potentialAction":[{"@type":"SearchAction","target":{"@type":"EntryPoint","urlTemplate":"https:\/\/poloscarsparos.gr\/fr\/?s={search_term_string}"},"query-input":{"@type":"PropertyValueSpecification","valueRequired":true,"valueName":"search_term_string"}}],"inLanguage":"fr-FR"},{"@type":"Organization","@id":"https:\/\/poloscarsparos.gr\/fr\/#organization","name":"Polos Rent A Car & Rental Agency","url":"https:\/\/poloscarsparos.gr\/fr\/","logo":{"@type":"ImageObject","inLanguage":"fr-FR","@id":"https:\/\/poloscarsparos.gr\/fr\/#\/schema\/logo\/image\/","url":"","contentUrl":"","caption":"Polos Rent A Car & Rental Agency"},"image":{"@id":"https:\/\/poloscarsparos.gr\/fr\/#\/schema\/logo\/image\/"}}]}},"_links":{"self":[{"href":"https:\/\/poloscarsparos.gr\/fr\/wp-json\/wp\/v2\/pages\/5562","targetHints":{"allow":["GET"]}}],"collection":[{"href":"https:\/\/poloscarsparos.gr\/fr\/wp-json\/wp\/v2\/pages"}],"about":[{"href":"https:\/\/poloscarsparos.gr\/fr\/wp-json\/wp\/v2\/types\/page"}],"author":[{"embeddable":true,"href":"https:\/\/poloscarsparos.gr\/fr\/wp-json\/wp\/v2\/users\/1"}],"replies":[{"embeddable":true,"href":"https:\/\/poloscarsparos.gr\/fr\/wp-json\/wp\/v2\/comments?post=5562"}],"version-history":[{"count":1,"href":"https:\/\/poloscarsparos.gr\/fr\/wp-json\/wp\/v2\/pages\/5562\/revisions"}],"predecessor-version":[{"id":5563,"href":"https:\/\/poloscarsparos.gr\/fr\/wp-json\/wp\/v2\/pages\/5562\/revisions\/5563"}],"wp:attachment":[{"href":"https:\/\/poloscarsparos.gr\/fr\/wp-json\/wp\/v2\/media?parent=5562"}],"curies":[{"name":"wp","href":"https:\/\/api.w.org\/{rel}","templated":true}]}}