{"id":6142,"date":"2025-05-15T15:00:09","date_gmt":"2025-05-15T12:00:09","guid":{"rendered":"https:\/\/poloscarsparos.gr\/?page_id=6142"},"modified":"2025-05-26T14:48:12","modified_gmt":"2025-05-26T11:48:12","slug":"conditions-de-location","status":"publish","type":"page","link":"https:\/\/poloscarsparos.gr\/fr\/conditions-de-location\/","title":{"rendered":"Conditions de location"},"content":{"rendered":"\n<ul class=\"wp-block-list\">\n<li><strong>Permis de conduire pour voiture :<\/strong> Le conducteur doit \u00eatre titulaire d\u2019un permis de conduire europ\u00e9en ou <a href=\"https:\/\/e-ita.org\/\">international (IDL)<\/a> valide depuis au moins un an. Un IDL est obligatoire pour tous les conducteurs non-europ\u00e9ens louant un v\u00e9hicule en Gr\u00e8ce.<\/li>\n\n\n\n<li><strong>Permis de conduire pour scooter\/moto :<\/strong> Le conducteur doit \u00eatre titulaire d\u2019un permis de conduire europ\u00e9en ou <a href=\"https:\/\/e-ita.org\/\">international (IDL)<\/a> valide de cat\u00e9gorie A, A1 ou A2 depuis au moins un an. Les locataires doivent avoir au moins 21 ans et une exp\u00e9rience pr\u00e9alable dans la conduite du type de v\u00e9hicule lou\u00e9.<\/li>\n\n\n\n<li><strong>Permis de conduire pour buggy\/quad\/ATV :<\/strong> Le conducteur doit \u00eatre titulaire d\u2019un permis de conduire europ\u00e9en ou <a href=\"https:\/\/e-ita.org\/\">international (IDL)<\/a> valide depuis au moins un an. Un permis de conduire de cat\u00e9gorie B (voiture) est requis pour conduire l\u00e9galement ces v\u00e9hicules. Les locataires doivent avoir au moins 23 ans et une exp\u00e9rience pr\u00e9alable dans la conduite du type de v\u00e9hicule lou\u00e9. Les personnes titulaires d\u2019un permis de cat\u00e9gorie A, A1 ou A2 ne peuvent pas conduire de Buggy ou de Quad ou de ATV..<\/li>\n\n\n\n<li><strong>Responsabilit\u00e9 :<\/strong> Le locataire est responsable de tout dommage caus\u00e9 au v\u00e9hicule pendant la p\u00e9riode de location.<\/li>\n\n\n\n<li><strong>Politique de carburant :<\/strong> Tous les v\u00e9hicules doivent \u00eatre restitu\u00e9s avec le m\u00eame niveau de carburant qu'\u00e0 la prise en charge. Des frais suppl\u00e9mentaires peuvent \u00eatre appliqu\u00e9s lors du retour si le niveau de carburant est inf\u00e9rieur \u00e0 celui du d\u00e9part.<\/li>\n\n\n\n<li><strong>Exigence de carte de cr\u00e9dit :<\/strong> Une carte de cr\u00e9dit est requise pour la location de v\u00e9hicule \u00e0 titre de garantie. Si la carte de cr\u00e9dit n\u2019est pas au nom du conducteur, cela doit \u00eatre mentionn\u00e9 et inclus dans le contrat de location en tant que conducteur additionnel. Le montant du d\u00e9p\u00f4t sera temporairement bloqu\u00e9 \u00e0 la prise en charge comme garantie et lib\u00e9r\u00e9 au retour du v\u00e9hicule, si aucun frais suppl\u00e9mentaire ne s\u2019applique ; le montant d\u00e9pend du type d\u2019assurance et du niveau de franchise choisi.<\/li>\n\n\n\n<li><strong>Carte de d\u00e9bit ou esp\u00e8ces :<\/strong> Si le locataire ne poss\u00e8de pas de carte de cr\u00e9dit, une carte de d\u00e9bit ou un paiement en esp\u00e8ces est accept\u00e9 uniquement si le montant requis est disponible pour \u00eatre d\u00e9bit\u00e9 et si une assurance suppl\u00e9mentaire est souscrite. La caution correspondra au montant de la franchise de l\u2019assurance choisie. Elle sera d\u00e9bit\u00e9e int\u00e9gralement \u00e0 l\u2019arriv\u00e9e et rembours\u00e9e de la m\u00eame mani\u00e8re au retour du v\u00e9hicule dans le m\u00eame \u00e9tat.<\/li>\n\n\n\n<li><strong>Option de d\u00e9p\u00f4t en esp\u00e8ces :<\/strong> Si le locataire ne poss\u00e8de pas de carte de cr\u00e9dit, un d\u00e9p\u00f4t en esp\u00e8ces est possible uniquement si une assurance suppl\u00e9mentaire est souscrite. Le d\u00e9p\u00f4t en esp\u00e8ces correspondra au montant de la franchise. Il devra \u00eatre pay\u00e9 au moment de la prise en charge du v\u00e9hicule et sera rembours\u00e9 de la m\u00eame mani\u00e8re au retour du v\u00e9hicule dans le m\u00eame \u00e9tat.<\/li>\n\n\n\n<li><strong>Documents requis :<\/strong> Pour louer un v\u00e9hicule, le locataire doit pr\u00e9senter un permis de conduire valide, une pi\u00e8ce d\u2019identit\u00e9 officielle (passeport ou carte nationale d\u2019identit\u00e9) ainsi qu\u2019une carte de cr\u00e9dit\/d\u00e9bit ou de l\u2019argent liquide pour le d\u00e9p\u00f4t de garantie.<\/li>\n<\/ul>\n\n\n\n<h3 class=\"wp-block-heading\"><strong>Conditions d'\u00e2ge<\/strong><\/h3>\n\n\n\n<p>L\u2019\u00e2ge minimum requis pour louer une voiture est g\u00e9n\u00e9ralement de 20 ans, avec un permis de conduire valide depuis au moins un an. Toutefois, les conducteurs de moins de 23 ans sont soumis \u00e0 une surtaxe \"jeune conducteur\".<br>&nbsp;Pour les conducteurs \u00e2g\u00e9s, la limite d\u2019\u00e2ge maximale pour la location est de 80 ans. Les conducteurs de plus de 70 ans sont soumis \u00e0 une surtaxe \"conducteur senior\".<\/p>\n\n\n\n<h3 class=\"wp-block-heading\"><strong>Que se passe-t-il si je ne respecte pas les conditions de location ?<\/strong><\/h3>\n\n\n\n<p>Si le locataire ne respecte pas les conditions de location (par ex. : \u00e2ge, permis de conduire, carte de cr\u00e9dit), Polos Rent A Car &amp; Rental Agency ne pourra \u00eatre tenu responsable. La r\u00e9servation sera annul\u00e9e et aucun remboursement ne sera effectu\u00e9 pour le co\u00fbt total.<\/p>\n\n\n\n<h3 class=\"wp-block-heading\"><strong>Puis-je louer une voiture avec un permis non international ?<\/strong><\/h3>\n\n\n\n<p>Nous acceptons la plupart des permis de conduire non internationaux ; cependant, les permis d\u00e9livr\u00e9s dans certains pays peuvent n\u00e9cessiter un permis de conduire international (IDP). Pour toute clarification ou information suppl\u00e9mentaire, n\u2019h\u00e9sitez pas \u00e0 nous contacter.<\/p>\n","protected":false},"excerpt":{"rendered":"<p>Conditions d'\u00e2ge L\u2019\u00e2ge minimum requis pour louer une voiture est g\u00e9n\u00e9ralement de 20 ans, avec un permis de conduire valide depuis au moins un an. Toutefois, les conducteurs de moins de 23 ans sont soumis \u00e0 une surtaxe \"jeune conducteur\".&nbsp;Pour les conducteurs \u00e2g\u00e9s, la limite d\u2019\u00e2ge maximale pour la location est de 80 ans. Les &hellip; <\/p>\n<p class=\"link-more\"><a href=\"https:\/\/poloscarsparos.gr\/fr\/conditions-de-location\/\" class=\"more-link\"><span class=\"screen-reader-text\"> prova \"Conditions de location\"<\/span><\/a><\/p>\n","protected":false},"author":1,"featured_media":0,"parent":0,"menu_order":0,"comment_status":"closed","ping_status":"closed","template":"","meta":{"footnotes":""},"class_list":["post-6142","page","type-page","status-publish","hentry"],"yoast_head":"<!-- This site is optimized with the Yoast SEO plugin v27.1.1 - https:\/\/yoast.com\/product\/yoast-seo-wordpress\/ -->\n<title>Conditions de Location de Voiture \u00e0 Paros | Polo Cars Paros \u2013 Ce qu\u2019il faut savoir<\/title>\n<meta name=\"description\" content=\"D\u00e9couvrez les conditions pour louer une voiture \u00e0 Paros : \u00e2ge, permis, documents et termes avec Polo Cars Paros.\" \/>\n<meta name=\"robots\" content=\"index, follow, max-snippet:-1, max-image-preview:large, max-video-preview:-1\" \/>\n<link rel=\"canonical\" href=\"https:\/\/poloscarsparos.gr\/fr\/conditions-de-location\/\" \/>\n<meta property=\"og:locale\" content=\"fr_FR\" \/>\n<meta property=\"og:type\" content=\"article\" \/>\n<meta property=\"og:title\" content=\"Conditions de Location de Voiture \u00e0 Paros | Polo Cars Paros \u2013 Ce qu\u2019il faut savoir\" \/>\n<meta property=\"og:description\" content=\"D\u00e9couvrez les conditions pour louer une voiture \u00e0 Paros : \u00e2ge, permis, documents et termes avec Polo Cars Paros.\" \/>\n<meta property=\"og:url\" content=\"https:\/\/poloscarsparos.gr\/fr\/conditions-de-location\/\" \/>\n<meta property=\"og:site_name\" content=\"Polos Rent a Car &amp; Rental Agency in Paros\" \/>\n<meta property=\"article:modified_time\" content=\"2025-05-26T11:48:12+00:00\" \/>\n<meta name=\"twitter:card\" content=\"summary_large_image\" \/>\n<meta name=\"twitter:label1\" content=\"Dur\u00e9e de lecture estim\u00e9e\" \/>\n\t<meta name=\"twitter:data1\" content=\"3 minutes\" \/>\n<script type=\"application\/ld+json\" class=\"yoast-schema-graph\">{\"@context\":\"https:\/\/schema.org\",\"@graph\":[{\"@type\":\"WebPage\",\"@id\":\"https:\/\/poloscarsparos.gr\/fr\/conditions-de-location\/\",\"url\":\"https:\/\/poloscarsparos.gr\/fr\/conditions-de-location\/\",\"name\":\"Conditions de Location de Voiture \u00e0 Paros | Polo Cars Paros \u2013 Ce qu\u2019il faut savoir\",\"isPartOf\":{\"@id\":\"https:\/\/poloscarsparos.gr\/fr\/#website\"},\"datePublished\":\"2025-05-15T12:00:09+00:00\",\"dateModified\":\"2025-05-26T11:48:12+00:00\",\"description\":\"D\u00e9couvrez les conditions pour louer une voiture \u00e0 Paros : \u00e2ge, permis, documents et termes avec Polo Cars Paros.\",\"breadcrumb\":{\"@id\":\"https:\/\/poloscarsparos.gr\/fr\/conditions-de-location\/#breadcrumb\"},\"inLanguage\":\"fr-FR\",\"potentialAction\":[{\"@type\":\"ReadAction\",\"target\":[\"https:\/\/poloscarsparos.gr\/fr\/conditions-de-location\/\"]}]},{\"@type\":\"BreadcrumbList\",\"@id\":\"https:\/\/poloscarsparos.gr\/fr\/conditions-de-location\/#breadcrumb\",\"itemListElement\":[{\"@type\":\"ListItem\",\"position\":1,\"name\":\"Home\",\"item\":\"https:\/\/poloscarsparos.gr\/fr\/\"},{\"@type\":\"ListItem\",\"position\":2,\"name\":\"Conditions de location\"}]},{\"@type\":\"WebSite\",\"@id\":\"https:\/\/poloscarsparos.gr\/fr\/#website\",\"url\":\"https:\/\/poloscarsparos.gr\/fr\/\",\"name\":\"Polos Rent a Car &amp; Rental Agency in Paros\",\"description\":\"Rent a car, buggy, quad, atv, moto and scooter in Paros!\",\"publisher\":{\"@id\":\"https:\/\/poloscarsparos.gr\/fr\/#organization\"},\"potentialAction\":[{\"@type\":\"SearchAction\",\"target\":{\"@type\":\"EntryPoint\",\"urlTemplate\":\"https:\/\/poloscarsparos.gr\/fr\/?s={search_term_string}\"},\"query-input\":{\"@type\":\"PropertyValueSpecification\",\"valueRequired\":true,\"valueName\":\"search_term_string\"}}],\"inLanguage\":\"fr-FR\"},{\"@type\":\"Organization\",\"@id\":\"https:\/\/poloscarsparos.gr\/fr\/#organization\",\"name\":\"Polos Rent A Car & Rental Agency\",\"url\":\"https:\/\/poloscarsparos.gr\/fr\/\",\"logo\":{\"@type\":\"ImageObject\",\"inLanguage\":\"fr-FR\",\"@id\":\"https:\/\/poloscarsparos.gr\/fr\/#\/schema\/logo\/image\/\",\"url\":\"\",\"contentUrl\":\"\",\"caption\":\"Polos Rent A Car & Rental Agency\"},\"image\":{\"@id\":\"https:\/\/poloscarsparos.gr\/fr\/#\/schema\/logo\/image\/\"}}]}<\/script>\n<!-- \/ Yoast SEO plugin. -->","yoast_head_json":{"title":"Conditions de Location de Voiture \u00e0 Paros | Polo Cars Paros \u2013 Ce qu\u2019il faut savoir","description":"D\u00e9couvrez les conditions pour louer une voiture \u00e0 Paros : \u00e2ge, permis, documents et termes avec Polo Cars Paros.","robots":{"index":"index","follow":"follow","max-snippet":"max-snippet:-1","max-image-preview":"max-image-preview:large","max-video-preview":"max-video-preview:-1"},"canonical":"https:\/\/poloscarsparos.gr\/fr\/conditions-de-location\/","og_locale":"fr_FR","og_type":"article","og_title":"Conditions de Location de Voiture \u00e0 Paros | Polo Cars Paros \u2013 Ce qu\u2019il faut savoir","og_description":"D\u00e9couvrez les conditions pour louer une voiture \u00e0 Paros : \u00e2ge, permis, documents et termes avec Polo Cars Paros.","og_url":"https:\/\/poloscarsparos.gr\/fr\/conditions-de-location\/","og_site_name":"Polos Rent a Car &amp; Rental Agency in Paros","article_modified_time":"2025-05-26T11:48:12+00:00","twitter_card":"summary_large_image","twitter_misc":{"Dur\u00e9e de lecture estim\u00e9e":"3 minutes"},"schema":{"@context":"https:\/\/schema.org","@graph":[{"@type":"WebPage","@id":"https:\/\/poloscarsparos.gr\/fr\/conditions-de-location\/","url":"https:\/\/poloscarsparos.gr\/fr\/conditions-de-location\/","name":"Conditions de Location de Voiture \u00e0 Paros | Polo Cars Paros \u2013 Ce qu\u2019il faut savoir","isPartOf":{"@id":"https:\/\/poloscarsparos.gr\/fr\/#website"},"datePublished":"2025-05-15T12:00:09+00:00","dateModified":"2025-05-26T11:48:12+00:00","description":"D\u00e9couvrez les conditions pour louer une voiture \u00e0 Paros : \u00e2ge, permis, documents et termes avec Polo Cars Paros.","breadcrumb":{"@id":"https:\/\/poloscarsparos.gr\/fr\/conditions-de-location\/#breadcrumb"},"inLanguage":"fr-FR","potentialAction":[{"@type":"ReadAction","target":["https:\/\/poloscarsparos.gr\/fr\/conditions-de-location\/"]}]},{"@type":"BreadcrumbList","@id":"https:\/\/poloscarsparos.gr\/fr\/conditions-de-location\/#breadcrumb","itemListElement":[{"@type":"ListItem","position":1,"name":"Home","item":"https:\/\/poloscarsparos.gr\/fr\/"},{"@type":"ListItem","position":2,"name":"Conditions de location"}]},{"@type":"WebSite","@id":"https:\/\/poloscarsparos.gr\/fr\/#website","url":"https:\/\/poloscarsparos.gr\/fr\/","name":"Polos Rent a Car &amp; Rental Agency in Paros","description":"Rent a car, buggy, quad, atv, moto and scooter in Paros!","publisher":{"@id":"https:\/\/poloscarsparos.gr\/fr\/#organization"},"potentialAction":[{"@type":"SearchAction","target":{"@type":"EntryPoint","urlTemplate":"https:\/\/poloscarsparos.gr\/fr\/?s={search_term_string}"},"query-input":{"@type":"PropertyValueSpecification","valueRequired":true,"valueName":"search_term_string"}}],"inLanguage":"fr-FR"},{"@type":"Organization","@id":"https:\/\/poloscarsparos.gr\/fr\/#organization","name":"Polos Rent A Car & Rental Agency","url":"https:\/\/poloscarsparos.gr\/fr\/","logo":{"@type":"ImageObject","inLanguage":"fr-FR","@id":"https:\/\/poloscarsparos.gr\/fr\/#\/schema\/logo\/image\/","url":"","contentUrl":"","caption":"Polos Rent A Car & Rental Agency"},"image":{"@id":"https:\/\/poloscarsparos.gr\/fr\/#\/schema\/logo\/image\/"}}]}},"_links":{"self":[{"href":"https:\/\/poloscarsparos.gr\/fr\/wp-json\/wp\/v2\/pages\/6142","targetHints":{"allow":["GET"]}}],"collection":[{"href":"https:\/\/poloscarsparos.gr\/fr\/wp-json\/wp\/v2\/pages"}],"about":[{"href":"https:\/\/poloscarsparos.gr\/fr\/wp-json\/wp\/v2\/types\/page"}],"author":[{"embeddable":true,"href":"https:\/\/poloscarsparos.gr\/fr\/wp-json\/wp\/v2\/users\/1"}],"replies":[{"embeddable":true,"href":"https:\/\/poloscarsparos.gr\/fr\/wp-json\/wp\/v2\/comments?post=6142"}],"version-history":[{"count":3,"href":"https:\/\/poloscarsparos.gr\/fr\/wp-json\/wp\/v2\/pages\/6142\/revisions"}],"predecessor-version":[{"id":6242,"href":"https:\/\/poloscarsparos.gr\/fr\/wp-json\/wp\/v2\/pages\/6142\/revisions\/6242"}],"wp:attachment":[{"href":"https:\/\/poloscarsparos.gr\/fr\/wp-json\/wp\/v2\/media?parent=6142"}],"curies":[{"name":"wp","href":"https:\/\/api.w.org\/{rel}","templated":true}]}}