{"id":6157,"date":"2025-05-15T15:40:08","date_gmt":"2025-05-15T12:40:08","guid":{"rendered":"https:\/\/poloscarsparos.gr\/?page_id=6157"},"modified":"2025-05-27T23:02:17","modified_gmt":"2025-05-27T20:02:17","slug":"politiques-dassurance-depot-de-garantie","status":"publish","type":"page","link":"https:\/\/poloscarsparos.gr\/fr\/politiques-dassurance-depot-de-garantie\/","title":{"rendered":"Politiques d'Assurance &amp; D\u00e9p\u00f4t de Garantie"},"content":{"rendered":"\n<h3 class=\"wp-block-heading has-vivid-red-color has-text-color has-link-color wp-elements-7a5e0393da7ecc604df764b9dc57b9dc\"><strong>Cat\u00e9gorie de Location de Voiture Groupe AB (A1, B1)<\/strong><\/h3>\n\n\n\n<p>Voici les d\u00e9tails de couverture, les co\u00fbts quotidiens, les montants de franchise, et les d\u00e9p\u00f4ts de garantie requis pour le <strong>Groupe AB :<\/strong><strong><\/strong><\/p>\n\n\n\n<ol start=\"1\" class=\"wp-block-list\">\n<li><strong>THD (Couverture tiers)<br><\/strong>&nbsp;Co\u00fbt quotidien : 0 \u20ac<br>&nbsp;Franchise : Responsabilit\u00e9 totale pour tous les dommages<br>&nbsp;D\u00e9p\u00f4t de garantie : 750 \u20ac (Carte de Cr\u00e9dit) \/ 650 \u20ac (Esp\u00e8ces)<br>&nbsp;Disponibilit\u00e9 : Pour les locations de 1 jour ou plus<\/li>\n\n\n\n<li><strong>CDW (Renonciation \u00e0 la Garantie des Dommages par Collision)<br><\/strong>&nbsp;Co\u00fbt quotidien : 11 \u20ac<br>&nbsp;Franchise : 992 \u20ac<br>&nbsp;D\u00e9p\u00f4t de garantie : 650 \u20ac (Carte de Cr\u00e9dit) \/ 550 \u20ac (Esp\u00e8ces)<br>&nbsp;Disponibilit\u00e9 : Pour les locations de 1 jour ou plus<\/li>\n\n\n\n<li><strong>S1-CDW (Renonciation R\u00e9duite \u00e0 la Garantie des Dommages par Collision)<br><\/strong>&nbsp;Co\u00fbt quotidien : 16 \u20ac<br>&nbsp;Franchise : 496 \u20ac<br>&nbsp;D\u00e9p\u00f4t de garantie : 496 \u20ac (Carte de Cr\u00e9dit) \/ 450 \u20ac (Esp\u00e8ces)<br>&nbsp;Disponibilit\u00e9 : Pour les locations de 2 jours ou plus<\/li>\n\n\n\n<li><strong>S2-CDW (Renonciation \u00e0 la Garantie des Dommages par Collision Plus R\u00e9duite)<br><\/strong>&nbsp;Co\u00fbt quotidien : 21 \u20ac<br>&nbsp;Franchise : 186 \u20ac<br>&nbsp;D\u00e9p\u00f4t de garantie : 186 \u20ac (Carte de Cr\u00e9dit) \/ 186 \u20ac (Esp\u00e8ces)<br>&nbsp;Disponibilit\u00e9 : Pour les locations de 3 jours ou plus<\/li>\n\n\n\n<li><strong>FDW (Renonciation Compl\u00e8te aux Dommages - Z\u00e9ro Franchise)<br><\/strong>&nbsp;Co\u00fbt quotidien : 29 \u20ac<br>&nbsp;Franchise : 0 \u20ac (Couverture Totale)<br>&nbsp;D\u00e9p\u00f4t de garantie : 0 \u20ac<br>&nbsp;Disponibilit\u00e9 : Pour les locations de 5 jours ou plus<\/li>\n<\/ol>\n\n\n\n<h3 class=\"wp-block-heading has-vivid-red-color has-text-color has-link-color wp-elements-9f0f85d78536aa8ebcc22d36307088f9\"><strong>Cat\u00e9gorie de Location de Voiture Groupe AC (A1.a, A3.c, A3.c.a, A4.c.a, A5.c.a, B2.a, C1)<\/strong><\/h3>\n\n\n\n<p>Voici les d\u00e9tails de couverture, les co\u00fbts quotidiens, les montants de franchise, et les d\u00e9p\u00f4ts de garantie requis pour le <strong>Groupe AC :<\/strong><strong><\/strong><\/p>\n\n\n\n<ol start=\"1\" class=\"wp-block-list\">\n<li><strong>THD (Couverture tiers)<br><\/strong>&nbsp;Co\u00fbt quotidien : 0 \u20ac<br>&nbsp;Franchise : Responsabilit\u00e9 totale pour tous les dommages<br>&nbsp;D\u00e9p\u00f4t de garantie : 750 \u20ac (Carte de Cr\u00e9dit) \/ 650 \u20ac (Esp\u00e8ces)<br>&nbsp;Disponibilit\u00e9 : Pour les locations de 1 jour ou plus<\/li>\n\n\n\n<li><strong>CDW (Renonciation \u00e0 la Garantie des Dommages par Collision)<br><\/strong>&nbsp;Co\u00fbt quotidien : 12 \u20ac<br>&nbsp;Franchise : 1 240 \u20ac<br>&nbsp;D\u00e9p\u00f4t de garantie : 650 \u20ac (Carte de Cr\u00e9dit) \/ 550 \u20ac (Esp\u00e8ces)<br>&nbsp;Disponibilit\u00e9 : Pour les locations de 1 jour ou plus<\/li>\n\n\n\n<li><strong>S1-CDW (Renonciation R\u00e9duite \u00e0 la Garantie des Dommages par Collision)<br><\/strong>&nbsp;Co\u00fbt quotidien : 17 \u20ac<br>&nbsp;Franchise : 496 \u20ac<br>&nbsp;D\u00e9p\u00f4t de garantie : 496 \u20ac (Carte de Cr\u00e9dit) \/ 450 \u20ac (Esp\u00e8ces)<br>&nbsp;Disponibilit\u00e9 : Pour les locations de 2 jours ou plus<\/li>\n\n\n\n<li><strong>S2-CDW (Renonciation \u00e0 la Garantie des Dommages par Collision Plus R\u00e9duite)<br><\/strong>&nbsp;Co\u00fbt quotidien : 22 \u20ac<br>&nbsp;Franchise : 186 \u20ac<br>&nbsp;D\u00e9p\u00f4t de garantie : 186 \u20ac (Carte de Cr\u00e9dit) \/ 186 \u20ac (Esp\u00e8ces)<br>&nbsp;Disponibilit\u00e9 : Pour les locations de 3 jours ou plus<\/li>\n\n\n\n<li><strong>FDW (Renonciation Compl\u00e8te aux Dommages - Z\u00e9ro Franchise)<br><\/strong>&nbsp;Co\u00fbt quotidien : 31 \u20ac<br>&nbsp;Franchise : 0 \u20ac (Couverture Totale)<br>&nbsp;D\u00e9p\u00f4t de garantie : 0 \u20ac<br>&nbsp;Disponibilit\u00e9 : Pour les locations de 5 jours ou plus<\/li>\n<\/ol>\n\n\n\n<h3 class=\"wp-block-heading has-vivid-red-color has-text-color has-link-color wp-elements-20397e84eb485bfd84912da4396024bf\"><strong>Cat\u00e9gorie de Location de Voiture Groupe D (D1, D1.a, D2, D2.a)<\/strong><\/h3>\n\n\n\n<p>Voici les d\u00e9tails de couverture, les co\u00fbts quotidiens, les montants de franchise, et les d\u00e9p\u00f4ts de garantie requis pour le <strong>Groupe D :<\/strong><\/p>\n\n\n\n<ol start=\"1\" class=\"wp-block-list\">\n<li><strong>THD (Couverture tiers)<br><\/strong>&nbsp;Co\u00fbt quotidien : 0 \u20ac<br>&nbsp;Franchise : Responsabilit\u00e9 totale pour tous les dommages<br>&nbsp;D\u00e9p\u00f4t de garantie : 750 \u20ac (Carte de Cr\u00e9dit) \/ 650 \u20ac (Esp\u00e8ces)<br>&nbsp;Disponibilit\u00e9 : Pour les locations de 1 jour ou plus<\/li>\n\n\n\n<li><strong>CDW (Renonciation \u00e0 la Garantie des Dommages par Collision)<br><\/strong>&nbsp;Co\u00fbt quotidien : 13 \u20ac<br>&nbsp;Franchise : 1 488 \u20ac<br>&nbsp;D\u00e9p\u00f4t de garantie : 650 \u20ac (Carte de Cr\u00e9dit) \/ 550 \u20ac (Esp\u00e8ces)<br>&nbsp;Disponibilit\u00e9 : Pour les locations de 1 jour ou plus<\/li>\n\n\n\n<li><strong>S1-CDW (Renonciation R\u00e9duite \u00e0 la Garantie des Dommages par Collision)<br><\/strong>&nbsp;Co\u00fbt quotidien : 18 \u20ac<br>&nbsp;Franchise : 496 \u20ac<br>&nbsp;D\u00e9p\u00f4t de garantie : 496 \u20ac (Carte de Cr\u00e9dit) \/ 450 \u20ac (Esp\u00e8ces)<br>&nbsp;Disponibilit\u00e9 : Pour les locations de 2 jours ou plus<\/li>\n\n\n\n<li><strong>S2-CDW (Renonciation \u00e0 la Garantie des Dommages par Collision Plus R\u00e9duite)<br><\/strong>&nbsp;Co\u00fbt quotidien : 23 \u20ac<br>&nbsp;Franchise : 186 \u20ac<br>&nbsp;D\u00e9p\u00f4t de garantie : 186 \u20ac (Carte de Cr\u00e9dit) \/ 186 \u20ac (Esp\u00e8ces)<br>&nbsp;Disponibilit\u00e9 : Pour les locations de 3 jours ou plus<\/li>\n\n\n\n<li><strong>FDW (Renonciation Compl\u00e8te aux Dommages - Z\u00e9ro Franchise)<br><\/strong>&nbsp;Co\u00fbt quotidien : 33 \u20ac<br>&nbsp;Franchise : 0 \u20ac (Couverture Totale)<br>&nbsp;D\u00e9p\u00f4t de garantie : 0 \u20ac<br>&nbsp;Disponibilit\u00e9 : Pour les locations de 5 jours ou plus<\/li>\n<\/ol>\n\n\n\n<h3 class=\"wp-block-heading has-vivid-red-color has-text-color has-link-color wp-elements-3ad5a7cfd013d33528415b02de1215b1\"><strong>Cat\u00e9gorie de Location de Voiture Groupe SV (SUV1.a, SUV2, SUV2.a, eSUV2.a, SUV3, VAN1)<\/strong><\/h3>\n\n\n\n<p>Voici les d\u00e9tails de couverture, les co\u00fbts quotidiens, les montants de franchise, et les d\u00e9p\u00f4ts de garantie requis pour le Groupe SV :<strong><\/strong><\/p>\n\n\n\n<ol start=\"1\" class=\"wp-block-list\">\n<li><strong>THD (Couverture tiers)<br><\/strong>&nbsp;Co\u00fbt quotidien : 0 \u20ac<br>&nbsp;Franchise : Responsabilit\u00e9 totale pour tous les dommages<br>&nbsp;D\u00e9p\u00f4t de garantie : 750 \u20ac (Carte de Cr\u00e9dit) \/ 650 \u20ac (Esp\u00e8ces)<br>&nbsp;Disponibilit\u00e9 : Pour les locations de 1 jour ou plus<\/li>\n\n\n\n<li><strong>CDW (Renonciation \u00e0 la Garantie des Dommages par Collision)<br><\/strong>&nbsp;Co\u00fbt quotidien : 14 \u20ac<br>&nbsp;Franchise : 1 612 \u20ac<br>&nbsp;D\u00e9p\u00f4t de garantie : 650 \u20ac (Carte de Cr\u00e9dit) \/ 550 \u20ac (Esp\u00e8ces)<br>&nbsp;Disponibilit\u00e9 : Pour les locations de 1 jour ou plus<\/li>\n\n\n\n<li><strong>S1-CDW (Renonciation R\u00e9duite \u00e0 la Garantie des Dommages par Collision)<br><\/strong>&nbsp;Co\u00fbt quotidien : 19 \u20ac<br>&nbsp;Franchise : 496 \u20ac<br>&nbsp;D\u00e9p\u00f4t de garantie : 496 \u20ac (Carte de Cr\u00e9dit) \/ 450 \u20ac (Esp\u00e8ces)<br>&nbsp;Disponibilit\u00e9 : Pour les locations de 2 jours ou plus<\/li>\n\n\n\n<li><strong>S2-CDW (Renonciation \u00e0 la Garantie des Dommages par Collision Plus R\u00e9duite)<br><\/strong>&nbsp;Co\u00fbt quotidien : 29 \u20ac<br>&nbsp;Franchise : 210 \u20ac<br>&nbsp;D\u00e9p\u00f4t de garantie : 210 \u20ac (Carte de Cr\u00e9dit) \/ 210 \u20ac (Esp\u00e8ces)<br>&nbsp;Disponibilit\u00e9 : Pour les locations de 3 jours ou plus<\/li>\n\n\n\n<li><strong>FDW (Renonciation Compl\u00e8te aux Dommages - Z\u00e9ro Franchise)<br><\/strong>&nbsp;Co\u00fbt quotidien : 39 \u20ac<br>&nbsp;Franchise : 0 \u20ac (Couverture Totale)<br>&nbsp;D\u00e9p\u00f4t de garantie : 0 \u20ac<br>&nbsp;Disponibilit\u00e9 : Pour les locations de 5 jours ou plus<\/li>\n<\/ol>\n\n\n\n<h3 class=\"wp-block-heading has-vivid-red-color has-text-color has-link-color wp-elements-730fccc6d000c4e2d0f644cdd95ae4b5\"><strong>Cat\u00e9gorie de Location de Voiture Groupe JL (J1.a, J2.a)<\/strong><\/h3>\n\n\n\n<p>Voici les d\u00e9tails de couverture, les co\u00fbts quotidiens, les montants de franchise, et les d\u00e9p\u00f4ts de garantie requis pour le <strong>Groupe JL :<\/strong><strong><\/strong><\/p>\n\n\n\n<ol start=\"1\" class=\"wp-block-list\">\n<li><strong>THD (Couverture tiers)<br><\/strong>&nbsp;Co\u00fbt quotidien : 0 \u20ac<br>&nbsp;Franchise : Responsabilit\u00e9 totale pour tous les dommages<br>&nbsp;D\u00e9p\u00f4t de garantie : 750 \u20ac (Carte de Cr\u00e9dit) \/ 650 \u20ac (Esp\u00e8ces)<br>&nbsp;Disponibilit\u00e9 : Pour les locations de 1 jour ou plus<\/li>\n\n\n\n<li><strong>CDW (Renonciation \u00e0 la Garantie des Dommages par Collision)<br><\/strong>&nbsp;Co\u00fbt quotidien : 16 \u20ac<br>&nbsp;Franchise : 1 798 \u20ac<br>&nbsp;D\u00e9p\u00f4t de garantie : 650 \u20ac (Carte de Cr\u00e9dit) \/ 550 \u20ac (Esp\u00e8ces)<br>&nbsp;Disponibilit\u00e9 : Pour les locations de 1 jour ou plus<br><br><\/li>\n\n\n\n<li><strong>S1-CDW (Renonciation R\u00e9duite \u00e0 la Garantie des Dommages par Collision)<br><\/strong>&nbsp;Co\u00fbt quotidien : 20 \u20ac<br>&nbsp;Franchise : 496 \u20ac<br>&nbsp;D\u00e9p\u00f4t de garantie : 496 \u20ac (Carte de Cr\u00e9dit) \/ 450 \u20ac (Esp\u00e8ces)<br>&nbsp;Disponibilit\u00e9 : Pour les locations de 2 jours ou plus<\/li>\n\n\n\n<li>&nbsp;<strong>S2-CDW (Renonciation \u00e0 la Garantie des Dommages par Collision Plus R\u00e9duite)<br><\/strong>&nbsp;Co\u00fbt quotidien : 31 \u20ac<br>&nbsp;Franchise : 210 \u20ac<br>&nbsp;D\u00e9p\u00f4t de garantie : 210 \u20ac (Carte de Cr\u00e9dit) \/ 210 \u20ac (Esp\u00e8ces)<br>&nbsp;Disponibilit\u00e9 : Pour les locations de 3 jours ou plus<\/li>\n\n\n\n<li>&nbsp;<strong>FDW (Renonciation Compl\u00e8te aux Dommages - Z\u00e9ro Franchise)<br><\/strong>&nbsp;Co\u00fbt quotidien : 49 \u20ac<br>&nbsp;Franchise : 0 \u20ac (Couverture Totale)<br>&nbsp;D\u00e9p\u00f4t de garantie : 0 \u20ac<br>&nbsp;Disponibilit\u00e9 : Pour les locations de 5 jours ou plus<\/li>\n<\/ol>\n\n\n\n<h3 class=\"wp-block-heading has-vivid-red-color has-text-color has-link-color wp-elements-1c03588f65a0a9c5e7637563a71b62b7\"><strong>Options d'Assurance Fournies<\/strong><\/h3>\n\n\n\n<p><strong>Assurance Tiers (THD)<\/strong><\/p>\n\n\n\n<p>Cette assurance, incluse dans tous les prix de location, prot\u00e8ge les individus ou les entreprises contre les pertes caus\u00e9es par des tiers, comme l'exige la loi grecque. L'assur\u00e9 (premi\u00e8re partie) souscrit la police aupr\u00e8s du fournisseur d'assurance (seconde partie) pour couvrir les r\u00e9clamations faites par des tiers en cas d'incident. <strong>Le locataire ou le conducteur est responsable uniquement des dommages caus\u00e9s au v\u00e9hicule de location, tandis que l'assurance couvre les r\u00e9clamations des tiers, quel que soit le cause.<\/strong><\/p>\n\n\n\n<p><strong>Renonciation \u00e0 la Garantie des Dommages par Collision (CDW)<\/strong><\/p>\n\n\n\n<p>Une renonciation \u00e0 la garantie des dommages par collision (CDW) est une couverture d'assurance suppl\u00e9mentaire propos\u00e9e (avec un co\u00fbt suppl\u00e9mentaire) \u00e0 une personne louant une voiture. Elle est optionnelle (mise \u00e0 niveau par rapport \u00e0 l'assurance tiers), avec un prix d\u00e9pendant de divers facteurs, comme le type de v\u00e9hicule de location et son utilisation. La renonciation couvre g\u00e9n\u00e9ralement la carrosserie de la voiture avec un exc\u00e9dent du montant de responsabilit\u00e9 du locataire. <strong>Cependant, la CDW ne couvre pas les dommages aux pneus, pare-brise, vitres, le dessous du v\u00e9hicule ou tout dommage non physique r\u00e9sultant d'une mauvaise utilisation, ni les accessoires suppl\u00e9mentaires tels que le GPS, les si\u00e8ges pour enfants ou les porte-skis, les frais de remorquage et les frais de nettoyage suppl\u00e9mentaires si n\u00e9cessaire.<\/strong><\/p>\n\n\n\n<p><strong>Renonciation Compl\u00e8te aux Dommages (FDW)<\/strong><\/p>\n\n\n\n<p>La renonciation compl\u00e8te aux dommages (FDW) est une couverture d'assurance optionnelle pour un suppl\u00e9ment quotidien <strong>pour les locations de plus de 5 jours<\/strong>. Le co\u00fbt d\u00e9pend de la cat\u00e9gorie de voiture.<strong> La FDW prot\u00e8ge les locataires contre la responsabilit\u00e9 financi\u00e8re en cas de dommages caus\u00e9s par une collision ou un accident<\/strong>. Avec la FDW, les locataires ont une franchise de z\u00e9ro euro, ce qui signifie qu'ils ne seront pas responsables des co\u00fbts de r\u00e9paration. <strong>Cependant, la FDW ne couvre pas les dommages aux pneus, aux pare-brises, aux fen\u00eatres, au dessous du v\u00e9hicule, ou tout dommage non physique r\u00e9sultant d'une utilisation inappropri\u00e9e et des extras, tels que le GPS, les si\u00e8ges pour enfants ou les porte-skis, les frais de remorquage, et les co\u00fbts de nettoyage suppl\u00e9mentaires si n\u00e9cessaire.<\/strong><\/p>\n\n\n\n<h3 class=\"wp-block-heading has-vivid-red-color has-text-color has-link-color wp-elements-1c8c5c43ca0eda209499cb8f1848f9d6\"><strong>Politique de D\u00e9p\u00f4t de Garantie<\/strong><\/h3>\n\n\n\n<p>Un d\u00e9p\u00f4t de garantie (montant bloqu\u00e9) est requis lors de la prise en charge du v\u00e9hicule et peut \u00eatre pay\u00e9 par carte de cr\u00e9dit ou en esp\u00e8ces. Le d\u00e9p\u00f4t sera rembours\u00e9 lors de la restitution du v\u00e9hicule, \u00e0 condition que la voiture soit retourn\u00e9e dans le m\u00eame \u00e9tat que celle re\u00e7ue.<\/p>\n\n\n\n<p>Pour les d\u00e9tenteurs de cartes de cr\u00e9dit, le d\u00e9p\u00f4t sera temporairement bloqu\u00e9 \u00e0 titre de garantie pendant le processus de prise en charge. Le montant d\u00e9pendra du type d'assurance s\u00e9lectionn\u00e9, correspondant au montant de la franchise.<\/p>\n\n\n\n<p>Si le locataire ne poss\u00e8de pas de carte de cr\u00e9dit, une option de d\u00e9p\u00f4t en esp\u00e8ces est disponible, mais uniquement avec l'achat d'une assurance suppl\u00e9mentaire. Dans ce cas, le d\u00e9p\u00f4t en esp\u00e8ces requis correspondra au montant de la franchise.<\/p>\n\n\n\n<p>&nbsp;Le d\u00e9p\u00f4t sera rembours\u00e9 de la m\u00eame mani\u00e8re qu'il a \u00e9t\u00e9 pay\u00e9 apr\u00e8s la p\u00e9riode de location, \u00e0 condition que le v\u00e9hicule soit retourn\u00e9 dans son \u00e9tat d'origine.<\/p>\n","protected":false},"excerpt":{"rendered":"<p>Cat\u00e9gorie de Location de Voiture Groupe AB (A1, B1) Voici les d\u00e9tails de couverture, les co\u00fbts quotidiens, les montants de franchise, et les d\u00e9p\u00f4ts de garantie requis pour le Groupe AB : Cat\u00e9gorie de Location de Voiture Groupe AC (A1.a, A3.c, A3.c.a, A4.c.a, A5.c.a, B2.a, C1) Voici les d\u00e9tails de couverture, les co\u00fbts quotidiens, les &hellip; <\/p>\n<p class=\"link-more\"><a href=\"https:\/\/poloscarsparos.gr\/fr\/politiques-dassurance-depot-de-garantie\/\" class=\"more-link\"><span class=\"screen-reader-text\"> prova \"Politiques d'Assurance &amp; D\u00e9p\u00f4t de Garantie\"<\/span><\/a><\/p>\n","protected":false},"author":1,"featured_media":0,"parent":0,"menu_order":0,"comment_status":"closed","ping_status":"closed","template":"","meta":{"footnotes":""},"class_list":["post-6157","page","type-page","status-publish","hentry"],"yoast_head":"<!-- This site is optimized with the Yoast SEO plugin v27.1.1 - https:\/\/yoast.com\/product\/yoast-seo-wordpress\/ -->\n<title>Assurances &amp; Caution en Cas de Dommages | Location Voiture Paros \u2013 Polos Cars Paros<\/title>\n<meta name=\"description\" content=\"D\u00e9couvrez les types d\u2019assurance, la franchise et la politique de d\u00e9p\u00f4t de garantie chez Polos Cars Paros.\" \/>\n<meta name=\"robots\" content=\"index, follow, max-snippet:-1, max-image-preview:large, max-video-preview:-1\" \/>\n<link rel=\"canonical\" href=\"https:\/\/poloscarsparos.gr\/fr\/politiques-dassurance-depot-de-garantie\/\" \/>\n<meta property=\"og:locale\" content=\"fr_FR\" \/>\n<meta property=\"og:type\" content=\"article\" \/>\n<meta property=\"og:title\" content=\"Assurances &amp; Caution en Cas de Dommages | Location Voiture Paros \u2013 Polos Cars Paros\" \/>\n<meta property=\"og:description\" content=\"D\u00e9couvrez les types d\u2019assurance, la franchise et la politique de d\u00e9p\u00f4t de garantie chez Polos Cars Paros.\" \/>\n<meta property=\"og:url\" content=\"https:\/\/poloscarsparos.gr\/fr\/politiques-dassurance-depot-de-garantie\/\" \/>\n<meta property=\"og:site_name\" content=\"Polos Rent a Car &amp; Rental Agency in Paros\" \/>\n<meta property=\"article:modified_time\" content=\"2025-05-27T20:02:17+00:00\" \/>\n<meta name=\"twitter:card\" content=\"summary_large_image\" \/>\n<meta name=\"twitter:label1\" content=\"Dur\u00e9e de lecture estim\u00e9e\" \/>\n\t<meta name=\"twitter:data1\" content=\"7 minutes\" \/>\n<script type=\"application\/ld+json\" class=\"yoast-schema-graph\">{\"@context\":\"https:\/\/schema.org\",\"@graph\":[{\"@type\":\"WebPage\",\"@id\":\"https:\/\/poloscarsparos.gr\/fr\/politiques-dassurance-depot-de-garantie\/\",\"url\":\"https:\/\/poloscarsparos.gr\/fr\/politiques-dassurance-depot-de-garantie\/\",\"name\":\"Assurances & Caution en Cas de Dommages | Location Voiture Paros \u2013 Polos Cars Paros\",\"isPartOf\":{\"@id\":\"https:\/\/poloscarsparos.gr\/fr\/#website\"},\"datePublished\":\"2025-05-15T12:40:08+00:00\",\"dateModified\":\"2025-05-27T20:02:17+00:00\",\"description\":\"D\u00e9couvrez les types d\u2019assurance, la franchise et la politique de d\u00e9p\u00f4t de garantie chez Polos Cars Paros.\",\"breadcrumb\":{\"@id\":\"https:\/\/poloscarsparos.gr\/fr\/politiques-dassurance-depot-de-garantie\/#breadcrumb\"},\"inLanguage\":\"fr-FR\",\"potentialAction\":[{\"@type\":\"ReadAction\",\"target\":[\"https:\/\/poloscarsparos.gr\/fr\/politiques-dassurance-depot-de-garantie\/\"]}]},{\"@type\":\"BreadcrumbList\",\"@id\":\"https:\/\/poloscarsparos.gr\/fr\/politiques-dassurance-depot-de-garantie\/#breadcrumb\",\"itemListElement\":[{\"@type\":\"ListItem\",\"position\":1,\"name\":\"Home\",\"item\":\"https:\/\/poloscarsparos.gr\/fr\/\"},{\"@type\":\"ListItem\",\"position\":2,\"name\":\"Politiques d'Assurance &amp; D\u00e9p\u00f4t de Garantie\"}]},{\"@type\":\"WebSite\",\"@id\":\"https:\/\/poloscarsparos.gr\/fr\/#website\",\"url\":\"https:\/\/poloscarsparos.gr\/fr\/\",\"name\":\"Polos Rent a Car &amp; Rental Agency in Paros\",\"description\":\"Rent a car, buggy, quad, atv, moto and scooter in Paros!\",\"publisher\":{\"@id\":\"https:\/\/poloscarsparos.gr\/fr\/#organization\"},\"potentialAction\":[{\"@type\":\"SearchAction\",\"target\":{\"@type\":\"EntryPoint\",\"urlTemplate\":\"https:\/\/poloscarsparos.gr\/fr\/?s={search_term_string}\"},\"query-input\":{\"@type\":\"PropertyValueSpecification\",\"valueRequired\":true,\"valueName\":\"search_term_string\"}}],\"inLanguage\":\"fr-FR\"},{\"@type\":\"Organization\",\"@id\":\"https:\/\/poloscarsparos.gr\/fr\/#organization\",\"name\":\"Polos Rent A Car & Rental Agency\",\"url\":\"https:\/\/poloscarsparos.gr\/fr\/\",\"logo\":{\"@type\":\"ImageObject\",\"inLanguage\":\"fr-FR\",\"@id\":\"https:\/\/poloscarsparos.gr\/fr\/#\/schema\/logo\/image\/\",\"url\":\"\",\"contentUrl\":\"\",\"caption\":\"Polos Rent A Car & Rental Agency\"},\"image\":{\"@id\":\"https:\/\/poloscarsparos.gr\/fr\/#\/schema\/logo\/image\/\"}}]}<\/script>\n<!-- \/ Yoast SEO plugin. -->","yoast_head_json":{"title":"Assurances & Caution en Cas de Dommages | Location Voiture Paros \u2013 Polos Cars Paros","description":"D\u00e9couvrez les types d\u2019assurance, la franchise et la politique de d\u00e9p\u00f4t de garantie chez Polos Cars Paros.","robots":{"index":"index","follow":"follow","max-snippet":"max-snippet:-1","max-image-preview":"max-image-preview:large","max-video-preview":"max-video-preview:-1"},"canonical":"https:\/\/poloscarsparos.gr\/fr\/politiques-dassurance-depot-de-garantie\/","og_locale":"fr_FR","og_type":"article","og_title":"Assurances & Caution en Cas de Dommages | Location Voiture Paros \u2013 Polos Cars Paros","og_description":"D\u00e9couvrez les types d\u2019assurance, la franchise et la politique de d\u00e9p\u00f4t de garantie chez Polos Cars Paros.","og_url":"https:\/\/poloscarsparos.gr\/fr\/politiques-dassurance-depot-de-garantie\/","og_site_name":"Polos Rent a Car &amp; Rental Agency in Paros","article_modified_time":"2025-05-27T20:02:17+00:00","twitter_card":"summary_large_image","twitter_misc":{"Dur\u00e9e de lecture estim\u00e9e":"7 minutes"},"schema":{"@context":"https:\/\/schema.org","@graph":[{"@type":"WebPage","@id":"https:\/\/poloscarsparos.gr\/fr\/politiques-dassurance-depot-de-garantie\/","url":"https:\/\/poloscarsparos.gr\/fr\/politiques-dassurance-depot-de-garantie\/","name":"Assurances & Caution en Cas de Dommages | Location Voiture Paros \u2013 Polos Cars Paros","isPartOf":{"@id":"https:\/\/poloscarsparos.gr\/fr\/#website"},"datePublished":"2025-05-15T12:40:08+00:00","dateModified":"2025-05-27T20:02:17+00:00","description":"D\u00e9couvrez les types d\u2019assurance, la franchise et la politique de d\u00e9p\u00f4t de garantie chez Polos Cars Paros.","breadcrumb":{"@id":"https:\/\/poloscarsparos.gr\/fr\/politiques-dassurance-depot-de-garantie\/#breadcrumb"},"inLanguage":"fr-FR","potentialAction":[{"@type":"ReadAction","target":["https:\/\/poloscarsparos.gr\/fr\/politiques-dassurance-depot-de-garantie\/"]}]},{"@type":"BreadcrumbList","@id":"https:\/\/poloscarsparos.gr\/fr\/politiques-dassurance-depot-de-garantie\/#breadcrumb","itemListElement":[{"@type":"ListItem","position":1,"name":"Home","item":"https:\/\/poloscarsparos.gr\/fr\/"},{"@type":"ListItem","position":2,"name":"Politiques d'Assurance &amp; D\u00e9p\u00f4t de Garantie"}]},{"@type":"WebSite","@id":"https:\/\/poloscarsparos.gr\/fr\/#website","url":"https:\/\/poloscarsparos.gr\/fr\/","name":"Polos Rent a Car &amp; Rental Agency in Paros","description":"Rent a car, buggy, quad, atv, moto and scooter in Paros!","publisher":{"@id":"https:\/\/poloscarsparos.gr\/fr\/#organization"},"potentialAction":[{"@type":"SearchAction","target":{"@type":"EntryPoint","urlTemplate":"https:\/\/poloscarsparos.gr\/fr\/?s={search_term_string}"},"query-input":{"@type":"PropertyValueSpecification","valueRequired":true,"valueName":"search_term_string"}}],"inLanguage":"fr-FR"},{"@type":"Organization","@id":"https:\/\/poloscarsparos.gr\/fr\/#organization","name":"Polos Rent A Car & Rental Agency","url":"https:\/\/poloscarsparos.gr\/fr\/","logo":{"@type":"ImageObject","inLanguage":"fr-FR","@id":"https:\/\/poloscarsparos.gr\/fr\/#\/schema\/logo\/image\/","url":"","contentUrl":"","caption":"Polos Rent A Car & Rental Agency"},"image":{"@id":"https:\/\/poloscarsparos.gr\/fr\/#\/schema\/logo\/image\/"}}]}},"_links":{"self":[{"href":"https:\/\/poloscarsparos.gr\/fr\/wp-json\/wp\/v2\/pages\/6157","targetHints":{"allow":["GET"]}}],"collection":[{"href":"https:\/\/poloscarsparos.gr\/fr\/wp-json\/wp\/v2\/pages"}],"about":[{"href":"https:\/\/poloscarsparos.gr\/fr\/wp-json\/wp\/v2\/types\/page"}],"author":[{"embeddable":true,"href":"https:\/\/poloscarsparos.gr\/fr\/wp-json\/wp\/v2\/users\/1"}],"replies":[{"embeddable":true,"href":"https:\/\/poloscarsparos.gr\/fr\/wp-json\/wp\/v2\/comments?post=6157"}],"version-history":[{"count":4,"href":"https:\/\/poloscarsparos.gr\/fr\/wp-json\/wp\/v2\/pages\/6157\/revisions"}],"predecessor-version":[{"id":6288,"href":"https:\/\/poloscarsparos.gr\/fr\/wp-json\/wp\/v2\/pages\/6157\/revisions\/6288"}],"wp:attachment":[{"href":"https:\/\/poloscarsparos.gr\/fr\/wp-json\/wp\/v2\/media?parent=6157"}],"curies":[{"name":"wp","href":"https:\/\/api.w.org\/{rel}","templated":true}]}}