{"id":6171,"date":"2025-05-15T16:13:21","date_gmt":"2025-05-15T13:13:21","guid":{"rendered":"https:\/\/poloscarsparos.gr\/?page_id=6171"},"modified":"2025-05-18T17:30:32","modified_gmt":"2025-05-18T14:30:32","slug":"procedure-de-location-de-voiture-retrait-retour","status":"publish","type":"page","link":"https:\/\/poloscarsparos.gr\/fr\/procedure-de-location-de-voiture-retrait-retour\/","title":{"rendered":"Proc\u00e9dure de Location de Voiture \u2013 Retrait &amp; Retour"},"content":{"rendered":"\n<h3 class=\"wp-block-heading has-vivid-red-color has-text-color has-link-color wp-elements-82000fca93912df5e4b8942d7774e8ae\"><strong>Avant le Retrait : Ce Dont Nous Avons Besoin de Vous<\/strong><\/h3>\n\n\n\n<p>Pour garantir une remise rapide et fluide, veuillez nous fournir les informations suivantes avant votre arriv\u00e9e :<\/p>\n\n\n\n<p><strong>D\u00e9tails d\u2019Arriv\u00e9e :<\/strong><\/p>\n\n\n\n<p>Veuillez nous indiquer votre num\u00e9ro de vol ou le nom de votre bateau. Cela nous permet de coordonner pr\u00e9cis\u00e9ment votre heure de prise en charge et de nous adapter \u00e0 tout changement de derni\u00e8re minute.<\/p>\n\n\n\n<p><strong>D\u00e9tails de D\u00e9part :<\/strong><\/p>\n\n\n\n<p>Veuillez nous communiquer votre num\u00e9ro de vol retour ou le nom du bateau afin de nous aider \u00e0 organiser le retour du v\u00e9hicule en douceur.<\/p>\n\n\n\n<p><strong>Paiement Anticip\u00e9 :<\/strong><\/p>\n\n\n\n<ul class=\"wp-block-list\">\n<li>Un acompte de 30 % est requis pour confirmer votre r\u00e9servation.<\/li>\n\n\n\n<li>Le paiement total est requis au moment de la r\u00e9servation pour les offres sp\u00e9ciales ou les r\u00e9servations non remboursables.<\/li>\n<\/ul>\n\n\n\n<p><strong>Services Suppl\u00e9mentaires :<\/strong><\/p>\n\n\n\n<p>Veuillez indiquer lors de la r\u00e9servation si vous avez besoin de services suppl\u00e9mentaires (ex. si\u00e8ges b\u00e9b\u00e9, GPS, surclassements d\u2019assurance). <strong>Des frais suppl\u00e9mentaires peuvent s\u2019appliquer.<\/strong><\/p>\n\n\n\n<p><strong>Documents Requis :<\/strong><\/p>\n\n\n\n<ul class=\"wp-block-list\">\n<li>Un permis de conduire europ\u00e9en ou international (IDL) valide, d\u00e9livr\u00e9 au moins un an avant la date de d\u00e9but de la location.<\/li>\n\n\n\n<li>Un passeport ou une carte d\u2019identit\u00e9 nationale valide.<br><br><\/li>\n<\/ul>\n\n\n\n<h3 class=\"wp-block-heading has-vivid-red-color has-text-color has-link-color wp-elements-f5a6bb7b79f5c4b85132cb0ab7ef0163\"><strong>Proc\u00e9dure de Retrait<\/strong><\/h3>\n\n\n\n<p>\u00c0 l\u2019heure et \u00e0 l\u2019endroit convenus (soit \u00e0 notre bureau, soit \u00e0 un point de rencontre \u00ab meet and greet \u00bb) :<\/p>\n\n\n\n<p><strong>Accueil :<\/strong><\/p>\n\n\n\n<p>L\u2019un de nos agents sympathiques vous accueillera personnellement.<\/p>\n\n\n\n<p><strong>Documentation :<\/strong><\/p>\n\n\n\n<p>Nous finaliserons et signerons tous les documents n\u00e9cessaires \u00e0 la location.<\/p>\n\n\n\n<p><strong>Paiement Final :<\/strong><\/p>\n\n\n\n<p>Tout solde restant sera r\u00e9gl\u00e9, et un re\u00e7u ou une facture vous sera remis.<\/p>\n\n\n\n<p><strong>Blocage de S\u00e9curit\u00e9 :<\/strong><\/p>\n\n\n\n<p>Une <strong>caution\/blocage<\/strong> de s\u00e9curit\u00e9 sera effectu\u00e9 sur votre carte de cr\u00e9dit\/d\u00e9bit pour le montant convenu, ou en esp\u00e8ces si cela a \u00e9t\u00e9 convenu au pr\u00e9alable. (Remarque : Ce n\u2019est pas un d\u00e9bit, uniquement une retenue temporaire.)<\/p>\n\n\n\n<p><strong>Confirmation du Planning :<\/strong><\/p>\n\n\n\n<p>Nous v\u00e9rifierons s\u2019il y a des mises \u00e0 jour concernant votre retour.<\/p>\n\n\n\n<p><strong>Inspection du V\u00e9hicule :<\/strong><\/p>\n\n\n\n<ul class=\"wp-block-list\">\n<li>Vous inspecterez le v\u00e9hicule avec notre agent.<br><\/li>\n\n\n\n<li>Tout dommage pr\u00e9existant sera document\u00e9 par \u00e9crit, et une courte vid\u00e9o sera enregistr\u00e9e pour une transparence totale.<br><\/li>\n<\/ul>\n\n\n\n<p>Nous vous fournirons une pr\u00e9sentation de base du v\u00e9hicule et r\u00e9pondrons \u00e0 toutes vos questions concernant les commandes, les fonctionnalit\u00e9s ou la politique de carburant.<\/p>\n\n\n\n<p><strong>Accueil Chaleureux :<\/strong><\/p>\n\n\n\n<p>Vous recevrez des conseils locaux, des indications utiles et une carte gratuite de Paros pour vous aider \u00e0 profiter pleinement de votre s\u00e9jour.<\/p>\n\n\n\n<h3 class=\"wp-block-heading has-vivid-red-color has-text-color has-link-color wp-elements-26d445a5658474acb81d2fbfa28be976\"><strong>Proc\u00e9dure de Retour<\/strong><\/h3>\n\n\n\n<p>\u00c0 l\u2019heure et \u00e0 l\u2019endroit convenus :<\/p>\n\n\n\n<p><strong>Inspection du V\u00e9hicule :<\/strong><\/p>\n\n\n\n<p>Notre agent inspectera le v\u00e9hicule pour d\u00e9tecter d\u2019\u00e9ventuels nouveaux dommages par rapport \u00e0 l\u2019\u00e9tat lors du retrait.<\/p>\n\n\n\n<p><strong>Conseil :<\/strong><\/p>\n\n\n\n<p>Vous devez nous informer imm\u00e9diatement si vous constatez un incident ou un dommage pendant votre location.<\/p>\n\n\n\n<p>Merci de pr\u00e9voir d\u2019arriver au moins 1 heure plus t\u00f4t (ou plus t\u00f4t\/plus tard si convenu \u00e0 propos d\u2019un dommage) avant l\u2019heure de retour pr\u00e9vue afin de permettre une \u00e9valuation compl\u00e8te.<\/p>\n\n\n\n<p><strong>V\u00e9rification de l\u2019\u00c9tat :<\/strong><\/p>\n\n\n\n<ul class=\"wp-block-list\">\n<li>Si le v\u00e9hicule est retourn\u00e9 dans le m\u00eame \u00e9tat, le blocage de s\u00e9curit\u00e9 sera enti\u00e8rement lib\u00e9r\u00e9.<br><\/li>\n\n\n\n<li>Tous frais suppl\u00e9mentaires (le cas \u00e9ch\u00e9ant) seront clairement expliqu\u00e9s et trait\u00e9s en toute transparence.<br><br><\/li>\n<\/ul>\n\n\n\n<p><strong>Commentaires \u2013 Donnez Votre Avis :<\/strong><\/p>\n\n\n\n<p>Votre avis compte beaucoup pour nous ! Apr\u00e8s votre location, nous vous invitons \u00e0 partager vos impressions afin de nous aider \u00e0 am\u00e9liorer nos services.<\/p>\n\n\n\n<p><\/p>\n","protected":false},"excerpt":{"rendered":"<p>Avant le Retrait : Ce Dont Nous Avons Besoin de Vous Pour garantir une remise rapide et fluide, veuillez nous fournir les informations suivantes avant votre arriv\u00e9e : D\u00e9tails d\u2019Arriv\u00e9e : Veuillez nous indiquer votre num\u00e9ro de vol ou le nom de votre bateau. Cela nous permet de coordonner pr\u00e9cis\u00e9ment votre heure de prise en &hellip; <\/p>\n<p class=\"link-more\"><a href=\"https:\/\/poloscarsparos.gr\/fr\/procedure-de-location-de-voiture-retrait-retour\/\" class=\"more-link\"><span class=\"screen-reader-text\"> prova \"Proc\u00e9dure de Location de Voiture \u2013 Retrait &amp; Retour\"<\/span><\/a><\/p>\n","protected":false},"author":1,"featured_media":0,"parent":0,"menu_order":0,"comment_status":"closed","ping_status":"closed","template":"","meta":{"footnotes":""},"class_list":["post-6171","page","type-page","status-publish","hentry"],"yoast_head":"<!-- This site is optimized with the Yoast SEO plugin v27.1.1 - https:\/\/yoast.com\/product\/yoast-seo-wordpress\/ -->\n<title>Proc\u00e9dure de Location Voiture \u00e0 Paros | Retrait &amp; Retour \u2013 Polos Cars Paros<\/title>\n<meta name=\"description\" content=\"D\u00e9couvrez comment retirer et rendre votre voiture de location \u00e0 Paros avec Polos Cars. Processus simple et rapide.\" \/>\n<meta name=\"robots\" content=\"index, follow, max-snippet:-1, max-image-preview:large, max-video-preview:-1\" \/>\n<link rel=\"canonical\" href=\"https:\/\/poloscarsparos.gr\/fr\/procedure-de-location-de-voiture-retrait-retour\/\" \/>\n<meta property=\"og:locale\" content=\"fr_FR\" \/>\n<meta property=\"og:type\" content=\"article\" \/>\n<meta property=\"og:title\" content=\"Proc\u00e9dure de Location Voiture \u00e0 Paros | Retrait &amp; Retour \u2013 Polos Cars Paros\" \/>\n<meta property=\"og:description\" content=\"D\u00e9couvrez comment retirer et rendre votre voiture de location \u00e0 Paros avec Polos Cars. Processus simple et rapide.\" \/>\n<meta property=\"og:url\" content=\"https:\/\/poloscarsparos.gr\/fr\/procedure-de-location-de-voiture-retrait-retour\/\" \/>\n<meta property=\"og:site_name\" content=\"Polos Rent a Car &amp; Rental Agency in Paros\" \/>\n<meta property=\"article:modified_time\" content=\"2025-05-18T14:30:32+00:00\" \/>\n<meta name=\"twitter:card\" content=\"summary_large_image\" \/>\n<meta name=\"twitter:label1\" content=\"Dur\u00e9e de lecture estim\u00e9e\" \/>\n\t<meta name=\"twitter:data1\" content=\"3 minutes\" \/>\n<script type=\"application\/ld+json\" class=\"yoast-schema-graph\">{\"@context\":\"https:\/\/schema.org\",\"@graph\":[{\"@type\":\"WebPage\",\"@id\":\"https:\/\/poloscarsparos.gr\/fr\/procedure-de-location-de-voiture-retrait-retour\/\",\"url\":\"https:\/\/poloscarsparos.gr\/fr\/procedure-de-location-de-voiture-retrait-retour\/\",\"name\":\"Proc\u00e9dure de Location Voiture \u00e0 Paros | Retrait & Retour \u2013 Polos Cars Paros\",\"isPartOf\":{\"@id\":\"https:\/\/poloscarsparos.gr\/fr\/#website\"},\"datePublished\":\"2025-05-15T13:13:21+00:00\",\"dateModified\":\"2025-05-18T14:30:32+00:00\",\"description\":\"D\u00e9couvrez comment retirer et rendre votre voiture de location \u00e0 Paros avec Polos Cars. Processus simple et rapide.\",\"breadcrumb\":{\"@id\":\"https:\/\/poloscarsparos.gr\/fr\/procedure-de-location-de-voiture-retrait-retour\/#breadcrumb\"},\"inLanguage\":\"fr-FR\",\"potentialAction\":[{\"@type\":\"ReadAction\",\"target\":[\"https:\/\/poloscarsparos.gr\/fr\/procedure-de-location-de-voiture-retrait-retour\/\"]}]},{\"@type\":\"BreadcrumbList\",\"@id\":\"https:\/\/poloscarsparos.gr\/fr\/procedure-de-location-de-voiture-retrait-retour\/#breadcrumb\",\"itemListElement\":[{\"@type\":\"ListItem\",\"position\":1,\"name\":\"Home\",\"item\":\"https:\/\/poloscarsparos.gr\/fr\/\"},{\"@type\":\"ListItem\",\"position\":2,\"name\":\"Proc\u00e9dure de Location de Voiture \u2013 Retrait &amp; Retour\"}]},{\"@type\":\"WebSite\",\"@id\":\"https:\/\/poloscarsparos.gr\/fr\/#website\",\"url\":\"https:\/\/poloscarsparos.gr\/fr\/\",\"name\":\"Polos Rent a Car &amp; Rental Agency in Paros\",\"description\":\"Rent a car, buggy, quad, atv, moto and scooter in Paros!\",\"publisher\":{\"@id\":\"https:\/\/poloscarsparos.gr\/fr\/#organization\"},\"potentialAction\":[{\"@type\":\"SearchAction\",\"target\":{\"@type\":\"EntryPoint\",\"urlTemplate\":\"https:\/\/poloscarsparos.gr\/fr\/?s={search_term_string}\"},\"query-input\":{\"@type\":\"PropertyValueSpecification\",\"valueRequired\":true,\"valueName\":\"search_term_string\"}}],\"inLanguage\":\"fr-FR\"},{\"@type\":\"Organization\",\"@id\":\"https:\/\/poloscarsparos.gr\/fr\/#organization\",\"name\":\"Polos Rent A Car & Rental Agency\",\"url\":\"https:\/\/poloscarsparos.gr\/fr\/\",\"logo\":{\"@type\":\"ImageObject\",\"inLanguage\":\"fr-FR\",\"@id\":\"https:\/\/poloscarsparos.gr\/fr\/#\/schema\/logo\/image\/\",\"url\":\"\",\"contentUrl\":\"\",\"caption\":\"Polos Rent A Car & Rental Agency\"},\"image\":{\"@id\":\"https:\/\/poloscarsparos.gr\/fr\/#\/schema\/logo\/image\/\"}}]}<\/script>\n<!-- \/ Yoast SEO plugin. -->","yoast_head_json":{"title":"Proc\u00e9dure de Location Voiture \u00e0 Paros | Retrait & Retour \u2013 Polos Cars Paros","description":"D\u00e9couvrez comment retirer et rendre votre voiture de location \u00e0 Paros avec Polos Cars. Processus simple et rapide.","robots":{"index":"index","follow":"follow","max-snippet":"max-snippet:-1","max-image-preview":"max-image-preview:large","max-video-preview":"max-video-preview:-1"},"canonical":"https:\/\/poloscarsparos.gr\/fr\/procedure-de-location-de-voiture-retrait-retour\/","og_locale":"fr_FR","og_type":"article","og_title":"Proc\u00e9dure de Location Voiture \u00e0 Paros | Retrait & Retour \u2013 Polos Cars Paros","og_description":"D\u00e9couvrez comment retirer et rendre votre voiture de location \u00e0 Paros avec Polos Cars. Processus simple et rapide.","og_url":"https:\/\/poloscarsparos.gr\/fr\/procedure-de-location-de-voiture-retrait-retour\/","og_site_name":"Polos Rent a Car &amp; Rental Agency in Paros","article_modified_time":"2025-05-18T14:30:32+00:00","twitter_card":"summary_large_image","twitter_misc":{"Dur\u00e9e de lecture estim\u00e9e":"3 minutes"},"schema":{"@context":"https:\/\/schema.org","@graph":[{"@type":"WebPage","@id":"https:\/\/poloscarsparos.gr\/fr\/procedure-de-location-de-voiture-retrait-retour\/","url":"https:\/\/poloscarsparos.gr\/fr\/procedure-de-location-de-voiture-retrait-retour\/","name":"Proc\u00e9dure de Location Voiture \u00e0 Paros | Retrait & Retour \u2013 Polos Cars Paros","isPartOf":{"@id":"https:\/\/poloscarsparos.gr\/fr\/#website"},"datePublished":"2025-05-15T13:13:21+00:00","dateModified":"2025-05-18T14:30:32+00:00","description":"D\u00e9couvrez comment retirer et rendre votre voiture de location \u00e0 Paros avec Polos Cars. Processus simple et rapide.","breadcrumb":{"@id":"https:\/\/poloscarsparos.gr\/fr\/procedure-de-location-de-voiture-retrait-retour\/#breadcrumb"},"inLanguage":"fr-FR","potentialAction":[{"@type":"ReadAction","target":["https:\/\/poloscarsparos.gr\/fr\/procedure-de-location-de-voiture-retrait-retour\/"]}]},{"@type":"BreadcrumbList","@id":"https:\/\/poloscarsparos.gr\/fr\/procedure-de-location-de-voiture-retrait-retour\/#breadcrumb","itemListElement":[{"@type":"ListItem","position":1,"name":"Home","item":"https:\/\/poloscarsparos.gr\/fr\/"},{"@type":"ListItem","position":2,"name":"Proc\u00e9dure de Location de Voiture \u2013 Retrait &amp; Retour"}]},{"@type":"WebSite","@id":"https:\/\/poloscarsparos.gr\/fr\/#website","url":"https:\/\/poloscarsparos.gr\/fr\/","name":"Polos Rent a Car &amp; Rental Agency in Paros","description":"Rent a car, buggy, quad, atv, moto and scooter in Paros!","publisher":{"@id":"https:\/\/poloscarsparos.gr\/fr\/#organization"},"potentialAction":[{"@type":"SearchAction","target":{"@type":"EntryPoint","urlTemplate":"https:\/\/poloscarsparos.gr\/fr\/?s={search_term_string}"},"query-input":{"@type":"PropertyValueSpecification","valueRequired":true,"valueName":"search_term_string"}}],"inLanguage":"fr-FR"},{"@type":"Organization","@id":"https:\/\/poloscarsparos.gr\/fr\/#organization","name":"Polos Rent A Car & Rental Agency","url":"https:\/\/poloscarsparos.gr\/fr\/","logo":{"@type":"ImageObject","inLanguage":"fr-FR","@id":"https:\/\/poloscarsparos.gr\/fr\/#\/schema\/logo\/image\/","url":"","contentUrl":"","caption":"Polos Rent A Car & Rental Agency"},"image":{"@id":"https:\/\/poloscarsparos.gr\/fr\/#\/schema\/logo\/image\/"}}]}},"_links":{"self":[{"href":"https:\/\/poloscarsparos.gr\/fr\/wp-json\/wp\/v2\/pages\/6171","targetHints":{"allow":["GET"]}}],"collection":[{"href":"https:\/\/poloscarsparos.gr\/fr\/wp-json\/wp\/v2\/pages"}],"about":[{"href":"https:\/\/poloscarsparos.gr\/fr\/wp-json\/wp\/v2\/types\/page"}],"author":[{"embeddable":true,"href":"https:\/\/poloscarsparos.gr\/fr\/wp-json\/wp\/v2\/users\/1"}],"replies":[{"embeddable":true,"href":"https:\/\/poloscarsparos.gr\/fr\/wp-json\/wp\/v2\/comments?post=6171"}],"version-history":[{"count":1,"href":"https:\/\/poloscarsparos.gr\/fr\/wp-json\/wp\/v2\/pages\/6171\/revisions"}],"predecessor-version":[{"id":6172,"href":"https:\/\/poloscarsparos.gr\/fr\/wp-json\/wp\/v2\/pages\/6171\/revisions\/6172"}],"wp:attachment":[{"href":"https:\/\/poloscarsparos.gr\/fr\/wp-json\/wp\/v2\/media?parent=6171"}],"curies":[{"name":"wp","href":"https:\/\/api.w.org\/{rel}","templated":true}]}}