{"id":4180,"date":"2022-04-28T08:00:53","date_gmt":"2022-04-28T05:00:53","guid":{"rendered":"https:\/\/poloscarsparos.gr\/?page_id=4180"},"modified":"2022-05-10T16:35:47","modified_gmt":"2022-05-10T13:35:47","slug":"polos-group","status":"publish","type":"page","link":"https:\/\/poloscarsparos.gr\/it\/polos-group\/","title":{"rendered":"Polos Group"},"content":{"rendered":"\n<blockquote class=\"wp-block-quote has-text-align-center is-layout-flow wp-block-quote-is-layout-flow\"><p><strong>Impresa familiare Polos<\/strong><\/p><cite>dal 1969<\/cite><\/blockquote>\n\n\n\n<blockquote class=\"wp-block-quote is-layout-flow wp-block-quote-is-layout-flow\"><p>Polos Group \u00e8 un gruppo di imprese familiari fondato alla fine degli anni \u201960 da Michael Polos sull'isola di Paros. La start-up \u00e8 stata nel settore commerciale con Polos Shop, collocata nel cuore del mercato di Parikia. Come degno successore del suo capo, riesce a guidare questo settore a Paros con il prezioso aiuto di sua moglie. Hanno iniziato di costruire il loro sogno e la loro famiglia investendo in Paros prima dello sviluppo del turismo. Dopo anni di duro lavoro e molte difficolt\u00e0, creano 3 aziende altamente competitive: \"Polos Shop\" \u2013 \"Polos Tours\" \u2013 \"Polos Hotel\".<\/p><p>Si sono ritirati e Michael Polos diede il controllo ai suoi figli. Sono riusciti a mantenere la forte concorrenza seguendo le tendenze del mercato. Oggiogiorno e dopo 2 crisi economiche, i 3 figli stanno continuando questo gruppo familiare con successo, con i pi\u00f9 alti valori di famiglia, \"uniti e determinati\" contro qualsiasi sfida futura.<\/p><p><strong>Telefono<\/strong>: +30 22840 24333 \u2013&nbsp;<strong>email<\/strong>:&nbsp;<a href=\"mailto:poloshop1969@gmail.com\">info@polosgroup.gr<\/a>&nbsp;\u2013&nbsp;<strong>Web<\/strong>:&nbsp;<a href=\"http:\/\/www.polosgroup.gr\/\" target=\"_blank\" rel=\"noreferrer noopener\">polosgroup.gr<\/a>&nbsp;\u2013&nbsp;<strong>Social<\/strong>:&nbsp;<a href=\"https:\/\/polostoursparos.com\/\" target=\"_blank\" rel=\"noreferrer noopener\">twitter<\/a><\/p><\/blockquote>\n\n\n\n<blockquote class=\"wp-block-quote has-text-align-center is-layout-flow wp-block-quote-is-layout-flow\"><p><strong>Polos Shop<\/strong><\/p><cite>dal 1969<\/cite><\/blockquote>\n\n\n\n<div class=\"wp-block-group\"><div class=\"wp-block-group__inner-container is-layout-flow wp-block-group-is-layout-flow\">\n<div class=\"wp-block-group\"><div class=\"wp-block-group__inner-container is-layout-flow wp-block-group-is-layout-flow\">\n<div class=\"wp-block-group\"><div class=\"wp-block-group__inner-container is-layout-flow wp-block-group-is-layout-flow\">\n<div class=\"wp-block-group\"><div class=\"wp-block-group__inner-container is-layout-flow wp-block-group-is-layout-flow\">\n<blockquote class=\"wp-block-quote is-layout-flow wp-block-quote-is-layout-flow\"><p>Polos Shop \u00e8 stato il fiore all'occhiello del Gruppo e il lavoro principale del fondatore fino al suo pensionamento. Si trova nel mercato di Parikia in un edificio classico unico. I suoi clienti sono i locali a cui si aggiungono in estate i turisti. Questa azienda \u00e8 attiva tutto l'anno e offre:<\/p><p>- Abbigliamento alla moda.<\/p><p>- Abbigliamento da lavoro.<\/p><p>- Tutti i tipi di tessili e accessori per il cucito.<\/p><p>- Biancheria per la casa e biancheria da letto (materassi, lenzuola, asciugamani, coperte, ecc.)<\/p><p>- Accessori da spiaggia.<\/p><p>- Prodotti B2B.<\/p><p><strong>Telefono<\/strong>: +30 22840 21400 \u2013 <strong>email<\/strong>: <a href=\"mailto:poloshop1969@gmail.com\">poloshop1969@gmail.com<\/a> \u2013 <strong>Social<\/strong>: <a href=\"https:\/\/polostoursparos.com\/\">facebook<\/a> \u2013 <strong>Posizione<\/strong>: <a href=\"https:\/\/goo.gl\/maps\/3i3qc5TgvHHWqMby7\">mapppa<\/a><\/p><\/blockquote>\n<\/div><\/div>\n<\/div><\/div>\n<\/div><\/div>\n\n\n\n<p><\/p>\n<\/div><\/div>\n\n\n\n<blockquote class=\"wp-block-quote has-text-align-center is-layout-flow wp-block-quote-is-layout-flow\"><p><strong>Polos Tours<\/strong><\/p><cite>dal 1972<\/cite><\/blockquote>\n\n\n\n<blockquote class=\"wp-block-quote is-layout-flow wp-block-quote-is-layout-flow\"><p>Polos Tours \u00e8 al servizio degli abitanti locali e dei visitatori tutto l'anno nel settore dei trasporti e dello svago. Garantiamo servizi di alta qualit\u00e0 grazie ai nostri partner. Le nostre partnership, locali e internazionali, ci hanno aiutato a creare la \"Bibbia\" dei servizi di svago a Paros e Antiparos con grande successo. Questa azienda si trova al porto di Paros a Parikia e offre i seguenti servizi:<\/p><p>- Biglietti per navi e traghetti<\/p><p>- Biglietti aerei<\/p><p>- Alloggio<\/p><p>- Trasporto privato (terrestre marittimo, aereo)<\/p><p>- Noleggio di veicoli (Auto, Scooter, ATV\/Quad, Moto, Auto Elettriche)<\/p><p>- Crociere ed escursioni giornaliere a Paros e in molte isole Cicladi<\/p><p>- Attivit\u00e0 intorno all'isola<\/p><p><strong>Telefono<\/strong>: +30 22840 22333 \u2013\u00a0<strong>email<\/strong>:\u00a0<a href=\"mailto:poloshop1969@gmail.com\">info@polostoursparos.com<\/a>\u00a0\u2013\u00a0<strong>Web<\/strong>:\u00a0<a href=\"http:\/\/www.polosgroup.gr\/\" target=\"_blank\" rel=\"noreferrer noopener\">polostoursparos.com<\/a>\u00a0\u2013\u00a0<strong>Social<\/strong>:\u00a0<a href=\"https:\/\/www.facebook.com\/polostoursparos\" target=\"_blank\" rel=\"noreferrer noopener\">facebook<\/a>,\u00a0<a href=\"https:\/\/www.instagram.com\/polostours\/\" target=\"_blank\" rel=\"noreferrer noopener\">instagram<\/a>\u00a0\u2013\u00a0<strong>Posizione<\/strong>:\u00a0<a href=\"https:\/\/g.page\/polostoursparos?share\" target=\"_blank\" rel=\"noreferrer noopener\">map<\/a><\/p><\/blockquote>\n\n\n\n<blockquote class=\"wp-block-quote has-text-align-center is-layout-flow wp-block-quote-is-layout-flow\"><p><strong>Polos Hotel<\/strong><\/p><cite>dal 1982<\/cite><\/blockquote>\n\n\n\n<blockquote class=\"wp-block-quote is-layout-flow wp-block-quote-is-layout-flow\"><p>Hotel Polos \u00e8 stata una decisione difficile per il signor Michael e molto costosa allo stesso tempo. Il 1979 \u00e8 stato l'anno di avvio del processo di costruzione, che ha richiesto 3 anni per costruire un hotel di 29 camere. Dopo 10 anni di successi, \u00e8 stato deciso un ampliamento di 15 stanze, attuato nel 1994. Gli anni \u201990 sono stati un decennio molto competitivo ed \u00e8 stato deciso un altro ampliamento, nel 1999, che \u00e8 avvenuto con successo e che ha portato alla creazione di un fantastico giardino che comprendeva la piscina e un accogliente bar a bordo piscina. Ristrutturazioni e aggiornamenti avvengono ogni anno per continuare a servire i nostri clienti nel miglior modo possibile. Questa azienda ha partner nazionali e internazionali ben noti che lavorano in modo efficace da molti anni. L'hotel si trova a Livadia Beach di Parikia ed \u00e8 aperto stagionalmente per circa 7 mesi ogni anno ed offre:<\/p><p>- Camere comode e completamente attrezzate che coprono la maggior parte delle esigenze del cliente, come superior, economy, ecc.<\/p><p>- Le camere sono dotate di aria condizionata, Smart TV, connessione internet ad alta velocit\u00e0, TV satellitare, servizi ricchi e altro ancora.<\/p><p>- Servizio di concierge<\/p><p><strong><strong>Telefono<\/strong><\/strong>: +30 22840 22173 \u2013\u00a0<strong>email<\/strong>:\u00a0<a href=\"mailto:poloshop1969@gmail.com\">info@polohotelparos.gr<\/a>\u00a0\u2013\u00a0<strong>Web<\/strong>:\u00a0<a href=\"http:\/\/www.poloshotelparos.gr\/\" target=\"_blank\" rel=\"noreferrer noopener\">poloshotelparos.gr<\/a>\u00a0\u2013\u00a0<strong>Social<\/strong>:\u00a0<a href=\"https:\/\/www.facebook.com\/poloshotel\" target=\"_blank\" rel=\"noreferrer noopener\">facebook<\/a>,\u00a0<a href=\"https:\/\/www.instagram.com\/poloshotel\" target=\"_blank\" rel=\"noreferrer noopener\">instagram<\/a><strong>\u00a0- <strong>Posizione<\/strong><\/strong>:\u00a0<a href=\"https:\/\/g.page\/Poloshotel?share\" target=\"_blank\" rel=\"noreferrer noopener\">map<\/a><\/p><\/blockquote>\n\n\n\n<blockquote class=\"wp-block-quote has-text-align-center is-layout-flow wp-block-quote-is-layout-flow\"><p><strong>Polos Private Villa<\/strong><\/p><cite>dal 2011<\/cite><\/blockquote>\n\n\n\n<blockquote class=\"wp-block-quote is-layout-flow wp-block-quote-is-layout-flow\"><p>La villa privata Polos \u00e8 una villa di lusso unica che garantisce una privacy assoluta e una vista sul mare incredibile. Con l'aumento delle richieste del settore alberghiero, il gruppo \u00e8 entrato con successo in questo mercato con questo ottimo prodotto. Situata ad Agious Anargirous, appena sopra la citt\u00e0 di Parikia, \u201cPolos Private Villa\u201d ha una vista splendida su tutte le isole del Mar Egeo e il miglior tramonto dell'isola. Offre:<\/p><p>- Alloggio per gruppi di 8 a 10 persone<\/p><p>- 2 piani<\/p><p>- 212 metri quadrati<\/p><p>- 4 camere da letto e 3 bagni<\/p><p>- BBQ<\/p><p>- Piscina<\/p><p><strong><strong>Telefono<\/strong><\/strong>: +30 22840 24333 \u2013\u00a0<strong>Web<\/strong>:\u00a0<a href=\"http:\/\/polosvillasparos.gr\/\" target=\"_blank\" rel=\"noreferrer noopener\">polosvillasparos.gr<\/a>\u00a0\u2013\u00a0<strong>email:\u00a0<\/strong>info@polosvillasparos.gr<strong>\u00a0\u2013 Social:<\/strong>\u00a0<a href=\"https:\/\/www.facebook.com\/polosvillasparos\" target=\"_blank\" rel=\"noreferrer noopener\">facebook<\/a>,\u00a0<a href=\"https:\/\/www.instagram.com\/polos_villas_paros\/\" target=\"_blank\" rel=\"noreferrer noopener\">Instagram<\/a>\u00a0\u2013\u00a0<strong><strong>Posizione<\/strong><\/strong>:\u00a0<a href=\"https:\/\/g.page\/polos_villas_paros?share\" target=\"_blank\" rel=\"noreferrer noopener\">map<\/a><\/p><\/blockquote>\n\n\n\n<blockquote class=\"wp-block-quote has-text-align-center is-layout-flow wp-block-quote-is-layout-flow\"><p><strong>Polos Rent A Car &amp; Rental Agency<\/strong><\/p><cite>dal 2014<\/cite><\/blockquote>\n\n\n\n<blockquote class=\"wp-block-quote is-layout-flow wp-block-quote-is-layout-flow\"><p>Polos Rent A Car &amp; Rental Agency si trova nel porto di Paros in Parikia, all'interno di Polos Tours. La nostra rete aziendale \u00e8 eccellente ed esigente con i partner locali e internazionali. Questa azienda sta aumentando la gamma di servizi del gruppo per servire i propri clienti e il mercato. Avendo una vasta esperienza nel settore del turismo, la nostra azienda di noleggio offre i seguenti servizi:<\/p><p>- Autonoleggio<\/p><p>- Noleggio scooter<\/p><p>- Noleggio ATV\/quad<\/p><p>- Noleggio buggies<\/p><p>- Noleggio auto elettriche<\/p><p><strong><strong>Telefono<\/strong>:\u00a0<\/strong>+30 22840 23614\u00a0<strong>\u2013 Web:<\/strong>\u00a0<a href=\"https:\/\/poloscarsparos.gr\/\" target=\"_blank\" rel=\"noreferrer noopener\">poloscarsparos.gr<\/a>\u00a0<strong>\u2013 Social:<\/strong>\u00a0<a href=\"https:\/\/www.facebook.com\/PolosCars\" target=\"_blank\" rel=\"noreferrer noopener\">facebook<\/a>,\u00a0<a href=\"https:\/\/www.instagram.com\/polos_rentacar\/\" target=\"_blank\" rel=\"noreferrer noopener\">instagram<\/a>,\u00a0<a href=\"https:\/\/www.google.gr\/maps\/place\/Polos+Cars\/@37.0859437,25.1488008,15z\/data=!4m5!3m4!1s0x0:0xd0609b64623082f!8m2!3d37.0859437!4d25.1488008\" target=\"_blank\" rel=\"noreferrer noopener\">google<\/a>,\u00a0<a href=\"https:\/\/www.youtube.com\/channel\/UCB7cdHneiMNxWd1D-gtSQgA\/featured\" target=\"_blank\" rel=\"noreferrer noopener\">youtube<\/a>\u00a0<strong>\u2013 <strong>Posizione<\/strong>:<\/strong>\u00a0<a href=\"https:\/\/g.page\/poloscars?share\" target=\"_blank\" rel=\"noreferrer noopener\">map<\/a><\/p><\/blockquote>\n\n\n\n<blockquote class=\"wp-block-quote has-text-align-center is-layout-flow wp-block-quote-is-layout-flow\"><p><strong>Polos Private Transfer<\/strong><\/p><cite>dal 2015<\/cite><\/blockquote>\n\n\n\n<div class=\"wp-block-group\"><div class=\"wp-block-group__inner-container is-layout-flow wp-block-group-is-layout-flow\">\n<blockquote class=\"wp-block-quote is-layout-flow wp-block-quote-is-layout-flow\"><p>Trasporto Privato Polos sta seguendo le esigenze del mercato, come l\u2019autonoleggio, aumentando i servizi concorrenziali offerti ai nostri clienti. Paros sta diventando il nuovo hot spot nel turismo e dopo l'aeroporto rinnovato e con pi\u00f9 linee marittime che collegano Paros con molte altre destinazioni, Trasporto Privato Polos \u00e8 il servizio che vi far\u00e0 sentire rilassati mentre siete sull'isola. Durante il vostro soggiorno a Paros, noi e i nostri partner vi offriremo il miglior rapporto qualit\u00e0-prezzo:<\/p><p>\u2013 Trasporto da punto a punto<\/p><p>\u2013&nbsp;Chauffer per hour&nbsp;(car rental with driver)<\/p><p>\u2013&nbsp;Private Tours<\/p><p><strong>Telefono<\/strong>: +30 22840 23614 \u2013&nbsp;<strong>Web<\/strong>:&nbsp;<a href=\"http:\/\/polostransfersparos.gr\/\" target=\"_blank\" rel=\"noreferrer noopener\">polostransfersparos.gr<\/a>&nbsp;\u2013&nbsp;<strong>email:<\/strong>&nbsp;info@polostransfersparos.gr \u2013&nbsp;<strong>Social:<\/strong>&nbsp;facebook, instagram<\/p><\/blockquote>\n\n\n\n<p><\/p>\n\n\n\n<p><\/p>\n\n\n\n<p><\/p>\n<\/div><\/div>\n","protected":false},"excerpt":{"rendered":"<p>Impresa familiare Polos dal 1969 Polos Group \u00e8 un gruppo di imprese familiari fondato alla fine degli anni \u201960 da Michael Polos sull'isola di Paros. La start-up \u00e8 stata nel settore commerciale con Polos Shop, collocata nel cuore del mercato di Parikia. Come degno successore del suo capo, riesce a guidare questo settore a Paros &hellip; <\/p>\n<p class=\"link-more\"><a href=\"https:\/\/poloscarsparos.gr\/it\/polos-group\/\" class=\"more-link\"><span class=\"screen-reader-text\"> prova \"Polos Group\"<\/span><\/a><\/p>\n","protected":false},"author":1,"featured_media":0,"parent":0,"menu_order":0,"comment_status":"closed","ping_status":"closed","template":"","meta":{"footnotes":""},"class_list":["post-4180","page","type-page","status-publish","hentry"],"yoast_head":"<!-- This site is optimized with the Yoast SEO plugin v27.1.1 - https:\/\/yoast.com\/product\/yoast-seo-wordpress\/ -->\n<title>Polos Group - Polos Rent A Car &amp; Rental Agency in Paros<\/title>\n<meta name=\"robots\" content=\"index, follow, max-snippet:-1, max-image-preview:large, max-video-preview:-1\" \/>\n<link rel=\"canonical\" href=\"https:\/\/poloscarsparos.gr\/it\/polos-group\/\" \/>\n<meta property=\"og:locale\" content=\"it_IT\" \/>\n<meta property=\"og:type\" content=\"article\" \/>\n<meta property=\"og:title\" content=\"Polos Group - Polos Rent A Car &amp; Rental Agency in Paros\" \/>\n<meta property=\"og:description\" content=\"Impresa familiare Polos dal 1969 Polos Group \u00e8 un gruppo di imprese familiari fondato alla fine degli anni \u201960 da Michael Polos sull&#039;isola di Paros. La start-up \u00e8 stata nel settore commerciale con Polos Shop, collocata nel cuore del mercato di Parikia. Come degno successore del suo capo, riesce a guidare questo settore a Paros &hellip; prova &quot;Polos Group&quot;\" \/>\n<meta property=\"og:url\" content=\"https:\/\/poloscarsparos.gr\/it\/polos-group\/\" \/>\n<meta property=\"og:site_name\" content=\"Polos Rent A Car &amp; Rental Agency in Paros\" \/>\n<meta property=\"article:modified_time\" content=\"2022-05-10T13:35:47+00:00\" \/>\n<meta name=\"twitter:card\" content=\"summary_large_image\" \/>\n<meta name=\"twitter:label1\" content=\"Tempo di lettura stimato\" \/>\n\t<meta name=\"twitter:data1\" content=\"5 minuti\" \/>\n<script type=\"application\/ld+json\" class=\"yoast-schema-graph\">{\"@context\":\"https:\/\/schema.org\",\"@graph\":[{\"@type\":\"WebPage\",\"@id\":\"https:\/\/poloscarsparos.gr\/it\/polos-group\/\",\"url\":\"https:\/\/poloscarsparos.gr\/it\/polos-group\/\",\"name\":\"Polos Group - Polos Rent A Car &amp; Rental Agency in Paros\",\"isPartOf\":{\"@id\":\"https:\/\/poloscarsparos.gr\/it\/#website\"},\"datePublished\":\"2022-04-28T05:00:53+00:00\",\"dateModified\":\"2022-05-10T13:35:47+00:00\",\"breadcrumb\":{\"@id\":\"https:\/\/poloscarsparos.gr\/it\/polos-group\/#breadcrumb\"},\"inLanguage\":\"it-IT\",\"potentialAction\":[{\"@type\":\"ReadAction\",\"target\":[\"https:\/\/poloscarsparos.gr\/it\/polos-group\/\"]}]},{\"@type\":\"BreadcrumbList\",\"@id\":\"https:\/\/poloscarsparos.gr\/it\/polos-group\/#breadcrumb\",\"itemListElement\":[{\"@type\":\"ListItem\",\"position\":1,\"name\":\"Home\",\"item\":\"https:\/\/poloscarsparos.gr\/it\/\"},{\"@type\":\"ListItem\",\"position\":2,\"name\":\"Polos Group\"}]},{\"@type\":\"WebSite\",\"@id\":\"https:\/\/poloscarsparos.gr\/it\/#website\",\"url\":\"https:\/\/poloscarsparos.gr\/it\/\",\"name\":\"Polos Rent A Car &amp; Rental Agency in Paros\",\"description\":\"Rent a car, buggy, quad \/ atv, scooter  in Paros\",\"publisher\":{\"@id\":\"https:\/\/poloscarsparos.gr\/it\/#organization\"},\"potentialAction\":[{\"@type\":\"SearchAction\",\"target\":{\"@type\":\"EntryPoint\",\"urlTemplate\":\"https:\/\/poloscarsparos.gr\/it\/?s={search_term_string}\"},\"query-input\":{\"@type\":\"PropertyValueSpecification\",\"valueRequired\":true,\"valueName\":\"search_term_string\"}}],\"inLanguage\":\"it-IT\"},{\"@type\":\"Organization\",\"@id\":\"https:\/\/poloscarsparos.gr\/it\/#organization\",\"name\":\"Polos Rent A Car & Rental Agency\",\"url\":\"https:\/\/poloscarsparos.gr\/it\/\",\"logo\":{\"@type\":\"ImageObject\",\"inLanguage\":\"it-IT\",\"@id\":\"https:\/\/poloscarsparos.gr\/it\/#\/schema\/logo\/image\/\",\"url\":\"\",\"contentUrl\":\"\",\"caption\":\"Polos Rent A Car & Rental Agency\"},\"image\":{\"@id\":\"https:\/\/poloscarsparos.gr\/it\/#\/schema\/logo\/image\/\"}}]}<\/script>\n<!-- \/ Yoast SEO plugin. -->","yoast_head_json":{"title":"Polos Group - Polos Rent A Car &amp; Rental Agency in Paros","robots":{"index":"index","follow":"follow","max-snippet":"max-snippet:-1","max-image-preview":"max-image-preview:large","max-video-preview":"max-video-preview:-1"},"canonical":"https:\/\/poloscarsparos.gr\/it\/polos-group\/","og_locale":"it_IT","og_type":"article","og_title":"Polos Group - Polos Rent A Car &amp; Rental Agency in Paros","og_description":"Impresa familiare Polos dal 1969 Polos Group \u00e8 un gruppo di imprese familiari fondato alla fine degli anni \u201960 da Michael Polos sull'isola di Paros. La start-up \u00e8 stata nel settore commerciale con Polos Shop, collocata nel cuore del mercato di Parikia. Come degno successore del suo capo, riesce a guidare questo settore a Paros &hellip; prova \"Polos Group\"","og_url":"https:\/\/poloscarsparos.gr\/it\/polos-group\/","og_site_name":"Polos Rent A Car &amp; Rental Agency in Paros","article_modified_time":"2022-05-10T13:35:47+00:00","twitter_card":"summary_large_image","twitter_misc":{"Tempo di lettura stimato":"5 minuti"},"schema":{"@context":"https:\/\/schema.org","@graph":[{"@type":"WebPage","@id":"https:\/\/poloscarsparos.gr\/it\/polos-group\/","url":"https:\/\/poloscarsparos.gr\/it\/polos-group\/","name":"Polos Group - Polos Rent A Car &amp; Rental Agency in Paros","isPartOf":{"@id":"https:\/\/poloscarsparos.gr\/it\/#website"},"datePublished":"2022-04-28T05:00:53+00:00","dateModified":"2022-05-10T13:35:47+00:00","breadcrumb":{"@id":"https:\/\/poloscarsparos.gr\/it\/polos-group\/#breadcrumb"},"inLanguage":"it-IT","potentialAction":[{"@type":"ReadAction","target":["https:\/\/poloscarsparos.gr\/it\/polos-group\/"]}]},{"@type":"BreadcrumbList","@id":"https:\/\/poloscarsparos.gr\/it\/polos-group\/#breadcrumb","itemListElement":[{"@type":"ListItem","position":1,"name":"Home","item":"https:\/\/poloscarsparos.gr\/it\/"},{"@type":"ListItem","position":2,"name":"Polos Group"}]},{"@type":"WebSite","@id":"https:\/\/poloscarsparos.gr\/it\/#website","url":"https:\/\/poloscarsparos.gr\/it\/","name":"Polos Rent A Car &amp; Rental Agency in Paros","description":"Rent a car, buggy, quad \/ atv, scooter  in Paros","publisher":{"@id":"https:\/\/poloscarsparos.gr\/it\/#organization"},"potentialAction":[{"@type":"SearchAction","target":{"@type":"EntryPoint","urlTemplate":"https:\/\/poloscarsparos.gr\/it\/?s={search_term_string}"},"query-input":{"@type":"PropertyValueSpecification","valueRequired":true,"valueName":"search_term_string"}}],"inLanguage":"it-IT"},{"@type":"Organization","@id":"https:\/\/poloscarsparos.gr\/it\/#organization","name":"Polos Rent A Car & Rental Agency","url":"https:\/\/poloscarsparos.gr\/it\/","logo":{"@type":"ImageObject","inLanguage":"it-IT","@id":"https:\/\/poloscarsparos.gr\/it\/#\/schema\/logo\/image\/","url":"","contentUrl":"","caption":"Polos Rent A Car & Rental Agency"},"image":{"@id":"https:\/\/poloscarsparos.gr\/it\/#\/schema\/logo\/image\/"}}]}},"_links":{"self":[{"href":"https:\/\/poloscarsparos.gr\/it\/wp-json\/wp\/v2\/pages\/4180","targetHints":{"allow":["GET"]}}],"collection":[{"href":"https:\/\/poloscarsparos.gr\/it\/wp-json\/wp\/v2\/pages"}],"about":[{"href":"https:\/\/poloscarsparos.gr\/it\/wp-json\/wp\/v2\/types\/page"}],"author":[{"embeddable":true,"href":"https:\/\/poloscarsparos.gr\/it\/wp-json\/wp\/v2\/users\/1"}],"replies":[{"embeddable":true,"href":"https:\/\/poloscarsparos.gr\/it\/wp-json\/wp\/v2\/comments?post=4180"}],"version-history":[{"count":18,"href":"https:\/\/poloscarsparos.gr\/it\/wp-json\/wp\/v2\/pages\/4180\/revisions"}],"predecessor-version":[{"id":4284,"href":"https:\/\/poloscarsparos.gr\/it\/wp-json\/wp\/v2\/pages\/4180\/revisions\/4284"}],"wp:attachment":[{"href":"https:\/\/poloscarsparos.gr\/it\/wp-json\/wp\/v2\/media?parent=4180"}],"curies":[{"name":"wp","href":"https:\/\/api.w.org\/{rel}","templated":true}]}}