{"id":4290,"date":"2022-05-10T17:19:12","date_gmt":"2022-05-10T14:19:12","guid":{"rendered":"https:\/\/poloscarsparos.gr\/?page_id=4290"},"modified":"2025-02-28T22:34:57","modified_gmt":"2025-02-28T20:34:57","slug":"termini-e-condizioni","status":"publish","type":"page","link":"https:\/\/poloscarsparos.gr\/it\/termini-e-condizioni\/","title":{"rendered":"TERMINI E CONDIZIONI"},"content":{"rendered":"\n<p><strong>Vantaggi generali dell\u2019autonoleggio<\/strong><\/p>\n\n\n\n<ul class=\"wp-block-list\">\n<li>Tutti i prezzi di noleggio includono assicurazione di terzi, chilometraggio illimitato, caschi e tasse.<\/li>\n\n\n\n<li>Assistenza stradale gratuita 24 ore su 24 (da una compagnia di assicurazione) in tutta l'isola di Paros e Antiparos.<\/li>\n\n\n\n<li>Centro di assistenza online tramite WhatsApp &amp; Viber.<\/li>\n<\/ul>\n\n\n\n<p><strong>Requisiti<\/strong><\/p>\n\n\n\n<ul class=\"wp-block-list\">\n<li>Il conducento deve essere titolare di una patente europea rilasciata almeno un anno prima o di una patente internazionale.<\/li>\n\n\n\n<li>La patente di guida internazionale (IDL) \u00e8 necessaria per tutti i conducenti non UE per noleggiare qualsiasi veicolo in Grecia.<\/li>\n\n\n\n<li>Il noleggiatore del veicolo \u00e8 responsabile per eventuali danni causati al veicolo durante il periodo di noleggio.<\/li>\n\n\n\n<li>Tutti i veicoli devono essere restituiti con la stessa quantit\u00e0 di carburante fornita.<\/li>\n\n\n\n<li>La carta di credito \u00e8 necessaria per noleggiare un veicolo per la garanzia. Se la carta di credito \u00e8 intestata ad un nome diverso da quello del conducente deve essere menzionato e aggiunto sul contratto di noleggio.<\/li>\n\n\n\n<li>Se il noleggiatore non possiede nessuna carta di credito, c'\u00e8 la possibilit\u00e0 di pagare un deposito cauzionale al momento del pick up in contanti, e poi dopo il periodo di noleggio, la nostra azienda lo restituir\u00e0 al drop off allo stesso modo.<\/li>\n<\/ul>\n\n\n\n<p><strong>Condizioni di Cancellazione<\/strong><\/p>\n\n\n\n<ul class=\"wp-block-list\">\n<li>In caso di cancellazione (per qualsiasi motivo) fino a 10 giorni prima dell'arrivo, la caparra (30%) \u00e8 rimborsabile. (fino a 20 giorni per luglio e agosto)<\/li>\n\n\n\n<li>In caso di cancellazione (per qualsiasi motivo) entro 10 giorni prima dell'arrivo, la caparra (30%) NON \u00e8 rimborsabile. (entro 20 giorni per luglio e agosto)<\/li>\n\n\n\n<li>Se il noleggiatore non soddisfa i requisiti di noleggio (patente, et\u00e0, carta di credito), Polos Rent A Car &amp; Rental Agency non \u00e8 responsabile. E possibile cancellare la prenotazione senza rimborsare la caparra.<\/li>\n\n\n\n<li>Polos Rent A Car &amp; Rental Agency non \u00e8 responsabile per eventuali cancellazioni\/ritardi di qualsiasi nave\/aereo. Il noleggiatore deve notificare anticipamente l'azienda di qualsiasi modifica\/cambiamento di arrivo in tal caso.<\/li>\n<\/ul>\n\n\n\n<p><strong>Procedura di autonoleggio: pick up e drop off<\/strong><\/p>\n\n\n\n<p>1.Ci servono tutti i dettagli necessari prima di ritirare il veicolo:<\/p>\n\n\n\n<ul class=\"wp-block-list\">\n<li>Dettagli di arrivo.<\/li>\n\n\n\n<li>Dettagli di partenza.<\/li>\n\n\n\n<li>Un anticipo del 30% dell'importo totale deve essere pagato.<\/li>\n\n\n\n<li>Eventuali servizi extra se necessari.<\/li>\n\n\n\n<li>Patente di guida<\/li>\n<\/ul>\n\n\n\n<p>2. Alla data e al luogo del pick up:<\/p>\n\n\n\n<ul class=\"wp-block-list\">\n<li>A seconda della posizione, uno dei nostri agenti vi accoglier\u00e0 come convenuto.<\/li>\n\n\n\n<li>Prepareremo tutti i documenti necessari.<\/li>\n\n\n\n<li>Finalizzeremo l'eventuale saldo.<\/li>\n\n\n\n<li>Vi chiederemo se avete alcune modifiche al vostro programma.<\/li>\n\n\n\n<li>Vi mostreremo l'auto e vi spiegheremo tutto ci\u00f2 di cui avete bisogno. Inoltre, vi diremo di eventuali danni non funzionali da altri noleggi.<\/li>\n\n\n\n<li>Vi daremo alcuni suggerimenti per quanto riguarda Paros e le indicazioni per la vostra meta.<\/li>\n<\/ul>\n\n\n\n<p>3. Alla data e al luogo della riconsegna<\/p>\n\n\n\n<ul class=\"wp-block-list\">\n<li>A seconda della posizione, uno dei nostri agenti vi accoglier\u00e0 come convenuto.<\/li>\n\n\n\n<li>Il nostro agente vi chieder\u00e0 se avete avuto problemi con il veicolo e lo valuter\u00e0 per eventuali danni.<\/li>\n\n\n\n<li>Riceverete la ricevuta\/fattura di pagamento e il deposito cauzionale.<\/li>\n\n\n\n<li>Dopo il vostro viaggio, saremo lieti di dedicare un po' di tempo alla valutazione dei nostri servizi e all'invio di feedback per aiutarci a migliorarci.<\/li>\n<\/ul>\n\n\n\n<p>S<strong>istema di calcolo dei danni<\/strong><\/p>\n\n\n\n<ul class=\"wp-block-list\">\n<li>Eventuali danni\/incidenti indesiderati causati durante il noleggio saranno valutati e esaminati dal sistema di calcolo dei danni SilverDAT. \u00c8 un sistema certificato offerto da DATgroup, riconosciuto a livello mondiale da compagnie di assicurazione e istituti di credito.<\/li>\n<\/ul>\n\n\n\n<p><strong>Tipi di Assicurazione<\/strong><\/p>\n\n\n\n<p><strong>Assicurazione della responsabilit\u00e0 civile autoveicoli<\/strong><\/p>\n\n\n\n<p>Questa assicurazione, offerta sui prezzi di noleggio, copre un individuo o un'azienda contro una perdita causata da una terza parte. \u00c8 una politica acquisita dall'assicurato (prima parte) dalla compagnia di assicurazione (seconda parte) per la protezione contro i reclami di un'altro (terza parte) in caso di incidente. La prima parte (noleggiatore\/conducente) \u00e8 responsabile solo per i propri danni o perdite (il veicolo a noleggio). L'assicurazione \u00e8 responsabile per la terza parte, indipendentemente dalla causa di tali danni.<\/p>\n\n\n\n<p><strong>Assicurazione CDW<\/strong><\/p>\n\n\n\n<p>L'assicurazione contro i danni da collisione (CDW) \u00e8 una copertura assicurativa aggiuntiva offerta (con un costo aggiuntivo) a chi noleggia un'automobile. Il costo dell'esonero dipende da una serie di fattori, come il tipo di veicolo noleggiato e il luogo di utilizzo, ecc. L'esonero copre in genere la carrozzeria dell'auto con una franchigia pari all'importo dovuto al noleggiatore. Di solito NON COPRE: vetri e specchietti, ruote e pneumatici, sottoscocca, motore, interni dell'auto, batteria scarica, effetti personali, chiavi smarrite, extra, come GPS, seggiolini per bambini o portasci, spese di traino e costi di pulizia extra se necessario.<\/p>\n\n\n\n<p>- <strong>Categoria di noleggio auto (A1, B1, B2)<\/strong><\/p>\n\n\n\n<ul class=\"wp-block-list\">\n<li><em>(CDW) ha un costo giornaliero aggiuntivo di 11 euro e una franchigia di 992 euro.<\/em><\/li>\n\n\n\n<li><em>(S1-CDW) ha un costo giornaliero aggiuntivo di 16 euro e una franchigia di 496 euro.<\/em><\/li>\n\n\n\n<li><em>(S2-CDW) ha un costo giornaliero aggiuntivo di 21 euro e una franchigia di 186 euro.<\/em><\/li>\n<\/ul>\n\n\n\n<p>- <strong>Categoria di noleggio auto (A1.a, A3.c, A3.c.a, A4.c, B2.a, C1)<\/strong><\/p>\n\n\n\n<ul class=\"wp-block-list\">\n<li><em>(CDW) ha un costo giornaliero aggiuntivo di 12 euro e una franchigia di 1.240 euro.<\/em><\/li>\n\n\n\n<li><em>(S1-CDW) ha un costo giornaliero aggiuntivo di 17 euro e una franchigia di 496 euro.<\/em><\/li>\n\n\n\n<li><em>(S2-CDW) ha un costo giornaliero aggiuntivo di 22 euro e una franchigia di 186 euro.<\/em><\/li>\n<\/ul>\n\n\n\n<p>- <strong>Categoria di noleggio auto (D1, D1.a, D2, D2.a)<\/strong><\/p>\n\n\n\n<ul class=\"wp-block-list\">\n<li><em>(CDW) ha un costo giornaliero aggiuntivo di 13 euro e una franchigia di 1.488 euro.<\/em><\/li>\n\n\n\n<li><em>(S1-CDW) ha un costo giornaliero aggiuntivo di 18 euro e una franchigia di 496 euro.<\/em><\/li>\n\n\n\n<li><em>(S2-CDW) ha un costo giornaliero aggiuntivo di 23 euro e una franchigia di 186 euro.<\/em><\/li>\n<\/ul>\n\n\n\n<p>- <strong>Categoria di noleggio auto (SUV1.a, SUV2, SUV2.a, eSUV2.a, SUV3, VAN1)<\/strong><\/p>\n\n\n\n<ul class=\"wp-block-list\">\n<li><em>(CDW) ha un costo giornaliero aggiuntivo di 14 euro e una franchigia di 1.612 euro.<\/em><\/li>\n\n\n\n<li><em>(S1-CDW) ha un costo giornaliero aggiuntivo di 19 euro e una franchigia di 496 euro.<\/em><\/li>\n\n\n\n<li><em>(S2-CDW) ha un costo giornaliero aggiuntivo di 24 euro e una franchigia di 186 euro.<\/em><\/li>\n<\/ul>\n\n\n\n<p>- <strong>Categoria noleggio auto (J1.a, SL1.a)<\/strong><\/p>\n\n\n\n<ul class=\"wp-block-list\">\n<li><em>(CDW) ha un costo aggiuntivo giornaliero di 16 euro e una franchigia di 1.798 euro.<\/em><\/li>\n\n\n\n<li><em>(S1-CDW) ha un costo giornaliero aggiuntivo di 20 euro e una franchigia di 496 euro.<\/em><\/li>\n\n\n\n<li><em>(S2-CDW) ha un costo aggiuntivo giornaliero di 26 euro e una franchigia di 186 euro.<\/em><\/li>\n<\/ul>\n\n\n\n<p><strong>Punti di consegna e ufficio principale per il noleggio auto<\/strong><\/p>\n\n\n\n<p>Le sedi di consegna sono ben distribuite su tutta l'isola e offrono flessibilit\u00e0 e facilit\u00e0 di accesso ai nostri servizi. Ogni localit\u00e0 ha un orario diverso a seconda delle esigenze.<\/p>\n\n\n\n<p><strong>Porto di Paros (Polos Tours):<\/strong> L'ufficio principale di Polos Rent a Car a Porto di Parikia (servizi di consegna gratuiti)<\/p>\n\n\n\n<ul class=\"wp-block-list\">\n<li>Dalle 09.00 alle 20.00 (servizio di consegna gratuito)<\/li>\n\n\n\n<li>Dalle 20.00 alle 00.30 (20 euro per consegna)<\/li>\n\n\n\n<li>Dalle 00.30 alle 06.30 (25 euro per consegna)<\/li>\n\n\n\n<li>Dalle 06.30 alle 09.00 (25 euro a consegna)<\/li>\n<\/ul>\n\n\n\n<p><strong>Aeroporto di Paros (PAS):<\/strong> Punto di consegna dei veicoli all'aeroporto di Paros. (servizio di consegna gratuito)<\/p>\n\n\n\n<ul class=\"wp-block-list\">\n<li>Dalle 09.00 alle 20.00 (servizio di consegna gratuito)<\/li>\n\n\n\n<li>Dalle 20.00 alle 21.30 (20 euro per consegna)<\/li>\n\n\n\n<li>Dalle 21.30 alle 06.45 (25 euro a consegna)<\/li>\n\n\n\n<li>Dalle 06.45 alle 09.00 (25 euro per consegna)<\/li>\n<\/ul>\n\n\n\n<p><strong>Porto di Punda (Antiparos): <\/strong>Punto di consegna del veicolo al porto di Punda. ( 12 euro a consegna)<\/p>\n\n\n\n<ul class=\"wp-block-list\">\n<li>Dalle 09.00 alle 20.00 (servizio di consegna gratuito)<\/li>\n\n\n\n<li>Dalle 20.00 alle 00.30 (25 euro a consegna)<\/li>\n\n\n\n<li>Dalle 00.30 alle 06.30 (30 euro a consegna)<\/li>\n\n\n\n<li>Dalle 06.30 alle 09.00 (25 euro per consegna)<\/li>\n<\/ul>\n\n\n\n<p><strong>Porto di Piso Livadi (isola di Paros):<\/strong> Consegna del veicolo al porto di Piso Livadi. ( 25 euro a consegna)<\/p>\n\n\n\n<ul class=\"wp-block-list\">\n<li>Dalle 09.00 alle 20.00 (servizio di consegna gratuito)<\/li>\n\n\n\n<li>Dalle 20.00 alle 00.30 (20 euro a consegna)<\/li>\n\n\n\n<li>Dalle 00.30 alle 06.30 (25 euro a consegna)<\/li>\n\n\n\n<li>Dalle 06.30 alle 09.00 (25 euro per consegna)<\/li>\n<\/ul>\n\n\n\n<p><strong>Luogo di consegna a Parikia:<\/strong> Consegna del veicolo a Parikia (servizio di consegna gratuito).<\/p>\n\n\n\n<p><strong>Sistemazione a Paros:<\/strong> Consegna del veicolo sull'isola di Paros. ( 4,90 euro per consegna)<\/p>\n\n\n\n<ul class=\"wp-block-list\">\n<li>Dalle 09.00 alle 20.00 (servizio di consegna gratuito)<\/li>\n\n\n\n<li>Dalle 20.00 alle 00.30 (20 euro per consegna)<\/li>\n\n\n\n<li>Dalle 00.30 alle 06.30 (25 euro per consegna)<\/li>\n\n\n\n<li>Dalle 06.30 alle 09.00 (25 euro a consegna)<\/li>\n<\/ul>\n\n\n\n<p><strong>Antiparos Alloggio:<\/strong> Consegna del veicolo sull'isola di Antiparos. ( 25 euro per consegna)<\/p>\n\n\n\n<p>Il costo per ogni localit\u00e0 varia a seconda delle esigenze specifiche. (\u00c8 previsto un supplemento di 8,90 euro per il ritiro e la riconsegna in localit\u00e0 diverse. )ia a seconda delle esigenze specifiche. (\u00c8 previsto un supplemento di 8,90 euro per il ritiro e la riconsegna in localit\u00e0 diverse. )<\/p>\n","protected":false},"excerpt":{"rendered":"<p>Vantaggi generali dell\u2019autonoleggio Requisiti Condizioni di Cancellazione Procedura di autonoleggio: pick up e drop off 1.Ci servono tutti i dettagli necessari prima di ritirare il veicolo: 2. Alla data e al luogo del pick up: 3. Alla data e al luogo della riconsegna Sistema di calcolo dei danni Tipi di Assicurazione Assicurazione della responsabilit\u00e0 civile &hellip; <\/p>\n<p class=\"link-more\"><a href=\"https:\/\/poloscarsparos.gr\/it\/termini-e-condizioni\/\" class=\"more-link\"><span class=\"screen-reader-text\"> prova \"TERMINI E CONDIZIONI\"<\/span><\/a><\/p>\n","protected":false},"author":1,"featured_media":3444,"parent":0,"menu_order":0,"comment_status":"closed","ping_status":"closed","template":"","meta":{"footnotes":""},"class_list":["post-4290","page","type-page","status-publish","has-post-thumbnail","hentry"],"yoast_head":"<!-- This site is optimized with the Yoast SEO plugin v27.1.1 - https:\/\/yoast.com\/product\/yoast-seo-wordpress\/ -->\n<title>TERMINI E CONDIZIONI - Polos Rent A Car &amp; Rental Agency in Paros<\/title>\n<meta name=\"robots\" content=\"index, follow, max-snippet:-1, max-image-preview:large, max-video-preview:-1\" \/>\n<link rel=\"canonical\" href=\"https:\/\/poloscarsparos.gr\/it\/termini-e-condizioni\/\" \/>\n<meta property=\"og:locale\" content=\"it_IT\" \/>\n<meta property=\"og:type\" content=\"article\" \/>\n<meta property=\"og:title\" content=\"TERMINI E CONDIZIONI - Polos Rent A Car &amp; Rental Agency in Paros\" \/>\n<meta property=\"og:description\" content=\"Vantaggi generali dell\u2019autonoleggio Requisiti Condizioni di Cancellazione Procedura di autonoleggio: pick up e drop off 1.Ci servono tutti i dettagli necessari prima di ritirare il veicolo: 2. Alla data e al luogo del pick up: 3. Alla data e al luogo della riconsegna Sistema di calcolo dei danni Tipi di Assicurazione Assicurazione della responsabilit\u00e0 civile &hellip; prova &quot;TERMINI E CONDIZIONI&quot;\" \/>\n<meta property=\"og:url\" content=\"https:\/\/poloscarsparos.gr\/it\/termini-e-condizioni\/\" \/>\n<meta property=\"og:site_name\" content=\"Polos Rent A Car &amp; Rental Agency in Paros\" \/>\n<meta property=\"article:modified_time\" content=\"2025-02-28T20:34:57+00:00\" \/>\n<meta property=\"og:image\" content=\"https:\/\/poloscarsparos.gr\/wp-content\/uploads\/2022\/03\/car-rentsl-1600-700.jpg\" \/>\n\t<meta property=\"og:image:width\" content=\"1600\" \/>\n\t<meta property=\"og:image:height\" content=\"700\" \/>\n\t<meta property=\"og:image:type\" content=\"image\/jpeg\" \/>\n<meta name=\"twitter:card\" content=\"summary_large_image\" \/>\n<meta name=\"twitter:label1\" content=\"Tempo di lettura stimato\" \/>\n\t<meta name=\"twitter:data1\" content=\"7 minuti\" \/>\n<script type=\"application\/ld+json\" class=\"yoast-schema-graph\">{\"@context\":\"https:\/\/schema.org\",\"@graph\":[{\"@type\":\"WebPage\",\"@id\":\"https:\/\/poloscarsparos.gr\/it\/termini-e-condizioni\/\",\"url\":\"https:\/\/poloscarsparos.gr\/it\/termini-e-condizioni\/\",\"name\":\"TERMINI E CONDIZIONI - Polos Rent A Car &amp; Rental Agency in Paros\",\"isPartOf\":{\"@id\":\"https:\/\/poloscarsparos.gr\/it\/#website\"},\"primaryImageOfPage\":{\"@id\":\"https:\/\/poloscarsparos.gr\/it\/termini-e-condizioni\/#primaryimage\"},\"image\":{\"@id\":\"https:\/\/poloscarsparos.gr\/it\/termini-e-condizioni\/#primaryimage\"},\"thumbnailUrl\":\"https:\/\/poloscarsparos.gr\/wp-content\/uploads\/2022\/03\/car-rentsl-1600-700.jpg\",\"datePublished\":\"2022-05-10T14:19:12+00:00\",\"dateModified\":\"2025-02-28T20:34:57+00:00\",\"breadcrumb\":{\"@id\":\"https:\/\/poloscarsparos.gr\/it\/termini-e-condizioni\/#breadcrumb\"},\"inLanguage\":\"it-IT\",\"potentialAction\":[{\"@type\":\"ReadAction\",\"target\":[\"https:\/\/poloscarsparos.gr\/it\/termini-e-condizioni\/\"]}]},{\"@type\":\"ImageObject\",\"inLanguage\":\"it-IT\",\"@id\":\"https:\/\/poloscarsparos.gr\/it\/termini-e-condizioni\/#primaryimage\",\"url\":\"https:\/\/poloscarsparos.gr\/wp-content\/uploads\/2022\/03\/car-rentsl-1600-700.jpg\",\"contentUrl\":\"https:\/\/poloscarsparos.gr\/wp-content\/uploads\/2022\/03\/car-rentsl-1600-700.jpg\",\"width\":1600,\"height\":700},{\"@type\":\"BreadcrumbList\",\"@id\":\"https:\/\/poloscarsparos.gr\/it\/termini-e-condizioni\/#breadcrumb\",\"itemListElement\":[{\"@type\":\"ListItem\",\"position\":1,\"name\":\"Home\",\"item\":\"https:\/\/poloscarsparos.gr\/it\/\"},{\"@type\":\"ListItem\",\"position\":2,\"name\":\"TERMINI E CONDIZIONI\"}]},{\"@type\":\"WebSite\",\"@id\":\"https:\/\/poloscarsparos.gr\/it\/#website\",\"url\":\"https:\/\/poloscarsparos.gr\/it\/\",\"name\":\"Polos Rent A Car &amp; Rental Agency in Paros\",\"description\":\"Rent a car, buggy, quad \/ atv, scooter  in Paros\",\"publisher\":{\"@id\":\"https:\/\/poloscarsparos.gr\/it\/#organization\"},\"potentialAction\":[{\"@type\":\"SearchAction\",\"target\":{\"@type\":\"EntryPoint\",\"urlTemplate\":\"https:\/\/poloscarsparos.gr\/it\/?s={search_term_string}\"},\"query-input\":{\"@type\":\"PropertyValueSpecification\",\"valueRequired\":true,\"valueName\":\"search_term_string\"}}],\"inLanguage\":\"it-IT\"},{\"@type\":\"Organization\",\"@id\":\"https:\/\/poloscarsparos.gr\/it\/#organization\",\"name\":\"Polos Rent A Car & Rental Agency\",\"url\":\"https:\/\/poloscarsparos.gr\/it\/\",\"logo\":{\"@type\":\"ImageObject\",\"inLanguage\":\"it-IT\",\"@id\":\"https:\/\/poloscarsparos.gr\/it\/#\/schema\/logo\/image\/\",\"url\":\"\",\"contentUrl\":\"\",\"caption\":\"Polos Rent A Car & Rental Agency\"},\"image\":{\"@id\":\"https:\/\/poloscarsparos.gr\/it\/#\/schema\/logo\/image\/\"}}]}<\/script>\n<!-- \/ Yoast SEO plugin. -->","yoast_head_json":{"title":"TERMINI E CONDIZIONI - Polos Rent A Car &amp; Rental Agency in Paros","robots":{"index":"index","follow":"follow","max-snippet":"max-snippet:-1","max-image-preview":"max-image-preview:large","max-video-preview":"max-video-preview:-1"},"canonical":"https:\/\/poloscarsparos.gr\/it\/termini-e-condizioni\/","og_locale":"it_IT","og_type":"article","og_title":"TERMINI E CONDIZIONI - Polos Rent A Car &amp; Rental Agency in Paros","og_description":"Vantaggi generali dell\u2019autonoleggio Requisiti Condizioni di Cancellazione Procedura di autonoleggio: pick up e drop off 1.Ci servono tutti i dettagli necessari prima di ritirare il veicolo: 2. Alla data e al luogo del pick up: 3. Alla data e al luogo della riconsegna Sistema di calcolo dei danni Tipi di Assicurazione Assicurazione della responsabilit\u00e0 civile &hellip; prova \"TERMINI E CONDIZIONI\"","og_url":"https:\/\/poloscarsparos.gr\/it\/termini-e-condizioni\/","og_site_name":"Polos Rent A Car &amp; Rental Agency in Paros","article_modified_time":"2025-02-28T20:34:57+00:00","og_image":[{"width":1600,"height":700,"url":"https:\/\/poloscarsparos.gr\/wp-content\/uploads\/2022\/03\/car-rentsl-1600-700.jpg","type":"image\/jpeg"}],"twitter_card":"summary_large_image","twitter_misc":{"Tempo di lettura stimato":"7 minuti"},"schema":{"@context":"https:\/\/schema.org","@graph":[{"@type":"WebPage","@id":"https:\/\/poloscarsparos.gr\/it\/termini-e-condizioni\/","url":"https:\/\/poloscarsparos.gr\/it\/termini-e-condizioni\/","name":"TERMINI E CONDIZIONI - Polos Rent A Car &amp; Rental Agency in Paros","isPartOf":{"@id":"https:\/\/poloscarsparos.gr\/it\/#website"},"primaryImageOfPage":{"@id":"https:\/\/poloscarsparos.gr\/it\/termini-e-condizioni\/#primaryimage"},"image":{"@id":"https:\/\/poloscarsparos.gr\/it\/termini-e-condizioni\/#primaryimage"},"thumbnailUrl":"https:\/\/poloscarsparos.gr\/wp-content\/uploads\/2022\/03\/car-rentsl-1600-700.jpg","datePublished":"2022-05-10T14:19:12+00:00","dateModified":"2025-02-28T20:34:57+00:00","breadcrumb":{"@id":"https:\/\/poloscarsparos.gr\/it\/termini-e-condizioni\/#breadcrumb"},"inLanguage":"it-IT","potentialAction":[{"@type":"ReadAction","target":["https:\/\/poloscarsparos.gr\/it\/termini-e-condizioni\/"]}]},{"@type":"ImageObject","inLanguage":"it-IT","@id":"https:\/\/poloscarsparos.gr\/it\/termini-e-condizioni\/#primaryimage","url":"https:\/\/poloscarsparos.gr\/wp-content\/uploads\/2022\/03\/car-rentsl-1600-700.jpg","contentUrl":"https:\/\/poloscarsparos.gr\/wp-content\/uploads\/2022\/03\/car-rentsl-1600-700.jpg","width":1600,"height":700},{"@type":"BreadcrumbList","@id":"https:\/\/poloscarsparos.gr\/it\/termini-e-condizioni\/#breadcrumb","itemListElement":[{"@type":"ListItem","position":1,"name":"Home","item":"https:\/\/poloscarsparos.gr\/it\/"},{"@type":"ListItem","position":2,"name":"TERMINI E CONDIZIONI"}]},{"@type":"WebSite","@id":"https:\/\/poloscarsparos.gr\/it\/#website","url":"https:\/\/poloscarsparos.gr\/it\/","name":"Polos Rent A Car &amp; Rental Agency in Paros","description":"Rent a car, buggy, quad \/ atv, scooter  in Paros","publisher":{"@id":"https:\/\/poloscarsparos.gr\/it\/#organization"},"potentialAction":[{"@type":"SearchAction","target":{"@type":"EntryPoint","urlTemplate":"https:\/\/poloscarsparos.gr\/it\/?s={search_term_string}"},"query-input":{"@type":"PropertyValueSpecification","valueRequired":true,"valueName":"search_term_string"}}],"inLanguage":"it-IT"},{"@type":"Organization","@id":"https:\/\/poloscarsparos.gr\/it\/#organization","name":"Polos Rent A Car & Rental Agency","url":"https:\/\/poloscarsparos.gr\/it\/","logo":{"@type":"ImageObject","inLanguage":"it-IT","@id":"https:\/\/poloscarsparos.gr\/it\/#\/schema\/logo\/image\/","url":"","contentUrl":"","caption":"Polos Rent A Car & Rental Agency"},"image":{"@id":"https:\/\/poloscarsparos.gr\/it\/#\/schema\/logo\/image\/"}}]}},"_links":{"self":[{"href":"https:\/\/poloscarsparos.gr\/it\/wp-json\/wp\/v2\/pages\/4290","targetHints":{"allow":["GET"]}}],"collection":[{"href":"https:\/\/poloscarsparos.gr\/it\/wp-json\/wp\/v2\/pages"}],"about":[{"href":"https:\/\/poloscarsparos.gr\/it\/wp-json\/wp\/v2\/types\/page"}],"author":[{"embeddable":true,"href":"https:\/\/poloscarsparos.gr\/it\/wp-json\/wp\/v2\/users\/1"}],"replies":[{"embeddable":true,"href":"https:\/\/poloscarsparos.gr\/it\/wp-json\/wp\/v2\/comments?post=4290"}],"version-history":[{"count":8,"href":"https:\/\/poloscarsparos.gr\/it\/wp-json\/wp\/v2\/pages\/4290\/revisions"}],"predecessor-version":[{"id":5868,"href":"https:\/\/poloscarsparos.gr\/it\/wp-json\/wp\/v2\/pages\/4290\/revisions\/5868"}],"wp:featuredmedia":[{"embeddable":true,"href":"https:\/\/poloscarsparos.gr\/it\/wp-json\/wp\/v2\/media\/3444"}],"wp:attachment":[{"href":"https:\/\/poloscarsparos.gr\/it\/wp-json\/wp\/v2\/media?parent=4290"}],"curies":[{"name":"wp","href":"https:\/\/api.w.org\/{rel}","templated":true}]}}