{"id":5519,"date":"2024-06-01T10:20:06","date_gmt":"2024-06-01T07:20:06","guid":{"rendered":"https:\/\/poloscarsparos.gr\/?page_id=5519"},"modified":"2024-06-01T10:21:54","modified_gmt":"2024-06-01T07:21:54","slug":"informazioni-su-paros","status":"publish","type":"page","link":"https:\/\/poloscarsparos.gr\/it\/informazioni-su-paros\/","title":{"rendered":"Informazioni su Paros"},"content":{"rendered":"\n<p><strong>Paros, la poliedrica Musa delle Cicladi<\/strong><\/p>\n\n\n\n<p>Combinando ieri e oggi in una seducente danza di sapori, estetica, storia e tradizione, Paros rimane immutata e luminosa. Oltre all'incredibile estetica che possiede, ci\u00f2 che la contraddistingue maggiormente \u00e8 il suo splendore, che rinasce nel corso degli anni. Paros \u00e8 sempre cos\u00ec vivace da suscitare l'interesse dei suoi visitatori sempre di pi\u00f9, conservando una sua caratteristica in pi\u00f9 che non ha rivelato.<\/p>\n\n\n\n<p>Paros \u00e8 una nota destinazione turistica, una delle isole pi\u00f9 grandi e fertili delle Cicladi. Con le sue belle spiagge, i villaggi tradizionali, i sentieri bizantini, le attrazioni e i monumenti storici che testimoniano i tempi passati, unisce la sua bellezza al patrimonio culturale, allo sfondo storico e alla cultura gastronomica.<\/p>\n\n\n\n<p>I punti di interesse a Paros sono molti, a seconda delle esigenze e dei desideri di ogni visitatore. Il filo conduttore di Paros pu\u00f2 dipanarsi come una favola dell'antichit\u00e0, tra castelli e antiche civilt\u00e0, approfondimenti e monumenti sepolti nelle profondit\u00e0 dei secoli. Tuttavia, ha anche una cultura gastronomica che rafforza la sua identit\u00e0 unica e fertile. Paros \u00e8 una destinazione gastronomica selezionata con il suo raro timbro di sapori locali e di produttori con identit\u00e0 e gusto. La gastronomia di Paros \u00e8 uno dei motivi principali per cui i visitatori scelgono Paros ancora e ancora per le loro vacanze.<\/p>\n\n\n\n<p>Godetevi l'estate comodamente, noleggiando il veicolo di vostra scelta a Paros e scoprite tutti gli aspetti di questa meravigliosa isola.<\/p>\n","protected":false},"excerpt":{"rendered":"<p>Paros, la poliedrica Musa delle Cicladi Combinando ieri e oggi in una seducente danza di sapori, estetica, storia e tradizione, Paros rimane immutata e luminosa. Oltre all'incredibile estetica che possiede, ci\u00f2 che la contraddistingue maggiormente \u00e8 il suo splendore, che rinasce nel corso degli anni. Paros \u00e8 sempre cos\u00ec vivace da suscitare l'interesse dei suoi &hellip; <\/p>\n<p class=\"link-more\"><a href=\"https:\/\/poloscarsparos.gr\/it\/informazioni-su-paros\/\" class=\"more-link\"><span class=\"screen-reader-text\"> prova \"Informazioni su Paros\"<\/span><\/a><\/p>\n","protected":false},"author":1,"featured_media":3738,"parent":0,"menu_order":0,"comment_status":"closed","ping_status":"closed","template":"page-templates\/page-sidebars.php","meta":{"footnotes":""},"class_list":["post-5519","page","type-page","status-publish","has-post-thumbnail","hentry"],"yoast_head":"<!-- This site is optimized with the Yoast SEO plugin v27.1.1 - https:\/\/yoast.com\/product\/yoast-seo-wordpress\/ -->\n<title>Paros - Un&#039;isola magica nel cuore delle Cicladi<\/title>\n<meta name=\"description\" content=\"Paros \u00e8 una destinazione turistica unica, con meravigliose spiagge, villaggi tradizionali, attrazioni e monumenti storici!\" \/>\n<meta name=\"robots\" content=\"index, follow, max-snippet:-1, max-image-preview:large, max-video-preview:-1\" \/>\n<link rel=\"canonical\" href=\"https:\/\/poloscarsparos.gr\/it\/informazioni-su-paros\/\" \/>\n<meta property=\"og:locale\" content=\"it_IT\" \/>\n<meta property=\"og:type\" content=\"article\" \/>\n<meta property=\"og:title\" content=\"Paros - Un&#039;isola magica nel cuore delle Cicladi\" \/>\n<meta property=\"og:description\" content=\"Paros \u00e8 una destinazione turistica unica, con meravigliose spiagge, villaggi tradizionali, attrazioni e monumenti storici!\" \/>\n<meta property=\"og:url\" content=\"https:\/\/poloscarsparos.gr\/it\/informazioni-su-paros\/\" \/>\n<meta property=\"og:site_name\" content=\"Polos Rent A Car &amp; Rental Agency in Paros\" \/>\n<meta property=\"article:modified_time\" content=\"2024-06-01T07:21:54+00:00\" \/>\n<meta property=\"og:image\" content=\"https:\/\/poloscarsparos.gr\/wp-content\/uploads\/2022\/04\/martsello-1600-700-1.jpg\" \/>\n\t<meta property=\"og:image:width\" content=\"1600\" \/>\n\t<meta property=\"og:image:height\" content=\"700\" \/>\n\t<meta property=\"og:image:type\" content=\"image\/jpeg\" \/>\n<meta name=\"twitter:card\" content=\"summary_large_image\" \/>\n<meta name=\"twitter:label1\" content=\"Tempo di lettura stimato\" \/>\n\t<meta name=\"twitter:data1\" content=\"2 minuti\" \/>\n<script type=\"application\/ld+json\" class=\"yoast-schema-graph\">{\"@context\":\"https:\/\/schema.org\",\"@graph\":[{\"@type\":\"WebPage\",\"@id\":\"https:\/\/poloscarsparos.gr\/it\/informazioni-su-paros\/\",\"url\":\"https:\/\/poloscarsparos.gr\/it\/informazioni-su-paros\/\",\"name\":\"Paros - Un'isola magica nel cuore delle Cicladi\",\"isPartOf\":{\"@id\":\"https:\/\/poloscarsparos.gr\/it\/#website\"},\"primaryImageOfPage\":{\"@id\":\"https:\/\/poloscarsparos.gr\/it\/informazioni-su-paros\/#primaryimage\"},\"image\":{\"@id\":\"https:\/\/poloscarsparos.gr\/it\/informazioni-su-paros\/#primaryimage\"},\"thumbnailUrl\":\"https:\/\/poloscarsparos.gr\/wp-content\/uploads\/2022\/04\/martsello-1600-700-1.jpg\",\"datePublished\":\"2024-06-01T07:20:06+00:00\",\"dateModified\":\"2024-06-01T07:21:54+00:00\",\"description\":\"Paros \u00e8 una destinazione turistica unica, con meravigliose spiagge, villaggi tradizionali, attrazioni e monumenti storici!\",\"breadcrumb\":{\"@id\":\"https:\/\/poloscarsparos.gr\/it\/informazioni-su-paros\/#breadcrumb\"},\"inLanguage\":\"it-IT\",\"potentialAction\":[{\"@type\":\"ReadAction\",\"target\":[\"https:\/\/poloscarsparos.gr\/it\/informazioni-su-paros\/\"]}]},{\"@type\":\"ImageObject\",\"inLanguage\":\"it-IT\",\"@id\":\"https:\/\/poloscarsparos.gr\/it\/informazioni-su-paros\/#primaryimage\",\"url\":\"https:\/\/poloscarsparos.gr\/wp-content\/uploads\/2022\/04\/martsello-1600-700-1.jpg\",\"contentUrl\":\"https:\/\/poloscarsparos.gr\/wp-content\/uploads\/2022\/04\/martsello-1600-700-1.jpg\",\"width\":1600,\"height\":700},{\"@type\":\"BreadcrumbList\",\"@id\":\"https:\/\/poloscarsparos.gr\/it\/informazioni-su-paros\/#breadcrumb\",\"itemListElement\":[{\"@type\":\"ListItem\",\"position\":1,\"name\":\"Home\",\"item\":\"https:\/\/poloscarsparos.gr\/it\/\"},{\"@type\":\"ListItem\",\"position\":2,\"name\":\"Informazioni su Paros\"}]},{\"@type\":\"WebSite\",\"@id\":\"https:\/\/poloscarsparos.gr\/it\/#website\",\"url\":\"https:\/\/poloscarsparos.gr\/it\/\",\"name\":\"Polos Rent A Car &amp; Rental Agency in Paros\",\"description\":\"Rent a car, buggy, quad \/ atv, scooter  in Paros\",\"publisher\":{\"@id\":\"https:\/\/poloscarsparos.gr\/it\/#organization\"},\"potentialAction\":[{\"@type\":\"SearchAction\",\"target\":{\"@type\":\"EntryPoint\",\"urlTemplate\":\"https:\/\/poloscarsparos.gr\/it\/?s={search_term_string}\"},\"query-input\":{\"@type\":\"PropertyValueSpecification\",\"valueRequired\":true,\"valueName\":\"search_term_string\"}}],\"inLanguage\":\"it-IT\"},{\"@type\":\"Organization\",\"@id\":\"https:\/\/poloscarsparos.gr\/it\/#organization\",\"name\":\"Polos Rent A Car & Rental Agency\",\"url\":\"https:\/\/poloscarsparos.gr\/it\/\",\"logo\":{\"@type\":\"ImageObject\",\"inLanguage\":\"it-IT\",\"@id\":\"https:\/\/poloscarsparos.gr\/it\/#\/schema\/logo\/image\/\",\"url\":\"\",\"contentUrl\":\"\",\"caption\":\"Polos Rent A Car & Rental Agency\"},\"image\":{\"@id\":\"https:\/\/poloscarsparos.gr\/it\/#\/schema\/logo\/image\/\"}}]}<\/script>\n<!-- \/ Yoast SEO plugin. -->","yoast_head_json":{"title":"Paros - Un'isola magica nel cuore delle Cicladi","description":"Paros \u00e8 una destinazione turistica unica, con meravigliose spiagge, villaggi tradizionali, attrazioni e monumenti storici!","robots":{"index":"index","follow":"follow","max-snippet":"max-snippet:-1","max-image-preview":"max-image-preview:large","max-video-preview":"max-video-preview:-1"},"canonical":"https:\/\/poloscarsparos.gr\/it\/informazioni-su-paros\/","og_locale":"it_IT","og_type":"article","og_title":"Paros - Un'isola magica nel cuore delle Cicladi","og_description":"Paros \u00e8 una destinazione turistica unica, con meravigliose spiagge, villaggi tradizionali, attrazioni e monumenti storici!","og_url":"https:\/\/poloscarsparos.gr\/it\/informazioni-su-paros\/","og_site_name":"Polos Rent A Car &amp; Rental Agency in Paros","article_modified_time":"2024-06-01T07:21:54+00:00","og_image":[{"width":1600,"height":700,"url":"https:\/\/poloscarsparos.gr\/wp-content\/uploads\/2022\/04\/martsello-1600-700-1.jpg","type":"image\/jpeg"}],"twitter_card":"summary_large_image","twitter_misc":{"Tempo di lettura stimato":"2 minuti"},"schema":{"@context":"https:\/\/schema.org","@graph":[{"@type":"WebPage","@id":"https:\/\/poloscarsparos.gr\/it\/informazioni-su-paros\/","url":"https:\/\/poloscarsparos.gr\/it\/informazioni-su-paros\/","name":"Paros - Un'isola magica nel cuore delle Cicladi","isPartOf":{"@id":"https:\/\/poloscarsparos.gr\/it\/#website"},"primaryImageOfPage":{"@id":"https:\/\/poloscarsparos.gr\/it\/informazioni-su-paros\/#primaryimage"},"image":{"@id":"https:\/\/poloscarsparos.gr\/it\/informazioni-su-paros\/#primaryimage"},"thumbnailUrl":"https:\/\/poloscarsparos.gr\/wp-content\/uploads\/2022\/04\/martsello-1600-700-1.jpg","datePublished":"2024-06-01T07:20:06+00:00","dateModified":"2024-06-01T07:21:54+00:00","description":"Paros \u00e8 una destinazione turistica unica, con meravigliose spiagge, villaggi tradizionali, attrazioni e monumenti storici!","breadcrumb":{"@id":"https:\/\/poloscarsparos.gr\/it\/informazioni-su-paros\/#breadcrumb"},"inLanguage":"it-IT","potentialAction":[{"@type":"ReadAction","target":["https:\/\/poloscarsparos.gr\/it\/informazioni-su-paros\/"]}]},{"@type":"ImageObject","inLanguage":"it-IT","@id":"https:\/\/poloscarsparos.gr\/it\/informazioni-su-paros\/#primaryimage","url":"https:\/\/poloscarsparos.gr\/wp-content\/uploads\/2022\/04\/martsello-1600-700-1.jpg","contentUrl":"https:\/\/poloscarsparos.gr\/wp-content\/uploads\/2022\/04\/martsello-1600-700-1.jpg","width":1600,"height":700},{"@type":"BreadcrumbList","@id":"https:\/\/poloscarsparos.gr\/it\/informazioni-su-paros\/#breadcrumb","itemListElement":[{"@type":"ListItem","position":1,"name":"Home","item":"https:\/\/poloscarsparos.gr\/it\/"},{"@type":"ListItem","position":2,"name":"Informazioni su Paros"}]},{"@type":"WebSite","@id":"https:\/\/poloscarsparos.gr\/it\/#website","url":"https:\/\/poloscarsparos.gr\/it\/","name":"Polos Rent A Car &amp; Rental Agency in Paros","description":"Rent a car, buggy, quad \/ atv, scooter  in Paros","publisher":{"@id":"https:\/\/poloscarsparos.gr\/it\/#organization"},"potentialAction":[{"@type":"SearchAction","target":{"@type":"EntryPoint","urlTemplate":"https:\/\/poloscarsparos.gr\/it\/?s={search_term_string}"},"query-input":{"@type":"PropertyValueSpecification","valueRequired":true,"valueName":"search_term_string"}}],"inLanguage":"it-IT"},{"@type":"Organization","@id":"https:\/\/poloscarsparos.gr\/it\/#organization","name":"Polos Rent A Car & Rental Agency","url":"https:\/\/poloscarsparos.gr\/it\/","logo":{"@type":"ImageObject","inLanguage":"it-IT","@id":"https:\/\/poloscarsparos.gr\/it\/#\/schema\/logo\/image\/","url":"","contentUrl":"","caption":"Polos Rent A Car & Rental Agency"},"image":{"@id":"https:\/\/poloscarsparos.gr\/it\/#\/schema\/logo\/image\/"}}]}},"_links":{"self":[{"href":"https:\/\/poloscarsparos.gr\/it\/wp-json\/wp\/v2\/pages\/5519","targetHints":{"allow":["GET"]}}],"collection":[{"href":"https:\/\/poloscarsparos.gr\/it\/wp-json\/wp\/v2\/pages"}],"about":[{"href":"https:\/\/poloscarsparos.gr\/it\/wp-json\/wp\/v2\/types\/page"}],"author":[{"embeddable":true,"href":"https:\/\/poloscarsparos.gr\/it\/wp-json\/wp\/v2\/users\/1"}],"replies":[{"embeddable":true,"href":"https:\/\/poloscarsparos.gr\/it\/wp-json\/wp\/v2\/comments?post=5519"}],"version-history":[{"count":2,"href":"https:\/\/poloscarsparos.gr\/it\/wp-json\/wp\/v2\/pages\/5519\/revisions"}],"predecessor-version":[{"id":5522,"href":"https:\/\/poloscarsparos.gr\/it\/wp-json\/wp\/v2\/pages\/5519\/revisions\/5522"}],"wp:featuredmedia":[{"embeddable":true,"href":"https:\/\/poloscarsparos.gr\/it\/wp-json\/wp\/v2\/media\/3738"}],"wp:attachment":[{"href":"https:\/\/poloscarsparos.gr\/it\/wp-json\/wp\/v2\/media?parent=5519"}],"curies":[{"name":"wp","href":"https:\/\/api.w.org\/{rel}","templated":true}]}}