{"id":5560,"date":"2024-06-01T11:33:35","date_gmt":"2024-06-01T08:33:35","guid":{"rendered":"https:\/\/poloscarsparos.gr\/?page_id=5560"},"modified":"2024-06-01T12:18:56","modified_gmt":"2024-06-01T09:18:56","slug":"gastronomia","status":"publish","type":"page","link":"https:\/\/poloscarsparos.gr\/it\/informazioni-su-paros\/gastronomia\/","title":{"rendered":"Gastronomia"},"content":{"rendered":"\n<p class=\"has-text-align-center\"><strong>Paros, un luogo paradisiaco.<\/strong><\/p>\n\n\n\n<figure class=\"wp-block-image\"><img decoding=\"async\" src=\"https:\/\/poloscarsparos.gr\/wp-content\/uploads\/2021\/04\/gastr-3-1.jpg\" alt=\"\" class=\"wp-image-2676\"\/><\/figure>\n\n\n\n<p>Il vino a Paros ha una storia e una tradizione notevoli. Non \u00e8 un caso che a Paros, Agios Giorgis, la chiesa dell'Ubriaco, sia onorata, come la chiamavano gli abitanti, con una celebrazione speciale il 3 novembre. In questo periodo, gli abitanti del luogo aprono e assaggiano i nuovi vini.<\/p>\n\n\n\n<p>Fin dall'antichit\u00e0 l'apertura delle botti era una festa meravigliosa per la gente; il 3 novembre i viticoltori organizzavano feste tradizionali e facevano rivivere usanze che affondano le radici nelle feste dionisiache degli anni bizantini.<\/p>\n\n\n\n<p>Paros, riconosciuta per il suo vino eccezionale come DOP (Denominazione di origine protetta).<\/p>\n\n\n\n<p>Tra le 33 regioni della Grecia, Paros \u00e8 la seconda isola produttrice di vino delle Cicladi dopo Santorini. Paros \u00e8 famosa per le pregiate variet\u00e0 \u201cMandilaria\u201d (rosso) e \u201cMonemvasia\u201d (bianco), nonch\u00e9 per altri vini prodotti dai vigneti di Paros, tra cui i vini bianchi dolci inclusi nella Denominazione di Origine Protetta di Paros come vini Malvasia Paros. Il nome Malvasia \u00e8 geografico e indica la citt\u00e0 bizantina di Monemvasia durante il periodo dei Franchi. La Malvasia inizi\u00f2 a essere prodotta prima del XIII secolo nella Monemvasia bizantina, guadagnando un'ampia reputazione. Nessun altro vino ha ottenuto tanta fama durante il Medioevo e il Rinascimento, e nessun nome di vino da allora a oggi ha una storia cos\u00ec affascinante.<\/p>\n\n\n\n<p>Si tratta di vini a denominazione d'origine con caratteristiche superiori e di rara qualit\u00e0. La strada che va da Parikia a Naoussa pu\u00f2 essere considerata la strada del vino a Paros.<\/p>\n\n\n\n<p>Paros ha cantine, accessibili al pubblico, con variet\u00e0 di vino note e rare che uniscono l'esperienza al gusto e la tradizione alla tecnologia moderna. Ma soprattutto c'\u00e8 l'amore per un luogo interamente benedetto e consegnato alla sua gente.<\/p>\n\n\n\n<p>A Paros si produce anche il \u201csuma\u201d, che \u00e8 buono come il vino di Pari. Suma a Paros \u00e8 il nome della bevanda ottenuta dalla distillazione di residui di vino come lo tsipouro e il raki a Creta. La distillazione della suma \u00e8 accompagnata dai produttori di Paros da una grande festa a cui tutti sono invitati. La produzione di suma avviene a novembre ed \u00e8 accompagnata da una festa nelle zone in cui ci sono birrifici. Gli abitanti di Paros accolgono l'inverno e il grande ciclo di celebrazioni con feste e suma.<\/p>\n\n\n\n<p>Naturalmente, se vi piace la birra bionda amara e leggera, potete sempre preferire una fresca \u00a856isles\u00a8 Paros dal 2016 produce la sua birra dal gusto eccellente. Il suo nome deriva dalle 56 isole piccole e grandi delle bellissime Cicladi.<\/p>\n\n\n\n<p>Paros ha anche caseifici con il suo famoso gruyere, ottimi kefalotyri, mizithra, anthotyro e yogurt.<\/p>\n\n\n\n<p>Produce il suo miele, il pesce, l'olio, il grano, l'orzo, gli ortaggi, le patate. Conosciuti e famosi fin dall'antichit\u00e0 per il loro sapore sono i fichi di Pari.<\/p>\n\n\n\n<p>Noleggiando un'auto a Paros, potrete visitare comodamente e rapidamente tutti i punti di interesse unici dell'isola e vivere Paros come un insider locale.<\/p>\n\n\n\n<p>Sperimenterete e conoscerete i prodotti di Paros realizzati con grande gusto da nuovi produttori caratterizzati dall'amore per la propria isola e dall'obiettivo di mantenere viva la tradizione, aprendo la strada a un percorso evolutivo della cultura gastronomica.<\/p>\n","protected":false},"excerpt":{"rendered":"<p>Paros, un luogo paradisiaco. Il vino a Paros ha una storia e una tradizione notevoli. Non \u00e8 un caso che a Paros, Agios Giorgis, la chiesa dell'Ubriaco, sia onorata, come la chiamavano gli abitanti, con una celebrazione speciale il 3 novembre. In questo periodo, gli abitanti del luogo aprono e assaggiano i nuovi vini. Fin &hellip; <\/p>\n<p class=\"link-more\"><a href=\"https:\/\/poloscarsparos.gr\/it\/informazioni-su-paros\/gastronomia\/\" class=\"more-link\"><span class=\"screen-reader-text\"> prova \"Gastronomia\"<\/span><\/a><\/p>\n","protected":false},"author":1,"featured_media":0,"parent":5519,"menu_order":0,"comment_status":"closed","ping_status":"closed","template":"page-templates\/page-sidebars.php","meta":{"footnotes":""},"class_list":["post-5560","page","type-page","status-publish","hentry"],"yoast_head":"<!-- This site is optimized with the Yoast SEO plugin v27.1.1 - https:\/\/yoast.com\/product\/yoast-seo-wordpress\/ -->\n<title>Paros, un luogo benedetto. Gastronomia a Paros<\/title>\n<meta name=\"description\" content=\"I punti di interesse a Paros sono molti e stimolano tutti i sensi, con protagonista il suo delizioso vino.\" \/>\n<meta name=\"robots\" content=\"index, follow, max-snippet:-1, max-image-preview:large, max-video-preview:-1\" \/>\n<link rel=\"canonical\" href=\"https:\/\/poloscarsparos.gr\/it\/informazioni-su-paros\/gastronomia\/\" \/>\n<meta property=\"og:locale\" content=\"it_IT\" \/>\n<meta property=\"og:type\" content=\"article\" \/>\n<meta property=\"og:title\" content=\"Paros, un luogo benedetto. Gastronomia a Paros\" \/>\n<meta property=\"og:description\" content=\"I punti di interesse a Paros sono molti e stimolano tutti i sensi, con protagonista il suo delizioso vino.\" \/>\n<meta property=\"og:url\" content=\"https:\/\/poloscarsparos.gr\/it\/informazioni-su-paros\/gastronomia\/\" \/>\n<meta property=\"og:site_name\" content=\"Polos Rent A Car &amp; Rental Agency in Paros\" \/>\n<meta property=\"article:modified_time\" content=\"2024-06-01T09:18:56+00:00\" \/>\n<meta property=\"og:image\" content=\"https:\/\/poloscarsparos.gr\/wp-content\/uploads\/2021\/04\/gastr-3-1.jpg\" \/>\n<meta name=\"twitter:card\" content=\"summary_large_image\" \/>\n<meta name=\"twitter:label1\" content=\"Tempo di lettura stimato\" \/>\n\t<meta name=\"twitter:data1\" content=\"3 minuti\" \/>\n<script type=\"application\/ld+json\" class=\"yoast-schema-graph\">{\"@context\":\"https:\/\/schema.org\",\"@graph\":[{\"@type\":\"WebPage\",\"@id\":\"https:\/\/poloscarsparos.gr\/it\/informazioni-su-paros\/gastronomia\/\",\"url\":\"https:\/\/poloscarsparos.gr\/it\/informazioni-su-paros\/gastronomia\/\",\"name\":\"Paros, un luogo benedetto. Gastronomia a Paros\",\"isPartOf\":{\"@id\":\"https:\/\/poloscarsparos.gr\/it\/#website\"},\"primaryImageOfPage\":{\"@id\":\"https:\/\/poloscarsparos.gr\/it\/informazioni-su-paros\/gastronomia\/#primaryimage\"},\"image\":{\"@id\":\"https:\/\/poloscarsparos.gr\/it\/informazioni-su-paros\/gastronomia\/#primaryimage\"},\"thumbnailUrl\":\"https:\/\/poloscarsparos.gr\/wp-content\/uploads\/2021\/04\/gastr-3-1.jpg\",\"datePublished\":\"2024-06-01T08:33:35+00:00\",\"dateModified\":\"2024-06-01T09:18:56+00:00\",\"description\":\"I punti di interesse a Paros sono molti e stimolano tutti i sensi, con protagonista il suo delizioso vino.\",\"breadcrumb\":{\"@id\":\"https:\/\/poloscarsparos.gr\/it\/informazioni-su-paros\/gastronomia\/#breadcrumb\"},\"inLanguage\":\"it-IT\",\"potentialAction\":[{\"@type\":\"ReadAction\",\"target\":[\"https:\/\/poloscarsparos.gr\/it\/informazioni-su-paros\/gastronomia\/\"]}]},{\"@type\":\"ImageObject\",\"inLanguage\":\"it-IT\",\"@id\":\"https:\/\/poloscarsparos.gr\/it\/informazioni-su-paros\/gastronomia\/#primaryimage\",\"url\":\"https:\/\/poloscarsparos.gr\/wp-content\/uploads\/2021\/04\/gastr-3-1.jpg\",\"contentUrl\":\"https:\/\/poloscarsparos.gr\/wp-content\/uploads\/2021\/04\/gastr-3-1.jpg\"},{\"@type\":\"BreadcrumbList\",\"@id\":\"https:\/\/poloscarsparos.gr\/it\/informazioni-su-paros\/gastronomia\/#breadcrumb\",\"itemListElement\":[{\"@type\":\"ListItem\",\"position\":1,\"name\":\"Home\",\"item\":\"https:\/\/poloscarsparos.gr\/it\/\"},{\"@type\":\"ListItem\",\"position\":2,\"name\":\"Informazioni su Paros\",\"item\":\"https:\/\/poloscarsparos.gr\/it\/informazioni-su-paros\/\"},{\"@type\":\"ListItem\",\"position\":3,\"name\":\"Gastronomia\"}]},{\"@type\":\"WebSite\",\"@id\":\"https:\/\/poloscarsparos.gr\/it\/#website\",\"url\":\"https:\/\/poloscarsparos.gr\/it\/\",\"name\":\"Polos Rent A Car &amp; Rental Agency in Paros\",\"description\":\"Rent a car, buggy, quad \/ atv, scooter  in Paros\",\"publisher\":{\"@id\":\"https:\/\/poloscarsparos.gr\/it\/#organization\"},\"potentialAction\":[{\"@type\":\"SearchAction\",\"target\":{\"@type\":\"EntryPoint\",\"urlTemplate\":\"https:\/\/poloscarsparos.gr\/it\/?s={search_term_string}\"},\"query-input\":{\"@type\":\"PropertyValueSpecification\",\"valueRequired\":true,\"valueName\":\"search_term_string\"}}],\"inLanguage\":\"it-IT\"},{\"@type\":\"Organization\",\"@id\":\"https:\/\/poloscarsparos.gr\/it\/#organization\",\"name\":\"Polos Rent A Car & Rental Agency\",\"url\":\"https:\/\/poloscarsparos.gr\/it\/\",\"logo\":{\"@type\":\"ImageObject\",\"inLanguage\":\"it-IT\",\"@id\":\"https:\/\/poloscarsparos.gr\/it\/#\/schema\/logo\/image\/\",\"url\":\"\",\"contentUrl\":\"\",\"caption\":\"Polos Rent A Car & Rental Agency\"},\"image\":{\"@id\":\"https:\/\/poloscarsparos.gr\/it\/#\/schema\/logo\/image\/\"}}]}<\/script>\n<!-- \/ Yoast SEO plugin. -->","yoast_head_json":{"title":"Paros, un luogo benedetto. Gastronomia a Paros","description":"I punti di interesse a Paros sono molti e stimolano tutti i sensi, con protagonista il suo delizioso vino.","robots":{"index":"index","follow":"follow","max-snippet":"max-snippet:-1","max-image-preview":"max-image-preview:large","max-video-preview":"max-video-preview:-1"},"canonical":"https:\/\/poloscarsparos.gr\/it\/informazioni-su-paros\/gastronomia\/","og_locale":"it_IT","og_type":"article","og_title":"Paros, un luogo benedetto. Gastronomia a Paros","og_description":"I punti di interesse a Paros sono molti e stimolano tutti i sensi, con protagonista il suo delizioso vino.","og_url":"https:\/\/poloscarsparos.gr\/it\/informazioni-su-paros\/gastronomia\/","og_site_name":"Polos Rent A Car &amp; Rental Agency in Paros","article_modified_time":"2024-06-01T09:18:56+00:00","og_image":[{"url":"https:\/\/poloscarsparos.gr\/wp-content\/uploads\/2021\/04\/gastr-3-1.jpg","type":"","width":"","height":""}],"twitter_card":"summary_large_image","twitter_misc":{"Tempo di lettura stimato":"3 minuti"},"schema":{"@context":"https:\/\/schema.org","@graph":[{"@type":"WebPage","@id":"https:\/\/poloscarsparos.gr\/it\/informazioni-su-paros\/gastronomia\/","url":"https:\/\/poloscarsparos.gr\/it\/informazioni-su-paros\/gastronomia\/","name":"Paros, un luogo benedetto. Gastronomia a Paros","isPartOf":{"@id":"https:\/\/poloscarsparos.gr\/it\/#website"},"primaryImageOfPage":{"@id":"https:\/\/poloscarsparos.gr\/it\/informazioni-su-paros\/gastronomia\/#primaryimage"},"image":{"@id":"https:\/\/poloscarsparos.gr\/it\/informazioni-su-paros\/gastronomia\/#primaryimage"},"thumbnailUrl":"https:\/\/poloscarsparos.gr\/wp-content\/uploads\/2021\/04\/gastr-3-1.jpg","datePublished":"2024-06-01T08:33:35+00:00","dateModified":"2024-06-01T09:18:56+00:00","description":"I punti di interesse a Paros sono molti e stimolano tutti i sensi, con protagonista il suo delizioso vino.","breadcrumb":{"@id":"https:\/\/poloscarsparos.gr\/it\/informazioni-su-paros\/gastronomia\/#breadcrumb"},"inLanguage":"it-IT","potentialAction":[{"@type":"ReadAction","target":["https:\/\/poloscarsparos.gr\/it\/informazioni-su-paros\/gastronomia\/"]}]},{"@type":"ImageObject","inLanguage":"it-IT","@id":"https:\/\/poloscarsparos.gr\/it\/informazioni-su-paros\/gastronomia\/#primaryimage","url":"https:\/\/poloscarsparos.gr\/wp-content\/uploads\/2021\/04\/gastr-3-1.jpg","contentUrl":"https:\/\/poloscarsparos.gr\/wp-content\/uploads\/2021\/04\/gastr-3-1.jpg"},{"@type":"BreadcrumbList","@id":"https:\/\/poloscarsparos.gr\/it\/informazioni-su-paros\/gastronomia\/#breadcrumb","itemListElement":[{"@type":"ListItem","position":1,"name":"Home","item":"https:\/\/poloscarsparos.gr\/it\/"},{"@type":"ListItem","position":2,"name":"Informazioni su Paros","item":"https:\/\/poloscarsparos.gr\/it\/informazioni-su-paros\/"},{"@type":"ListItem","position":3,"name":"Gastronomia"}]},{"@type":"WebSite","@id":"https:\/\/poloscarsparos.gr\/it\/#website","url":"https:\/\/poloscarsparos.gr\/it\/","name":"Polos Rent A Car &amp; Rental Agency in Paros","description":"Rent a car, buggy, quad \/ atv, scooter  in Paros","publisher":{"@id":"https:\/\/poloscarsparos.gr\/it\/#organization"},"potentialAction":[{"@type":"SearchAction","target":{"@type":"EntryPoint","urlTemplate":"https:\/\/poloscarsparos.gr\/it\/?s={search_term_string}"},"query-input":{"@type":"PropertyValueSpecification","valueRequired":true,"valueName":"search_term_string"}}],"inLanguage":"it-IT"},{"@type":"Organization","@id":"https:\/\/poloscarsparos.gr\/it\/#organization","name":"Polos Rent A Car & Rental Agency","url":"https:\/\/poloscarsparos.gr\/it\/","logo":{"@type":"ImageObject","inLanguage":"it-IT","@id":"https:\/\/poloscarsparos.gr\/it\/#\/schema\/logo\/image\/","url":"","contentUrl":"","caption":"Polos Rent A Car & Rental Agency"},"image":{"@id":"https:\/\/poloscarsparos.gr\/it\/#\/schema\/logo\/image\/"}}]}},"_links":{"self":[{"href":"https:\/\/poloscarsparos.gr\/it\/wp-json\/wp\/v2\/pages\/5560","targetHints":{"allow":["GET"]}}],"collection":[{"href":"https:\/\/poloscarsparos.gr\/it\/wp-json\/wp\/v2\/pages"}],"about":[{"href":"https:\/\/poloscarsparos.gr\/it\/wp-json\/wp\/v2\/types\/page"}],"author":[{"embeddable":true,"href":"https:\/\/poloscarsparos.gr\/it\/wp-json\/wp\/v2\/users\/1"}],"replies":[{"embeddable":true,"href":"https:\/\/poloscarsparos.gr\/it\/wp-json\/wp\/v2\/comments?post=5560"}],"version-history":[{"count":1,"href":"https:\/\/poloscarsparos.gr\/it\/wp-json\/wp\/v2\/pages\/5560\/revisions"}],"predecessor-version":[{"id":5561,"href":"https:\/\/poloscarsparos.gr\/it\/wp-json\/wp\/v2\/pages\/5560\/revisions\/5561"}],"up":[{"embeddable":true,"href":"https:\/\/poloscarsparos.gr\/it\/wp-json\/wp\/v2\/pages\/5519"}],"wp:attachment":[{"href":"https:\/\/poloscarsparos.gr\/it\/wp-json\/wp\/v2\/media?parent=5560"}],"curies":[{"name":"wp","href":"https:\/\/api.w.org\/{rel}","templated":true}]}}