{"id":6145,"date":"2025-05-15T15:04:19","date_gmt":"2025-05-15T12:04:19","guid":{"rendered":"https:\/\/poloscarsparos.gr\/?page_id=6145"},"modified":"2025-05-26T14:49:28","modified_gmt":"2025-05-26T11:49:28","slug":"requisiti-per-il-noleggio","status":"publish","type":"page","link":"https:\/\/poloscarsparos.gr\/it\/requisiti-per-il-noleggio\/","title":{"rendered":"Requisiti per il Noleggio"},"content":{"rendered":"\n<ul class=\"wp-block-list\">\n<li><strong>Patente di Guida per Auto:<\/strong> Il conducente deve possedere una patente di guida valida europea o una Patente di <a href=\"https:\/\/e-ita.org\/\">Guida Internazionale (IDL)<\/a> rilasciata da almeno un anno. Una IDL \u00e8 obbligatoria per tutti i conducenti non appartenenti all\u2019UE che noleggiano un veicolo in Grecia.<\/li>\n\n\n\n<li><strong>Patente di Guida per Scooter\/Motocicletta:<\/strong> Il conducente deve possedere una patente di guida valida europea o una Patente di <a href=\"https:\/\/e-ita.org\/\">Guida Internazionale (IDL)<\/a> (Categoria A, A1 o A2) rilasciata da almeno un anno. I locatari devono avere almeno 21 anni e avere esperienza pregressa nella guida del tipo di veicolo noleggiato.<\/li>\n\n\n\n<li><strong>Patente di Guida per Buggy\/Quad\/ATV:<\/strong> Il conducente deve possedere una patente di guida valida europea o una Patente di <a href=\"https:\/\/e-ita.org\/\">Guida Internazionale (IDL)<\/a> rilasciata da almeno un anno. \u00c8 richiesta una patente di categoria B (auto) per guidare legalmente questi veicoli. I locatari devono avere almeno 23 anni e avere esperienza pregressa nella guida del tipo di veicolo noleggiato. Le persone in possesso di una patente A, A1 o A2 per motociclette non possono guidare un Buggy o un Quad o un ATV.<\/li>\n\n\n\n<li><strong>Responsabilit\u00e0:<\/strong> Il locatario \u00e8 responsabile per eventuali danni causati al veicolo durante il periodo di noleggio.<\/li>\n\n\n\n<li><strong>Politica sul Carburante:<\/strong> Tutti i veicoli devono essere restituiti con lo stesso livello di carburante presente al momento del ritiro. Potrebbero essere applicati costi aggiuntivi alla riconsegna se il livello di carburante \u00e8 inferiore a quello del ritiro.<\/li>\n\n\n\n<li><strong>Requisito di Carta di Credito:<\/strong> \u00c8 richiesta una carta di credito per il noleggio del veicolo come garanzia. Se la carta di credito \u00e8 intestata a un nome diverso da quello del conducente, ci\u00f2 deve essere indicato ed incluso nel contratto di noleggio come conducente aggiuntivo. L'importo del deposito verr\u00e0 temporaneamente bloccato come garanzia al momento del ritiro e rilasciato dopo la riconsegna, se non verranno applicati costi aggiuntivi; l'importo dipende dal tipo di assicurazione e dalla relativa franchigia.<\/li>\n\n\n\n<li><strong>Carta di Debito o Contanti:<\/strong> Se il locatario non possiede una carta di credito, \u00e8 accettata una carta di debito o il pagamento in contanti solo se l'importo richiesto \u00e8 disponibile per l'addebito e se viene acquistata un\u2019assicurazione aggiuntiva. Il deposito cauzionale sar\u00e0 pari all'importo della franchigia dell\u2019assicurazione acquistata. Il deposito sar\u00e0 addebitato per intero all'arrivo e rimborsato allo stesso modo al momento della riconsegna del veicolo nelle stesse condizioni.<\/li>\n\n\n\n<li><strong>Opzione Deposito in Contanti:<\/strong> Se il locatario non possiede una carta di credito, \u00e8 disponibile l'opzione di deposito in contanti solo se viene acquistata un\u2019assicurazione aggiuntiva. Il deposito in contanti sar\u00e0 pari all'importo della franchigia. Deve essere pagato al momento del ritiro del veicolo e sar\u00e0 rimborsato allo stesso modo al momento della riconsegna del veicolo nelle stesse condizioni.<\/li>\n\n\n\n<li><strong>Documenti Richiesti:<\/strong> Per noleggiare un veicolo, il locatario deve presentare una patente di guida valida, un documento d\u2019identit\u00e0 ufficiale (passaporto o carta d\u2019identit\u00e0 nazionale) e una carta di credito\/debito o contanti per il deposito.<\/li>\n<\/ul>\n\n\n\n<h3 class=\"wp-block-heading\"><strong>Requisiti di Et\u00e0<\/strong><\/h3>\n\n\n\n<p>L'et\u00e0 minima per noleggiare un\u2019auto \u00e8 generalmente di 20 anni, con una patente di guida valida da almeno un anno. Tuttavia, i conducenti sotto i 23 anni sono soggetti a un supplemento per giovani conducenti.<br>&nbsp;Per i conducenti anziani, il limite massimo di et\u00e0 per il noleggio \u00e8 di 80 anni. I conducenti sopra i 70 anni sono soggetti a un supplemento per conducenti senior.<\/p>\n\n\n\n<h3 class=\"wp-block-heading\"><strong>Cosa Succede se Non Soddisfo i Requisiti di Noleggio?<\/strong><\/h3>\n\n\n\n<p>Se il locatario non soddisfa i requisiti di noleggio (ad es. et\u00e0, patente, carta di credito), Polos Rent A Car &amp; Rental Agency non sar\u00e0 ritenuta responsabile. La prenotazione sar\u00e0 cancellata e non verr\u00e0 rimborsato alcun importo.<\/p>\n\n\n\n<h3 class=\"wp-block-heading\"><strong>Posso Noleggiare un'Auto con una Patente Non Internazionale?<\/strong><\/h3>\n\n\n\n<p>Accettiamo la maggior parte delle patenti di guida non internazionali; tuttavia, le patenti emesse in alcune localit\u00e0 potrebbero richiedere un Permesso di Guida Internazionale (IDP). Per ulteriori chiarimenti o informazioni, non esitate a contattarci.<\/p>\n","protected":false},"excerpt":{"rendered":"<p>Requisiti di Et\u00e0 L'et\u00e0 minima per noleggiare un\u2019auto \u00e8 generalmente di 20 anni, con una patente di guida valida da almeno un anno. Tuttavia, i conducenti sotto i 23 anni sono soggetti a un supplemento per giovani conducenti.&nbsp;Per i conducenti anziani, il limite massimo di et\u00e0 per il noleggio \u00e8 di 80 anni. I conducenti &hellip; <\/p>\n<p class=\"link-more\"><a href=\"https:\/\/poloscarsparos.gr\/it\/requisiti-per-il-noleggio\/\" class=\"more-link\"><span class=\"screen-reader-text\"> prova \"Requisiti per il Noleggio\"<\/span><\/a><\/p>\n","protected":false},"author":1,"featured_media":0,"parent":0,"menu_order":0,"comment_status":"closed","ping_status":"closed","template":"","meta":{"footnotes":""},"class_list":["post-6145","page","type-page","status-publish","hentry"],"yoast_head":"<!-- This site is optimized with the Yoast SEO plugin v27.1.1 - https:\/\/yoast.com\/product\/yoast-seo-wordpress\/ -->\n<title>Requisiti per Noleggiare un&#039;Auto a Paros | Polo Cars Paros \u2013 Tutto Quello da Sapere<\/title>\n<meta name=\"description\" content=\"Scopri cosa serve per noleggiare un\u2019auto a Paros: et\u00e0, patente, documenti e condizioni con Polo Cars Paros.\" \/>\n<meta name=\"robots\" content=\"index, follow, max-snippet:-1, max-image-preview:large, max-video-preview:-1\" \/>\n<link rel=\"canonical\" href=\"https:\/\/poloscarsparos.gr\/it\/requisiti-per-il-noleggio\/\" \/>\n<meta property=\"og:locale\" content=\"it_IT\" \/>\n<meta property=\"og:type\" content=\"article\" \/>\n<meta property=\"og:title\" content=\"Requisiti per Noleggiare un&#039;Auto a Paros | Polo Cars Paros \u2013 Tutto Quello da Sapere\" \/>\n<meta property=\"og:description\" content=\"Scopri cosa serve per noleggiare un\u2019auto a Paros: et\u00e0, patente, documenti e condizioni con Polo Cars Paros.\" \/>\n<meta property=\"og:url\" content=\"https:\/\/poloscarsparos.gr\/it\/requisiti-per-il-noleggio\/\" \/>\n<meta property=\"og:site_name\" content=\"Polos Rent A Car &amp; Rental Agency in Paros\" \/>\n<meta property=\"article:modified_time\" content=\"2025-05-26T11:49:28+00:00\" \/>\n<meta name=\"twitter:card\" content=\"summary_large_image\" \/>\n<meta name=\"twitter:label1\" content=\"Tempo di lettura stimato\" \/>\n\t<meta name=\"twitter:data1\" content=\"3 minuti\" \/>\n<script type=\"application\/ld+json\" class=\"yoast-schema-graph\">{\"@context\":\"https:\/\/schema.org\",\"@graph\":[{\"@type\":\"WebPage\",\"@id\":\"https:\/\/poloscarsparos.gr\/it\/requisiti-per-il-noleggio\/\",\"url\":\"https:\/\/poloscarsparos.gr\/it\/requisiti-per-il-noleggio\/\",\"name\":\"Requisiti per Noleggiare un'Auto a Paros | Polo Cars Paros \u2013 Tutto Quello da Sapere\",\"isPartOf\":{\"@id\":\"https:\/\/poloscarsparos.gr\/it\/#website\"},\"datePublished\":\"2025-05-15T12:04:19+00:00\",\"dateModified\":\"2025-05-26T11:49:28+00:00\",\"description\":\"Scopri cosa serve per noleggiare un\u2019auto a Paros: et\u00e0, patente, documenti e condizioni con Polo Cars Paros.\",\"breadcrumb\":{\"@id\":\"https:\/\/poloscarsparos.gr\/it\/requisiti-per-il-noleggio\/#breadcrumb\"},\"inLanguage\":\"it-IT\",\"potentialAction\":[{\"@type\":\"ReadAction\",\"target\":[\"https:\/\/poloscarsparos.gr\/it\/requisiti-per-il-noleggio\/\"]}]},{\"@type\":\"BreadcrumbList\",\"@id\":\"https:\/\/poloscarsparos.gr\/it\/requisiti-per-il-noleggio\/#breadcrumb\",\"itemListElement\":[{\"@type\":\"ListItem\",\"position\":1,\"name\":\"Home\",\"item\":\"https:\/\/poloscarsparos.gr\/it\/\"},{\"@type\":\"ListItem\",\"position\":2,\"name\":\"Requisiti per il Noleggio\"}]},{\"@type\":\"WebSite\",\"@id\":\"https:\/\/poloscarsparos.gr\/it\/#website\",\"url\":\"https:\/\/poloscarsparos.gr\/it\/\",\"name\":\"Polos Rent A Car &amp; Rental Agency in Paros\",\"description\":\"Rent a car, buggy, quad \/ atv, scooter  in Paros\",\"publisher\":{\"@id\":\"https:\/\/poloscarsparos.gr\/it\/#organization\"},\"potentialAction\":[{\"@type\":\"SearchAction\",\"target\":{\"@type\":\"EntryPoint\",\"urlTemplate\":\"https:\/\/poloscarsparos.gr\/it\/?s={search_term_string}\"},\"query-input\":{\"@type\":\"PropertyValueSpecification\",\"valueRequired\":true,\"valueName\":\"search_term_string\"}}],\"inLanguage\":\"it-IT\"},{\"@type\":\"Organization\",\"@id\":\"https:\/\/poloscarsparos.gr\/it\/#organization\",\"name\":\"Polos Rent A Car & Rental Agency\",\"url\":\"https:\/\/poloscarsparos.gr\/it\/\",\"logo\":{\"@type\":\"ImageObject\",\"inLanguage\":\"it-IT\",\"@id\":\"https:\/\/poloscarsparos.gr\/it\/#\/schema\/logo\/image\/\",\"url\":\"\",\"contentUrl\":\"\",\"caption\":\"Polos Rent A Car & Rental Agency\"},\"image\":{\"@id\":\"https:\/\/poloscarsparos.gr\/it\/#\/schema\/logo\/image\/\"}}]}<\/script>\n<!-- \/ Yoast SEO plugin. -->","yoast_head_json":{"title":"Requisiti per Noleggiare un'Auto a Paros | Polo Cars Paros \u2013 Tutto Quello da Sapere","description":"Scopri cosa serve per noleggiare un\u2019auto a Paros: et\u00e0, patente, documenti e condizioni con Polo Cars Paros.","robots":{"index":"index","follow":"follow","max-snippet":"max-snippet:-1","max-image-preview":"max-image-preview:large","max-video-preview":"max-video-preview:-1"},"canonical":"https:\/\/poloscarsparos.gr\/it\/requisiti-per-il-noleggio\/","og_locale":"it_IT","og_type":"article","og_title":"Requisiti per Noleggiare un'Auto a Paros | Polo Cars Paros \u2013 Tutto Quello da Sapere","og_description":"Scopri cosa serve per noleggiare un\u2019auto a Paros: et\u00e0, patente, documenti e condizioni con Polo Cars Paros.","og_url":"https:\/\/poloscarsparos.gr\/it\/requisiti-per-il-noleggio\/","og_site_name":"Polos Rent A Car &amp; Rental Agency in Paros","article_modified_time":"2025-05-26T11:49:28+00:00","twitter_card":"summary_large_image","twitter_misc":{"Tempo di lettura stimato":"3 minuti"},"schema":{"@context":"https:\/\/schema.org","@graph":[{"@type":"WebPage","@id":"https:\/\/poloscarsparos.gr\/it\/requisiti-per-il-noleggio\/","url":"https:\/\/poloscarsparos.gr\/it\/requisiti-per-il-noleggio\/","name":"Requisiti per Noleggiare un'Auto a Paros | Polo Cars Paros \u2013 Tutto Quello da Sapere","isPartOf":{"@id":"https:\/\/poloscarsparos.gr\/it\/#website"},"datePublished":"2025-05-15T12:04:19+00:00","dateModified":"2025-05-26T11:49:28+00:00","description":"Scopri cosa serve per noleggiare un\u2019auto a Paros: et\u00e0, patente, documenti e condizioni con Polo Cars Paros.","breadcrumb":{"@id":"https:\/\/poloscarsparos.gr\/it\/requisiti-per-il-noleggio\/#breadcrumb"},"inLanguage":"it-IT","potentialAction":[{"@type":"ReadAction","target":["https:\/\/poloscarsparos.gr\/it\/requisiti-per-il-noleggio\/"]}]},{"@type":"BreadcrumbList","@id":"https:\/\/poloscarsparos.gr\/it\/requisiti-per-il-noleggio\/#breadcrumb","itemListElement":[{"@type":"ListItem","position":1,"name":"Home","item":"https:\/\/poloscarsparos.gr\/it\/"},{"@type":"ListItem","position":2,"name":"Requisiti per il Noleggio"}]},{"@type":"WebSite","@id":"https:\/\/poloscarsparos.gr\/it\/#website","url":"https:\/\/poloscarsparos.gr\/it\/","name":"Polos Rent A Car &amp; Rental Agency in Paros","description":"Rent a car, buggy, quad \/ atv, scooter  in Paros","publisher":{"@id":"https:\/\/poloscarsparos.gr\/it\/#organization"},"potentialAction":[{"@type":"SearchAction","target":{"@type":"EntryPoint","urlTemplate":"https:\/\/poloscarsparos.gr\/it\/?s={search_term_string}"},"query-input":{"@type":"PropertyValueSpecification","valueRequired":true,"valueName":"search_term_string"}}],"inLanguage":"it-IT"},{"@type":"Organization","@id":"https:\/\/poloscarsparos.gr\/it\/#organization","name":"Polos Rent A Car & Rental Agency","url":"https:\/\/poloscarsparos.gr\/it\/","logo":{"@type":"ImageObject","inLanguage":"it-IT","@id":"https:\/\/poloscarsparos.gr\/it\/#\/schema\/logo\/image\/","url":"","contentUrl":"","caption":"Polos Rent A Car & Rental Agency"},"image":{"@id":"https:\/\/poloscarsparos.gr\/it\/#\/schema\/logo\/image\/"}}]}},"_links":{"self":[{"href":"https:\/\/poloscarsparos.gr\/it\/wp-json\/wp\/v2\/pages\/6145","targetHints":{"allow":["GET"]}}],"collection":[{"href":"https:\/\/poloscarsparos.gr\/it\/wp-json\/wp\/v2\/pages"}],"about":[{"href":"https:\/\/poloscarsparos.gr\/it\/wp-json\/wp\/v2\/types\/page"}],"author":[{"embeddable":true,"href":"https:\/\/poloscarsparos.gr\/it\/wp-json\/wp\/v2\/users\/1"}],"replies":[{"embeddable":true,"href":"https:\/\/poloscarsparos.gr\/it\/wp-json\/wp\/v2\/comments?post=6145"}],"version-history":[{"count":2,"href":"https:\/\/poloscarsparos.gr\/it\/wp-json\/wp\/v2\/pages\/6145\/revisions"}],"predecessor-version":[{"id":6243,"href":"https:\/\/poloscarsparos.gr\/it\/wp-json\/wp\/v2\/pages\/6145\/revisions\/6243"}],"wp:attachment":[{"href":"https:\/\/poloscarsparos.gr\/it\/wp-json\/wp\/v2\/media?parent=6145"}],"curies":[{"name":"wp","href":"https:\/\/api.w.org\/{rel}","templated":true}]}}