{"id":6159,"date":"2025-05-15T15:45:21","date_gmt":"2025-05-15T12:45:21","guid":{"rendered":"https:\/\/poloscarsparos.gr\/?page_id=6159"},"modified":"2025-05-27T23:03:01","modified_gmt":"2025-05-27T20:03:01","slug":"tipologie-di-assicurazione-politica-del-deposito-cauzionale","status":"publish","type":"page","link":"https:\/\/poloscarsparos.gr\/it\/tipologie-di-assicurazione-politica-del-deposito-cauzionale\/","title":{"rendered":"Tipologie di Assicurazione &amp; Politica del Deposito Cauzionale"},"content":{"rendered":"\n<h3 class=\"wp-block-heading has-vivid-red-color has-text-color has-link-color wp-elements-22f9535f640d2782c3e918482c8d2dbe\"><strong>Gruppo Categoria Noleggio Auto AB (A1, B1)<\/strong><\/h3>\n\n\n\n<p>Di seguito i dettagli delle coperture, costi giornalieri, franchigie e depositi cauzionali richiesti per il <strong>Gruppo AB<\/strong>:<\/p>\n\n\n\n<ol start=\"1\" class=\"wp-block-list\">\n<li><strong>THD (Copertura Terzi)<br><\/strong>&nbsp;Costo Giornaliero: \u20ac0<br>&nbsp;Franchigia: Responsabilit\u00e0 totale per tutti i danni<br>&nbsp;Deposito Cauzionale: \u20ac750 (Carta di Credito) \/ \u20ac650 (Contanti)<br>&nbsp;Disponibilit\u00e0: Per noleggi di 1 giorno o pi\u00f9<\/li>\n\n\n\n<li><strong>CDW (Copertura Danni da Collisione)<br><\/strong>&nbsp;Costo Giornaliero: \u20ac11<br>&nbsp;Franchigia: \u20ac992<br>&nbsp;Deposito Cauzionale: \u20ac650 (Carta di Credito) \/ \u20ac550 (Contanti)<br>&nbsp;Disponibilit\u00e0: Per noleggi di 1 giorno o pi\u00f9<\/li>\n\n\n\n<li><strong>S1-CDW (Riduzione Franchigia Danni da Collisione)<br><\/strong>&nbsp;Costo Giornaliero: \u20ac16<br>&nbsp;Franchigia: \u20ac496<br>&nbsp;Deposito Cauzionale: \u20ac496 (Carta di Credito) \/ \u20ac450 (Contanti)<br>&nbsp;Disponibilit\u00e0: Per noleggi di 2 giorni o pi\u00f9<\/li>\n\n\n\n<li><strong>S2-CDW (Ulteriore Riduzione Franchigia Danni da Collisione)<br><\/strong>&nbsp;Costo Giornaliero: \u20ac21<br>&nbsp;Franchigia: \u20ac186<br>&nbsp;Deposito Cauzionale: \u20ac186 (Carta di Credito) \/ \u20ac186 (Contanti)<br>&nbsp;Disponibilit\u00e0: Per noleggi di 3 giorni o pi\u00f9<\/li>\n\n\n\n<li><strong>FDW (Copertura Totale Danni - Zero Franchigia)<br><\/strong>&nbsp;Costo Giornaliero: \u20ac29<br>&nbsp;Franchigia: \u20ac0 (Copertura Totale)<br>&nbsp;Deposito Cauzionale: \u20ac0<br>&nbsp;Disponibilit\u00e0: Per noleggi di 5 giorni o pi\u00f9<\/li>\n<\/ol>\n\n\n\n<h3 class=\"wp-block-heading has-vivid-red-color has-text-color has-link-color wp-elements-81f6ab3f80b0e5b64c3030738670f799\"><strong>Gruppo Categoria Noleggio Auto AC (A1.a, A3.c, A3.c.a, A4.c.a, A5.c.a, B2.a, C1)<\/strong><\/h3>\n\n\n\n<p>Di seguito i dettagli delle coperture, costi giornalieri, franchigie e depositi cauzionali richiesti per il <strong>Gruppo AC:<\/strong><\/p>\n\n\n\n<ol start=\"1\" class=\"wp-block-list\">\n<li><strong>THD (Copertura Terzi)<br><\/strong>&nbsp;Costo Giornaliero: \u20ac0<br>&nbsp;Franchigia: Responsabilit\u00e0 totale per tutti i danni<br>&nbsp;Deposito Cauzionale: \u20ac750 (Carta di Credito) \/ \u20ac650 (Contanti)<br>&nbsp;Disponibilit\u00e0: Per noleggi di 1 giorno o pi\u00f9<\/li>\n\n\n\n<li><strong>CDW (Copertura Danni da Collisione)<br><\/strong>&nbsp;Costo Giornaliero: \u20ac12<br>&nbsp;Franchigia: \u20ac1.240<br>&nbsp;Deposito Cauzionale: \u20ac650 (Carta di Credito) \/ \u20ac550 (Contanti)<br>&nbsp;Disponibilit\u00e0: Per noleggi di 1 giorno o pi\u00f9<\/li>\n\n\n\n<li><strong>S1-CDW (Riduzione Franchigia Danni da Collisione)<br><\/strong>&nbsp;Costo Giornaliero: \u20ac17<br>&nbsp;Franchigia: \u20ac496<br>&nbsp;Deposito Cauzionale: \u20ac496 (Carta di Credito) \/ \u20ac450 (Contanti)<br>&nbsp;Disponibilit\u00e0: Per noleggi di 2 giorni o pi\u00f9<\/li>\n\n\n\n<li><strong>S2-CDW (Ulteriore Riduzione Franchigia Danni da Collisione)<br><\/strong>&nbsp;Costo Giornaliero: \u20ac22<br>&nbsp;Franchigia: \u20ac186<br>&nbsp;Deposito Cauzionale: \u20ac186 (Carta di Credito) \/ \u20ac186 (Contanti)<br>&nbsp;Disponibilit\u00e0: Per noleggi di 3 giorni o pi\u00f9<\/li>\n\n\n\n<li><strong>FDW (Copertura Totale Danni - Zero Franchigia)<br><\/strong>&nbsp;Costo Giornaliero: \u20ac31<br>&nbsp;Franchigia: \u20ac0 (Copertura Totale)<br>&nbsp;Deposito Cauzionale: \u20ac0<br>&nbsp;Disponibilit\u00e0: Per noleggi di 5 giorni o pi\u00f9<\/li>\n<\/ol>\n\n\n\n<h3 class=\"wp-block-heading has-vivid-red-color has-text-color has-link-color wp-elements-bc9cbee7badcf389e9028d9b6c4a8400\"><strong>Gruppo Categoria Noleggio Auto D (D1, D1.a, D2, D2.a)<\/strong><\/h3>\n\n\n\n<p>Di seguito i dettagli delle coperture, costi giornalieri, franchigie e depositi cauzionali richiesti per il <strong>Gruppo D:<\/strong><\/p>\n\n\n\n<ol start=\"1\" class=\"wp-block-list\">\n<li><strong>THD (Copertura Terzi)<br><\/strong>&nbsp;Costo Giornaliero: \u20ac0<br>&nbsp;Franchigia: Responsabilit\u00e0 totale per tutti i danni<br>&nbsp;Deposito Cauzionale: \u20ac750 (Carta di Credito) \/ \u20ac650 (Contanti)<br>&nbsp;Disponibilit\u00e0: Per noleggi di 1 giorno o pi\u00f9<\/li>\n\n\n\n<li><strong>CDW (Copertura Danni da Collisione)<br><\/strong>&nbsp;Costo Giornaliero: \u20ac13<br>&nbsp;Franchigia: \u20ac1.488<br>&nbsp;Deposito Cauzionale: \u20ac650 (Carta di Credito) \/ \u20ac550 (Contanti)<br>&nbsp;Disponibilit\u00e0: Per noleggi di 1 giorno o pi\u00f9<\/li>\n\n\n\n<li><strong>S1-CDW (Riduzione Franchigia Danni da Collisione)<br><\/strong>&nbsp;Costo Giornaliero: \u20ac18<br>&nbsp;Franchigia: \u20ac496<br>&nbsp;Deposito Cauzionale: \u20ac496 (Carta di Credito) \/ \u20ac450 (Contanti)<br>&nbsp;Disponibilit\u00e0: Per noleggi di 2 giorni o pi\u00f9<\/li>\n\n\n\n<li><strong>S2-CDW (Ulteriore Riduzione Franchigia Danni da Collisione)<br><\/strong>&nbsp;Costo Giornaliero: \u20ac23<br>&nbsp;Franchigia: \u20ac186<br>&nbsp;Deposito Cauzionale: \u20ac186 (Carta di Credito) \/ \u20ac186 (Contanti)<br>&nbsp;Disponibilit\u00e0: Per noleggi di 3 giorni o pi\u00f9<\/li>\n\n\n\n<li><strong>FDW (Copertura Totale Danni - Zero Franchigia)<br><\/strong>&nbsp;Costo Giornaliero: \u20ac33<br>&nbsp;Franchigia: \u20ac0 (Copertura Totale)<br>&nbsp;Deposito Cauzionale: \u20ac0<br>&nbsp;Disponibilit\u00e0: Per noleggi di 5 giorni o pi\u00f9<\/li>\n<\/ol>\n\n\n\n<h3 class=\"wp-block-heading has-vivid-red-color has-text-color has-link-color wp-elements-c4b94c36557ffc63f3240e5f0ea7b113\"><strong>Gruppo Categoria Noleggio Auto SV (SUV1.a, SUV2, SUV2.a, eSUV2.a, SUV3, VAN1)<\/strong><\/h3>\n\n\n\n<p>Di seguito i dettagli delle coperture, costi giornalieri, franchigie e depositi cauzionali richiesti per il <strong>Gruppo SV:<\/strong><\/p>\n\n\n\n<ol start=\"1\" class=\"wp-block-list\">\n<li><strong>THD (Copertura Terzi)<br><\/strong>&nbsp;Costo Giornaliero: \u20ac0<br>&nbsp;Franchigia: Responsabilit\u00e0 totale per tutti i danni<br>&nbsp;Deposito Cauzionale: \u20ac750 (Carta di Credito) \/ \u20ac650 (Contanti)<br>&nbsp;Disponibilit\u00e0: Per noleggi di 1 giorno o pi\u00f9<\/li>\n\n\n\n<li><strong>CDW (Copertura Danni da Collisione)<br><\/strong>&nbsp;Costo Giornaliero: \u20ac14<br>&nbsp;Franchigia: \u20ac1.612<br>&nbsp;Deposito Cauzionale: \u20ac650 (Carta di Credito) \/ \u20ac550 (Contanti)<br>&nbsp;Disponibilit\u00e0: Per noleggi di 1 giorno o pi\u00f9<\/li>\n\n\n\n<li><strong>S1-CDW (Riduzione Franchigia Danni da Collisione)<br><\/strong>&nbsp;Costo Giornaliero: \u20ac19<br>&nbsp;Franchigia: \u20ac496<br>&nbsp;Deposito Cauzionale: \u20ac496 (Carta di Credito) \/ \u20ac450 (Contanti)<br>&nbsp;Disponibilit\u00e0: Per noleggi di 2 giorni o pi\u00f9<\/li>\n\n\n\n<li><strong>S2-CDW (Ulteriore Riduzione Franchigia Danni da Collisione)<br><\/strong>&nbsp;Costo Giornaliero: \u20ac29<br>&nbsp;Franchigia: \u20ac210<br>&nbsp;Deposito Cauzionale: \u20ac210 (Carta di Credito) \/ \u20ac210 (Contanti)<br>&nbsp;Disponibilit\u00e0: Per noleggi di 3 giorni o pi\u00f9<\/li>\n\n\n\n<li><strong>FDW (Copertura Totale Danni - Zero Franchigia)<br><\/strong>&nbsp;Costo Giornaliero: \u20ac39<br>&nbsp;Franchigia: \u20ac0 (Copertura Totale)<br>&nbsp;Deposito Cauzionale: \u20ac0<br>&nbsp;Disponibilit\u00e0: Per noleggi di 5 giorni o pi\u00f9<\/li>\n<\/ol>\n\n\n\n<h3 class=\"wp-block-heading has-vivid-red-color has-text-color has-link-color wp-elements-e6df62d26fdc82a0d10f400a8079bc97\"><strong>Gruppo Categoria Noleggio Auto JL (J1.a, J2.a)<\/strong><\/h3>\n\n\n\n<p>Di seguito i dettagli delle coperture, costi giornalieri, franchigie e depositi cauzionali richiesti per il <strong>Gruppo JL:<\/strong><\/p>\n\n\n\n<ol start=\"1\" class=\"wp-block-list\">\n<li><strong>THD (Copertura Terzi)<br><\/strong>&nbsp;Costo Giornaliero: \u20ac0<br>&nbsp;Franchigia: Responsabilit\u00e0 totale per tutti i danni<br>&nbsp;Deposito Cauzionale: \u20ac750 (Carta di Credito) \/ \u20ac650 (Contanti)<br>&nbsp;Disponibilit\u00e0: Per noleggi di 1 giorno o pi\u00f9<\/li>\n\n\n\n<li><strong>CDW (Copertura Danni da Collisione)<br><\/strong>&nbsp;Costo Giornaliero: \u20ac16<br>&nbsp;Franchigia: \u20ac1.798<br>&nbsp;Deposito Cauzionale: \u20ac650 (Carta di Credito) \/ \u20ac550 (Contanti)<br>&nbsp;Disponibilit\u00e0: Per noleggi di 1 giorno o pi\u00f9<\/li>\n\n\n\n<li><strong>S1-CDW (Riduzione Franchigia Danni da Collisione)<br><\/strong>&nbsp;Costo Giornaliero: \u20ac20<br>&nbsp;Franchigia: \u20ac496<br>&nbsp;Deposito Cauzionale: \u20ac496 (Carta di Credito) \/ \u20ac450 (Contanti)<br>&nbsp;Disponibilit\u00e0: Per noleggi di 2 giorni o pi\u00f9<\/li>\n\n\n\n<li><strong>S2-CDW (Ulteriore Riduzione Franchigia Danni da Collisione)<br><\/strong>&nbsp;Costo Giornaliero: \u20ac31<br>&nbsp;Franchigia: \u20ac210<br>&nbsp;Deposito Cauzionale: \u20ac210 (Carta di Credito) \/ \u20ac210 (Contanti)<br>&nbsp;Disponibilit\u00e0: Per noleggi di 3 giorni o pi\u00f9<\/li>\n\n\n\n<li><strong>FDW (Copertura Totale Danni - Zero Franchigia)<br><\/strong>&nbsp;Costo Giornaliero: \u20ac49<br>&nbsp;Franchigia: \u20ac0 (Copertura Totale)<br>&nbsp;Deposito Cauzionale: \u20ac0<br>&nbsp;Disponibilit\u00e0: Per noleggi di 5 giorni o pi\u00f9<\/li>\n<\/ol>\n\n\n\n<h3 class=\"wp-block-heading has-vivid-red-color has-text-color has-link-color wp-elements-b1365b9723eb065046d57c39c5e74ef7\"><strong>Opzioni di Assicurazione Fornite<\/strong><\/h3>\n\n\n\n<p><strong>Assicurazione Terzi (THD)<\/strong><\/p>\n\n\n\n<p>Questa assicurazione, inclusa in tutti i prezzi di noleggio, protegge individui o aziende contro danni causati a terzi, come richiesto dalla legge greca. L'assicurato (prima parte) acquista la polizza dal fornitore di assicurazione\/compagnia (seconda parte) per coprire i reclami dei terzi in caso di incidente. <strong>Il noleggiante o il conducente \u00e8 responsabile solo dei danni al veicolo a noleggio, mentre l'assicurazione copre i danni a terzi, indipendentemente dalla causa.<\/strong><\/p>\n\n\n\n<p><strong>Collision Damage Waiver (CDW)<\/strong><\/p>\n\n\n\n<p>La Collision Damage Waiver (CDW) \u00e8 una copertura assicurativa opzionale (con costo extra) offerta a chi noleggia un'auto. \u00c8 facoltativa (aggiornamento dalla copertura terzi), e il costo dipende da vari fattori, come il tipo di veicolo noleggiato e l'uso previsto. Solitamente copre la carrozzeria del veicolo con una franchigia a carico del noleggiante. <strong>Tuttavia, la CDW non copre i danni a pneumatici, parabrezza, finestrini, parte inferiore del veicolo o danni non fisici derivanti da un uso improprio, n\u00e9 gli accessori extra come GPS, seggiolini per bambini o portasc\u00ec, le spese di traino e i costi aggiuntivi di pulizia, se necessari.<\/strong><\/p>\n\n\n\n<p><strong>Full Damage Waiver (FDW)<\/strong><\/p>\n\n\n\n<p>La Full Damage Waiver (FDW) \u00e8 una copertura assicurativa opzionale <strong>per un costo giornaliero aggiuntivo su noleggi superiori a 5 giorni<\/strong>. Il costo dipende dalla categoria dell'auto. <strong>La FDW protegge i noleggiatori dalla responsabilit\u00e0 finanziaria in caso di danno da collisione o incidente.<\/strong> Con la FDW, il noleggiante non sar\u00e0 responsabile dei costi di riparazione. <strong>Tuttavia, la FDW non copre danni a pneumatici, parabrezza, vetri, sottoscocca del veicolo o danni non fisici derivanti da uso improprio e accessori extra come GPS, seggiolini, portasci, costi di traino e costi extra di pulizia se necessari.<\/strong><\/p>\n\n\n\n<h3 class=\"wp-block-heading has-vivid-red-color has-text-color has-link-color wp-elements-66926bb2e18a5324a2a28be3277c6f9f\"><strong>Politica del Deposito Cauzionale<\/strong><\/h3>\n\n\n\n<p>Un deposito cauzionale (importo bloccato) \u00e8 richiesto al momento del ritiro del veicolo e pu\u00f2 essere pagato con carta di credito o in contanti. Il deposito sar\u00e0 rimborsato alla riconsegna del veicolo, a condizione che il veicolo venga restituito nelle stesse condizioni in cui \u00e8 stato consegnato.<\/p>\n\n\n\n<p>Per i possessori di carta di credito, l'importo sar\u00e0 temporaneamente bloccato come garanzia durante il processo di ritiro. L'importo dipende dal tipo di assicurazione selezionato, corrispondente all'importo della franchigia.<\/p>\n\n\n\n<p>Se il locatario non \u00e8 in possesso di una carta di credito, \u00e8 disponibile un\u2019opzione di deposito in contanti, ma solo con l'acquisto di un'assicurazione aggiuntiva. In questo caso, il deposito richiesto corrisponder\u00e0 all'importo della franchigia.<\/p>\n\n\n\n<p>Il deposito sar\u00e0 rimborsato nello stesso modo in cui \u00e8 stato pagato al termine del periodo di noleggio, a condizione che il veicolo venga restituito nelle condizioni originali.<\/p>\n","protected":false},"excerpt":{"rendered":"<p>Gruppo Categoria Noleggio Auto AB (A1, B1) Di seguito i dettagli delle coperture, costi giornalieri, franchigie e depositi cauzionali richiesti per il Gruppo AB: Gruppo Categoria Noleggio Auto AC (A1.a, A3.c, A3.c.a, A4.c.a, A5.c.a, B2.a, C1) Di seguito i dettagli delle coperture, costi giornalieri, franchigie e depositi cauzionali richiesti per il Gruppo AC: Gruppo Categoria &hellip; <\/p>\n<p class=\"link-more\"><a href=\"https:\/\/poloscarsparos.gr\/it\/tipologie-di-assicurazione-politica-del-deposito-cauzionale\/\" class=\"more-link\"><span class=\"screen-reader-text\"> prova \"Tipologie di Assicurazione &amp; Politica del Deposito Cauzionale\"<\/span><\/a><\/p>\n","protected":false},"author":1,"featured_media":0,"parent":0,"menu_order":0,"comment_status":"closed","ping_status":"closed","template":"","meta":{"footnotes":""},"class_list":["post-6159","page","type-page","status-publish","hentry"],"yoast_head":"<!-- This site is optimized with the Yoast SEO plugin v27.1.1 - https:\/\/yoast.com\/product\/yoast-seo-wordpress\/ -->\n<title>Tipi di Assicurazione &amp; Deposito Danni | Noleggio Auto Paros \u2013 Polos Cars Paros<\/title>\n<meta name=\"description\" content=\"Scopri le coperture assicurative, la franchigia e la politica sul deposito cauzionale con Polos Cars Paros.\" \/>\n<meta name=\"robots\" content=\"index, follow, max-snippet:-1, max-image-preview:large, max-video-preview:-1\" \/>\n<link rel=\"canonical\" href=\"https:\/\/poloscarsparos.gr\/it\/tipologie-di-assicurazione-politica-del-deposito-cauzionale\/\" \/>\n<meta property=\"og:locale\" content=\"it_IT\" \/>\n<meta property=\"og:type\" content=\"article\" \/>\n<meta property=\"og:title\" content=\"Tipi di Assicurazione &amp; Deposito Danni | Noleggio Auto Paros \u2013 Polos Cars Paros\" \/>\n<meta property=\"og:description\" content=\"Scopri le coperture assicurative, la franchigia e la politica sul deposito cauzionale con Polos Cars Paros.\" \/>\n<meta property=\"og:url\" content=\"https:\/\/poloscarsparos.gr\/it\/tipologie-di-assicurazione-politica-del-deposito-cauzionale\/\" \/>\n<meta property=\"og:site_name\" content=\"Polos Rent A Car &amp; Rental Agency in Paros\" \/>\n<meta property=\"article:modified_time\" content=\"2025-05-27T20:03:01+00:00\" \/>\n<meta name=\"twitter:card\" content=\"summary_large_image\" \/>\n<meta name=\"twitter:label1\" content=\"Tempo di lettura stimato\" \/>\n\t<meta name=\"twitter:data1\" content=\"6 minuti\" \/>\n<script type=\"application\/ld+json\" class=\"yoast-schema-graph\">{\"@context\":\"https:\/\/schema.org\",\"@graph\":[{\"@type\":\"WebPage\",\"@id\":\"https:\/\/poloscarsparos.gr\/it\/tipologie-di-assicurazione-politica-del-deposito-cauzionale\/\",\"url\":\"https:\/\/poloscarsparos.gr\/it\/tipologie-di-assicurazione-politica-del-deposito-cauzionale\/\",\"name\":\"Tipi di Assicurazione & Deposito Danni | Noleggio Auto Paros \u2013 Polos Cars Paros\",\"isPartOf\":{\"@id\":\"https:\/\/poloscarsparos.gr\/it\/#website\"},\"datePublished\":\"2025-05-15T12:45:21+00:00\",\"dateModified\":\"2025-05-27T20:03:01+00:00\",\"description\":\"Scopri le coperture assicurative, la franchigia e la politica sul deposito cauzionale con Polos Cars Paros.\",\"breadcrumb\":{\"@id\":\"https:\/\/poloscarsparos.gr\/it\/tipologie-di-assicurazione-politica-del-deposito-cauzionale\/#breadcrumb\"},\"inLanguage\":\"it-IT\",\"potentialAction\":[{\"@type\":\"ReadAction\",\"target\":[\"https:\/\/poloscarsparos.gr\/it\/tipologie-di-assicurazione-politica-del-deposito-cauzionale\/\"]}]},{\"@type\":\"BreadcrumbList\",\"@id\":\"https:\/\/poloscarsparos.gr\/it\/tipologie-di-assicurazione-politica-del-deposito-cauzionale\/#breadcrumb\",\"itemListElement\":[{\"@type\":\"ListItem\",\"position\":1,\"name\":\"Home\",\"item\":\"https:\/\/poloscarsparos.gr\/it\/\"},{\"@type\":\"ListItem\",\"position\":2,\"name\":\"Tipologie di Assicurazione &amp; Politica del Deposito Cauzionale\"}]},{\"@type\":\"WebSite\",\"@id\":\"https:\/\/poloscarsparos.gr\/it\/#website\",\"url\":\"https:\/\/poloscarsparos.gr\/it\/\",\"name\":\"Polos Rent A Car &amp; Rental Agency in Paros\",\"description\":\"Rent a car, buggy, quad \/ atv, scooter  in Paros\",\"publisher\":{\"@id\":\"https:\/\/poloscarsparos.gr\/it\/#organization\"},\"potentialAction\":[{\"@type\":\"SearchAction\",\"target\":{\"@type\":\"EntryPoint\",\"urlTemplate\":\"https:\/\/poloscarsparos.gr\/it\/?s={search_term_string}\"},\"query-input\":{\"@type\":\"PropertyValueSpecification\",\"valueRequired\":true,\"valueName\":\"search_term_string\"}}],\"inLanguage\":\"it-IT\"},{\"@type\":\"Organization\",\"@id\":\"https:\/\/poloscarsparos.gr\/it\/#organization\",\"name\":\"Polos Rent A Car & Rental Agency\",\"url\":\"https:\/\/poloscarsparos.gr\/it\/\",\"logo\":{\"@type\":\"ImageObject\",\"inLanguage\":\"it-IT\",\"@id\":\"https:\/\/poloscarsparos.gr\/it\/#\/schema\/logo\/image\/\",\"url\":\"\",\"contentUrl\":\"\",\"caption\":\"Polos Rent A Car & Rental Agency\"},\"image\":{\"@id\":\"https:\/\/poloscarsparos.gr\/it\/#\/schema\/logo\/image\/\"}}]}<\/script>\n<!-- \/ Yoast SEO plugin. -->","yoast_head_json":{"title":"Tipi di Assicurazione & Deposito Danni | Noleggio Auto Paros \u2013 Polos Cars Paros","description":"Scopri le coperture assicurative, la franchigia e la politica sul deposito cauzionale con Polos Cars Paros.","robots":{"index":"index","follow":"follow","max-snippet":"max-snippet:-1","max-image-preview":"max-image-preview:large","max-video-preview":"max-video-preview:-1"},"canonical":"https:\/\/poloscarsparos.gr\/it\/tipologie-di-assicurazione-politica-del-deposito-cauzionale\/","og_locale":"it_IT","og_type":"article","og_title":"Tipi di Assicurazione & Deposito Danni | Noleggio Auto Paros \u2013 Polos Cars Paros","og_description":"Scopri le coperture assicurative, la franchigia e la politica sul deposito cauzionale con Polos Cars Paros.","og_url":"https:\/\/poloscarsparos.gr\/it\/tipologie-di-assicurazione-politica-del-deposito-cauzionale\/","og_site_name":"Polos Rent A Car &amp; Rental Agency in Paros","article_modified_time":"2025-05-27T20:03:01+00:00","twitter_card":"summary_large_image","twitter_misc":{"Tempo di lettura stimato":"6 minuti"},"schema":{"@context":"https:\/\/schema.org","@graph":[{"@type":"WebPage","@id":"https:\/\/poloscarsparos.gr\/it\/tipologie-di-assicurazione-politica-del-deposito-cauzionale\/","url":"https:\/\/poloscarsparos.gr\/it\/tipologie-di-assicurazione-politica-del-deposito-cauzionale\/","name":"Tipi di Assicurazione & Deposito Danni | Noleggio Auto Paros \u2013 Polos Cars Paros","isPartOf":{"@id":"https:\/\/poloscarsparos.gr\/it\/#website"},"datePublished":"2025-05-15T12:45:21+00:00","dateModified":"2025-05-27T20:03:01+00:00","description":"Scopri le coperture assicurative, la franchigia e la politica sul deposito cauzionale con Polos Cars Paros.","breadcrumb":{"@id":"https:\/\/poloscarsparos.gr\/it\/tipologie-di-assicurazione-politica-del-deposito-cauzionale\/#breadcrumb"},"inLanguage":"it-IT","potentialAction":[{"@type":"ReadAction","target":["https:\/\/poloscarsparos.gr\/it\/tipologie-di-assicurazione-politica-del-deposito-cauzionale\/"]}]},{"@type":"BreadcrumbList","@id":"https:\/\/poloscarsparos.gr\/it\/tipologie-di-assicurazione-politica-del-deposito-cauzionale\/#breadcrumb","itemListElement":[{"@type":"ListItem","position":1,"name":"Home","item":"https:\/\/poloscarsparos.gr\/it\/"},{"@type":"ListItem","position":2,"name":"Tipologie di Assicurazione &amp; Politica del Deposito Cauzionale"}]},{"@type":"WebSite","@id":"https:\/\/poloscarsparos.gr\/it\/#website","url":"https:\/\/poloscarsparos.gr\/it\/","name":"Polos Rent A Car &amp; Rental Agency in Paros","description":"Rent a car, buggy, quad \/ atv, scooter  in Paros","publisher":{"@id":"https:\/\/poloscarsparos.gr\/it\/#organization"},"potentialAction":[{"@type":"SearchAction","target":{"@type":"EntryPoint","urlTemplate":"https:\/\/poloscarsparos.gr\/it\/?s={search_term_string}"},"query-input":{"@type":"PropertyValueSpecification","valueRequired":true,"valueName":"search_term_string"}}],"inLanguage":"it-IT"},{"@type":"Organization","@id":"https:\/\/poloscarsparos.gr\/it\/#organization","name":"Polos Rent A Car & Rental Agency","url":"https:\/\/poloscarsparos.gr\/it\/","logo":{"@type":"ImageObject","inLanguage":"it-IT","@id":"https:\/\/poloscarsparos.gr\/it\/#\/schema\/logo\/image\/","url":"","contentUrl":"","caption":"Polos Rent A Car & Rental Agency"},"image":{"@id":"https:\/\/poloscarsparos.gr\/it\/#\/schema\/logo\/image\/"}}]}},"_links":{"self":[{"href":"https:\/\/poloscarsparos.gr\/it\/wp-json\/wp\/v2\/pages\/6159","targetHints":{"allow":["GET"]}}],"collection":[{"href":"https:\/\/poloscarsparos.gr\/it\/wp-json\/wp\/v2\/pages"}],"about":[{"href":"https:\/\/poloscarsparos.gr\/it\/wp-json\/wp\/v2\/types\/page"}],"author":[{"embeddable":true,"href":"https:\/\/poloscarsparos.gr\/it\/wp-json\/wp\/v2\/users\/1"}],"replies":[{"embeddable":true,"href":"https:\/\/poloscarsparos.gr\/it\/wp-json\/wp\/v2\/comments?post=6159"}],"version-history":[{"count":5,"href":"https:\/\/poloscarsparos.gr\/it\/wp-json\/wp\/v2\/pages\/6159\/revisions"}],"predecessor-version":[{"id":6289,"href":"https:\/\/poloscarsparos.gr\/it\/wp-json\/wp\/v2\/pages\/6159\/revisions\/6289"}],"wp:attachment":[{"href":"https:\/\/poloscarsparos.gr\/it\/wp-json\/wp\/v2\/media?parent=6159"}],"curies":[{"name":"wp","href":"https:\/\/api.w.org\/{rel}","templated":true}]}}