{"id":6179,"date":"2025-05-15T16:36:05","date_gmt":"2025-05-15T13:36:05","guid":{"rendered":"https:\/\/poloscarsparos.gr\/?page_id=6179"},"modified":"2026-04-26T14:32:45","modified_gmt":"2026-04-26T11:32:45","slug":"punti-di-consegna-auto-a-noleggio-e-ufficio-principale","status":"publish","type":"page","link":"https:\/\/poloscarsparos.gr\/it\/punti-di-consegna-auto-a-noleggio-e-ufficio-principale\/","title":{"rendered":"Punti di Consegna Auto a Noleggio e Ufficio Principale"},"content":{"rendered":"\n<p>I punti di consegna sono distribuiti su tutta l\u2019isola e offrono flessibilit\u00e0 e facile accesso ai nostri servizi. Ogni localit\u00e0 ha un orario diverso in base alle esigenze. Tutti i nostri punti di ritiro e riconsegna operano con il servizio <em>Meet &amp; Greet<\/em>, ovvero un membro del nostro team vi incontrer\u00e0 nel luogo scelto e vi assister\u00e0 con il veicolo. L\u2019unica eccezione \u00e8 il nostro ufficio, aperto tutti i giorni dalle 09:00 alle 20:00.<\/p>\n\n\n\n<p class=\"has-vivid-red-color has-text-color has-link-color wp-elements-418fc877b759a40cd43886aef4fd1be0\"><strong>Punti di Consegna &amp; Fuori Orario<\/strong><\/p>\n\n\n\n<p><strong>Ritiro al Porto di Paros (Ufficio Polos Tours):<\/strong> Il nostro ufficio principale, Polos Rent a Car, \u00e8 situato in una posizione strategica presso il Porto di Parikia sull'isola di Paros, Grecia. (servizi di ritiro gratuiti)<\/p>\n\n\n\n<ul class=\"wp-block-list\">\n<li><strong>Dalle 09:00 alle 20:00:<\/strong> (servizi di consegna gratuiti)<\/li>\n\n\n\n<li><strong>Dalle 20:15 alle 00:30:<\/strong> (20 euro fuori orario)<\/li>\n\n\n\n<li><strong>Dalle 00:45 alle 08:45:<\/strong> (25 euro fuori orario)<\/li>\n<\/ul>\n\n\n\n<p><strong>Riconsegna al Porto di Paros (Ufficio Polos Tours):<\/strong> Il nostro ufficio principale, Polos Rent a Car, \u00e8 situato in una posizione strategica presso il Porto di Parikia sull'isola di Paros, Grecia. (servizi di riconsegna gratuiti)<\/p>\n\n\n\n<ul class=\"wp-block-list\">\n<li><strong>Dalle 09:00 alle 09:15:<\/strong> (servizi di consegna gratuiti)<\/li>\n\n\n\n<li><strong>Dalle 09:30 alle 13:30:<\/strong> (60 euro ore di punta)<\/li>\n\n\n\n<li><strong>Dalle 13:45 alle 17:45:<\/strong> (servizi di consegna gratuiti)<\/li>\n\n\n\n<li><strong>Dalle 18:00 alle 20:00:<\/strong> (60 euro ore di punta)<\/li>\n\n\n\n<li><strong>Dalle 20:15 alle 00:30:<\/strong> (20 euro fuori orario)<\/li>\n\n\n\n<li><strong>Dalle 00:45 alle 08:45:<\/strong> (25 euro fuori orario)<\/li>\n<\/ul>\n\n\n\n<p><strong>Aeroporto di Paros (PAS):<\/strong> Punto di consegna veicoli \"Meet &amp; Greet\" presso l'Aeroporto di Paros. (servizi di consegna gratuiti)<\/p>\n\n\n\n<ul class=\"wp-block-list\">\n<li><strong>Dalle 09:00 alle 20:00:<\/strong> (servizi di consegna gratuiti)<\/li>\n\n\n\n<li><strong>Dalle 20:00 alle 21:30:<\/strong> (20 euro fuori orario per consegna)<\/li>\n\n\n\n<li><strong>Dalle 04:45 alle 09:00:<\/strong> (25 euro fuori orario per consegna)<\/li>\n<\/ul>\n\n\n\n<p><strong>Porto di Punda (per Antiparos):<\/strong> Punto di consegna veicoli \"Meet &amp; Greet\" presso il Porto di Punda. (12 euro per consegna)<\/p>\n\n\n\n<ul class=\"wp-block-list\">\n<li><strong>Dalle 09:00 alle 20:00:<\/strong> (servizi di consegna gratuiti)<\/li>\n\n\n\n<li><strong>Dalle 20:00 alle 00:30:<\/strong> (25 euro fuori orario per consegna)<\/li>\n\n\n\n<li><strong>Dalle 06:00 alle 09:00:<\/strong> (25 euro fuori orario per consegna)<\/li>\n<\/ul>\n\n\n\n<p><strong>Porto di Piso Livadi (isola di Paros):<\/strong> Consegna veicoli \"Meet &amp; Greet\" presso il Porto di Piso Livadi. (25 euro per consegna)<\/p>\n\n\n\n<ul class=\"wp-block-list\">\n<li><strong>Dalle 09:00 alle 20:00:<\/strong> (servizi di consegna gratuiti)<\/li>\n\n\n\n<li><strong>Dalle 07:30 alle 09:00:<\/strong> (25 euro fuori orario per consegna)<\/li>\n<\/ul>\n\n\n\n<p><strong>Punto di riconsegna Parikia (500m dal Porto):<\/strong> Consegna veicoli \"Meet &amp; Greet\" presso l'area parcheggio \"TheLocals\" sulla spiaggia di Livadia a Parikia. (servizi di consegna gratuiti)<\/p>\n\n\n\n<ul class=\"wp-block-list\">\n<li><strong>Dalle 09:00 alle 20:00:<\/strong> (servizi di consegna gratuiti)<\/li>\n\n\n\n<li><strong>Dalle 20:00 alle 00:30:<\/strong> (20 euro fuori orario)<\/li>\n\n\n\n<li><strong>Dalle 00:30 alle 09:00:<\/strong> (25 euro fuori orario)<\/li>\n<\/ul>\n\n\n\n<p><strong>Il tuo Hotel - Paros:<\/strong> Consegna veicoli \"Meet &amp; Greet\" sull'isola di Paros. (4,90 euro per consegna)<\/p>\n\n\n\n<ul class=\"wp-block-list\">\n<li><strong>Dalle 09:00 alle 20:00:<\/strong> (servizi di consegna gratuiti)<\/li>\n\n\n\n<li><strong>Dalle 20:00 alle 00:30:<\/strong> (20 euro fuori orario per consegna)<\/li>\n\n\n\n<li><strong>Dalle 00:30 alle 09:00:<\/strong> (25 euro fuori orario per consegna)<\/li>\n\n\n\n<li><em>La consegna del veicolo al di fuori di Parikia pu\u00f2 variare a seconda della posizione della vostra sistemazione.<\/em><\/li>\n<\/ul>\n\n\n\n<p><strong>Il tuo Hotel - Antiparos:<\/strong> Consegna veicoli \"Meet &amp; Greet\" sull'isola di Antiparos. (25 euro per consegna)<\/p>\n\n\n\n<ul class=\"wp-block-list\">\n<li><strong>Dalle 09:00 alle 20:00:<\/strong> (servizi di consegna gratuiti)<\/li>\n\n\n\n<li><strong>Dalle 20:00 alle 00:30:<\/strong> (20 euro fuori orario per consegna)<\/li>\n\n\n\n<li><strong>Dalle 00:30 alle 09:00:<\/strong> (25 euro fuori orario per consegna)<\/li>\n<\/ul>\n\n\n\n<p><strong>Nota:<\/strong> Il costo per ogni localit\u00e0 varia in base alle specifiche esigenze. \u00c8 previsto un supplemento di 8,90 euro per il ritiro e la riconsegna in localit\u00e0 diverse.rse.<\/p>\n","protected":false},"excerpt":{"rendered":"<p>I punti di consegna sono distribuiti su tutta l\u2019isola e offrono flessibilit\u00e0 e facile accesso ai nostri servizi. Ogni localit\u00e0 ha un orario diverso in base alle esigenze. Tutti i nostri punti di ritiro e riconsegna operano con il servizio Meet &amp; Greet, ovvero un membro del nostro team vi incontrer\u00e0 nel luogo scelto e &hellip; <\/p>\n<p class=\"link-more\"><a href=\"https:\/\/poloscarsparos.gr\/it\/punti-di-consegna-auto-a-noleggio-e-ufficio-principale\/\" class=\"more-link\"><span class=\"screen-reader-text\"> prova \"Punti di Consegna Auto a Noleggio e Ufficio Principale\"<\/span><\/a><\/p>\n","protected":false},"author":1,"featured_media":0,"parent":0,"menu_order":0,"comment_status":"closed","ping_status":"closed","template":"","meta":{"footnotes":""},"class_list":["post-6179","page","type-page","status-publish","hentry"],"yoast_head":"<!-- This site is optimized with the Yoast SEO plugin v27.1.1 - https:\/\/yoast.com\/product\/yoast-seo-wordpress\/ -->\n<title>Luoghi di Consegna Auto a Paros | Aeroporto, Porto, Hotel \u2013 Polos Cars Paros<\/title>\n<meta name=\"description\" content=\"Scopri i punti di ritiro e consegna auto a Paros: aeroporto, porto, hotel e luoghi personalizzati.\" \/>\n<meta name=\"robots\" content=\"index, follow, max-snippet:-1, max-image-preview:large, max-video-preview:-1\" \/>\n<link rel=\"canonical\" href=\"https:\/\/poloscarsparos.gr\/it\/punti-di-consegna-auto-a-noleggio-e-ufficio-principale\/\" \/>\n<meta property=\"og:locale\" content=\"it_IT\" \/>\n<meta property=\"og:type\" content=\"article\" \/>\n<meta property=\"og:title\" content=\"Luoghi di Consegna Auto a Paros | Aeroporto, Porto, Hotel \u2013 Polos Cars Paros\" \/>\n<meta property=\"og:description\" content=\"Scopri i punti di ritiro e consegna auto a Paros: aeroporto, porto, hotel e luoghi personalizzati.\" \/>\n<meta property=\"og:url\" content=\"https:\/\/poloscarsparos.gr\/it\/punti-di-consegna-auto-a-noleggio-e-ufficio-principale\/\" \/>\n<meta property=\"og:site_name\" content=\"Polos Rent A Car &amp; Rental Agency in Paros\" \/>\n<meta property=\"article:modified_time\" content=\"2026-04-26T11:32:45+00:00\" \/>\n<meta name=\"twitter:card\" content=\"summary_large_image\" \/>\n<meta name=\"twitter:label1\" content=\"Tempo di lettura stimato\" \/>\n\t<meta name=\"twitter:data1\" content=\"3 minuti\" \/>\n<script type=\"application\/ld+json\" class=\"yoast-schema-graph\">{\"@context\":\"https:\/\/schema.org\",\"@graph\":[{\"@type\":\"WebPage\",\"@id\":\"https:\/\/poloscarsparos.gr\/it\/punti-di-consegna-auto-a-noleggio-e-ufficio-principale\/\",\"url\":\"https:\/\/poloscarsparos.gr\/it\/punti-di-consegna-auto-a-noleggio-e-ufficio-principale\/\",\"name\":\"Luoghi di Consegna Auto a Paros | Aeroporto, Porto, Hotel \u2013 Polos Cars Paros\",\"isPartOf\":{\"@id\":\"https:\/\/poloscarsparos.gr\/it\/#website\"},\"datePublished\":\"2025-05-15T13:36:05+00:00\",\"dateModified\":\"2026-04-26T11:32:45+00:00\",\"description\":\"Scopri i punti di ritiro e consegna auto a Paros: aeroporto, porto, hotel e luoghi personalizzati.\",\"breadcrumb\":{\"@id\":\"https:\/\/poloscarsparos.gr\/it\/punti-di-consegna-auto-a-noleggio-e-ufficio-principale\/#breadcrumb\"},\"inLanguage\":\"it-IT\",\"potentialAction\":[{\"@type\":\"ReadAction\",\"target\":[\"https:\/\/poloscarsparos.gr\/it\/punti-di-consegna-auto-a-noleggio-e-ufficio-principale\/\"]}]},{\"@type\":\"BreadcrumbList\",\"@id\":\"https:\/\/poloscarsparos.gr\/it\/punti-di-consegna-auto-a-noleggio-e-ufficio-principale\/#breadcrumb\",\"itemListElement\":[{\"@type\":\"ListItem\",\"position\":1,\"name\":\"Home\",\"item\":\"https:\/\/poloscarsparos.gr\/it\/\"},{\"@type\":\"ListItem\",\"position\":2,\"name\":\"Punti di Consegna Auto a Noleggio e Ufficio Principale\"}]},{\"@type\":\"WebSite\",\"@id\":\"https:\/\/poloscarsparos.gr\/it\/#website\",\"url\":\"https:\/\/poloscarsparos.gr\/it\/\",\"name\":\"Polos Rent A Car &amp; Rental Agency in Paros\",\"description\":\"Rent a car, buggy, quad \/ atv, scooter  in Paros\",\"publisher\":{\"@id\":\"https:\/\/poloscarsparos.gr\/it\/#organization\"},\"potentialAction\":[{\"@type\":\"SearchAction\",\"target\":{\"@type\":\"EntryPoint\",\"urlTemplate\":\"https:\/\/poloscarsparos.gr\/it\/?s={search_term_string}\"},\"query-input\":{\"@type\":\"PropertyValueSpecification\",\"valueRequired\":true,\"valueName\":\"search_term_string\"}}],\"inLanguage\":\"it-IT\"},{\"@type\":\"Organization\",\"@id\":\"https:\/\/poloscarsparos.gr\/it\/#organization\",\"name\":\"Polos Rent A Car & Rental Agency\",\"url\":\"https:\/\/poloscarsparos.gr\/it\/\",\"logo\":{\"@type\":\"ImageObject\",\"inLanguage\":\"it-IT\",\"@id\":\"https:\/\/poloscarsparos.gr\/it\/#\/schema\/logo\/image\/\",\"url\":\"\",\"contentUrl\":\"\",\"caption\":\"Polos Rent A Car & Rental Agency\"},\"image\":{\"@id\":\"https:\/\/poloscarsparos.gr\/it\/#\/schema\/logo\/image\/\"}}]}<\/script>\n<!-- \/ Yoast SEO plugin. -->","yoast_head_json":{"title":"Luoghi di Consegna Auto a Paros | Aeroporto, Porto, Hotel \u2013 Polos Cars Paros","description":"Scopri i punti di ritiro e consegna auto a Paros: aeroporto, porto, hotel e luoghi personalizzati.","robots":{"index":"index","follow":"follow","max-snippet":"max-snippet:-1","max-image-preview":"max-image-preview:large","max-video-preview":"max-video-preview:-1"},"canonical":"https:\/\/poloscarsparos.gr\/it\/punti-di-consegna-auto-a-noleggio-e-ufficio-principale\/","og_locale":"it_IT","og_type":"article","og_title":"Luoghi di Consegna Auto a Paros | Aeroporto, Porto, Hotel \u2013 Polos Cars Paros","og_description":"Scopri i punti di ritiro e consegna auto a Paros: aeroporto, porto, hotel e luoghi personalizzati.","og_url":"https:\/\/poloscarsparos.gr\/it\/punti-di-consegna-auto-a-noleggio-e-ufficio-principale\/","og_site_name":"Polos Rent A Car &amp; Rental Agency in Paros","article_modified_time":"2026-04-26T11:32:45+00:00","twitter_card":"summary_large_image","twitter_misc":{"Tempo di lettura stimato":"3 minuti"},"schema":{"@context":"https:\/\/schema.org","@graph":[{"@type":"WebPage","@id":"https:\/\/poloscarsparos.gr\/it\/punti-di-consegna-auto-a-noleggio-e-ufficio-principale\/","url":"https:\/\/poloscarsparos.gr\/it\/punti-di-consegna-auto-a-noleggio-e-ufficio-principale\/","name":"Luoghi di Consegna Auto a Paros | Aeroporto, Porto, Hotel \u2013 Polos Cars Paros","isPartOf":{"@id":"https:\/\/poloscarsparos.gr\/it\/#website"},"datePublished":"2025-05-15T13:36:05+00:00","dateModified":"2026-04-26T11:32:45+00:00","description":"Scopri i punti di ritiro e consegna auto a Paros: aeroporto, porto, hotel e luoghi personalizzati.","breadcrumb":{"@id":"https:\/\/poloscarsparos.gr\/it\/punti-di-consegna-auto-a-noleggio-e-ufficio-principale\/#breadcrumb"},"inLanguage":"it-IT","potentialAction":[{"@type":"ReadAction","target":["https:\/\/poloscarsparos.gr\/it\/punti-di-consegna-auto-a-noleggio-e-ufficio-principale\/"]}]},{"@type":"BreadcrumbList","@id":"https:\/\/poloscarsparos.gr\/it\/punti-di-consegna-auto-a-noleggio-e-ufficio-principale\/#breadcrumb","itemListElement":[{"@type":"ListItem","position":1,"name":"Home","item":"https:\/\/poloscarsparos.gr\/it\/"},{"@type":"ListItem","position":2,"name":"Punti di Consegna Auto a Noleggio e Ufficio Principale"}]},{"@type":"WebSite","@id":"https:\/\/poloscarsparos.gr\/it\/#website","url":"https:\/\/poloscarsparos.gr\/it\/","name":"Polos Rent A Car &amp; Rental Agency in Paros","description":"Rent a car, buggy, quad \/ atv, scooter  in Paros","publisher":{"@id":"https:\/\/poloscarsparos.gr\/it\/#organization"},"potentialAction":[{"@type":"SearchAction","target":{"@type":"EntryPoint","urlTemplate":"https:\/\/poloscarsparos.gr\/it\/?s={search_term_string}"},"query-input":{"@type":"PropertyValueSpecification","valueRequired":true,"valueName":"search_term_string"}}],"inLanguage":"it-IT"},{"@type":"Organization","@id":"https:\/\/poloscarsparos.gr\/it\/#organization","name":"Polos Rent A Car & Rental Agency","url":"https:\/\/poloscarsparos.gr\/it\/","logo":{"@type":"ImageObject","inLanguage":"it-IT","@id":"https:\/\/poloscarsparos.gr\/it\/#\/schema\/logo\/image\/","url":"","contentUrl":"","caption":"Polos Rent A Car & Rental Agency"},"image":{"@id":"https:\/\/poloscarsparos.gr\/it\/#\/schema\/logo\/image\/"}}]}},"_links":{"self":[{"href":"https:\/\/poloscarsparos.gr\/it\/wp-json\/wp\/v2\/pages\/6179","targetHints":{"allow":["GET"]}}],"collection":[{"href":"https:\/\/poloscarsparos.gr\/it\/wp-json\/wp\/v2\/pages"}],"about":[{"href":"https:\/\/poloscarsparos.gr\/it\/wp-json\/wp\/v2\/types\/page"}],"author":[{"embeddable":true,"href":"https:\/\/poloscarsparos.gr\/it\/wp-json\/wp\/v2\/users\/1"}],"replies":[{"embeddable":true,"href":"https:\/\/poloscarsparos.gr\/it\/wp-json\/wp\/v2\/comments?post=6179"}],"version-history":[{"count":3,"href":"https:\/\/poloscarsparos.gr\/it\/wp-json\/wp\/v2\/pages\/6179\/revisions"}],"predecessor-version":[{"id":6712,"href":"https:\/\/poloscarsparos.gr\/it\/wp-json\/wp\/v2\/pages\/6179\/revisions\/6712"}],"wp:attachment":[{"href":"https:\/\/poloscarsparos.gr\/it\/wp-json\/wp\/v2\/media?parent=6179"}],"curies":[{"name":"wp","href":"https:\/\/api.w.org\/{rel}","templated":true}]}}